{"id":177,"date":"2022-03-23T17:04:16","date_gmt":"2022-03-23T17:04:16","guid":{"rendered":"https:\/\/www.mundonovoviagens.pt\/?page_id=177"},"modified":"2022-03-25T17:10:32","modified_gmt":"2022-03-25T17:10:32","slug":"asia-mapa","status":"publish","type":"page","link":"https:\/\/www.mundonovoviagens.pt\/index.php\/asia-mapa\/","title":{"rendered":"\u00c1sia"},"content":{"rendered":"<div id=\"pl-177\"  class=\"panel-layout\" ><div id=\"pg-177-0\"  class=\"panel-grid panel-no-style\" ><div id=\"pgc-177-0-0\"  class=\"panel-grid-cell\" ><div id=\"panel-177-0-0-0\" class=\"so-panel widget widget_sow-editor panel-first-child panel-last-child\" data-index=\"0\" ><div\n\t\t\t\n\t\t\tclass=\"so-widget-sow-editor so-widget-sow-editor-base\"\n\t\t\t\n\t\t><h3 class=\"widget-title\">\u00c1sia<\/h3>\n<div class=\"siteorigin-widget-tinymce textwidget\">\n\t<div class=\"map_main\">\n<div class=\"map_list\"><div class=\"igm_entries_list_wrapper\"><ul id=\"igm_entries_list_201\" class=\"igm_entries_list\" data-map-id=\"201\"><li data-type=\"region\" title=\"But\u00e3o\"  data-code=\"BT\">But\u00e3o<\/li><li data-type=\"region\" title=\"Brunei\"  data-code=\"BN\">Brunei<\/li><li data-type=\"region\" title=\"Cambodja\"  data-code=\"KH\">Cambodja<\/li><li data-type=\"region\" title=\"China\"  data-code=\"CN\">China<\/li><li data-type=\"region\" title=\"Coreia do Sul\"  data-code=\"KR\">Coreia do Sul<\/li><li data-type=\"region\" title=\"Filipinas\"  data-code=\"PH\">Filipinas<\/li><li data-type=\"region\" title=\"India\"  data-code=\"IN\">India<\/li><li data-type=\"region\" title=\"Indon\u00e9sia\"  data-code=\"ID\">Indon\u00e9sia<\/li><li data-type=\"region\" title=\"Jap\u00e3o\"  data-code=\"JP\">Jap\u00e3o<\/li><li data-type=\"region\" title=\"Laos\"  data-code=\"LA\">Laos<\/li><li data-type=\"region\" title=\"Maldivas\"  data-code=\"MV\">Maldivas<\/li><li data-type=\"region\" title=\"Mal\u00e1sia\"  data-code=\"MY\">Mal\u00e1sia <\/li><li data-type=\"region\" title=\"Mong\u00f3lia\"  data-code=\"MN\">Mong\u00f3lia<\/li><li data-type=\"region\" title=\"Myanmar\"  data-code=\"MM\">Myanmar<\/li><li data-type=\"region\" title=\"Nepal\"  data-code=\"NP\">Nepal<\/li><li data-type=\"region\" title=\"Singapura\"  data-code=\"SG\">Singapura<\/li><li data-type=\"region\" title=\"Sri Lanka\"  data-code=\"LK\">Sri Lanka<\/li><li data-type=\"region\" title=\"Tail\u00e2ndia\"  data-code=\"TH\">Tail\u00e2ndia<\/li><li data-type=\"region\" title=\"Vietnam\"  data-code=\"VN\">Vietnam<\/li><\/ul><\/div><\/div>\n<div class=\"map_content\"><div class=\"map_wrapper\" id=\"map_wrapper_201\">\n<div class=\"map_box\" style=\"max-width:2000px\">\n<div class=\"map_aspect_ratio\" style=\"padding-top:56%\" data-padding-top=\"56%\" data-padding-top-mobile=\"0%\">\n<div class=\"map_container\">\n<div class=\"map_render map_loading\" id=\"map_201\"><\/div>\n<\/div>\n<\/div>\n<\/div>\n<\/div><\/div>\n<\/div>\n<\/div>\n<\/div><\/div><\/div><\/div><\/div>","protected":false},"excerpt":{"rendered":"<p>\u00c1sia But\u00e3oBruneiCambodjaChinaCoreia do SulFilipinasIndiaIndon\u00e9siaJap\u00e3oLaosMaldivasMal\u00e1sia Mong\u00f3liaMyanmarNepalSingapuraSri LankaTail\u00e2ndiaVietnam<\/p>\n","protected":false},"author":4,"featured_media":0,"parent":0,"menu_order":0,"comment_status":"closed","ping_status":"closed","template":"","meta":{"footnotes":""},"class_list":["post-177","page","type-page","status-publish","hentry"],"_links":{"self":[{"href":"https:\/\/www.mundonovoviagens.pt\/index.php\/wp-json\/wp\/v2\/pages\/177","targetHints":{"allow":["GET"]}}],"collection":[{"href":"https:\/\/www.mundonovoviagens.pt\/index.php\/wp-json\/wp\/v2\/pages"}],"about":[{"href":"https:\/\/www.mundonovoviagens.pt\/index.php\/wp-json\/wp\/v2\/types\/page"}],"author":[{"embeddable":true,"href":"https:\/\/www.mundonovoviagens.pt\/index.php\/wp-json\/wp\/v2\/users\/4"}],"replies":[{"embeddable":true,"href":"https:\/\/www.mundonovoviagens.pt\/index.php\/wp-json\/wp\/v2\/comments?post=177"}],"version-history":[{"count":5,"href":"https:\/\/www.mundonovoviagens.pt\/index.php\/wp-json\/wp\/v2\/pages\/177\/revisions"}],"predecessor-version":[{"id":302,"href":"https:\/\/www.mundonovoviagens.pt\/index.php\/wp-json\/wp\/v2\/pages\/177\/revisions\/302"}],"wp:attachment":[{"href":"https:\/\/www.mundonovoviagens.pt\/index.php\/wp-json\/wp\/v2\/media?parent=177"}],"curies":[{"name":"wp","href":"https:\/\/api.w.org\/{rel}","templated":true}]}}