{"id":179,"date":"2022-03-23T17:04:51","date_gmt":"2022-03-23T17:04:51","guid":{"rendered":"https:\/\/www.mundonovoviagens.pt\/?page_id=179"},"modified":"2022-03-23T17:51:00","modified_gmt":"2022-03-23T17:51:00","slug":"oceania-mapa","status":"publish","type":"page","link":"https:\/\/www.mundonovoviagens.pt\/index.php\/oceania-mapa\/","title":{"rendered":"Oce\u00e2nia"},"content":{"rendered":"<div id=\"pl-179\"  class=\"panel-layout\" ><div id=\"pg-179-0\"  class=\"panel-grid panel-no-style\" ><div id=\"pgc-179-0-0\"  class=\"panel-grid-cell\" ><div id=\"panel-179-0-0-0\" class=\"so-panel widget widget_sow-editor panel-first-child panel-last-child\" data-index=\"0\" ><div\n\t\t\t\n\t\t\tclass=\"so-widget-sow-editor so-widget-sow-editor-base\"\n\t\t\t\n\t\t><h3 class=\"widget-title\">Oce\u00e2nia<\/h3>\n<div class=\"siteorigin-widget-tinymce textwidget\">\n\t<div class=\"map_main\">\n<div class=\"map_list\"><div class=\"igm_entries_list_wrapper\"><ul id=\"igm_entries_list_196\" class=\"igm_entries_list\" data-map-id=\"196\"><li data-type=\"region\" title=\"Austr\u00e1lia\"  data-code=\"AU\">Austr\u00e1lia<\/li><li data-type=\"region\" title=\"Fiji\"  data-code=\"FJ\">Fiji<\/li><li data-type=\"region\" title=\"Nova Zel\u00e2ndia\"  data-code=\"NZ\">Nova Zel\u00e2ndia<\/li><li data-type=\"region\" title=\"Polin\u00e9sia Francesa\"  data-code=\"KI\">Polin\u00e9sia Francesa<\/li><\/ul><\/div><\/div>\n<div class=\"map_content\"><div class=\"map_wrapper\" id=\"map_wrapper_196\">\n<div class=\"map_box\" style=\"max-width:2000px\">\n<div class=\"map_aspect_ratio\" style=\"padding-top:56%\" data-padding-top=\"56%\" data-padding-top-mobile=\"0%\">\n<div class=\"map_container\">\n<div class=\"map_render map_loading\" id=\"map_196\"><\/div>\n<\/div>\n<\/div>\n<\/div>\n<\/div><\/div>\n<\/div>\n<\/div>\n<\/div><\/div><\/div><\/div><\/div>","protected":false},"excerpt":{"rendered":"<p>Oce\u00e2nia Austr\u00e1liaFijiNova Zel\u00e2ndiaPolin\u00e9sia Francesa<\/p>\n","protected":false},"author":4,"featured_media":0,"parent":0,"menu_order":0,"comment_status":"closed","ping_status":"closed","template":"","meta":{"footnotes":""},"class_list":["post-179","page","type-page","status-publish","hentry"],"_links":{"self":[{"href":"https:\/\/www.mundonovoviagens.pt\/index.php\/wp-json\/wp\/v2\/pages\/179","targetHints":{"allow":["GET"]}}],"collection":[{"href":"https:\/\/www.mundonovoviagens.pt\/index.php\/wp-json\/wp\/v2\/pages"}],"about":[{"href":"https:\/\/www.mundonovoviagens.pt\/index.php\/wp-json\/wp\/v2\/types\/page"}],"author":[{"embeddable":true,"href":"https:\/\/www.mundonovoviagens.pt\/index.php\/wp-json\/wp\/v2\/users\/4"}],"replies":[{"embeddable":true,"href":"https:\/\/www.mundonovoviagens.pt\/index.php\/wp-json\/wp\/v2\/comments?post=179"}],"version-history":[{"count":3,"href":"https:\/\/www.mundonovoviagens.pt\/index.php\/wp-json\/wp\/v2\/pages\/179\/revisions"}],"predecessor-version":[{"id":197,"href":"https:\/\/www.mundonovoviagens.pt\/index.php\/wp-json\/wp\/v2\/pages\/179\/revisions\/197"}],"wp:attachment":[{"href":"https:\/\/www.mundonovoviagens.pt\/index.php\/wp-json\/wp\/v2\/media?parent=179"}],"curies":[{"name":"wp","href":"https:\/\/api.w.org\/{rel}","templated":true}]}}