{"id":2870,"date":"2023-10-30T14:17:38","date_gmt":"2023-10-30T14:17:38","guid":{"rendered":"https:\/\/www.mundonovoviagens.pt\/?page_id=2870"},"modified":"2023-11-21T21:34:40","modified_gmt":"2023-11-21T21:34:40","slug":"home","status":"publish","type":"page","link":"https:\/\/www.mundonovoviagens.pt\/","title":{"rendered":"Homepage (com blog)"},"content":{"rendered":"<div id=\"pl-2870\"  class=\"panel-layout\" ><div id=\"pg-2870-0\"  class=\"panel-grid panel-no-style\" ><div id=\"pgc-2870-0-0\"  class=\"panel-grid-cell\" ><div id=\"panel-2870-0-0-0\" class=\"so-panel widget widget_sow-editor panel-first-child panel-last-child\" data-index=\"0\" ><div\n\t\t\t\n\t\t\tclass=\"so-widget-sow-editor so-widget-sow-editor-base\"\n\t\t\t\n\t\t>\n<div class=\"siteorigin-widget-tinymce textwidget\">\n\t\n<\/div>\n<\/div><\/div><\/div><\/div><div id=\"pg-2870-1\"  class=\"panel-grid panel-no-style\" ><div id=\"pgc-2870-1-0\"  class=\"panel-grid-cell\" ><div id=\"panel-2870-1-0-0\" class=\"so-panel widget widget_sow-editor panel-first-child\" data-index=\"1\" ><div class=\"panel-widget-style panel-widget-style-for-2870-1-0-0\" ><div\n\t\t\t\n\t\t\tclass=\"so-widget-sow-editor so-widget-sow-editor-base\"\n\t\t\t\n\t\t><h3 class=\"widget-title\">Um Novo Mundo a Descobrir<\/h3>\n<div class=\"siteorigin-widget-tinymce textwidget\">\n\t<div class=\"map_wrapper\" id=\"map_wrapper_69\">\n<div class=\"map_box\" style=\"max-width:2000px\">\n<div class=\"map_aspect_ratio\" style=\"padding-top:56%\" data-padding-top=\"56%\" data-padding-top-mobile=\"0%\">\n<div class=\"map_container\">\n<div class=\"map_render map_loading\" id=\"map_69\"><\/div>\n<\/div>\n<\/div>\n<\/div>\n<\/div>\n<\/div>\n<\/div><\/div><\/div><div id=\"panel-2870-1-0-1\" class=\"so-panel widget widget_sow-editor panel-last-child\" data-index=\"2\" ><div class=\"panel-widget-style panel-widget-style-for-2870-1-0-1\" ><div\n\t\t\t\n\t\t\tclass=\"so-widget-sow-editor so-widget-sow-editor-base\"\n\t\t\t\n\t\t><h3 class=\"widget-title\">Sugest\u00f5es<\/h3>\n<div class=\"siteorigin-widget-tinymce textwidget\">\n\t<div class=\"cl-layout-container\" style=\"--cl-layout-padding:0px;--cl-layout-margin:10px;\"><div  class=\"cl-layout cl-layout--grid cl-layout--id-156  cl-layout--equal-rows  cl-layout--col-l-3 cl-layout--col-m-3 cl-layout--col-s-2 cl-layout--col-xs-1\"  style=\"--cl-layout-gap-c: 20px;--cl-layout-gap-r: 20px;\n\t\t\" ><div  class=\"cl-layout__item cl-layout__item--id-3933\" ><div  class=\"cl-template cl-template--post cl-template--id-0 cl-template--image-top\" ><div class=\"cl-element cl-element-featured_media cl-element--instance-1001  cl-element-featured_media--sizing-natural\"><a class=\"cl-element-featured_media__anchor\" href=\"https:\/\/www.mundonovoviagens.pt\/index.php\/produto\/818-o-essencial-da-china-com-tibete-12-dias\/\" title=\"818 \u2013 O Essencial da China com Tibete \u2013 12 dias\"><img decoding=\"async\"  class=\"cl-element-featured_media__image\"  src=\"https:\/\/www.mundonovoviagens.pt\/wp-content\/uploads\/2025\/11\/Potala-Lhasa-1-300x200.png\"  alt=\"Tibete Pal\u00e1cio Potala Lhasa\"  \/><\/a><\/div><div class=\"cl-element cl-element-section cl-element--instance-1002 \"><h3 class=\"cl-element cl-element-title cl-element--instance-1003 \"><a class=\"cl-element-title__anchor\" href=\"https:\/\/www.mundonovoviagens.pt\/index.php\/produto\/818-o-essencial-da-china-com-tibete-12-dias\/\">818 \u2013 O Essencial da China com Tibete \u2013 12 dias<\/a><\/h3><div class=\"cl-element cl-element-excerpt cl-element--instance-1004 \"><p style=\"text-align: center\"><strong>Circuito Regular com guia em Espanhol \/ Ingl\u00eas\r\n<\/strong><\/p>\r\n<p style=\"text-align: center\">(Pequim, Xian, Lhasa e Shanghai)<\/p><\/div><div class=\"cl-element cl-element-link cl-element--instance-1005 \"><a class=\"cl-element-link__anchor\" href=\"https:\/\/www.mundonovoviagens.pt\/index.php\/produto\/818-o-essencial-da-china-com-tibete-12-dias\/\">Read More<\/a><\/div><\/div><\/div><\/div><div  class=\"cl-layout__item cl-layout__item--id-3900\" ><div  class=\"cl-template cl-template--post cl-template--id-0 cl-template--image-top\" ><div class=\"cl-element cl-element-featured_media cl-element--instance-1001  cl-element-featured_media--sizing-natural\"><a class=\"cl-element-featured_media__anchor\" href=\"https:\/\/www.mundonovoviagens.pt\/index.php\/produto\/774-o-essencial-do-uzbequistao-turquemenistao-11-dias\/\" title=\"774 \u2013 O Essencial do Uzbequist\u00e3o e Turquemenist\u00e3o \u2013 11 dias\"><img decoding=\"async\"  class=\"cl-element-featured_media__image\"  src=\"https:\/\/www.mundonovoviagens.pt\/wp-content\/uploads\/2025\/03\/Bukhara-300x200.jpg\"  alt=\"Uzbequist\u00e3o Bukhara\"  \/><\/a><\/div><div class=\"cl-element cl-element-section cl-element--instance-1002 \"><h3 class=\"cl-element cl-element-title cl-element--instance-1003 \"><a class=\"cl-element-title__anchor\" href=\"https:\/\/www.mundonovoviagens.pt\/index.php\/produto\/774-o-essencial-do-uzbequistao-turquemenistao-11-dias\/\">774 \u2013 O Essencial do Uzbequist\u00e3o e Turquemenist\u00e3o \u2013 11 dias<\/a><\/h3><div class=\"cl-element cl-element-excerpt cl-element--instance-1004 \"><p style=\"text-align: center\"><strong>Circuito Regular com guia em Espanhol<\/strong><\/p>\r\n<p style=\"text-align: center\">(Tashkent, Khiva, Bukhara, Samarkand, Kunya Urgench, Mary, Merv e Ashgabat)<\/p><\/div><div class=\"cl-element cl-element-link cl-element--instance-1005 \"><a class=\"cl-element-link__anchor\" href=\"https:\/\/www.mundonovoviagens.pt\/index.php\/produto\/774-o-essencial-do-uzbequistao-turquemenistao-11-dias\/\">Read More<\/a><\/div><\/div><\/div><\/div><div  class=\"cl-layout__item cl-layout__item--id-3896\" ><div  class=\"cl-template cl-template--post cl-template--id-0 cl-template--image-top\" ><div class=\"cl-element cl-element-featured_media cl-element--instance-1001  cl-element-featured_media--sizing-natural\"><a class=\"cl-element-featured_media__anchor\" href=\"https:\/\/www.mundonovoviagens.pt\/index.php\/produto\/337-maravilhas-da-namibia-com-botswana-13-dias\/\" title=\"337 &#8211; Maravilhas da Nam\u00edbia com Botswana &#8211; 13 dias\"><img decoding=\"async\"  class=\"cl-element-featured_media__image\"  src=\"https:\/\/www.mundonovoviagens.pt\/wp-content\/uploads\/2023\/05\/elephants-chobe-300x200.jpg\"  alt=\"Botswana Parque Nacional Chobe\"  \/><\/a><\/div><div class=\"cl-element cl-element-section cl-element--instance-1002 \"><h3 class=\"cl-element cl-element-title cl-element--instance-1003 \"><a class=\"cl-element-title__anchor\" href=\"https:\/\/www.mundonovoviagens.pt\/index.php\/produto\/337-maravilhas-da-namibia-com-botswana-13-dias\/\">337 &#8211; Maravilhas da Nam\u00edbia com Botswana &#8211; 13 dias<\/a><\/h3><div class=\"cl-element cl-element-excerpt cl-element--instance-1004 \"><p style=\"text-align: center\"><strong>Circuito Regular com guia em Espanhol e Ingl\u00eas<\/strong>\r\n(Windhoek, Parque Nacional Etosha, Twyfelfontein, Swakopmund, Parque Nacional Chobe e Delta do Okavango)<\/p><\/div><div class=\"cl-element cl-element-link cl-element--instance-1005 \"><a class=\"cl-element-link__anchor\" href=\"https:\/\/www.mundonovoviagens.pt\/index.php\/produto\/337-maravilhas-da-namibia-com-botswana-13-dias\/\">Read More<\/a><\/div><\/div><\/div><\/div><div  class=\"cl-layout__item cl-layout__item--id-3872\" ><div  class=\"cl-template cl-template--post cl-template--id-0 cl-template--image-top\" ><div class=\"cl-element cl-element-featured_media cl-element--instance-1001  cl-element-featured_media--sizing-natural\"><a class=\"cl-element-featured_media__anchor\" href=\"https:\/\/www.mundonovoviagens.pt\/index.php\/produto\/453-a-descoberta-da-terra-nova-e-labrador-14-dias\/\" title=\"453 \u2013 \u00c0 descoberta da Terra Nova e Labrador \u2013 14 dias\"><img decoding=\"async\"  class=\"cl-element-featured_media__image\"  src=\"https:\/\/www.mundonovoviagens.pt\/wp-content\/uploads\/2025\/10\/woody-point-gros-morne-300x200.jpg\"  alt=\"Canad\u00e1 Woody Point Gros Morne\"  \/><\/a><\/div><div class=\"cl-element cl-element-section cl-element--instance-1002 \"><h3 class=\"cl-element cl-element-title cl-element--instance-1003 \"><a class=\"cl-element-title__anchor\" href=\"https:\/\/www.mundonovoviagens.pt\/index.php\/produto\/453-a-descoberta-da-terra-nova-e-labrador-14-dias\/\">453 \u2013 \u00c0 descoberta da Terra Nova e Labrador \u2013 14 dias<\/a><\/h3><div class=\"cl-element cl-element-excerpt cl-element--instance-1004 \"><p style=\"text-align: center\"><span style=\"color: #333333\"><strong>Circuito Regular com guia em Ingl\u00eas<\/strong><\/span><\/p>\r\n<p style=\"text-align: center\">(Halifax, Port Aux Basques, Port au Choix, L\u2019Anse au Clair, St. Anthony, Cow Head, Gander, Clrenville, Bonavista, Trinity e St. John\u00b4s)<\/p><\/div><div class=\"cl-element cl-element-link cl-element--instance-1005 \"><a class=\"cl-element-link__anchor\" href=\"https:\/\/www.mundonovoviagens.pt\/index.php\/produto\/453-a-descoberta-da-terra-nova-e-labrador-14-dias\/\">Read More<\/a><\/div><\/div><\/div><\/div><div  class=\"cl-layout__item cl-layout__item--id-1801\" ><div  class=\"cl-template cl-template--post cl-template--id-0 cl-template--image-top\" ><div class=\"cl-element cl-element-featured_media cl-element--instance-1001  cl-element-featured_media--sizing-natural\"><a class=\"cl-element-featured_media__anchor\" href=\"https:\/\/www.mundonovoviagens.pt\/index.php\/produto\/568-do-maranhao-ao-ceara-11-dias\/\" title=\"568 \u2013 Do Maranh\u00e3o ao Cear\u00e1 \u2013 11 dias\"><img decoding=\"async\"  class=\"cl-element-featured_media__image\"  src=\"https:\/\/www.mundonovoviagens.pt\/wp-content\/uploads\/2023\/04\/lencois-maranhao-300x198.jpg\"  alt=\"Brasil len\u00e7\u00f3is-maranh\u00e3o\"  \/><\/a><\/div><div class=\"cl-element cl-element-section cl-element--instance-1002 \"><h3 class=\"cl-element cl-element-title cl-element--instance-1003 \"><a class=\"cl-element-title__anchor\" href=\"https:\/\/www.mundonovoviagens.pt\/index.php\/produto\/568-do-maranhao-ao-ceara-11-dias\/\">568 \u2013 Do Maranh\u00e3o ao Cear\u00e1 \u2013 11 dias<\/a><\/h3><div class=\"cl-element cl-element-excerpt cl-element--instance-1004 \"><p style=\"text-align: center\"><strong>S\u00e3o Luis, Barreirinhas, Len\u00e7\u00f3is Maranhenses, Atins, Parna\u00edba, Jericoacoara e Fortaleza<\/strong><\/p><\/div><div class=\"cl-element cl-element-link cl-element--instance-1005 \"><a class=\"cl-element-link__anchor\" href=\"https:\/\/www.mundonovoviagens.pt\/index.php\/produto\/568-do-maranhao-ao-ceara-11-dias\/\">Read More<\/a><\/div><\/div><\/div><\/div><div  class=\"cl-layout__item cl-layout__item--id-1532\" ><div  class=\"cl-template cl-template--post cl-template--id-0 cl-template--image-top\" ><div class=\"cl-element cl-element-featured_media cl-element--instance-1001  cl-element-featured_media--sizing-natural\"><a class=\"cl-element-featured_media__anchor\" href=\"https:\/\/www.mundonovoviagens.pt\/index.php\/produto\/106-islandia-completa-10-dias\/\" title=\"106 \u2013 Isl\u00e2ndia Completa \u2013 10 dias\"><img decoding=\"async\"  class=\"cl-element-featured_media__image\"  src=\"https:\/\/www.mundonovoviagens.pt\/wp-content\/uploads\/2022\/10\/Lagoa-glaciar-jokulsarlon-1-300x200.jpg\"  alt=\"Isl\u00e2ndia Lagoa Glaciar Jokulsarlon\"  \/><\/a><\/div><div class=\"cl-element cl-element-section cl-element--instance-1002 \"><h3 class=\"cl-element cl-element-title cl-element--instance-1003 \"><a class=\"cl-element-title__anchor\" href=\"https:\/\/www.mundonovoviagens.pt\/index.php\/produto\/106-islandia-completa-10-dias\/\">106 \u2013 Isl\u00e2ndia Completa \u2013 10 dias<\/a><\/h3><div class=\"cl-element cl-element-excerpt cl-element--instance-1004 \"><p style=\"text-align: center\"><strong>Circuito Regular com guia em Ingl\u00eas\r\n<\/strong>(Reykjavik, P. N. de Thingvellir, Geysir, Thjorsardalur, Dyrholaey, V\u00edk, P. N. de Vatnajokull, Lagoa Glaciar Jokulsarlon, Hofn, Fiordes do Leste, Egilsstadir, Myvatn, Akureyri, Siglufjordur, Skagafjordur, Borgarnes, Borgarfjordur e P. N. Snaefellsjokull)<strong>\r\n<\/strong><\/p><\/div><div class=\"cl-element cl-element-link cl-element--instance-1005 \"><a class=\"cl-element-link__anchor\" href=\"https:\/\/www.mundonovoviagens.pt\/index.php\/produto\/106-islandia-completa-10-dias\/\">Read More<\/a><\/div><\/div><\/div><\/div><\/div><div class=\"cl-pagination\"><\/div><\/div>\n<\/div>\n<\/div><\/div><\/div><\/div><\/div><div id=\"pg-2870-2\"  class=\"panel-grid panel-no-style\" ><div id=\"pgc-2870-2-0\"  class=\"panel-grid-cell\" ><div id=\"panel-2870-2-0-0\" class=\"so-panel widget widget_sow-editor panel-first-child\" data-index=\"3\" ><div class=\"panel-widget-style panel-widget-style-for-2870-2-0-0\" ><div\n\t\t\t\n\t\t\tclass=\"so-widget-sow-editor so-widget-sow-editor-base\"\n\t\t\t\n\t\t><h3 class=\"widget-title\">Explorando com a MundoNovo<\/h3>\n<div class=\"siteorigin-widget-tinymce textwidget\">\n\t<\/div>\n<\/div><\/div><\/div><div id=\"panel-2870-2-0-1\" class=\"so-panel widget widget_sow-editor\" data-index=\"4\" ><div\n\t\t\t\n\t\t\tclass=\"so-widget-sow-editor so-widget-sow-editor-base\"\n\t\t\t\n\t\t>\n<div class=\"siteorigin-widget-tinymce textwidget\">\n\t<style id=\"sp_pcp_dynamic_style2874\">#pcp_wrapper-2874:not(.sps-glossary-layout) .sp-pcp-row,#pcp_wrapper-2874 .sps-glossary-items-group .sps-glossary-items-content {margin-right: -10px;margin-left: -10px;}#pcp_wrapper-2874 .sp-pcp-row [class*='sp-pcp-col-']{padding-right: 10px;padding-left: 10px; padding-bottom:20px;}.pcp-wrapper-2874 .sp-pcp-title a {color: #111;display: inherit;} .pcp-wrapper-2874 .sp-pcp-title a:hover {color: #e1624b;}.pcp-wrapper-2874 .sp-pcp-post-content{color: #444; }#pcp_wrapper-2874 .sp-pcp-post {padding: 0 0 0 0;}#pcp_wrapper-2874.sp-slider_layout .sp-pcp-post .sp-pcp-post-details {top: 0; right:0; bottom:0; left:0;}#pcp_wrapper-2874 .sp-pcp-post {border: 0px solid #f2f2f2; border-radius: 0px }#pcp_wrapper-2874 .sp-pcp-post{background-color: #f2f2f2;}#pcp_wrapper-2874 .pcp-post-thumb-wrapper{border: 0px solid #dddddd;border-radius:0px;}.pcp-wrapper-2874 .sp-pcp-post-meta li,.pcp-wrapper-2874 .sp-pcp-post-meta ul,.pcp-wrapper-2874 .sp-pcp-post-meta li a{color: #888;}.pcp-wrapper-2874 .sp-pcp-post-meta li a:hover{color: #e1624b;}#pcp_wrapper-2874 .pcp-readmore-link{ background: #dd9933; color: #ffffff; border: 1px solid #dd9933; border-radius: 0px; } #pcp_wrapper-2874 .pcp-readmore-link:hover { background-color: #dd9933; color: #fcf4bd; border-color: rgba(221,153,51,0); }#pcp_wrapper-2874 .pcp-post-pagination .page-numbers.current, #pcp_wrapper-2874 .pcp-post-pagination a.active , #pcp_wrapper-2874 .pcp-post-pagination a:hover{ color: #ffffff; background: #e1624b; border-color: #e1624b; }#pcp_wrapper-2874 .pcp-post-pagination .page-numbers, .pcp-post-pagination a{ background: #ffffff; color:#5e5e5e; border: 2px solid #bbbbbb;border-radius: 2px; }#pcp_wrapper-2874 .pcp-post-pagination{text-align: left;}@media (min-width: 1200px) {.sp-pcp-row .sp-pcp-col-xl-1 {flex: 0 0 100%;}.sp-pcp-row .sp-pcp-col-xl-2 {flex: 1 1 calc( 50% - 20px);}.sp-pcp-row .sp-pcp-col-xl-3 {flex: 1 1 calc( 33.333% - 20px);}.sp-pcp-row .sp-pcp-col-xl-4 {flex: 1 1 calc( 25% - 20px);}.sp-pcp-row .sp-pcp-col-xl-5 { flex: 1 1 calc( 20% - 20px);}.sp-pcp-row .sp-pcp-col-xl-6 {flex: 1 1 calc( 16.66666666666667% - 20px);}.sp-pcp-row .sp-pcp-col-xl-7 {flex: 1 1 calc( 14.28571428% - 20px);}.sp-pcp-row .sp-pcp-col-xl-8 {flex: 1 1 calc( 12.5% - 20px);}}@media (max-width: 1200px) {.sp-pcp-row .sp-pcp-col-lg-1 {flex: 0 0 100%;}.sp-pcp-row .sp-pcp-col-lg-2 {flex: 1 1 calc( 50% - 20px);}.sp-pcp-row .sp-pcp-col-lg-3 {flex: 1 1 calc( 33.333% - 20px);}.sp-pcp-row .sp-pcp-col-lg-4 {flex: 1 1 calc( 25% - 20px);}.sp-pcp-row .sp-pcp-col-lg-5 { flex: 1 1 calc( 20% - 20px);}.sp-pcp-row .sp-pcp-col-lg-6 {flex: 1 1 calc( 16.66666666666667% - 20px);}.sp-pcp-row .sp-pcp-col-lg-7 {flex: 1 1 calc( 14.28571428% - 20px);}.sp-pcp-row .sp-pcp-col-lg-8 {flex: 1 1 calc( 12.5% - 20px);}}@media (max-width: 992px) {.sp-pcp-row .sp-pcp-col-md-1 {flex: 0 0 100%;}.sp-pcp-row .sp-pcp-col-md-2 {flex: 1 1 calc( 50% - 20px);}.sp-pcp-row .sp-pcp-col-md-2-5 {flex: 0 0 75%;}.sp-pcp-row .sp-pcp-col-md-3 {flex: 1 1 calc( 33.333% - 20px);}.sp-pcp-row .sp-pcp-col-md-4 {flex: 1 1 calc( 25% - 20px);}.sp-pcp-row .sp-pcp-col-md-5 { flex: 1 1 calc( 20% - 20px);}.sp-pcp-row .sp-pcp-col-md-6 {flex: 1 1 calc( 16.66666666666667% - 20px);}.sp-pcp-row .sp-pcp-col-md-7 {flex: 1 1 calc( 14.28571428% - 20px);}.sp-pcp-row .sp-pcp-col-md-8 {flex: 1 1 calc( 12.5% - 20px);}}@media (max-width: 768px) {.sp-pcp-row .sp-pcp-col-sm-1 {flex: 0 0 100%;}.sp-pcp-row .sp-pcp-col-sm-2 {flex: 1 1 calc( 50% - 20px);}.sp-pcp-row .sp-pcp-col-sm-2-5 {flex: 0 0 75%;}.sp-pcp-row .sp-pcp-col-sm-3 {flex: 1 1 calc( 33.333% - 20px);}.sp-pcp-row .sp-pcp-col-sm-4 {flex: 1 1 calc( 25% - 20px);}.sp-pcp-row .sp-pcp-col-sm-5 { flex: 1 1 calc( 20% - 20px);}.sp-pcp-row .sp-pcp-col-sm-6 {flex: 1 1 calc( 16.66666666666667% - 20px);}.sp-pcp-row .sp-pcp-col-sm-7 {flex: 1 1 calc( 14.28571428% - 20px);}.sp-pcp-row .sp-pcp-col-sm-8 {flex: 1 1 calc( 12.5% - 20px);}}@media (max-width: 420px) {.sp-pcp-row .sp-pcp-col-xs-1 {flex: 0 0 100%;}.sp-pcp-row .sp-pcp-col-xs-2 {flex: 1 1 calc( 50% - 20px);}.sp-pcp-row .sp-pcp-col-xs-3 {flex: 1 1 calc( 33.333% - 20px);}.sp-pcp-row .sp-pcp-col-xs-4 {flex: 1 1 calc( 25% - 20px);}.sp-pcp-row .sp-pcp-col-xs-5 { flex: 1 1 calc( 20% - 20px);}.sp-pcp-row .sp-pcp-col-xs-6 {flex: 1 1 calc( 16.66666666666667% - 20px);}.sp-pcp-row .sp-pcp-col-xs-7 {flex: 1 1 calc( 14.28571428% - 20px);}.sp-pcp-row .sp-pcp-col-xs-8 {flex: 1 1 calc( 12.5% - 20px);}}.sp-pcp-title a { padding: 10px;}.sp-pcp-post-meta { padding-left: 10px;}.sp-pcp-post-content { padding-left: 10px; padding-right: 10px; font-size: 0.9em !important;}.sp-pcp-post .sp-pcp-post-content p:last-of-type {overflow: hidden; text-overflow: ellipsis; display: -webkit-box; -webkit-line-clamp: 2; \/* number of lines to show *\/ line-clamp: 2; -webkit-box-orient: vertical;}.sp-pcp-readmore { text-align: center;}<\/style>\n<div id=\"pcp_wrapper-2874\" class=\"sp-pcp-section sp-pcp-container pcp-wrapper-2874\">\n\t<div class=\"sp-pcp-row\">\n\t\t\t\t<div class=\" sp-pcp-col-xs-1 sp-pcp-col-sm-1 sp-pcp-col-md-1 sp-pcp-col-lg-2 sp-pcp-col-xl-2\">\n\t\t\t<div class=\"sp-pcp-post default pcp-item-3635\" data-id=\"3635\">\n\t\t\t\t\t\t\t\t<div class=\"pcp-post-thumb-wrapper\">\n\t\t\t\t\t<div class=\"sp-pcp-post-thumb-area\">\n\t\t\t\t\t\t\t\t\t\t\t\t<a class=\"sp-pcp-thumb\" href=\"https:\/\/www.mundonovoviagens.pt\/index.php\/2024\/10\/27\/india\/\" target=\"_self\" >\n\t\t\t\t\t\t\t\t\t\t\t\t\t<img loading=\"lazy\" decoding=\"async\" src=\"https:\/\/www.mundonovoviagens.pt\/wp-content\/uploads\/2024\/10\/Taj-Mahal.jpg\" width=\"560\" height=\"247\" alt=\"\u00cdndia Taj Mahal Agra\">\n\t\t\t\t\t\t<\/a>\n\t\t\t\t\t<\/div>\n\t\t\t\t<\/div>\n\t\t\t\t\t\t\t\t<div class=\"sp-pcp-post-details\">\n\t\t\t\t\t<div class=\"sp-pcp-post-details-content\">\n\t\t\t\t\t\t\t\t<h2 class=\"sp-pcp-title\">\n\t\t\t\t\t\t\t\t\t<a href=\"https:\/\/www.mundonovoviagens.pt\/index.php\/2024\/10\/27\/india\/\"  target=\"_self\">\u00cdndia<\/a>\t\t\t\t\t\t\t<\/h2>\n\t\t\t\t\t\t<div class=\"sp-pcp-post-meta\">\n\t\t\t<ul><li>\t\t\t\t\t<i class=\"fa fa-calendar\"><\/i>\n\t\t\t\t\t<time class=\"entry-date published updated\">27 de Outubro, 2024<\/time>\n\t\t\t\t\t<\/li><\/ul>\t\t<\/div>\n\t\t\t\t\t<div class=\"sp-pcp-post-content\">\n\t\t\t<p>\u00cdndia Um vasto pa\u00eds situado no Sul da \u00c1sia com uma geografia diversificada, que vai desde os picos dos Himalaias at\u00e9 a costa do Oceano \u00cdndico. A \u00cdndia encanta, desafia [&hellip;]<\/p>\n\t\t<div class=\"sp-pcp-readmore\">\n\t\t\t\t\t\t\t<a class=\"pcp-readmore-link\" target=\"_self\" href=\"https:\/\/www.mundonovoviagens.pt\/index.php\/2024\/10\/27\/india\/\" >\n\t\t\t\t\t\tLer Mais <\/a>\n\t\t<\/div>\n\t\t\t\t\t<\/div>\n\t\t\t\t\t\t\t\t<\/div>\n\t\t\t\t<\/div>\n\t\t\t<\/div>\n\t\t<\/div>\n\t\t\t\t<div class=\" sp-pcp-col-xs-1 sp-pcp-col-sm-1 sp-pcp-col-md-1 sp-pcp-col-lg-2 sp-pcp-col-xl-2\">\n\t\t\t<div class=\"sp-pcp-post default pcp-item-3563\" data-id=\"3563\">\n\t\t\t\t\t\t\t\t<div class=\"pcp-post-thumb-wrapper\">\n\t\t\t\t\t<div class=\"sp-pcp-post-thumb-area\">\n\t\t\t\t\t\t\t\t\t\t\t\t<a class=\"sp-pcp-thumb\" href=\"https:\/\/www.mundonovoviagens.pt\/index.php\/2024\/07\/28\/colombia\/\" target=\"_self\" >\n\t\t\t\t\t\t\t\t\t\t\t\t\t<img loading=\"lazy\" decoding=\"async\" src=\"https:\/\/www.mundonovoviagens.pt\/wp-content\/uploads\/2024\/07\/cartagena.jpg\" width=\"560\" height=\"247\" alt=\"Col\u00f4mbia Cartagena de Indias\">\n\t\t\t\t\t\t<\/a>\n\t\t\t\t\t<\/div>\n\t\t\t\t<\/div>\n\t\t\t\t\t\t\t\t<div class=\"sp-pcp-post-details\">\n\t\t\t\t\t<div class=\"sp-pcp-post-details-content\">\n\t\t\t\t\t\t\t\t<h2 class=\"sp-pcp-title\">\n\t\t\t\t\t\t\t\t\t<a href=\"https:\/\/www.mundonovoviagens.pt\/index.php\/2024\/07\/28\/colombia\/\"  target=\"_self\">Col\u00f4mbia<\/a>\t\t\t\t\t\t\t<\/h2>\n\t\t\t\t\t\t<div class=\"sp-pcp-post-meta\">\n\t\t\t<ul><li>\t\t\t\t\t<i class=\"fa fa-calendar\"><\/i>\n\t\t\t\t\t<time class=\"entry-date published updated\">28 de Julho, 2024<\/time>\n\t\t\t\t\t<\/li><\/ul>\t\t<\/div>\n\t\t\t\t\t<div class=\"sp-pcp-post-content\">\n\t\t\t<p>Col\u00f4mbia Pa\u00eds situado na Am\u00e9rica do Sul, faz fronteira a norte com o Mar do Caribe, a Leste com a Venezuela e o Brasil, a Sul com o Peru e [&hellip;]<\/p>\n\t\t<div class=\"sp-pcp-readmore\">\n\t\t\t\t\t\t\t<a class=\"pcp-readmore-link\" target=\"_self\" href=\"https:\/\/www.mundonovoviagens.pt\/index.php\/2024\/07\/28\/colombia\/\" >\n\t\t\t\t\t\tLer Mais <\/a>\n\t\t<\/div>\n\t\t\t\t\t<\/div>\n\t\t\t\t\t\t\t\t<\/div>\n\t\t\t\t<\/div>\n\t\t\t<\/div>\n\t\t<\/div>\n\t\t\t\t<div class=\" sp-pcp-col-xs-1 sp-pcp-col-sm-1 sp-pcp-col-md-1 sp-pcp-col-lg-2 sp-pcp-col-xl-2\">\n\t\t\t<div class=\"sp-pcp-post default pcp-item-3359\" data-id=\"3359\">\n\t\t\t\t\t\t\t\t<div class=\"pcp-post-thumb-wrapper\">\n\t\t\t\t\t<div class=\"sp-pcp-post-thumb-area\">\n\t\t\t\t\t\t\t\t\t\t\t\t<a class=\"sp-pcp-thumb\" href=\"https:\/\/www.mundonovoviagens.pt\/index.php\/2024\/03\/02\/japao\/\" target=\"_self\" >\n\t\t\t\t\t\t\t\t\t\t\t\t\t<img loading=\"lazy\" decoding=\"async\" src=\"https:\/\/www.mundonovoviagens.pt\/wp-content\/uploads\/2024\/03\/Templo-Dourado-Kyoto-1.jpg\" width=\"560\" height=\"247\" alt=\"Jap\u00e3o Templo Dourado Kyoto\">\n\t\t\t\t\t\t<\/a>\n\t\t\t\t\t<\/div>\n\t\t\t\t<\/div>\n\t\t\t\t\t\t\t\t<div class=\"sp-pcp-post-details\">\n\t\t\t\t\t<div class=\"sp-pcp-post-details-content\">\n\t\t\t\t\t\t\t\t<h2 class=\"sp-pcp-title\">\n\t\t\t\t\t\t\t\t\t<a href=\"https:\/\/www.mundonovoviagens.pt\/index.php\/2024\/03\/02\/japao\/\"  target=\"_self\">Jap\u00e3o<\/a>\t\t\t\t\t\t\t<\/h2>\n\t\t\t\t\t\t<div class=\"sp-pcp-post-meta\">\n\t\t\t<ul><li>\t\t\t\t\t<i class=\"fa fa-calendar\"><\/i>\n\t\t\t\t\t<time class=\"entry-date published updated\">2 de Mar\u00e7o, 2024<\/time>\n\t\t\t\t\t<\/li><\/ul>\t\t<\/div>\n\t\t\t\t\t<div class=\"sp-pcp-post-content\">\n\t\t\t<p>O Jap\u00e3o \u00e9 um pa\u00eds insular localizado no leste da \u00c1sia, no Oceano Pac\u00edfico. \u00c9 composto por quatro ilhas principais: Honshu, Hokkaido, Kyushu e Shikoku, al\u00e9m de muitas outras ilhas menores. \u00a0\u00c9 um pa\u00eds montanhoso e vulc\u00e2nico, com v\u00e1rias cadeias montanhosas incluindo os Alpes Japoneses.<\/p>\n\t\t<div class=\"sp-pcp-readmore\">\n\t\t\t\t\t\t\t<a class=\"pcp-readmore-link\" target=\"_self\" href=\"https:\/\/www.mundonovoviagens.pt\/index.php\/2024\/03\/02\/japao\/\" >\n\t\t\t\t\t\tLer Mais <\/a>\n\t\t<\/div>\n\t\t\t\t\t<\/div>\n\t\t\t\t\t\t\t\t<\/div>\n\t\t\t\t<\/div>\n\t\t\t<\/div>\n\t\t<\/div>\n\t\t\t\t<div class=\" sp-pcp-col-xs-1 sp-pcp-col-sm-1 sp-pcp-col-md-1 sp-pcp-col-lg-2 sp-pcp-col-xl-2\">\n\t\t\t<div class=\"sp-pcp-post default pcp-item-2627\" data-id=\"2627\">\n\t\t\t\t\t\t\t\t<div class=\"pcp-post-thumb-wrapper\">\n\t\t\t\t\t<div class=\"sp-pcp-post-thumb-area\">\n\t\t\t\t\t\t\t\t\t\t\t\t<a class=\"sp-pcp-thumb\" href=\"https:\/\/www.mundonovoviagens.pt\/index.php\/2023\/10\/29\/malta\/\" target=\"_self\" >\n\t\t\t\t\t\t\t\t\t\t\t\t\t<img loading=\"lazy\" decoding=\"async\" src=\"https:\/\/www.mundonovoviagens.pt\/wp-content\/uploads\/2023\/10\/malta.jpg\" width=\"560\" height=\"247\" alt=\"Malta\">\n\t\t\t\t\t\t<\/a>\n\t\t\t\t\t<\/div>\n\t\t\t\t<\/div>\n\t\t\t\t\t\t\t\t<div class=\"sp-pcp-post-details\">\n\t\t\t\t\t<div class=\"sp-pcp-post-details-content\">\n\t\t\t\t\t\t\t\t<h2 class=\"sp-pcp-title\">\n\t\t\t\t\t\t\t\t\t<a href=\"https:\/\/www.mundonovoviagens.pt\/index.php\/2023\/10\/29\/malta\/\"  target=\"_self\">Malta<\/a>\t\t\t\t\t\t\t<\/h2>\n\t\t\t\t\t\t<div class=\"sp-pcp-post-meta\">\n\t\t\t<ul><li>\t\t\t\t\t<i class=\"fa fa-calendar\"><\/i>\n\t\t\t\t\t<time class=\"entry-date published updated\">29 de Outubro, 2023<\/time>\n\t\t\t\t\t<\/li><\/ul>\t\t<\/div>\n\t\t\t\t\t<div class=\"sp-pcp-post-content\">\n\t\t\t<p>Situado na regi\u00e3o central do Mediterr\u00e2neo, entre a Sic\u00edlia e a costa do Norte da \u00c1frica, este arquip\u00e9lago composto por 5 ilhas, das quais apenas 3 s\u00e3o habitadas (Malta, Gozo e Comino), \u00e9 conhecido pela riqueza hist\u00f3rica, cultural e beleza natural.<\/p>\n\t\t<div class=\"sp-pcp-readmore\">\n\t\t\t\t\t\t\t<a class=\"pcp-readmore-link\" target=\"_self\" href=\"https:\/\/www.mundonovoviagens.pt\/index.php\/2023\/10\/29\/malta\/\" >\n\t\t\t\t\t\tLer Mais <\/a>\n\t\t<\/div>\n\t\t\t\t\t<\/div>\n\t\t\t\t\t\t\t\t<\/div>\n\t\t\t\t<\/div>\n\t\t\t<\/div>\n\t\t<\/div>\n\t\t\t<\/div>\n\t\t<span class=\"sp-pcp-pagination-data\" style=\"display:none;\"><\/span>\n\n\t\t<nav class=\"pcp-post-pagination pcp-on-desktop\">\n\t\t\t\t\t<\/nav>\n\t\t\t\t\t<nav class=\"pcp-post-pagination pcp-on-mobile\">\n\t\t\t\t\t<\/nav>\n\t\t\t\t<\/div>\n\n<\/div>\n<\/div><\/div><div id=\"panel-2870-2-0-2\" class=\"so-panel widget widget_sow-button panel-last-child\" data-index=\"5\" ><div class=\"panel-widget-style panel-widget-style-for-2870-2-0-2\" ><div\n\t\t\t\n\t\t\tclass=\"so-widget-sow-button so-widget-sow-button-flat-91b50669a080-2627\"\n\t\t\t\n\t\t><div class=\"ow-button-base ow-button-align-center\">\n\t<a\n\thref=\"https:\/\/www.mundonovoviagens.pt\/index.php\/blog\/\"\n\t\tclass=\"ow-icon-placement-left ow-button-hover\" \t>\n\t\t<span>\n\t\t\t\n\t\t\tVer mais\t\t<\/span>\n\t<\/a>\n<\/div>\n<\/div><\/div><\/div><\/div><\/div><\/div>","protected":false},"excerpt":{"rendered":"<p>Um Novo Mundo a Descobrir Sugest\u00f5es Explorando com a MundoNovo<\/p>\n","protected":false},"author":4,"featured_media":0,"parent":0,"menu_order":0,"comment_status":"closed","ping_status":"closed","template":"","meta":{"footnotes":""},"class_list":["post-2870","page","type-page","status-publish","hentry"],"_links":{"self":[{"href":"https:\/\/www.mundonovoviagens.pt\/index.php\/wp-json\/wp\/v2\/pages\/2870","targetHints":{"allow":["GET"]}}],"collection":[{"href":"https:\/\/www.mundonovoviagens.pt\/index.php\/wp-json\/wp\/v2\/pages"}],"about":[{"href":"https:\/\/www.mundonovoviagens.pt\/index.php\/wp-json\/wp\/v2\/types\/page"}],"author":[{"embeddable":true,"href":"https:\/\/www.mundonovoviagens.pt\/index.php\/wp-json\/wp\/v2\/users\/4"}],"replies":[{"embeddable":true,"href":"https:\/\/www.mundonovoviagens.pt\/index.php\/wp-json\/wp\/v2\/comments?post=2870"}],"version-history":[{"count":13,"href":"https:\/\/www.mundonovoviagens.pt\/index.php\/wp-json\/wp\/v2\/pages\/2870\/revisions"}],"predecessor-version":[{"id":3093,"href":"https:\/\/www.mundonovoviagens.pt\/index.php\/wp-json\/wp\/v2\/pages\/2870\/revisions\/3093"}],"wp:attachment":[{"href":"https:\/\/www.mundonovoviagens.pt\/index.php\/wp-json\/wp\/v2\/media?parent=2870"}],"curies":[{"name":"wp","href":"https:\/\/api.w.org\/{rel}","templated":true}]}}