{"id":525,"date":"2022-05-04T14:34:53","date_gmt":"2022-05-04T14:34:53","guid":{"rendered":"https:\/\/www.mundonovoviagens.pt\/?page_id=525"},"modified":"2022-06-22T08:57:20","modified_gmt":"2022-06-22T08:57:20","slug":"america-do-sul","status":"publish","type":"page","link":"https:\/\/www.mundonovoviagens.pt\/index.php\/america-do-sul\/","title":{"rendered":"Am\u00e9rica do Sul"},"content":{"rendered":"<div id=\"pl-525\"  class=\"panel-layout\" ><div id=\"pg-525-0\"  class=\"panel-grid panel-no-style\" ><div id=\"pgc-525-0-0\"  class=\"panel-grid-cell\" ><div id=\"panel-525-0-0-0\" class=\"so-panel widget widget_sow-editor panel-first-child panel-last-child\" data-index=\"0\" ><div\n\t\t\t\n\t\t\tclass=\"so-widget-sow-editor so-widget-sow-editor-base\"\n\t\t\t\n\t\t><h3 class=\"widget-title\">Am\u00e9rica do Sul<\/h3>\n<div class=\"siteorigin-widget-tinymce textwidget\">\n\t<div class=\"map_main\">\n<div class=\"map_list\"><div class=\"igm_entries_list_wrapper\"><ul id=\"igm_entries_list_206\" class=\"igm_entries_list\" data-map-id=\"206\"><li data-type=\"region\" title=\"Argentina\"  data-code=\"AR\">Argentina<\/li><li data-type=\"region\" title=\"Bol\u00edvia\"  data-code=\"BO\">Bol\u00edvia<\/li><li data-type=\"region\" title=\"Brasil\"  data-code=\"BR\">Brasil<\/li><li data-type=\"region\" title=\"Chile\"  data-code=\"CL\">Chile<\/li><li data-type=\"region\" title=\"Col\u00f4mbia\"  data-code=\"CO\">Col\u00f4mbia<\/li><li data-type=\"region\" title=\"Equador\"  data-code=\"EC\">Equador<\/li><li data-type=\"region\" title=\"Peru\"  data-code=\"PE\">Peru<\/li><li data-type=\"region\" title=\"Uruguai\"  data-code=\"UY\">Uruguai<\/li><\/ul><\/div><\/div>\n<div class=\"map_content\"><div class=\"map_wrapper\" id=\"map_wrapper_206\">\n<div class=\"map_box\" style=\"max-width:2000px\">\n<div class=\"map_aspect_ratio\" style=\"padding-top:56%\" data-padding-top=\"56%\" data-padding-top-mobile=\"0%\">\n<div class=\"map_container\">\n<div class=\"map_render map_loading\" id=\"map_206\"><\/div>\n<\/div>\n<\/div>\n<\/div>\n<\/div><\/div>\n<\/div>\n<\/div>\n<\/div><\/div><\/div><\/div><\/div>","protected":false},"excerpt":{"rendered":"<p>Am\u00e9rica do Sul ArgentinaBol\u00edviaBrasilChileCol\u00f4mbiaEquadorPeruUruguai<\/p>\n","protected":false},"author":4,"featured_media":0,"parent":0,"menu_order":0,"comment_status":"closed","ping_status":"closed","template":"","meta":{"footnotes":""},"class_list":["post-525","page","type-page","status-publish","hentry"],"_links":{"self":[{"href":"https:\/\/www.mundonovoviagens.pt\/index.php\/wp-json\/wp\/v2\/pages\/525","targetHints":{"allow":["GET"]}}],"collection":[{"href":"https:\/\/www.mundonovoviagens.pt\/index.php\/wp-json\/wp\/v2\/pages"}],"about":[{"href":"https:\/\/www.mundonovoviagens.pt\/index.php\/wp-json\/wp\/v2\/types\/page"}],"author":[{"embeddable":true,"href":"https:\/\/www.mundonovoviagens.pt\/index.php\/wp-json\/wp\/v2\/users\/4"}],"replies":[{"embeddable":true,"href":"https:\/\/www.mundonovoviagens.pt\/index.php\/wp-json\/wp\/v2\/comments?post=525"}],"version-history":[{"count":1,"href":"https:\/\/www.mundonovoviagens.pt\/index.php\/wp-json\/wp\/v2\/pages\/525\/revisions"}],"predecessor-version":[{"id":526,"href":"https:\/\/www.mundonovoviagens.pt\/index.php\/wp-json\/wp\/v2\/pages\/525\/revisions\/526"}],"wp:attachment":[{"href":"https:\/\/www.mundonovoviagens.pt\/index.php\/wp-json\/wp\/v2\/media?parent=525"}],"curies":[{"name":"wp","href":"https:\/\/api.w.org\/{rel}","templated":true}]}}