{"id":986,"date":"2022-06-19T10:23:40","date_gmt":"2022-06-19T10:23:40","guid":{"rendered":"https:\/\/www.mundonovoviagens.pt\/?page_id=986"},"modified":"2022-12-02T14:49:05","modified_gmt":"2022-12-02T14:49:05","slug":"asiacentral","status":"publish","type":"page","link":"https:\/\/www.mundonovoviagens.pt\/index.php\/asiacentral\/","title":{"rendered":"\u00c1sia Central"},"content":{"rendered":"<div id=\"pl-986\"  class=\"panel-layout\" ><div id=\"pg-986-0\"  class=\"panel-grid panel-no-style\" ><div id=\"pgc-986-0-0\"  class=\"panel-grid-cell\" ><div id=\"panel-986-0-0-0\" class=\"so-panel widget widget_sow-editor panel-first-child panel-last-child\" data-index=\"0\" ><div\n\t\t\t\n\t\t\tclass=\"so-widget-sow-editor so-widget-sow-editor-base\"\n\t\t\t\n\t\t><h3 class=\"widget-title\">\u00c1sia Central<\/h3>\n<div class=\"siteorigin-widget-tinymce textwidget\">\n\t<div class=\"map_main\">\n<div class=\"map_list\"><div class=\"igm_entries_list_wrapper\"><ul id=\"igm_entries_list_984\" class=\"igm_entries_list\" data-map-id=\"984\"><li data-type=\"region\" title=\"Cazaquist\u00e3o\"  data-code=\"KZ\">Cazaquist\u00e3o<\/li><li data-type=\"region\" title=\"Turquemenist\u00e3o\"  data-code=\"TM\">Turquemenist\u00e3o<\/li><li data-type=\"region\" title=\"Quirguist\u00e3o\"  data-code=\"KG\">Quirguist\u00e3o<\/li><li data-type=\"region\" title=\"Uzbequist\u00e3o\"  data-code=\"UZ\">Uzbequist\u00e3o<\/li><\/ul><\/div><\/div>\n<div class=\"map_content\"><div class=\"map_wrapper\" id=\"map_wrapper_984\">\n<div class=\"map_box\" style=\"max-width:2000px\">\n<div class=\"map_aspect_ratio\" style=\"padding-top:56%\" data-padding-top=\"56%\" data-padding-top-mobile=\"0%\">\n<div class=\"map_container\">\n<div class=\"map_render map_loading\" id=\"map_984\"><\/div>\n<\/div>\n<\/div>\n<\/div>\n<\/div><\/div>\n<\/div>\n<\/div>\n<\/div><\/div><\/div><\/div><\/div>","protected":false},"excerpt":{"rendered":"<p>\u00c1sia Central Cazaquist\u00e3oTurquemenist\u00e3oQuirguist\u00e3oUzbequist\u00e3o<\/p>\n","protected":false},"author":4,"featured_media":0,"parent":0,"menu_order":0,"comment_status":"closed","ping_status":"closed","template":"","meta":{"footnotes":""},"class_list":["post-986","page","type-page","status-publish","hentry"],"_links":{"self":[{"href":"https:\/\/www.mundonovoviagens.pt\/index.php\/wp-json\/wp\/v2\/pages\/986","targetHints":{"allow":["GET"]}}],"collection":[{"href":"https:\/\/www.mundonovoviagens.pt\/index.php\/wp-json\/wp\/v2\/pages"}],"about":[{"href":"https:\/\/www.mundonovoviagens.pt\/index.php\/wp-json\/wp\/v2\/types\/page"}],"author":[{"embeddable":true,"href":"https:\/\/www.mundonovoviagens.pt\/index.php\/wp-json\/wp\/v2\/users\/4"}],"replies":[{"embeddable":true,"href":"https:\/\/www.mundonovoviagens.pt\/index.php\/wp-json\/wp\/v2\/comments?post=986"}],"version-history":[{"count":5,"href":"https:\/\/www.mundonovoviagens.pt\/index.php\/wp-json\/wp\/v2\/pages\/986\/revisions"}],"predecessor-version":[{"id":1587,"href":"https:\/\/www.mundonovoviagens.pt\/index.php\/wp-json\/wp\/v2\/pages\/986\/revisions\/1587"}],"wp:attachment":[{"href":"https:\/\/www.mundonovoviagens.pt\/index.php\/wp-json\/wp\/v2\/media?parent=986"}],"curies":[{"name":"wp","href":"https:\/\/api.w.org\/{rel}","templated":true}]}}