{"id":1011,"date":"2022-06-21T15:19:12","date_gmt":"2022-06-21T15:19:12","guid":{"rendered":"https:\/\/www.mundonovoviagens.pt\/?post_type=product&#038;p=1011"},"modified":"2026-04-01T15:47:55","modified_gmt":"2026-04-01T14:47:55","slug":"088-terra-e-mar-11-dias","status":"publish","type":"product","link":"https:\/\/www.mundonovoviagens.pt\/index.php\/produto\/088-terra-e-mar-11-dias\/","title":{"rendered":"088 \u2013 Terra e Mar \u2013 11 dias"},"content":{"rendered":"<div id=\"pl-1011\"  class=\"panel-layout\" ><div id=\"pg-1011-0\"  class=\"panel-grid panel-no-style\" ><div id=\"pgc-1011-0-0\"  class=\"panel-grid-cell\" ><div id=\"panel-1011-0-0-0\" class=\"so-panel widget widget_pt_tabs pt-widget-tabs panel-first-child\" data-index=\"0\" >\t\t\t<div class=\"pt-tabs\">\n\t\t\t\t\n\t\t\t\t\t\t\t\t\t<ul class=\"pt-tabs__navigation  nav  nav-tabs\" role=\"tablist\">\n\t\t\t\t\t\t\t\t\t\t\t\t\t<li class=\"nav-item\">\n\t\t\t\t\t\t\t\t<a class=\"nav-link  active\" data-toggle=\"tab\" href=\"#tab-itiner\u00c1rio\" role=\"tab\">ITINER\u00c1RIO<\/a>\n\t\t\t\t\t\t\t<\/li>\n\t\t\t\t\t\t\t\t\t\t\t\t\t<li class=\"nav-item\">\n\t\t\t\t\t\t\t\t<a class=\"nav-link\" data-toggle=\"tab\" href=\"#tab-pre\u00e7os-e-condi\u00e7\u00f5es\" role=\"tab\">Pre\u00e7os e Condi\u00e7\u00f5es<\/a>\n\t\t\t\t\t\t\t<\/li>\n\t\t\t\t\t\t\t\t\t\t\t\t\t<li class=\"nav-item\">\n\t\t\t\t\t\t\t\t<a class=\"nav-link\" data-toggle=\"tab\" href=\"#tab-informa\u00e7\u00f5es-destino\" role=\"tab\">Informa\u00e7\u00f5es Destino<\/a>\n\t\t\t\t\t\t\t<\/li>\n\t\t\t\t\t\t\t\t\t\t\t<\/ul>\n\n\t\t\t\t\t<div class=\"pt-tabs__content  tab-content\">\n\t\t\t\t\t\t\t\t\t\t\t<div class=\"tab-pane  fade  in  active\" id=\"tab-itiner\u00c1rio\" role=\"tabpanel\">\n\t\t\t\t\t\t\t<div id=\"pl-w69cd301b73f6b\"  class=\"panel-layout\" ><div id=\"pg-w69cd301b73f6b-0\"  class=\"panel-grid panel-no-style\" ><div id=\"pgc-w69cd301b73f6b-0-0\"  class=\"panel-grid-cell\" ><div id=\"panel-w69cd301b73f6b-0-0-0\" class=\"so-panel widget widget_sow-editor panel-first-child\" data-index=\"0\" ><div class=\"panel-widget-style panel-widget-style-for-w69cd301b73f6b-0-0-0\" ><div\n\t\t\t\n\t\t\tclass=\"so-widget-sow-editor so-widget-sow-editor-base\"\n\t\t\t\n\t\t><h3 class=\"widget-title\"> 1\u00ba. Dia - PORTUGAL \/ ATENAS<\/h3>\n<div class=\"siteorigin-widget-tinymce textwidget\">\n\t<p style=\"text-align: justify;\">Compar\u00eancia no aeroporto 120 minutos antes da hora prevista para a partida. Formalidades de embarque e partida para Atenas, com mudan\u00e7a de avi\u00e3o em rota. Chegada, assist\u00eancia e transporte para o hotel. Alojamento.<\/p>\n<\/div>\n<\/div><\/div><\/div><div id=\"panel-w69cd301b73f6b-0-0-1\" class=\"so-panel widget widget_sow-editor\" data-index=\"1\" ><div class=\"panel-widget-style panel-widget-style-for-w69cd301b73f6b-0-0-1\" ><div\n\t\t\t\n\t\t\tclass=\"so-widget-sow-editor so-widget-sow-editor-base\"\n\t\t\t\n\t\t><h3 class=\"widget-title\">2\u00ba. Dia - ATENAS \/ OLIMPIA <\/h3>\n<div class=\"siteorigin-widget-tinymce textwidget\">\n\t<p style=\"text-align: justify;\">Pequeno-almo\u00e7o no hotel. De manh\u00e3 sa\u00edda em direc\u00e7\u00e3o ao Canal de Corinto, canal que liga o golfo de Corinto com o mar Egeu; paragem para admirar a grandiosa obra de engenharia. De seguida, visita ao Teatro de Epidauro, mundialmente conhecido pela sua ac\u00fastica. Continua\u00e7\u00e3o para Micenas, onde visitaremos a Acr\u00f3pole pr\u00e9-hist\u00f3rica, com a Porta dos Le\u00f5es e o tumulo de Agamen\u00f3n. No final da visita, continua\u00e7\u00e3o para Ol\u00edmpia. Chegada, jantar e alojamento.<\/p>\n<\/div>\n<\/div><\/div><\/div><div id=\"panel-w69cd301b73f6b-0-0-2\" class=\"so-panel widget widget_sow-editor\" data-index=\"2\" ><div class=\"panel-widget-style panel-widget-style-for-w69cd301b73f6b-0-0-2\" ><div\n\t\t\t\n\t\t\tclass=\"so-widget-sow-editor so-widget-sow-editor-base\"\n\t\t\t\n\t\t><h3 class=\"widget-title\">3\u00ba. Dia - OL\u00cdMPIA \/ DELFOS <\/h3>\n<div class=\"siteorigin-widget-tinymce textwidget\">\n\t<p style=\"text-align: justify;\">Pequeno-almo\u00e7o no hotel. Sa\u00edda para visita ao antigo Est\u00e1dio Ol\u00edmpico, onde se realizaram os primeiros jogos ol\u00edmpicos. Ol\u00edmpia era o santu\u00e1rio mais importante para os gregos da antiguidade, lugar de culto a Zeus, e onde se realizavam, em sua honra, os jogos ol\u00edmpicos. Visita ao Museu de Olimpia. De tarde, continua\u00e7\u00e3o da viagem para Delfos, atravessando a magnifica ponte suspensa que liga a regi\u00e3o do Peloponeso e o continente grego, numa extens\u00e3o de mais de 2 km. Chegada, jantar e alojamento.<\/p>\n<\/div>\n<\/div><\/div><\/div><div id=\"panel-w69cd301b73f6b-0-0-3\" class=\"so-panel widget widget_sow-editor\" data-index=\"3\" ><div class=\"panel-widget-style panel-widget-style-for-w69cd301b73f6b-0-0-3\" ><div\n\t\t\t\n\t\t\tclass=\"so-widget-sow-editor so-widget-sow-editor-base\"\n\t\t\t\n\t\t><h3 class=\"widget-title\"> 4\u00ba. Dia \u2013 DELFOS \/ METEORA <\/h3>\n<div class=\"siteorigin-widget-tinymce textwidget\">\n\t<p style=\"text-align: justify;\">Pequeno-almo\u00e7o no hotel. Visita da cidade de Delfos, cidade conhecida como o \u201cCentro do Mundo\u201d. Visita ao Museu Arqueol\u00f3gico de Delfos, com a sua famosa est\u00e1tua em bronze \u201co Cocheiro de Delfos\u201de ao recinto arqueol\u00f3gico. Sa\u00edda para Kalambaka (Meteora). Chegada, jantar e alojamento.<\/p>\n<\/div>\n<\/div><\/div><\/div><div id=\"panel-w69cd301b73f6b-0-0-4\" class=\"so-panel widget widget_sow-editor\" data-index=\"4\" ><div class=\"panel-widget-style panel-widget-style-for-w69cd301b73f6b-0-0-4\" ><div\n\t\t\t\n\t\t\tclass=\"so-widget-sow-editor so-widget-sow-editor-base\"\n\t\t\t\n\t\t><h3 class=\"widget-title\"> 5\u00ba. Dia - METEORA \/ ATENAS <\/h3>\n<div class=\"siteorigin-widget-tinymce textwidget\">\n\t<p style=\"text-align: justify;\">Pequeno-almo\u00e7o no hotel. Partida para Meteora com os seus mosteiros localizados sobre as rochas... \u00e9 algo que n\u00e3o se esquecer\u00e1 facilmente. Os meteoros s\u00e3o um conjunto de penhascos altos e de dif\u00edcil acesso, situados no centro do vale da Tess\u00e1lia, e que se formaram atrav\u00e9s de v\u00e1rios processos geol\u00f3gicos, originado uma paisagem inigual\u00e1vel em plena harmonia com os in\u00fameros mosteiros constru\u00eddos em cima dos penhascos. Continua\u00e7\u00e3o para Atenas, com passagem em Term\u00f3pilas, onde se encontra a est\u00e1tua do rei espartano Le\u00f4nidas. \u00a0Chegada e alojamento.<\/p>\n<\/div>\n<\/div><\/div><\/div><div id=\"panel-w69cd301b73f6b-0-0-5\" class=\"so-panel widget widget_sow-editor\" data-index=\"5\" ><div class=\"panel-widget-style panel-widget-style-for-w69cd301b73f6b-0-0-5\" ><div\n\t\t\t\n\t\t\tclass=\"so-widget-sow-editor so-widget-sow-editor-base\"\n\t\t\t\n\t\t><h3 class=\"widget-title\">6\u00ba. Dia - ATENAS <\/h3>\n<div class=\"siteorigin-widget-tinymce textwidget\">\n\t<p style=\"text-align: justify;\">Pequeno-almo\u00e7o no hotel. De manh\u00e3, visita da cidade de Atenas que incluir\u00e1 o Kalim\u00e1rmaro (antigo est\u00e1dio ol\u00edmpico), o Arco de Adriano, o Parlamento, o Monumento do Soldado Desconhecido, o tradicional render da guarda na Pra\u00e7a da Constitui\u00e7\u00e3o, a Pra\u00e7a Syntagma, a Pra\u00e7a da Concordia, a Pra\u00e7a Omonia, a Acr\u00f3pole, os Propileos, o Templo J\u00f3nico de Atenea Nike, P\u00e1rtenon e do Novo Museu. Regresso ao hotel. Tarde livre. Alojamento.<\/p>\n<\/div>\n<\/div><\/div><\/div><div id=\"panel-w69cd301b73f6b-0-0-6\" class=\"so-panel widget widget_sow-editor\" data-index=\"6\" ><div class=\"panel-widget-style panel-widget-style-for-w69cd301b73f6b-0-0-6\" ><div\n\t\t\t\n\t\t\tclass=\"so-widget-sow-editor so-widget-sow-editor-base\"\n\t\t\t\n\t\t><h3 class=\"widget-title\"> 7\u00ba. Dia - ATENAS \/ MYKONOS \/ KUSADASI<\/h3>\n<div class=\"siteorigin-widget-tinymce textwidget\">\n\t<p style=\"text-align: justify;\">Pequeno-almo\u00e7o no hotel. Transporte para o porto de Lavrio. Chegada, embarque e partida pelas 13h00 com destino a Mykonos. Chegada pelas 18h00 e desembarque. Tempo livre para visitar a ilha de Mykonos (possibilidade de adquirir excurs\u00e3o para visitar \u00e0 ilha). Em hora a indicar, embarque e partida pelas 23h00 com destino a Kusadasi, na Turquia. Alojamento a bordo. Navega\u00e7\u00e3o.<\/p>\n<\/div>\n<\/div><\/div><\/div><div id=\"panel-w69cd301b73f6b-0-0-7\" class=\"so-panel widget widget_sow-editor\" data-index=\"7\" ><div class=\"panel-widget-style panel-widget-style-for-w69cd301b73f6b-0-0-7\" ><div\n\t\t\t\n\t\t\tclass=\"so-widget-sow-editor so-widget-sow-editor-base\"\n\t\t\t\n\t\t><h3 class=\"widget-title\"> 8\u00ba. Dia - KUSADASI \/ PATMOS \/ RHODES<\/h3>\n<div class=\"siteorigin-widget-tinymce textwidget\">\n\t<p style=\"text-align: justify;\">Regime de pens\u00e3o completa a bordo. Chegada pelas 07h00 a Kusadasi e desembarque. Excurs\u00e3o a \u00c9feso, importante cidade da antiguidade. Em hora a indicar, embarque e partida pelas 13h00 com destino \u00e0 Ilha da Patmos onde chegaremos pelas 16h30, desembarque e tempo livre (possibilidade de adquirir excurs\u00e3o para visita ao Mosteiro de S. Jo\u00e3o e Gruta do Apocalipse). Em hora a indicar, embarque e partida pelas 21h30 com destino a Rhodes. Alojamento a bordo. Navega\u00e7\u00e3o.<\/p>\n<\/div>\n<\/div><\/div><\/div><div id=\"panel-w69cd301b73f6b-0-0-8\" class=\"so-panel widget widget_sow-editor\" data-index=\"8\" ><div class=\"panel-widget-style panel-widget-style-for-w69cd301b73f6b-0-0-8\" ><div\n\t\t\t\n\t\t\tclass=\"so-widget-sow-editor so-widget-sow-editor-base\"\n\t\t\t\n\t\t><h3 class=\"widget-title\"> 9\u00ba. Dia - RHODES \/ CRETA<\/h3>\n<div class=\"siteorigin-widget-tinymce textwidget\">\n\t<p style=\"text-align: justify;\">Regime de pens\u00e3o completa a bordo. Chegada pelas 07h00 \u00e0 Ilha de Rhodes e desembarque. Tempo livre (possibilidade de adquirir excurs\u00f5es para visita \u00e0 ilha). Em hora a indicar, embarque e sa\u00edda pelas 18h00 em direc\u00e7\u00e3o \u00e0 Ilha de Creta. Alojamento a bordo. Navega\u00e7\u00e3o.<\/p>\n<\/div>\n<\/div><\/div><\/div><div id=\"panel-w69cd301b73f6b-0-0-9\" class=\"so-panel widget widget_sow-editor\" data-index=\"9\" ><div class=\"panel-widget-style panel-widget-style-for-w69cd301b73f6b-0-0-9\" ><div\n\t\t\t\n\t\t\tclass=\"so-widget-sow-editor so-widget-sow-editor-base\"\n\t\t\t\n\t\t><h3 class=\"widget-title\"> 10\u00ba.\t Dia \u2013 CRETA \/ SANTORINI <\/h3>\n<div class=\"siteorigin-widget-tinymce textwidget\">\n\t<p style=\"text-align: justify;\">Regime de pens\u00e3o completa a bordo. Chegada \u00e0 Ilha de Creta e desembarque. Em hora a indicar, embarque e sa\u00edda em direc\u00e7\u00e3o \u00e0 Ilha de Santorini, desembarque e tempo livre para explorar a ilha. Embarque e partida em direc\u00e7\u00e3o a Atenas. Alojamento a bordo. Navega\u00e7\u00e3o.<\/p>\n<\/div>\n<\/div><\/div><\/div><div id=\"panel-w69cd301b73f6b-0-0-10\" class=\"so-panel widget widget_sow-editor panel-last-child\" data-index=\"10\" ><div class=\"panel-widget-style panel-widget-style-for-w69cd301b73f6b-0-0-10\" ><div\n\t\t\t\n\t\t\tclass=\"so-widget-sow-editor so-widget-sow-editor-base\"\n\t\t\t\n\t\t><h3 class=\"widget-title\"> 11\u00ba. Dia - ATENAS \/ PORTUGAL <\/h3>\n<div class=\"siteorigin-widget-tinymce textwidget\">\n\t<p>Pequeno-almo\u00e7o a bordo. Chegada ao porto de Lavrio pelas 06h00. Desembarque e transporte para o aeroporto de Atenas. Formalidades de embarque e partida com destino a Portugal, com mudan\u00e7a de avi\u00e3o em rota. Chegada.<br \/>\nFim dos nossos servi\u00e7os.<\/p>\n<\/div>\n<\/div><\/div><\/div><\/div><\/div><\/div>\t\t\t\t\t\t<\/div>\n\t\t\t\t\t\t\t\t\t\t\t<div class=\"tab-pane  fade\" id=\"tab-pre\u00e7os-e-condi\u00e7\u00f5es\" role=\"tabpanel\">\n\t\t\t\t\t\t\t<div id=\"pl-w69cd301b73f6e\"  class=\"panel-layout\" ><div id=\"pg-w69cd301b73f6e-0\"  class=\"panel-grid panel-no-style\" ><div id=\"pgc-w69cd301b73f6e-0-0\"  class=\"panel-grid-cell\" ><div id=\"panel-w69cd301b73f6e-0-0-0\" class=\"so-panel widget widget_sow-editor panel-first-child panel-last-child\" data-index=\"0\" ><div class=\"panel-widget-style panel-widget-style-for-w69cd301b73f6e-0-0-0\" ><div\n\t\t\t\n\t\t\tclass=\"so-widget-sow-editor so-widget-sow-editor-base\"\n\t\t\t\n\t\t>\n<div class=\"siteorigin-widget-tinymce textwidget\">\n\t<p><strong>DIAS de PARTIDA 2026:<\/strong><\/p>\n<p>3\u00aa feira de 28 de Abril a 27 de Outubro<\/p>\n<p><strong>\u00a0<\/strong><\/p>\n<p><strong>Pre\u00e7o por pessoa segundo ocupa\u00e7\u00e3o do quarto (m\u00ednimo 2 participantes<\/strong>):<\/p>\n<p><strong>\u00a0<\/strong><\/p>\n<p><strong>HOT\u00c9IS PREVISTOS ou SIMILARES:<\/strong><\/p>\n<p><strong>\u00a0<\/strong><\/p>\n<p><span style=\"color: #ef7a1b;\"><strong>Op\u00e7\u00e3o A)<\/strong><\/span><\/p>\n<p><strong>ATENAS<\/strong> \u2013 <a href=\"https:\/\/www.hhotels.gr\/titania\/\" target=\"_blank\" rel=\"noopener\">Hotel Titania<\/a> 4*<\/p>\n<p><strong>OLIMPIA<\/strong> \u2013 <a href=\"https:\/\/www.amaliahotels.com\/olympia\/hotel\/\" target=\"_blank\" rel=\"noopener\">Hotel Amalia<\/a> 4*<\/p>\n<p><strong>DELFOS<\/strong> \u2013 <a href=\"https:\/\/www.amaliahotels.com\/delphi\/hotel\/\" target=\"_blank\" rel=\"noopener\">Hotel Am\u00e1lia Delphi<\/a> 4*<\/p>\n<p><strong>KALAMBAKA<\/strong> \u2013 <a href=\"https:\/\/www.amaliahotels.com\/kalambaka\/hotel\/\" target=\"_blank\" rel=\"noopener\">Hotel Am\u00e1lia Kalambaka<\/a> 4*<\/p>\n<p><strong>CELESTYAL CRUISES<\/strong> \u2013 <a href=\"https:\/\/celestyal.com\/ie\/\" target=\"_blank\" rel=\"noopener\">Celestyal Discovery<\/a> (Camarote XA \u2013 duplo e single \/\/ Camarote XBO \u2013 triplo)<\/p>\n<p>&nbsp;<\/p>\n<table>\n<tbody>\n<tr>\n<td>\n<p style=\"text-align: center;\"><strong>PER\u00cdODO<\/strong><\/p>\n<\/td>\n<td style=\"text-align: center;\"><strong>TRIPLO*<\/strong><\/td>\n<td style=\"text-align: center;\"><strong>DUPLO<\/strong><\/td>\n<td>\n<p style=\"text-align: center;\"><strong>SINGLE<\/strong><\/p>\n<\/td>\n<\/tr>\n<tr>\n<td>\n<p style=\"text-align: center;\"><strong>28\/04\/26 a 27\/10\/26<\/strong><\/p>\n<\/td>\n<td style=\"text-align: center;\">2.785,00 \u20ac<\/td>\n<td style=\"text-align: center;\">3.085,00 \u20ac<\/td>\n<td>\n<p style=\"text-align: center;\">5.125,00\u20ac<\/p>\n<\/td>\n<\/tr>\n<tr>\n<td colspan=\"4\">\n<p style=\"text-align: center;\">Taxas portu\u00e1rias e gratifica\u00e7\u00f5es a bordo: 169,00 \u20ac por pessoa<\/p>\n<\/td>\n<\/tr>\n<\/tbody>\n<\/table>\n<p><strong>\u00a0<\/strong><\/p>\n<p><span style=\"color: #ef7a1b;\"><strong>Op\u00e7\u00e3o B)<\/strong><\/span><\/p>\n<p><strong>ATENAS <\/strong>\u2013 <a href=\"https:\/\/www.hyatt.com\/en-US\/hotel\/greece\/grand-hyatt-athens\/athgh?src=corp_lclb_gmb_seo_athgh\" target=\"_blank\" rel=\"noopener\">Hotel Grand Hyatt<\/a> 5*<\/p>\n<p><strong>OLIMPIA<\/strong> \u2013 <a href=\"https:\/\/www.amaliahotels.com\/olympia\/hotel\/\" target=\"_blank\" rel=\"noopener\">Hotel Amalia<\/a> 4*<\/p>\n<p><strong>DELFOS<\/strong> \u2013 \u00a0\u00a0<a href=\"https:\/\/www.amaliahotels.com\/delphi\/hotel\/\" target=\"_blank\" rel=\"noopener\">Hotel Am\u00e1lia Delphi<\/a> 4*<\/p>\n<p><strong>KALAMBAKA<\/strong> \u2013 <a href=\"https:\/\/www.amaliahotels.com\/kalambaka\/hotel\/\" target=\"_blank\" rel=\"noopener\">Hotel Am\u00e1lia Kalambaka<\/a> 4*<\/p>\n<p><strong>CELESTYAL CRUISES<\/strong> \u2013 <a href=\"https:\/\/celestyal.com\/ie\/\" target=\"_blank\" rel=\"noopener\">Celestyal Discovery<\/a> (Camarote XB)<\/p>\n<p>&nbsp;<\/p>\n<table>\n<tbody>\n<tr>\n<td>\n<p style=\"text-align: center;\"><strong>PER\u00cdODO<\/strong><\/p>\n<\/td>\n<td style=\"text-align: center;\"><strong>TRIPLO*<\/strong><\/td>\n<td style=\"text-align: center;\"><strong>DUPLO<\/strong><\/td>\n<td>\n<p style=\"text-align: center;\"><strong>SINGLE<\/strong><\/p>\n<\/td>\n<\/tr>\n<tr>\n<td>\n<p style=\"text-align: center;\"><strong>28\/04\/26 a 27\/10\/26<\/strong><\/p>\n<\/td>\n<td style=\"text-align: center;\">2.960,00 \u20ac<\/td>\n<td style=\"text-align: center;\">3.405,00 \u20ac<\/td>\n<td>\n<p style=\"text-align: center;\">5.770,00\u20ac<\/p>\n<\/td>\n<\/tr>\n<tr>\n<td colspan=\"4\">\n<p style=\"text-align: center;\">Taxas portu\u00e1rias e gratifica\u00e7\u00f5es a bordo: 169,00 \u20ac por pessoa<\/p>\n<\/td>\n<\/tr>\n<\/tbody>\n<\/table>\n<p>&nbsp;<\/p>\n<p><strong>Nota: regime de pens\u00e3o completa a bordo:<\/strong><\/p>\n<p>- Pequeno-almo\u00e7o, almo\u00e7o e jantar;<\/p>\n<p>- Bebidas \u00e0s refei\u00e7\u00f5es (vinho da casa e cerveja a copo);<\/p>\n<p>- Refrigerantes e sumos a copo;<\/p>\n<p>- \u00c1gua, caf\u00e9 e ch\u00e1;<\/p>\n<p>- Entretenimento e actividades a bordo.<\/p>\n<p><strong>\u00a0<\/strong><\/p>\n<p style=\"text-align: justify;\"><strong>NOTA*:<\/strong>\u00a0Os quartos triplos, s\u00e3o compostos por 1 ou 2 camas, mais 1 cama extra. As condi\u00e7\u00f5es de conforto s\u00e3o menores do que as dos quartos duplos. A reserva de um quarto triplo, implica a aceita\u00e7\u00e3o deste facto.<\/p>\n<p>&nbsp;<\/p>\n<p style=\"text-align: justify;\"><strong>NOTA 1:<\/strong>\u00a0Este programa foi calculado com base na companhia a\u00e9rea Lufthansa em cabine econ\u00f3mica, tarifa em classe L. Caso n\u00e3o haja disponibilidade de lugares nessa tarifa, ser\u00e1 proposto em alternativa o escal\u00e3o tarif\u00e1rio seguinte dispon\u00edvel, ou outra companhia a\u00e9rea, mediante um suplemento a informar.<\/p>\n<p>&nbsp;<\/p>\n<p><strong>Suplemento de tarifa a\u00e9rea com a Lufthansa\u00a0<\/strong><strong>(Porto ou Lisboa):<\/strong><\/p>\n<p>&nbsp;<\/p>\n<table>\n<tbody>\n<tr>\n<td>\n<p style=\"text-align: center;\"><strong>Per\u00edodo<\/strong><\/p>\n<\/td>\n<td style=\"text-align: center;\"><strong>Classe L<\/strong><\/td>\n<td style=\"text-align: center;\"><strong>Classe T<\/strong><\/td>\n<td style=\"text-align: center;\"><strong>Classe S<\/strong><\/td>\n<td>\n<p style=\"text-align: center;\"><strong>Classe W<\/strong><\/p>\n<\/td>\n<\/tr>\n<tr>\n<td>\n<p style=\"text-align: center;\"><strong>28\/04\/26 a 27\/10\/26 <\/strong><\/p>\n<\/td>\n<td style=\"text-align: center;\">Sem supl.<\/td>\n<td style=\"text-align: center;\">44,00 \u20ac<\/td>\n<td style=\"text-align: center;\">103,00 \u20ac<\/td>\n<td>\n<p style=\"text-align: center;\">175,00 \u20ac<\/p>\n<\/td>\n<\/tr>\n<\/tbody>\n<\/table>\n<p><strong>\u00a0<\/strong><\/p>\n<p><strong>O pre\u00e7o inclui:<\/strong><\/p>\n<p>- Passagem a\u00e9rea em voos regulares, em classe econ\u00f3mica para o percurso indicado, incluindo o transporte de bagagem de por\u00e3o;<\/p>\n<p>- Taxas de aeroporto, seguran\u00e7a e combust\u00edvel no valor de 165,00 \u20ac (sujeito a altera\u00e7\u00e3o, a reconfirmar no dia de emiss\u00e3o dos bilhetes);<\/p>\n<p>- Transporte aeroporto \/ hotel \/ porto \/ aeroporto em Atenas em servi\u00e7o privado;<\/p>\n<p>- 3 noites de alojamento em Atenas nos hot\u00e9is previstos ou similares em quarto standard com pequeno-almo\u00e7o;<\/p>\n<p>- Refei\u00e7\u00f5es de acordo com o indicado no itiner\u00e1rio (03 jantares);<\/p>\n<p>- Circuito em servi\u00e7o regular (em conjunto com outros participantes) acompanhado de guia local de l\u00edngua espanhola;<\/p>\n<p>- Transporte em autocarro, minibus ou van (de acordo com o n\u00famero de participantes);<\/p>\n<p>- Meio dia de visita da cidade de Atenas e ao Novo Museu, em servi\u00e7o regular (em conjunto com outros participantes), acompanhado de guia local de l\u00edngua espanhola e incluindo entradas;<\/p>\n<p>- 4 noites no Cruzeiro Celestyal Discovery da companhia \u201cCelestyal Cruises\u201d\u00a0em regime de pens\u00e3o completa;<\/p>\n<p>- Taxas de servi\u00e7o e IVA;<\/p>\n<p>- Seguro de viagem.<\/p>\n<p>&nbsp;<\/p>\n<p><strong>O pre\u00e7o n\u00e3o inclui:<\/strong><\/p>\n<p>- Taxas portu\u00e1rias e gratifica\u00e7\u00f5es (obrigat\u00f3rias no cruzeiro);<\/p>\n<p>- Bebidas \u00e0s refei\u00e7\u00f5es (excepto no cruzeiro);<\/p>\n<p>- Servi\u00e7o de bagageiros;<\/p>\n<p>- Taxas tur\u00edsticas e\/ou municipais (valor varia de acordo com a categoria hoteleira);<\/p>\n<p>- Extras e actividades de car\u00e1cter pessoal;<\/p>\n<p>- Todos os servi\u00e7os n\u00e3o indicados como inclu\u00eddos.<\/p>\n<p>&nbsp;<\/p>\n<p><strong>Seguro de viagem:<\/strong><\/p>\n<p>- Todas as viagens organizadas pela MundoNovo Viagens est\u00e3o cobertas por um seguro de viagem (<a href=\"https:\/\/www.mundonovoviagens.pt\/wp-content\/uploads\/2025\/02\/MundoNovo-Multiviagens-Plus-1.pdf?x70114&amp;x48172&amp;x23938&amp;x23938\" target=\"_blank\" rel=\"noopener\">Multiviagens Plus 1<\/a>);<br \/>\n- Adicionalmente propomos o seguro\u00a0<a href=\"https:\/\/www.mundonovoviagens.pt\/wp-content\/uploads\/2025\/02\/MundoNovo-Multiviagens-Premium.pdf?x70114&amp;x48172&amp;x23938&amp;x23938\" target=\"_blank\" rel=\"noopener\">Multiviagens Premium<\/a>\u00a0(valor das coberturas superior), mediante um suplemento de 30\u20ac por pessoa;<\/p>\n<p>- As condi\u00e7\u00f5es gerais de cada seguro poder\u00e3o ser consultadas na p\u00e1gina inicial do nosso site;<\/p>\n<p>&nbsp;<\/p>\n<p><strong>Condi\u00e7\u00f5es especiais de reserva e pagamento da companhia cruzeiros:<\/strong><\/p>\n<p>- At\u00e9 60 dias antes da data da partida: 250,00 \u20ac por cabine a efetuar at\u00e9 7 dias ap\u00f3s a reserva;<\/p>\n<p>- De 59 dias at\u00e9 \u00e0 data da partida: pagamento total do cruzeiro;<\/p>\n<p>&nbsp;<\/p>\n<p><strong>Condi\u00e7\u00f5es especiais de cancelamento da companhia cruzeiros:<\/strong><\/p>\n<p>- At\u00e9 90 dias antes da data da partida: 50 \u20acuros por cabine;<\/p>\n<p>- 89 a 60 dias antes da data da partida: valor do dep\u00f3sito;<\/p>\n<p>- 59 a 30 dias antes da data da partida: 50% do valor da cabine<\/p>\n<p>&nbsp;<\/p>\n<p><strong>Condi\u00e7\u00f5es gerais de reserva e cancelamento:<\/strong><strong><br \/>\n<\/strong>Consultar a ficha de informa\u00e7\u00e3o normalizada (<a href=\"https:\/\/www.mundonovoviagens.pt\/index.php\/ficha-de-informacao-normalizada\/\" target=\"_blank\" rel=\"noopener\">FIN<\/a>) e\u00a0<a href=\"https:\/\/www.mundonovoviagens.pt\/index.php\/condicoes-gerais\/\" target=\"_blank\" rel=\"noopener\">condi\u00e7\u00f5es gerais<\/a>\u00a0indicadas no site.<\/p>\n<\/div>\n<\/div><\/div><\/div><\/div><\/div><\/div>\t\t\t\t\t\t<\/div>\n\t\t\t\t\t\t\t\t\t\t\t<div class=\"tab-pane  fade\" id=\"tab-informa\u00e7\u00f5es-destino\" role=\"tabpanel\">\n\t\t\t\t\t\t\t<div id=\"pl-w69cd301b73f70\"  class=\"panel-layout\" ><div id=\"pg-w69cd301b73f70-0\"  class=\"panel-grid panel-no-style\" ><div id=\"pgc-w69cd301b73f70-0-0\"  class=\"panel-grid-cell\" ><div id=\"panel-w69cd301b73f70-0-0-0\" class=\"so-panel widget widget_sow-editor panel-first-child panel-last-child\" data-index=\"0\" ><div class=\"panel-widget-style panel-widget-style-for-w69cd301b73f70-0-0-0\" ><div\n\t\t\t\n\t\t\tclass=\"so-widget-sow-editor so-widget-sow-editor-base\"\n\t\t\t\n\t\t>\n<div class=\"siteorigin-widget-tinymce textwidget\">\n\t<p><strong>1 - Requisitos de entrada<br \/>\n<\/strong>Os cidad\u00e3os portugueses necessitam de bilhete de identidade\/cart\u00e3o de cidad\u00e3o ou passaporte v\u00e1lidos.<\/p>\n<p>&nbsp;<\/p>\n<p><strong>2 \u2013 Vacinas \/ Sa\u00fade<br \/>\n<\/strong>Vacina obrigat\u00f3ria: nenhuma.<strong><br \/>\n<\/strong>O Cart\u00e3o Europeu de Seguro de Doen\u00e7a \u00e9 aceite na rede de unidades de sa\u00fade e hospitais p\u00fablicos da Gr\u00e9cia.<\/p>\n<p>&nbsp;<\/p>\n<p style=\"text-align: justify;\"><strong>3 \u2013 Clima<\/strong><br \/>\nO clima da Gr\u00e9cia \u00e9 tipicamente mediterr\u00e2neo. Os meses de Ver\u00e3o s\u00e3o quentes e secos e os meses de Inverno s\u00e3o moderados e relativamente chuvosos.\u00a0\u00a0Os meses de julho e agosto apresentam temperaturas muito elevadas e as atividades ao ar livre s\u00e3o desaconselhadas. No norte e no interior os invernos s\u00e3o mais rigorosos.<\/p>\n<p>&nbsp;<\/p>\n<p><strong>\u00a0<\/strong><strong>4 - Idioma<br \/>\n<\/strong>A l\u00edngua oficial \u00e9 o grego.<\/p>\n<p>&nbsp;<\/p>\n<p style=\"text-align: justify;\">\u00a0<strong>5 \u2013 Moeda<br \/>\n<\/strong>A moeda oficial \u00e9 o Euro. Os cart\u00f5es de cr\u00e9dito s\u00e3o aceites na generalidade dos hot\u00e9is, restaurantes, lojas e outros estabelecimentos comerciais. A rede ATM tem uma boa cobertura no territ\u00f3rio.<\/p>\n<p>&nbsp;<\/p>\n<p><strong>6 - Diferen\u00e7a hor\u00e1ria<\/strong><br \/>\nGMT\/UTC +02<\/p>\n<p>&nbsp;<\/p>\n<p><strong>6 - Electricidade<br \/>\n<\/strong>230 V \/ 50 Hz (tomadas tipo C e F).<\/p>\n<p>&nbsp;<\/p>\n<p><strong>8 - Representa\u00e7\u00e3o Diplom\u00e1tica \/ Consular<br \/>\n<\/strong>Embaixada de Portugal em Atenas.<br \/>\nMais informa\u00e7\u00f5es: <a href=\"https:\/\/portaldascomunidades.mne.gov.pt\/pt\/\" target=\"_blank\" rel=\"noopener\">www.portaldascomunidades.mne.pt\/<\/a><\/p>\n<p>&nbsp;<\/p>\n<p><strong>9 \u2013 Site oficial do turismo:<\/strong> <a href=\"https:\/\/www.visitgreece.gr\/\" target=\"_blank\" rel=\"noopener\">www.visitgreece.gr\/<\/a><\/p>\n<\/div>\n<\/div><\/div><\/div><\/div><\/div><\/div>\t\t\t\t\t\t<\/div>\n\t\t\t\t\t\t\t\t\t\t<\/div>\n\t\t\t\t\t\t\t<\/div>\n\n\t\t\t<\/div><div id=\"panel-1011-0-0-1\" class=\"so-panel widget widget_sow-button panel-last-child\" data-index=\"1\" ><div\n\t\t\t\n\t\t\tclass=\"so-widget-sow-button so-widget-sow-button-flat-95cda3216a70-1011\"\n\t\t\t\n\t\t><div class=\"ow-button-base ow-button-align-center\">\n\t<a\n\thref=\"https:\/\/www.mundonovoviagens.pt\/index.php\/contactos\/?wpf62_6=Assunto:%20088%20\u2013%20Terra%20e%20Mar%20\u2013%2011%20dias\"\n\t\tclass=\"ow-icon-placement-left ow-button-hover\" \t>\n\t\t<span>\n\t\t\t\n\t\t\tCONTACTE-NOS\t\t<\/span>\n\t<\/a>\n<\/div>\n<\/div><\/div><\/div><\/div><\/div>","protected":false},"excerpt":{"rendered":"<p style=\"text-align: center;\"><strong>Circuito Regular com guia em Espanhol<br \/>\n<\/strong>(Atenas, Olimpia, Delfos, Meteora e Cruzeiro de 4 noites nas Ilhas Gregas)<\/p>\n","protected":false},"featured_media":894,"template":"","meta":[],"product_brand":[],"product_cat":[15],"product_tag":[419,701,702,704,937,418,421,936],"class_list":{"0":"post-1011","1":"product","2":"type-product","3":"status-publish","4":"has-post-thumbnail","6":"product_cat-europa","7":"product_tag-atenas","8":"product_tag-cruzeiro-grecia","9":"product_tag-cruzeiro-ilhas-gregas","10":"product_tag-cruzeiro-ilhas-gregas-e-turquia","11":"product_tag-delfos","12":"product_tag-grecia","13":"product_tag-meteora","14":"product_tag-olimpia","16":"first","17":"instock","18":"shipping-taxable","19":"product-type-simple"},"_links":{"self":[{"href":"https:\/\/www.mundonovoviagens.pt\/index.php\/wp-json\/wp\/v2\/product\/1011","targetHints":{"allow":["GET"]}}],"collection":[{"href":"https:\/\/www.mundonovoviagens.pt\/index.php\/wp-json\/wp\/v2\/product"}],"about":[{"href":"https:\/\/www.mundonovoviagens.pt\/index.php\/wp-json\/wp\/v2\/types\/product"}],"wp:featuredmedia":[{"embeddable":true,"href":"https:\/\/www.mundonovoviagens.pt\/index.php\/wp-json\/wp\/v2\/media\/894"}],"wp:attachment":[{"href":"https:\/\/www.mundonovoviagens.pt\/index.php\/wp-json\/wp\/v2\/media?parent=1011"}],"wp:term":[{"taxonomy":"product_brand","embeddable":true,"href":"https:\/\/www.mundonovoviagens.pt\/index.php\/wp-json\/wp\/v2\/product_brand?post=1011"},{"taxonomy":"product_cat","embeddable":true,"href":"https:\/\/www.mundonovoviagens.pt\/index.php\/wp-json\/wp\/v2\/product_cat?post=1011"},{"taxonomy":"product_tag","embeddable":true,"href":"https:\/\/www.mundonovoviagens.pt\/index.php\/wp-json\/wp\/v2\/product_tag?post=1011"}],"curies":[{"name":"wp","href":"https:\/\/api.w.org\/{rel}","templated":true}]}}