{"id":1062,"date":"2022-06-26T14:39:30","date_gmt":"2022-06-26T14:39:30","guid":{"rendered":"https:\/\/www.mundonovoviagens.pt\/?post_type=product&#038;p=1062"},"modified":"2026-04-04T16:03:17","modified_gmt":"2026-04-04T15:03:17","slug":"559-o-melhor-da-bolivia-13-dias","status":"publish","type":"product","link":"https:\/\/www.mundonovoviagens.pt\/index.php\/produto\/559-o-melhor-da-bolivia-13-dias\/","title":{"rendered":"559 \u2013 O Melhor da Bol\u00edvia &#8211; 13 dias"},"content":{"rendered":"<div id=\"pl-1062\"  class=\"panel-layout\" ><div id=\"pg-1062-0\"  class=\"panel-grid panel-no-style\" ><div id=\"pgc-1062-0-0\"  class=\"panel-grid-cell\" ><div id=\"panel-1062-0-0-0\" class=\"so-panel widget widget_pt_tabs pt-widget-tabs panel-first-child\" data-index=\"0\" >\t\t\t<div class=\"pt-tabs\">\n\t\t\t\t\n\t\t\t\t\t\t\t\t\t<ul class=\"pt-tabs__navigation  nav  nav-tabs\" role=\"tablist\">\n\t\t\t\t\t\t\t\t\t\t\t\t\t<li class=\"nav-item\">\n\t\t\t\t\t\t\t\t<a class=\"nav-link  active\" data-toggle=\"tab\" href=\"#tab-itiner\u00c1rio\" role=\"tab\">ITINER\u00c1RIO<\/a>\n\t\t\t\t\t\t\t<\/li>\n\t\t\t\t\t\t\t\t\t\t\t\t\t<li class=\"nav-item\">\n\t\t\t\t\t\t\t\t<a class=\"nav-link\" data-toggle=\"tab\" href=\"#tab-pre\u00e7os-e-condi\u00e7\u00f5es\" role=\"tab\">Pre\u00e7os e Condi\u00e7\u00f5es<\/a>\n\t\t\t\t\t\t\t<\/li>\n\t\t\t\t\t\t\t\t\t\t\t\t\t<li class=\"nav-item\">\n\t\t\t\t\t\t\t\t<a class=\"nav-link\" data-toggle=\"tab\" href=\"#tab-informa\u00e7\u00f5es-destino\" role=\"tab\">Informa\u00e7\u00f5es Destino<\/a>\n\t\t\t\t\t\t\t<\/li>\n\t\t\t\t\t\t\t\t\t\t\t<\/ul>\n\n\t\t\t\t\t<div class=\"pt-tabs__content  tab-content\">\n\t\t\t\t\t\t\t\t\t\t\t<div class=\"tab-pane  fade  in  active\" id=\"tab-itiner\u00c1rio\" role=\"tabpanel\">\n\t\t\t\t\t\t\t<div id=\"pl-w69d1283531856\"  class=\"panel-layout\" ><div id=\"pg-w69d1283531856-0\"  class=\"panel-grid panel-no-style\" ><div id=\"pgc-w69d1283531856-0-0\"  class=\"panel-grid-cell\" ><div id=\"panel-w69d1283531856-0-0-0\" class=\"so-panel widget widget_sow-editor panel-first-child\" data-index=\"0\" ><div class=\"panel-widget-style panel-widget-style-for-w69d1283531856-0-0-0\" ><div\n\t\t\t\n\t\t\tclass=\"so-widget-sow-editor so-widget-sow-editor-base\"\n\t\t\t\n\t\t><h3 class=\"widget-title\"> 1\u00ba.\tDia - PORTUGAL \/ SANTA CRUZ de la SIERRA<\/h3>\n<div class=\"siteorigin-widget-tinymce textwidget\">\n\t<p style=\"text-align: justify;\">Compar\u00eancia no aeroporto 120 minutos antes da hora prevista para a partida. Formalidades de embarque e partida para Santa Cruz, com mudan\u00e7a de avi\u00e3o em rota. Noite a bordo.<\/p>\n<\/div>\n<\/div><\/div><\/div><div id=\"panel-w69d1283531856-0-0-1\" class=\"so-panel widget widget_sow-editor\" data-index=\"1\" ><div class=\"panel-widget-style panel-widget-style-for-w69d1283531856-0-0-1\" ><div\n\t\t\t\n\t\t\tclass=\"so-widget-sow-editor so-widget-sow-editor-base\"\n\t\t\t\n\t\t><h3 class=\"widget-title\">2\u00ba. Dia \u2013 SANTA CRUZ <\/h3>\n<div class=\"siteorigin-widget-tinymce textwidget\">\n\t<p style=\"text-align: justify;\">Chegada de manh\u00e3 cedo, assist\u00eancia e transporte para o hotel. Alojamento. Manh\u00e3 livre.<br \/>\nDe tarde, em hora a informar sa\u00edda para visita da cidade. Caminhando pelas ruas de Santa Cruz ser\u00e1 poss\u00edvel ver a tradi\u00e7\u00e3o colonial combinada com uma crescente actividade comercial. Visitaremos o jardim zool\u00f3gico, um dos mais completos da Am\u00e9rica do Sul, o Museu do folclore \u00e9tnico, a Museu da Catedral, o \u201cCentro de interpreta\u00e7\u00e3o de Santa Cruz\u201d e o centro de artesanato Arte-Campo, onde ficaremos a conhecer os trabalhos dos artes\u00e3os locais. Regresso ao hotel. Alojamento.<\/p>\n<\/div>\n<\/div><\/div><\/div><div id=\"panel-w69d1283531856-0-0-2\" class=\"so-panel widget widget_sow-editor\" data-index=\"2\" ><div class=\"panel-widget-style panel-widget-style-for-w69d1283531856-0-0-2\" ><div\n\t\t\t\n\t\t\tclass=\"so-widget-sow-editor so-widget-sow-editor-base\"\n\t\t\t\n\t\t><h3 class=\"widget-title\">3\u00ba. Dia \u2013 SANTA CRUZ \/ SAMAIPATA \/ SANTA CRUZ <\/h3>\n<div class=\"siteorigin-widget-tinymce textwidget\">\n\t<p style=\"text-align: justify;\">Pequeno-almo\u00e7o no hotel. Sa\u00edda para visita ao Forte de Samaipata, assim chamado por se localizar no topo de uma montanha, mas que foi um assentamento pr\u00e9-hisp\u00e2nico constru\u00eddo pelo povo Chan\u00e9, com fins religiosos, rituais de magia e estrat\u00e9gicos. Visita ao museu arqueol\u00f3gico \u00e0s \u201cLas Cuevas\u201d e Cataratas El Chorro. Almo\u00e7o em restaurante local. Regresso a Santa Cruz. Alojamento.<\/p>\n<\/div>\n<\/div><\/div><\/div><div id=\"panel-w69d1283531856-0-0-3\" class=\"so-panel widget widget_sow-editor\" data-index=\"3\" ><div class=\"panel-widget-style panel-widget-style-for-w69d1283531856-0-0-3\" ><div\n\t\t\t\n\t\t\tclass=\"so-widget-sow-editor so-widget-sow-editor-base\"\n\t\t\t\n\t\t><h3 class=\"widget-title\">4\u00ba. Dia \u2013 SANTA CRUZ \/ SUCRE <\/h3>\n<div class=\"siteorigin-widget-tinymce textwidget\">\n\t<p style=\"text-align: justify;\">Pequeno-almo\u00e7o no hotel. Transporte para o aeroporto e partida para Sucre. Chegada, assist\u00eancia e transporte para o hotel.<br \/>\nDe tarde, visita da cidade de Sucre que iniciar\u00e1 em LA Recoleta, Igreja de S\u00e3o Francisco, a Casa da Liberdade, considerada o monumento hist\u00f3rico nacional mais importante, pois foi o local onde Sim\u00f3n Bolivar assinou a Acta da Independ\u00eancia da Bol\u00edvia; Universidade S\u00e3o Francisco Xavier, a 2\u00aa mais antiga das am\u00e9ricas, e os coloridos mercados de alimentos e artesanato locais. Alojamento.<\/p>\n<\/div>\n<\/div><\/div><\/div><div id=\"panel-w69d1283531856-0-0-4\" class=\"so-panel widget widget_sow-editor\" data-index=\"4\" ><div class=\"panel-widget-style panel-widget-style-for-w69d1283531856-0-0-4\" ><div\n\t\t\t\n\t\t\tclass=\"so-widget-sow-editor so-widget-sow-editor-base\"\n\t\t\t\n\t\t><h3 class=\"widget-title\"> 5\u00ba. Dia \u2013 SUCRE \/ POTOSI <\/h3>\n<div class=\"siteorigin-widget-tinymce textwidget\">\n\t<p style=\"text-align: justify;\">Pequeno-almo\u00e7o no hotel. Sa\u00edda em direc\u00e7\u00e3o \u00e0 cidade de Potosi, declarada Patrim\u00f3nio Mundial da UNESCO. \u00a0Depois de duas horas e meia de viagem por entre panoramas de montanhas e vales \u00fanicos chegaremos a Potosi, uma das mais conhecidas e importantes da era colonial. De tarde, visita da cidade, que incluir\u00e1 o Convento de Santa Teresa e uma mina local. Alojamento.<\/p>\n<\/div>\n<\/div><\/div><\/div><div id=\"panel-w69d1283531856-0-0-5\" class=\"so-panel widget widget_sow-editor\" data-index=\"5\" ><div class=\"panel-widget-style panel-widget-style-for-w69d1283531856-0-0-5\" ><div\n\t\t\t\n\t\t\tclass=\"so-widget-sow-editor so-widget-sow-editor-base\"\n\t\t\t\n\t\t><h3 class=\"widget-title\">6\u00ba. Dia \u2013 POTOSI \/ SALAR de UYUNI<\/h3>\n<div class=\"siteorigin-widget-tinymce textwidget\">\n\t<p style=\"text-align: justify;\">Pequeno-almo\u00e7o no hotel. Visita \u00e0 casa da moeda onde se encontram as m\u00e1quinas de madeiras originais, usadas para produzir as moedas para Espanha durante o per\u00edodo colonial. No final da visita, partida para Uyuni. Alojamento no hotel de Sal.<br \/>\nA Grande Salina de Uyuni, a maior do mundo, tem uma superf\u00edcie de 12.000 km2 aproximadamente, de onde se desfruta de uma paisagem semelhante \u00e0 das regi\u00f5es polares, onde o azul e o branco se misturam e cujos reflexos criam no horizonte imagens de montanhas invertidas.<\/p>\n<\/div>\n<\/div><\/div><\/div><div id=\"panel-w69d1283531856-0-0-6\" class=\"so-panel widget widget_sow-editor\" data-index=\"6\" ><div class=\"panel-widget-style panel-widget-style-for-w69d1283531856-0-0-6\" ><div\n\t\t\t\n\t\t\tclass=\"so-widget-sow-editor so-widget-sow-editor-base\"\n\t\t\t\n\t\t><h3 class=\"widget-title\">7\u00ba. Dia \u2013 SALAR de UYUNI \/ ILHA PESCADO \/ UYUNI<\/h3>\n<div class=\"siteorigin-widget-tinymce textwidget\">\n\t<p style=\"text-align: justify;\">Pequeno-almo\u00e7o no hotel. Partida para uma visita de dia inteiro \u00e0 Grande Salina de Uyuni.<br \/>\nVisita \u00e0 Ilha do Pescado, a maior de um conjunto que apresenta um ecossistema isolado como um o\u00e1sis numa salina. A ilha encontra-se ocupada por um grande n\u00famero de cactos com alturas superiores 8 metros, uma paisagem que juntamente com o horizonte salino fazem deste lugar um dos melhores s\u00edtios para os amantes das fotografias. Almo\u00e7o na Ilha do Pescado. No final da visita, transporte para o hotel. Alojamento.<\/p>\n<\/div>\n<\/div><\/div><\/div><div id=\"panel-w69d1283531856-0-0-7\" class=\"so-panel widget widget_sow-editor\" data-index=\"7\" ><div class=\"panel-widget-style panel-widget-style-for-w69d1283531856-0-0-7\" ><div\n\t\t\t\n\t\t\tclass=\"so-widget-sow-editor so-widget-sow-editor-base\"\n\t\t\t\n\t\t><h3 class=\"widget-title\">8\u00ba. Dia \u2013 UYUNI \/ LA PAZ <\/h3>\n<div class=\"siteorigin-widget-tinymce textwidget\">\n\t<p style=\"text-align: justify;\">Pequeno-almo\u00e7o no hotel. Transporte ao aeroporto. Embarque com destino a La Paz, com mudan\u00e7a de avi\u00e3o em rota. Chegada, assist\u00eancia e transporte para o hotel.<br \/>\nVisita da cidade de La Paz e do Vale da Lua . La Paz, sede do governo e centro de todas as actividades industriais, culturais e banc\u00e1rias da Bol\u00edvia, situa-se a 3.636 metros de altura e foi fundada em 1548, como uma zona de paragem para o transporte de minerais, entre as lend\u00e1rias minas de Potosi e Cuzco. Conhecida como a \u201ccidade dos Contrastes\u201d, \u00e9 uma combina\u00e7\u00e3o harm\u00f3nica de culturas: Mercados Ind\u00edgenas, Mercado dos Bruxos, bairros modernos e coloniais, s\u00e3o as principais atrac\u00e7\u00f5es locais. Continua\u00e7\u00e3o para o Vale da Lua, uma forma\u00e7\u00e3o geol\u00f3gica localizada na zona sul de La Paz; tem esse nome devido \u00e0s forma\u00e7\u00f5es rochosas que lembram o solo da Lua. Alojamento.<\/p>\n<\/div>\n<\/div><\/div><\/div><div id=\"panel-w69d1283531856-0-0-8\" class=\"so-panel widget widget_sow-editor\" data-index=\"8\" ><div class=\"panel-widget-style panel-widget-style-for-w69d1283531856-0-0-8\" ><div\n\t\t\t\n\t\t\tclass=\"so-widget-sow-editor so-widget-sow-editor-base\"\n\t\t\t\n\t\t><h3 class=\"widget-title\">9\u00ba. Dia \u2013 LA PAZ \/ TIWANAKU\/HUATAJATA<\/h3>\n<div class=\"siteorigin-widget-tinymce textwidget\">\n\t<p style=\"text-align: justify;\">Pequeno-almo\u00e7o no hotel. Sa\u00edda para visita a Tiwanaku, capital de uma grande civiliza\u00e7\u00e3o que a\u00ed viveu entre 1580 a.C. e 1050 d.C. e um importante local arqueol\u00f3gico pr\u00e9-colombiano.<br \/>\nOs Tiwanakota eram especialistas em agricultura, engenharia da \u00e1gua, arquitetura, medicina, e possu\u00edam uma avan\u00e7ada organiza\u00e7\u00e3o social. Tiwanaku, considerada ber\u00e7o da civiliza\u00e7\u00e3o nas am\u00e9ricas, uma das culturas mais poderosas da sua \u00e9poca, estava baseada numa economia agr\u00e1ria onde toda a popula\u00e7\u00e3o, estimada em 115,000, realizava diferentes tarefas, contribuindo para o seu desenvolvimento. As ru\u00ednas est\u00e3o em bom estado de conserva\u00e7\u00e3o e podemos ver a Puerta del Sol, o Templo Kalasasaya, a Pir\u00e2mide Akapana, o os misteriosos mon\u00f3litos, estruturas geol\u00f3gicas, constitu\u00eddo por um \u00fanica e maci\u00e7a pedra ou rocha, ou um \u00fanico peda\u00e7o de rocha.<br \/>\nContinua\u00e7\u00e3o para visita a Huatajata, nas margens do Lago Titicaca; visita a um pequeno mercado de artesanato, seguido de uma travessia de barco at\u00e9 o \u201cEco Pueblo Raices Andinas\u201d, onde ter\u00e1 uma conviv\u00eancia e um interc\u00e2mbio cultural \u00fanicos com os nativos; o Museu Altiplano Andino, os igloos de barro e as torres funer\u00e1rias Urus Chipayas; no final, encontro com a fam\u00edlia Limachi, construtores da RA II e Tigris para Thor Heyerdhal e outros expedicion\u00e1rios.<br \/>\n\u00c0 noite, assistiremos ao \u201cMundo M\u00edstico Kallawaya\u201d, uma experi\u00eancia envolvendo um xam\u00e3 boliviano que acredita que a alma deve ser curada antes do corpo. O Kallawaya \u201cTata Benjo, aben\u00e7oa os visitantes e ir\u00e1 ler o futuro nas folhas sagradas de coca \u00e0s pessoas que o desejarem. Jantar \u00e0 luz das velas. No final transporte para o hotel. Alojamento.<\/p>\n<\/div>\n<\/div><\/div><\/div><div id=\"panel-w69d1283531856-0-0-9\" class=\"so-panel widget widget_sow-editor\" data-index=\"9\" ><div class=\"panel-widget-style panel-widget-style-for-w69d1283531856-0-0-9\" ><div\n\t\t\t\n\t\t\tclass=\"so-widget-sow-editor so-widget-sow-editor-base\"\n\t\t\t\n\t\t><h3 class=\"widget-title\">10\u00ba. Dia - HUATAJATA \/ ISLA de la LUNA \/ COPACABANA \/ ISLA del SOL \/ HUATAJATA<\/h3>\n<div class=\"siteorigin-widget-tinymce textwidget\">\n\t<p style=\"text-align: justify;\">Pequeno-almo\u00e7o no hotel. Embarque num hydrofoil, para terem uma maravilhosa experi\u00eancia no lago Sagrado dos Incas, o Lago Titicaca. A primeira paragem ser\u00e1 na Ilha da Lua, onde visitaremos o templo das Virgens do Sol \u201cI\u00f1ak Uyu\u201d, local onde viviam as mais belas mulheres dos Incas, que eram oferecidas aos Deuses em sacrif\u00edcio. Continua\u00e7\u00e3o para a Ilha do Sol, onde visitaremos as escadarias dos Incas e a fonte sagrada, associada a uma lenda da eterna felicidade. Almo\u00e7o ser\u00e1 servido no restaurante arqueol\u00f3gico e panor\u00e2mico \u201cUma Kollo\u201d, seguindo-se uma visita a um mercado de artesanato.<br \/>\nContinua\u00e7\u00e3o do cruzeiro para Copacabana, para visita da Virgem de Copacabana, chamada a \"Virgem Morena, seguindo-se a visita ao Observat\u00f3rio nativo Alajpacha, onde \u00e9 poss\u00edvel observar as constela\u00e7\u00f5es do Sul, e compreender a cosmovis\u00e3o andina. Regresso ao hotel. Alojamento.<\/p>\n<\/div>\n<\/div><\/div><\/div><div id=\"panel-w69d1283531856-0-0-10\" class=\"so-panel widget widget_sow-editor\" data-index=\"10\" ><div class=\"panel-widget-style panel-widget-style-for-w69d1283531856-0-0-10\" ><div\n\t\t\t\n\t\t\tclass=\"so-widget-sow-editor so-widget-sow-editor-base\"\n\t\t\t\n\t\t><h3 class=\"widget-title\">11\u00ba. Dia \u2013 HUATAJATA \/ LA PAZ \/ SANTA CRUZ<\/h3>\n<div class=\"siteorigin-widget-tinymce textwidget\">\n\t<p style=\"text-align: justify;\">Pequeno-almo\u00e7o no hotel. Em hora a informar, in\u00edcio da viagem terrestre para o aeroporto de La Paz. Formalidades de embarque e partida para Santa Cruz. Chegada, transporte para o hotel. Alojamento.<\/p>\n<\/div>\n<\/div><\/div><\/div><div id=\"panel-w69d1283531856-0-0-11\" class=\"so-panel widget widget_sow-editor\" data-index=\"11\" ><div class=\"panel-widget-style panel-widget-style-for-w69d1283531856-0-0-11\" ><div\n\t\t\t\n\t\t\tclass=\"so-widget-sow-editor so-widget-sow-editor-base\"\n\t\t\t\n\t\t><h3 class=\"widget-title\"> 12\u00ba. Dia \u2013 SANTA CRUZ \/ PORTUGAL <\/h3>\n<div class=\"siteorigin-widget-tinymce textwidget\">\n\t<p style=\"text-align: justify;\">Pequeno-almo\u00e7o no hotel. Em hora a informar localmente transporte para o aeroporto de Santa Cruz. Formalidades de embarque e partida com destino a Portugal, com mudan\u00e7a de avi\u00e3o em rota. Noite a bordo.<\/p>\n<\/div>\n<\/div><\/div><\/div><div id=\"panel-w69d1283531856-0-0-12\" class=\"so-panel widget widget_sow-editor panel-last-child\" data-index=\"12\" ><div\n\t\t\t\n\t\t\tclass=\"so-widget-sow-editor so-widget-sow-editor-base\"\n\t\t\t\n\t\t><h3 class=\"widget-title\">13\u00ba. Dia \u2013 Chegada a PORTUGAL <\/h3>\n<div class=\"siteorigin-widget-tinymce textwidget\">\n\t<p>Chegada a Portugal.<br \/>\nFim dos nossos servi\u00e7os.<\/p>\n<\/div>\n<\/div><\/div><\/div><\/div><\/div>\t\t\t\t\t\t<\/div>\n\t\t\t\t\t\t\t\t\t\t\t<div class=\"tab-pane  fade\" id=\"tab-pre\u00e7os-e-condi\u00e7\u00f5es\" role=\"tabpanel\">\n\t\t\t\t\t\t\t<div id=\"pl-w69d1283531859\"  class=\"panel-layout\" ><div id=\"pg-w69d1283531859-0\"  class=\"panel-grid panel-no-style\" ><div id=\"pgc-w69d1283531859-0-0\"  class=\"panel-grid-cell\" ><div id=\"panel-w69d1283531859-0-0-0\" class=\"so-panel widget widget_sow-editor panel-first-child panel-last-child\" data-index=\"0\" ><div class=\"panel-widget-style panel-widget-style-for-w69d1283531859-0-0-0\" ><div\n\t\t\t\n\t\t\tclass=\"so-widget-sow-editor so-widget-sow-editor-base\"\n\t\t\t\n\t\t>\n<div class=\"siteorigin-widget-tinymce textwidget\">\n\t<p><strong>DIAS de PARTIDA 2026: <\/strong><\/p>\n<p>6\u00aa- feira de 06 de Mar\u00e7o a 11 de Dezembro<\/p>\n<p>Domingo de 19 de Junho a 11 de Outubro<\/p>\n<p>Possibilidade de partida \u00e0 2\u00aa e 4\u00aa- feira com 1 noite adicional<\/p>\n<p>&nbsp;<\/p>\n<p><strong>Pre\u00e7os sob consulta<\/strong><\/p>\n<p>&nbsp;<\/p>\n<p style=\"text-align: justify;\"><strong>Incluido:<br \/>\n<\/strong>- Passagem a\u00e9rea em voos regulares, em classe econ\u00f3mica, para o percurso indicado, incluindo o transporte de bagagem de por\u00e3o;<br \/>\n- Taxas de aeroporto, seguran\u00e7a e combust\u00edvel;<br \/>\n- Transporte de acordo com o indicado no itiner\u00e1rio em servi\u00e7o privado, excepto no lago Titicaca;<br \/>\n- Transporte em hydrofoil no Lago Titicaca de acordo com o indicado no itiner\u00e1rio em conjunto com outros passageiros;<br \/>\n- Alojamento nos hot\u00e9is previstos ou similares, em quarto standard, com pequeno almo\u00e7o;<br \/>\n- Refei\u00e7\u00f5es de acordo com indicado no itiner\u00e1rio;<br \/>\n- Visitas de acordo com o indicado no itiner\u00e1rio, em servi\u00e7o privado acompanhado de guia local de l\u00edngua espanhola ou inglesa.<br \/>\n- Entradas nos locais a visitar;<br \/>\n- Taxas de servi\u00e7o e IVA;<br \/>\n- Seguro de viagem.<\/p>\n<p>&nbsp;<\/p>\n<p><strong>N\u00e3o <\/strong><strong>incluido:<br \/>\n<\/strong>- Gratifica\u00e7\u00f5es;<br \/>\n- Bebidas \u00e0s refei\u00e7\u00f5es;<br \/>\n- Extras de car\u00e1cter pessoal;<br \/>\n- Todos os servi\u00e7os n\u00e3o indicados como inclu\u00eddos;<\/p>\n<p>&nbsp;<\/p>\n<p><strong>Seguro de viagem:<\/strong><b><br \/>\n<\/b>- Todas as viagens organizadas pela MundoNovo Viagens est\u00e3o cobertas por um seguro de viagem (<a href=\"https:\/\/www.mundonovoviagens.pt\/wp-content\/uploads\/2025\/02\/MundoNovo-Multiviagens-Plus-1.pdf?x70114&amp;x48172&amp;x23938&amp;x23938\" target=\"_blank\" rel=\"noopener\">Multiviagens Plus 1<\/a>);<br \/>\n- Adicionalmente propomos o seguro\u00a0<a href=\"https:\/\/www.mundonovoviagens.pt\/wp-content\/uploads\/2025\/02\/MundoNovo-Multiviagens-Premium.pdf?x70114&amp;x48172&amp;x23938&amp;x23938\" target=\"_blank\" rel=\"noopener\">Multiviagens Premium<\/a>\u00a0(valor das coberturas superior), mediante um suplemento de 30\u20ac por pessoa;<br \/>\n- As condi\u00e7\u00f5es gerais de cada seguro poder\u00e3o ser consultadas na p\u00e1gina inicial do nosso site.<\/p>\n<p>&nbsp;<\/p>\n<p><strong>Condi\u00e7\u00f5es gerais de reserva e cancelamento:<\/strong><b><br \/>\n<\/b>Consultar a ficha de informa\u00e7\u00e3o normalizada (<a href=\"https:\/\/www.mundonovoviagens.pt\/index.php\/ficha-de-informacao-normalizada\/\" target=\"_blank\" rel=\"noopener\">FIN<\/a>) e\u00a0<a href=\"https:\/\/www.mundonovoviagens.pt\/index.php\/condicoes-gerais\/\" target=\"_blank\" rel=\"noopener\">condi\u00e7\u00f5es gerais<\/a>\u00a0indicadas no site.<\/p>\n<\/div>\n<\/div><\/div><\/div><\/div><\/div><\/div>\t\t\t\t\t\t<\/div>\n\t\t\t\t\t\t\t\t\t\t\t<div class=\"tab-pane  fade\" id=\"tab-informa\u00e7\u00f5es-destino\" role=\"tabpanel\">\n\t\t\t\t\t\t\t<div id=\"pl-w69d128353185a\"  class=\"panel-layout\" ><div id=\"pg-w69d128353185a-0\"  class=\"panel-grid panel-no-style\" ><div id=\"pgc-w69d128353185a-0-0\"  class=\"panel-grid-cell\" ><div id=\"panel-w69d128353185a-0-0-0\" class=\"so-panel widget widget_sow-editor panel-first-child panel-last-child\" data-index=\"0\" ><div class=\"panel-widget-style panel-widget-style-for-w69d128353185a-0-0-0\" ><div\n\t\t\t\n\t\t\tclass=\"so-widget-sow-editor so-widget-sow-editor-base\"\n\t\t\t\n\t\t>\n<div class=\"siteorigin-widget-tinymce textwidget\">\n\t<p style=\"text-align: justify;\"><strong>1 - Requisitos de entrada<br \/>\n<\/strong>Os cidad\u00e3os portugueses necessitam de passaporte com a validade m\u00ednima de 6 meses \u00e0 data de sa\u00edda do pa\u00eds. N\u00e3o \u00e9 obrigat\u00f3rio visto.<br \/>\n\u00c9 necess\u00e1rio preencher um Formul\u00e1rio Aduaneiro antes da partida no seguinte site: <a href=\"https:\/\/tinyurl.com\/yb3n329u\" target=\"_blank\" rel=\"noopener\">https:\/\/tinyurl.com\/yb3n329u<\/a><\/p>\n<p>&nbsp;<\/p>\n<p style=\"text-align: justify;\"><strong>2 \u2013 Vacinas \/ Sa\u00fade<br \/>\n<\/strong>Vacina obrigat\u00f3ria: Febre Amarela.<br \/>\nPara mais informa\u00e7\u00f5es recomendamos \u201cconsulta do viajante\": <a href=\"https:\/\/www.sns24.gov.pt\/guia\/consulta-do-viajante\/\" target=\"_blank\" rel=\"noopener\">www.sns24.gov.pt\/guia\/consulta-do-viajante\/<\/a><\/p>\n<p>&nbsp;<\/p>\n<p style=\"text-align: justify;\"><strong>3 - Clima<br \/>\n<\/strong>Na parte mais baixa e oriental do pa\u00eds o clima \u00e9 tropical h\u00famido. Na \u00e1rea montanhosa dos Andes, a altitude ameniza a temperatura\u00a0e origina maiores diferen\u00e7as nos valores da precipita\u00e7\u00e3o.<\/p>\n<p>&nbsp;<\/p>\n<p><strong>4 \u2013 Idioma<br \/>\n<\/strong>A l\u00edngua oficial \u00e9 o espanhol.<\/p>\n<p>&nbsp;<\/p>\n<p style=\"text-align: justify;\"><strong>5 \u2013 Moeda<br \/>\n<\/strong>A moeda oficial \u00e9 o boliviano. Os cart\u00f5es de cr\u00e9dito s\u00e3o aceites em hot\u00e9is e restaurantes de categoria superior e em algumas lojas.<\/p>\n<p>&nbsp;<\/p>\n<p><strong>6 -\u00a0Diferen\u00e7a Hor\u00e1ria<br \/>\n<\/strong>UTC\/GMT -04<\/p>\n<p>&nbsp;<\/p>\n<p><strong>\u00a0<\/strong><strong>7- Eletricidade<br \/>\n<\/strong>220 V, 50 Hz\u00a0(tomadas tipo A e C)<\/p>\n<p>&nbsp;<\/p>\n<p style=\"text-align: justify;\"><strong>8 - Representa\u00e7\u00e3o diplom\u00e1tica \/ Consular<br \/>\n<\/strong>N\u00e3o existe representa\u00e7\u00e3o diplom\u00e1tica portuguesa na Bol\u00edvia, sendo os assuntos deste pa\u00eds acompanhados pela Embaixada de Portugal em Lima.<br \/>\nMais informa\u00e7\u00f5es: <a href=\"https:\/\/portaldascomunidades.mne.gov.pt\/pt\/\" target=\"_blank\" rel=\"noopener\">www.portaldascomunidades.mne.gov.pt\/<\/a><\/p>\n<p>&nbsp;<\/p>\n<p><strong>9 \u2013 Site oficial do turismo:<\/strong> <a href=\"https:\/\/www.boliviaturismo.com.bo\/\" target=\"_blank\" rel=\"noopener\">www.boliviaturismo.com.bo\/<\/a><\/p>\n<\/div>\n<\/div><\/div><\/div><\/div><\/div><\/div>\t\t\t\t\t\t<\/div>\n\t\t\t\t\t\t\t\t\t\t<\/div>\n\t\t\t\t\t\t\t<\/div>\n\n\t\t\t<\/div><div id=\"panel-1062-0-0-1\" class=\"so-panel widget widget_sow-button panel-last-child\" data-index=\"1\" ><div\n\t\t\t\n\t\t\tclass=\"so-widget-sow-button so-widget-sow-button-flat-95cda3216a70-1062\"\n\t\t\t\n\t\t><div class=\"ow-button-base ow-button-align-center\">\n\t<a\n\thref=\"https:\/\/www.mundonovoviagens.pt\/index.php\/contactos\/?wpf62_6=Assunto:%20559%20\u2013%20O%20Melhor%20da%20Bolivia%20-%2013%20dias\"\n\t\tclass=\"ow-icon-placement-left ow-button-hover\" \t>\n\t\t<span>\n\t\t\t\n\t\t\tCONTACTE-NOS\t\t<\/span>\n\t<\/a>\n<\/div>\n<\/div><\/div><\/div><\/div><\/div>","protected":false},"excerpt":{"rendered":"<p style=\"text-align: center;\"><strong>Circuito privado com guia Espanhol ou Ingl\u00eas<br \/>\n<\/strong>(Santa Cruz, Sucre, Potosi, Salar de Uyuni, La Paz, Tiwanaku, Huatajata e Copacabana)<strong><br \/>\n<\/strong><\/p>\n","protected":false},"featured_media":1063,"template":"","meta":[],"product_brand":[],"product_cat":[15],"product_tag":[910,916,914,913,917,911,912,915],"class_list":{"0":"post-1062","1":"product","2":"type-product","3":"status-publish","4":"has-post-thumbnail","6":"product_cat-europa","7":"product_tag-bolivia","8":"product_tag-huatajata","9":"product_tag-la-paz","10":"product_tag-potosi","11":"product_tag-salar-uyuni","12":"product_tag-santa-cruz","13":"product_tag-sucre","14":"product_tag-tiwanaku","16":"first","17":"instock","18":"shipping-taxable","19":"product-type-simple"},"_links":{"self":[{"href":"https:\/\/www.mundonovoviagens.pt\/index.php\/wp-json\/wp\/v2\/product\/1062","targetHints":{"allow":["GET"]}}],"collection":[{"href":"https:\/\/www.mundonovoviagens.pt\/index.php\/wp-json\/wp\/v2\/product"}],"about":[{"href":"https:\/\/www.mundonovoviagens.pt\/index.php\/wp-json\/wp\/v2\/types\/product"}],"wp:featuredmedia":[{"embeddable":true,"href":"https:\/\/www.mundonovoviagens.pt\/index.php\/wp-json\/wp\/v2\/media\/1063"}],"wp:attachment":[{"href":"https:\/\/www.mundonovoviagens.pt\/index.php\/wp-json\/wp\/v2\/media?parent=1062"}],"wp:term":[{"taxonomy":"product_brand","embeddable":true,"href":"https:\/\/www.mundonovoviagens.pt\/index.php\/wp-json\/wp\/v2\/product_brand?post=1062"},{"taxonomy":"product_cat","embeddable":true,"href":"https:\/\/www.mundonovoviagens.pt\/index.php\/wp-json\/wp\/v2\/product_cat?post=1062"},{"taxonomy":"product_tag","embeddable":true,"href":"https:\/\/www.mundonovoviagens.pt\/index.php\/wp-json\/wp\/v2\/product_tag?post=1062"}],"curies":[{"name":"wp","href":"https:\/\/api.w.org\/{rel}","templated":true}]}}