{"id":1310,"date":"2022-07-18T09:15:41","date_gmt":"2022-07-18T09:15:41","guid":{"rendered":"https:\/\/www.mundonovoviagens.pt\/?post_type=product&#038;p=1310"},"modified":"2026-05-14T11:44:54","modified_gmt":"2026-05-14T10:44:54","slug":"02-tesouros-da-escocia-8-dias-2","status":"publish","type":"product","link":"https:\/\/www.mundonovoviagens.pt\/index.php\/produto\/02-tesouros-da-escocia-8-dias-2\/","title":{"rendered":"146 &#8211; Tesouros da Esc\u00f3cia &#8211; 8 dias"},"content":{"rendered":"<div id=\"pl-1310\"  class=\"panel-layout\" ><div id=\"pg-1310-0\"  class=\"panel-grid panel-no-style\" ><div id=\"pgc-1310-0-0\"  class=\"panel-grid-cell\" ><div id=\"panel-1310-0-0-0\" class=\"so-panel widget widget_pt_tabs pt-widget-tabs panel-first-child\" data-index=\"0\" >\t\t\t<div class=\"pt-tabs\">\n\t\t\t\t\n\t\t\t\t\t\t\t\t\t<ul class=\"pt-tabs__navigation  nav  nav-tabs\" role=\"tablist\">\n\t\t\t\t\t\t\t\t\t\t\t\t\t<li class=\"nav-item\">\n\t\t\t\t\t\t\t\t<a class=\"nav-link  active\" data-toggle=\"tab\" href=\"#tab-itiner\u00c1rio\" role=\"tab\">ITINER\u00c1RIO<\/a>\n\t\t\t\t\t\t\t<\/li>\n\t\t\t\t\t\t\t\t\t\t\t\t\t<li class=\"nav-item\">\n\t\t\t\t\t\t\t\t<a class=\"nav-link\" data-toggle=\"tab\" href=\"#tab-pre\u00e7os-e-condi\u00e7\u00f5es\" role=\"tab\">Pre\u00e7os e Condi\u00e7\u00f5es<\/a>\n\t\t\t\t\t\t\t<\/li>\n\t\t\t\t\t\t\t\t\t\t\t\t\t<li class=\"nav-item\">\n\t\t\t\t\t\t\t\t<a class=\"nav-link\" data-toggle=\"tab\" href=\"#tab-informa\u00e7\u00f5es-destino\" role=\"tab\">Informa\u00e7\u00f5es Destino<\/a>\n\t\t\t\t\t\t\t<\/li>\n\t\t\t\t\t\t\t\t\t\t\t<\/ul>\n\n\t\t\t\t\t<div class=\"pt-tabs__content  tab-content\">\n\t\t\t\t\t\t\t\t\t\t\t<div class=\"tab-pane  fade  in  active\" id=\"tab-itiner\u00c1rio\" role=\"tabpanel\">\n\t\t\t\t\t\t\t<div id=\"pl-w6a05a7a0c8ebc\"  class=\"panel-layout\" ><div id=\"pg-w6a05a7a0c8ebc-0\"  class=\"panel-grid panel-no-style\" ><div id=\"pgc-w6a05a7a0c8ebc-0-0\"  class=\"panel-grid-cell\" ><div id=\"panel-w6a05a7a0c8ebc-0-0-0\" class=\"so-panel widget widget_sow-editor panel-first-child\" data-index=\"0\" ><div class=\"panel-widget-style panel-widget-style-for-w6a05a7a0c8ebc-0-0-0\" ><div\n\t\t\t\n\t\t\tclass=\"so-widget-sow-editor so-widget-sow-editor-base\"\n\t\t\t\n\t\t><h3 class=\"widget-title\"> 1\u00ba. Dia \u2013 PORTUGAL \/ EDIMBURGO <\/h3>\n<div class=\"siteorigin-widget-tinymce textwidget\">\n\t<p style=\"text-align: justify;\">Compar\u00eancia no aeroporto 120 minutos antes da hora prevista para a partida. Formalidades de embarque e partida com destino a Edimburgo, com mudan\u00e7a de avi\u00e3o em rota. Chegada, assist\u00eancia e transporte para o hotel. Alojamento.<\/p>\n<\/div>\n<\/div><\/div><\/div><div id=\"panel-w6a05a7a0c8ebc-0-0-1\" class=\"so-panel widget widget_sow-editor\" data-index=\"1\" ><div class=\"panel-widget-style panel-widget-style-for-w6a05a7a0c8ebc-0-0-1\" ><div\n\t\t\t\n\t\t\tclass=\"so-widget-sow-editor so-widget-sow-editor-base\"\n\t\t\t\n\t\t><h3 class=\"widget-title\"> 2\u00ba. Dia \u2013 EDIMBURGO <\/h3>\n<div class=\"siteorigin-widget-tinymce textwidget\">\n\t<p style=\"text-align: justify;\">Pequeno-almo\u00e7o no hotel. De manh\u00e3, visita da cidade de Edimburgo, incluindo o Castelo de Edimburgo. Tarde livre para desfrutar da cidade.\u00a0Possibilidade de visitar a elegante \u201cGeorgian New Town\u201d do s\u00e9culo XVII e a hist\u00f3rica \u201cCidade Velha\u201d. Edimburgo \u00e9 a segunda cidade mais visitada do Reino Unido, depois de Londres e sede do parlamento escoc\u00eas desde 1999. Este impressionante edif\u00edcio merece uma visita, assim como, o seu espa\u00e7o verde nos jardins da Princess Street. Alojamento no hotel.<\/p>\n<\/div>\n<\/div><\/div><\/div><div id=\"panel-w6a05a7a0c8ebc-0-0-2\" class=\"so-panel widget widget_sow-editor\" data-index=\"2\" ><div class=\"panel-widget-style panel-widget-style-for-w6a05a7a0c8ebc-0-0-2\" ><div\n\t\t\t\n\t\t\tclass=\"so-widget-sow-editor so-widget-sow-editor-base\"\n\t\t\t\n\t\t><h3 class=\"widget-title\">3\u00ba. Dia \u2013 EDIMBURGO \/ FIFE \/ ST. ANDREWS \/ DUNDEE \/ GLAMIS CASTLE \/ ABERDEEN<\/h3>\n<div class=\"siteorigin-widget-tinymce textwidget\">\n\t<p style=\"text-align: justify;\">Pequeno-almo\u00e7o no hotel. Sa\u00edda em direc\u00e7\u00e3o ao norte atravessando a famosa \u201cForth Bridge\u201d com as suas impressionantes vistas panor\u00e2micas sobre o \u201cFirth of Forth\u201d. Continua\u00e7\u00e3o da viagem pelo Reino de Fife at\u00e9 St. Andrews, famosa a n\u00edvel mundial por ser o ber\u00e7o do golf e sede da universidade mais antiga da Esc\u00f3cia. Aqui estudaram o Pr\u00edncipe William e a Princesa Kate Middleton. Visita exterior da Catedral e do Castelo de St. Andrews. Sa\u00edda em dire\u00e7\u00e3o \u00e0 cidade costeira de Dundee. Chegada e tempo livre para almo\u00e7o. Seguimos rumo ao norte at\u00e9 ao Castelo de Glamis, a casa de fam\u00edlia da Rainha-M\u00e3e e local de nascimento da Princesa Margaret, a irm\u00e3 da Rainha Isabel II e visita a este magn\u00edfico castelo. Continua\u00e7\u00e3o para a cidade de Aberdeen. Chegada a Aberdeen e jantar e alojamento no hotel.<\/p>\n<\/div>\n<\/div><\/div><\/div><div id=\"panel-w6a05a7a0c8ebc-0-0-3\" class=\"so-panel widget widget_sow-editor\" data-index=\"3\" ><div class=\"panel-widget-style panel-widget-style-for-w6a05a7a0c8ebc-0-0-3\" ><div\n\t\t\t\n\t\t\tclass=\"so-widget-sow-editor so-widget-sow-editor-base\"\n\t\t\t\n\t\t><h3 class=\"widget-title\">4\u00ba. Dia \u2013 ABERDEEN \/ ELGIN \/ WHISKY TRAIL \/ INVERNESS \/ HIGHLANDS<\/h3>\n<div class=\"siteorigin-widget-tinymce textwidget\">\n\t<p style=\"text-align: justify;\">Pequeno-almo\u00e7o no hotel. O dia inicia-se com uma passagem pela Catedral de Aberdeen e pela sua Universidade localizados no seu centro hist\u00f3rico. No final, sa\u00edda da cidade portu\u00e1ria de Aberdeen rumo ao norte at\u00e9 Elgin, onde visitaremos a sua bela Catedral Medieval e no final teremos a oportunidade de fazer uma degusta\u00e7\u00e3o da bebida nacional escocesa, o whisky. Tempo livre para almo\u00e7o (n\u00e3o inclu\u00eddo). Continua\u00e7\u00e3o rumo a Inverness, capital das Terras Altas, onde faremos uma breve paragem no campo de batalha de Culloden, antes de chegarmos \u00e0 cidade de Inverness. Chegada e visita panor\u00e2mica a p\u00e9 pela cidade. Tempo livre para explorar a cidade. Jantar e alojamento no hotel.<\/p>\n<\/div>\n<\/div><\/div><\/div><div id=\"panel-w6a05a7a0c8ebc-0-0-4\" class=\"so-panel widget widget_sow-editor\" data-index=\"4\" ><div class=\"panel-widget-style panel-widget-style-for-w6a05a7a0c8ebc-0-0-4\" ><div\n\t\t\t\n\t\t\tclass=\"so-widget-sow-editor so-widget-sow-editor-base\"\n\t\t\t\n\t\t><h3 class=\"widget-title\"> 5\u00ba. Dia \u2013 HIGHLANDS \/ LAGO NESS \/ ILHA DE SKYE \/ COSTA OESTE<\/h3>\n<div class=\"siteorigin-widget-tinymce textwidget\">\n\t<p style=\"text-align: justify;\">Pequeno-almo\u00e7o no hotel. De manh\u00e3, sa\u00edda em dire\u00e7\u00e3o ao Lago Ness em busca do seu ancestral h\u00f3spede \u201cNessie\u201d, o famoso monstro que vive nas profundezas do lago. Seguimos em dire\u00e7\u00e3o \u00e0s ru\u00ednas do Castelo de Urquhart e paragem para visita. Continua\u00e7\u00e3o atrav\u00e9s das margens do Lago Ness at\u00e9 oeste, passando pelo rom\u00e2ntico Castelo Eilean Donan at\u00e9 chegarmos \u00e0 m\u00edstica Ilha de Skye. Aqui teremos a oportunidade de apreciar as extraordin\u00e1rias vistas sobre a ilha, assim como, das deslumbrantes montanhas de Cuillin Hill, Kilt Rock e as Meat Falls.\u00a0Chegada, jantar e alojamento no hotel.<\/p>\n<p>&nbsp;<\/p>\n<p><strong>Nota:<\/strong> Durante os meses de Junho a Setembro o alojamento poder\u00e1 ser em Gairloch, em vez da Ilha de Skye, mantendo todas as visitas previstas.<\/p>\n<\/div>\n<\/div><\/div><\/div><div id=\"panel-w6a05a7a0c8ebc-0-0-5\" class=\"so-panel widget widget_sow-editor\" data-index=\"5\" ><div class=\"panel-widget-style panel-widget-style-for-w6a05a7a0c8ebc-0-0-5\" ><div\n\t\t\t\n\t\t\tclass=\"so-widget-sow-editor so-widget-sow-editor-base\"\n\t\t\t\n\t\t><h3 class=\"widget-title\"> 6\u00ba. Dia \u2013 COSTA OESTE \/ ILHA DE SKYE \/ GLENCOE \/ ZONA DOS LAGOS<\/h3>\n<div class=\"siteorigin-widget-tinymce textwidget\">\n\t<p style=\"text-align: justify;\">Pequeno-almo\u00e7o no hotel. Sa\u00edda em direc\u00e7\u00e3o a Armadale em Skye e embarque em Ferry at\u00e9 ao porto de Mallaig. Continua\u00e7\u00e3o pelo \u201cCaminho das Ilhas\u201d considerada como uma das rotas mais belas do mundo. Em autocarro, seguimos at\u00e9 ao Fort William em direc\u00e7\u00e3o ao sul pelo hist\u00f3rico Vale de Glencoe, local do massacre de Glencoe em 1692. Seguimos pelas montanhas de Buchaille Etive Moor com paisagens deslumbrantes. A rota continua pelas margens do Lago Awe at\u00e9 Inveraray com o seu majestoso castelo e a resid\u00eancia do Cl\u00e3 Campbell. Chegada, jantar e alojamento no hotel.<\/p>\n<\/div>\n<\/div><\/div><\/div><div id=\"panel-w6a05a7a0c8ebc-0-0-6\" class=\"so-panel widget widget_sow-editor\" data-index=\"6\" ><div class=\"panel-widget-style panel-widget-style-for-w6a05a7a0c8ebc-0-0-6\" ><div\n\t\t\t\n\t\t\tclass=\"so-widget-sow-editor so-widget-sow-editor-base\"\n\t\t\t\n\t\t><h3 class=\"widget-title\">7\u00ba. Dia \u2013 ZONA DOS LAGOS \/ LAGO LOMOND \/ STIRLING \/ EDIMBURGO<\/h3>\n<div class=\"siteorigin-widget-tinymce textwidget\">\n\t<p style=\"text-align: justify;\">Pequeno-almo\u00e7o no hotel. Sa\u00edda de Inveraray pelas margens do Lago Fyne at\u00e9 ao famoso Lago Lomond, um dos locais mais cativantes de toda a Esc\u00f3cia. Continua\u00e7\u00e3o at\u00e9 \u00e0 cidade hist\u00f3rica de Stirling, local de uma das batalhas mais importantes entre a Esc\u00f3cia e a Inglaterra - a Batalha de Stirling Bridge (conhecida atrav\u00e9s do filme Braveheart) em 1297, sendo a maior vit\u00f3ria de William Wallace que fez dele l\u00edder indiscut\u00edvel da resist\u00eancia contra os brit\u00e2nicos. Visita ao Castelo de Stirling, localizado sobre um promont\u00f3rio rochoso, paisagem que domina toda a regi\u00e3o e onde podemos deslumbrar paisagens magn\u00edficas. Regresso a Edimburgo. Chegada e alojamento no hotel.<\/p>\n<\/div>\n<\/div><\/div><\/div><div id=\"panel-w6a05a7a0c8ebc-0-0-7\" class=\"so-panel widget widget_sow-editor panel-last-child\" data-index=\"7\" ><div class=\"panel-widget-style panel-widget-style-for-w6a05a7a0c8ebc-0-0-7\" ><div\n\t\t\t\n\t\t\tclass=\"so-widget-sow-editor so-widget-sow-editor-base\"\n\t\t\t\n\t\t><h3 class=\"widget-title\"> 8\u00ba. Dia \u2013 EDIMBURGO \/ PORTUGAL<\/h3>\n<div class=\"siteorigin-widget-tinymce textwidget\">\n\t<p style=\"text-align: justify;\">Pequeno-almo\u00e7o no hotel. Tempo livre. Em hora a determinar localmente transporte para o aeroporto. Formalidades de embarque e partida com destino a Portugal, com mudan\u00e7a de avi\u00e3o em rota. Chegada a Portugal.<br \/>\nFim dos nossos servi\u00e7os.<\/p>\n<\/div>\n<\/div><\/div><\/div><\/div><\/div><\/div>\t\t\t\t\t\t<\/div>\n\t\t\t\t\t\t\t\t\t\t\t<div class=\"tab-pane  fade\" id=\"tab-pre\u00e7os-e-condi\u00e7\u00f5es\" role=\"tabpanel\">\n\t\t\t\t\t\t\t<div id=\"pl-w6a05a7a0c8ec0\"  class=\"panel-layout\" ><div id=\"pg-w6a05a7a0c8ec0-0\"  class=\"panel-grid panel-no-style\" ><div id=\"pgc-w6a05a7a0c8ec0-0-0\"  class=\"panel-grid-cell\" ><div id=\"panel-w6a05a7a0c8ec0-0-0-0\" class=\"so-panel widget widget_sow-editor panel-first-child panel-last-child\" data-index=\"0\" ><div class=\"panel-widget-style panel-widget-style-for-w6a05a7a0c8ec0-0-0-0\" ><div\n\t\t\t\n\t\t\tclass=\"so-widget-sow-editor so-widget-sow-editor-base\"\n\t\t\t\n\t\t>\n<div class=\"siteorigin-widget-tinymce textwidget\">\n\t<p><strong>DATAS de PARTIDA 2026:<\/strong><\/p>\n<p>&nbsp;<\/p>\n<p><strong>MAR\u00c7O: <\/strong>29;\u00a0 \u00a0<strong>ABRIL: <\/strong>01, 05, 12, 19 e 26<\/p>\n<p><strong>MAIO: <\/strong>03, 10, 17, 24 e 31;\u00a0 \u00a0<strong>JUNHO: <\/strong>03, 07, 10, 14, 17, 21, 24 e 28<\/p>\n<p><strong>JULHO: <\/strong>01, 05, 08, 12, 15, 17, 19, 22, 25, 27 e 29<\/p>\n<p><strong>AGOSTO: <\/strong>02, 05, 09, 12, 16, 19, 23, 26 e 30<\/p>\n<p><strong>SETEMBRO: <\/strong>02, 06, 09, 12, 16, 19 e 26;\u00a0 \u00a0<strong>OUTUBRO: <\/strong>03, 10 e 17<\/p>\n<p>&nbsp;<\/p>\n<p><strong>Pre\u00e7o por pessoa segundo ocupa\u00e7\u00e3o no quarto (m\u00ednimo 2 pessoas):<\/strong><\/p>\n<p>&nbsp;<\/p>\n<p><strong>HOT\u00c9IS PREVISTOS ou SIMILARES:<\/strong><\/p>\n<p>&nbsp;<\/p>\n<p><strong>EDIMBURGO<\/strong> \u2013 <a href=\"https:\/\/www.ihg.com\/holidayinnexpress\/hotels\/us\/en\/edinburgh\/edbpp\/hoteldetail\" target=\"_blank\" rel=\"noopener\">Hotel Holiday Inn Express Edinburgh City Centre<\/a> 3*; <a href=\"https:\/\/www.hilton.com\/en\/hotels\/edifbhx-hampton-edinburgh-west-end\/?SEO_id=GMB-EMEA-HX-EDIFBHX\" target=\"_blank\" rel=\"noopener\">Hotel Hampton by Hilton Edinburg<\/a> 3*; <a href=\"https:\/\/all.accor.com\/hotel\/8484\/index.pt.shtml?utm_campaign=seo+maps&amp;utm_medium=seo+maps&amp;utm_source=google+Maps\" target=\"_blank\" rel=\"noopener\">Hotel Ibis Edinburg Centre South Bridget<\/a> 3*<\/p>\n<p><strong>ABERDEEN <\/strong>\u2013 <a href=\"https:\/\/www.radissonhotels.com\/en-us\/hotels\/park-inn-aberdeen?cid=a:se+b:gmb+c:emea+i:local+e:pii+d:ukirwe+h:GBABZ1\" target=\"_blank\" rel=\"noopener\">Hotel Park Inn Aberdeen<\/a> 3*; <a href=\"https:\/\/www.leonardo-hotels.com\/aberdeen\/leonardo-hotel-aberdeen\" target=\"_blank\" rel=\"noopener\">Hotel Leonardo Aberdeen<\/a> 4*; <a href=\"https:\/\/aberdeendouglas.com\/\" target=\"_blank\" rel=\"noopener\">Hotel Aberdeen Douglas<\/a> 4*<\/p>\n<p><strong>HIGHLANDS<\/strong> \u2013 <a href=\"https:\/\/www.macdonaldhotels.co.uk\/aviemore\/stay\/our-hotels\/aviemore-hotel#utm_source=google&amp;utm_medium=organic&amp;utm_campaign=aviemore-hotel-gmb\" target=\"_blank\" rel=\"noopener\">Hotel MacDonald Aviemore<\/a> 4*<\/p>\n<p><strong>ILHA DE SKYE<\/strong> <strong>ou GAIRLOCH<\/strong>- <a href=\"https:\/\/bespokehotels.com\/kingsarmshotel\" target=\"_blank\" rel=\"noopener\">Hotel Kings Arms<\/a> 3* ou <a href=\"https:\/\/bespokehotels.com\/gairloch-hotel?\" target=\"_blank\" rel=\"noopener\">Hotel Gairloch<\/a> 3*<\/p>\n<p><strong>ZONA DOS LAGOS <\/strong>\u2013<a href=\"https:\/\/inveraray-inn.co.uk\/\" target=\"_blank\" rel=\"noopener\">Inveraray Inn Hotel<\/a> 3*<\/p>\n<p>&nbsp;<\/p>\n<table>\n<tbody>\n<tr>\n<td>\n<p style=\"text-align: center;\"><strong>PER\u00cdODO<\/strong><\/p>\n<\/td>\n<td style=\"text-align: center;\"><strong>DUPLO<\/strong><\/td>\n<td>\n<p style=\"text-align: center;\"><strong>SINGLE<\/strong><\/p>\n<\/td>\n<\/tr>\n<tr>\n<td>\n<p style=\"text-align: center;\"><strong>29\/03\/26 a 26\/04\/26<\/strong><\/p>\n<\/td>\n<td style=\"text-align: center;\">1.995,00 \u20ac<\/td>\n<td>\n<p style=\"text-align: center;\">2.445,00 \u20ac<\/p>\n<\/td>\n<\/tr>\n<tr>\n<td>\n<p style=\"text-align: center;\"><strong>03\/05\/26 a 31\/05\/26<\/strong><\/p>\n<\/td>\n<td style=\"text-align: center;\">2.105,00 \u20ac<\/td>\n<td>\n<p style=\"text-align: center;\">2.680,00 \u20ac<\/p>\n<\/td>\n<\/tr>\n<tr>\n<td>\n<p style=\"text-align: center;\"><strong>03\/06\/26 a 28\/06\/26<\/strong><\/p>\n<\/td>\n<td style=\"text-align: center;\">2.180,00 \u20ac<\/td>\n<td>\n<p style=\"text-align: center;\">2.785,00 \u20ac<\/p>\n<\/td>\n<\/tr>\n<tr>\n<td>\n<p style=\"text-align: center;\"><strong>01\/07\/26 a 29\/07\/26<\/strong><\/p>\n<\/td>\n<td style=\"text-align: center;\">2.280,00 \u20ac<\/td>\n<td>\n<p style=\"text-align: center;\">2.990,00 \u20ac<\/p>\n<\/td>\n<\/tr>\n<tr>\n<td>\n<p style=\"text-align: center;\"><strong>02\/08\/26 a 30\/08\/26<\/strong><\/p>\n<\/td>\n<td style=\"text-align: center;\">2.430,00 \u20ac<\/td>\n<td>\n<p style=\"text-align: center;\">3.235,00 \u20ac<\/p>\n<\/td>\n<\/tr>\n<tr>\n<td>\n<p style=\"text-align: center;\"><strong>02\/09\/26 a 26\/06\/26<\/strong><\/p>\n<\/td>\n<td style=\"text-align: center;\">2.235,00 \u20ac<\/td>\n<td>\n<p style=\"text-align: center;\">2.890,00 \u20ac<\/p>\n<\/td>\n<\/tr>\n<tr>\n<td>\n<p style=\"text-align: center;\"><strong>03\/10\/26 a 17\/10\/26<\/strong><\/p>\n<\/td>\n<td style=\"text-align: center;\">2.190,00 \u20ac<\/td>\n<td>\n<p style=\"text-align: center;\">2.765,00 \u20ac<\/p>\n<\/td>\n<\/tr>\n<\/tbody>\n<\/table>\n<p><strong>\u00a0<\/strong><\/p>\n<p style=\"text-align: justify;\"><strong>NOTA:<br \/>\n<\/strong>- No autocarro \u00e9 permitido o transporte de 1 mala (m\u00e1ximo 20 kg por pessoa);<br \/>\n- Por raz\u00f5es log\u00edsticas, o programa pode sofrer altera\u00e7\u00e3o na ordem das visitas, ou inclusive realizar-se em sentido inverso, n\u00e3o alterando nenhuma das condi\u00e7\u00f5es do mesmo;<\/p>\n<p>&nbsp;<\/p>\n<p style=\"text-align: justify;\"><strong>NOTA 1:<\/strong>\u00a0Este programa foi calculado com base na companhia a\u00e9rea KLM em cabine econ\u00f3mica, tarifa em classe V. Caso n\u00e3o haja disponibilidade de lugares nessa tarifa, ser\u00e1 proposto em alternativa o escal\u00e3o tarif\u00e1rio seguinte dispon\u00edvel, ou outra companhia a\u00e9rea, mediante um suplemento a informar.<\/p>\n<p>&nbsp;<\/p>\n<p><strong>Suplemento de tarifa a\u00e9rea com a KLM (Porto ou Lisboa):<\/strong><\/p>\n<p>&nbsp;<\/p>\n<table>\n<tbody>\n<tr>\n<td>\n<p style=\"text-align: center;\"><strong>Per\u00edodo:<\/strong><\/p>\n<\/td>\n<td style=\"text-align: center;\"><strong>Classe V<\/strong><\/td>\n<td style=\"text-align: center;\"><strong>Classe R <\/strong><\/td>\n<td style=\"text-align: center;\"><strong>Classe N <\/strong><\/td>\n<td>\n<p style=\"text-align: center;\"><strong>Classe E <\/strong><\/p>\n<\/td>\n<\/tr>\n<tr>\n<td>\n<p style=\"text-align: center;\"><strong>\u00a029\/03\/26 a 17\/10\/26<\/strong><\/p>\n<\/td>\n<td style=\"text-align: center;\">Sem supl.<\/td>\n<td style=\"text-align: center;\">39,00 \u20ac<\/td>\n<td style=\"text-align: center;\">76,00 \u20ac<\/td>\n<td style=\"text-align: center;\">123,00 \u20ac<\/td>\n<\/tr>\n<\/tbody>\n<\/table>\n<p><strong>\u00a0<\/strong><\/p>\n<p><strong>O pre\u00e7o inclui:<\/strong><strong><br \/>\n<\/strong>- Passagem a\u00e9rea em voos regulares, em classe econ\u00f3mica, para o percurso indicado incluindo o transporte de bagagem de por\u00e3o;<\/p>\n<p>- Taxas de aeroporto, seguran\u00e7a e combust\u00edvel no valor de 171,00 \u20ac (sujeito a altera\u00e7\u00e3o, a reconfirmar na data da emiss\u00e3o dos bilhetes);<\/p>\n<p>- Transporte aeroporto \/ hotel \/ aeroporto;<\/p>\n<p>- Alojamento nos hot\u00e9is previstos ou similares em quarto standard com pequeno-almo\u00e7o;<\/p>\n<p>- Refei\u00e7\u00f5es de acordo com o indicado no itiner\u00e1rio (4 jantares);<\/p>\n<p>- Circuito em servi\u00e7o regular (em conjunto com outros participantes), acompanhado de guia local de l\u00edngua espanhola;<br \/>\n- Transporte em autocarro, minibus ou van (de acordo com o n\u00famero de participantes);<\/p>\n<p>- Visitas de acordo com o indicado no itiner\u00e1rio, incluindo entradas: no Castelo de Edimburgo, Destilaria de Whisky, Castelo de Glamis, Ru\u00ednas do Castelo de Urquhart, Catedral de Elgin e Castelo de Stirling;<\/p>\n<p>- Bilhetes de ferry de acordo com o indicado no itiner\u00e1rio;<\/p>\n<p>- Taxas de servi\u00e7o e IVA;<br \/>\n- Seguro de viagem.<\/p>\n<p>&nbsp;<\/p>\n<p><strong>O pre\u00e7o n\u00e3o inclui:<\/strong><\/p>\n<p>- Servi\u00e7o de bagageiros;<br \/>\n- Gratifica\u00e7\u00f5es;<\/p>\n<p>- Bebidas \u00e0s refei\u00e7\u00f5es;<\/p>\n<p>- Taxas tur\u00edsticas e\/ou municipais\u00a0(pagamento local nos hot\u00e9is);<br \/>\n- Extras e actividades de car\u00e1cter pessoal;<br \/>\n- Todos os servi\u00e7os n\u00e3o indicados como inclu\u00eddos;<\/p>\n<p>&nbsp;<\/p>\n<p><strong>Seguro de viagem:<\/strong><\/p>\n<p>- Todas as viagens organizadas pela MundoNovo Viagens est\u00e3o cobertas por um seguro de viagem (<a href=\"https:\/\/www.mundonovoviagens.pt\/wp-content\/uploads\/2025\/02\/MundoNovo-Multiviagens-Plus-1.pdf?x48172&amp;x23938&amp;x23938\" target=\"_blank\" rel=\"noopener\">Multiviagens Plus 1<\/a>);<br \/>\n- Adicionalmente propomos o seguro\u00a0<a href=\"https:\/\/www.mundonovoviagens.pt\/wp-content\/uploads\/2025\/02\/MundoNovo-Multiviagens-Premium.pdf?x48172&amp;x23938&amp;x23938\" target=\"_blank\" rel=\"noopener\">Multiviagens Premium<\/a>\u00a0(valor das coberturas superior), mediante um suplemento de 30\u20ac por pessoa;<br \/>\n- As condi\u00e7\u00f5es gerais de cada seguro poder\u00e3o ser consultadas na p\u00e1gina inicial do nosso site.<\/p>\n<p>&nbsp;<\/p>\n<p><strong>Condi\u00e7\u00f5es gerais de reserva e cancelamento:<\/strong><b><br \/>\n<\/b>Consultar a ficha de informa\u00e7\u00e3o normalizada (<a href=\"https:\/\/www.mundonovoviagens.pt\/index.php\/ficha-de-informacao-normalizada\/\" target=\"_blank\" rel=\"noopener\">FIN<\/a>) e\u00a0<a href=\"https:\/\/www.mundonovoviagens.pt\/index.php\/condicoes-gerais\/\" target=\"_blank\" rel=\"noopener\">condi\u00e7\u00f5es gerais<\/a>\u00a0indicadas no site.<\/p>\n<\/div>\n<\/div><\/div><\/div><\/div><\/div><\/div>\t\t\t\t\t\t<\/div>\n\t\t\t\t\t\t\t\t\t\t\t<div class=\"tab-pane  fade\" id=\"tab-informa\u00e7\u00f5es-destino\" role=\"tabpanel\">\n\t\t\t\t\t\t\t<div id=\"pl-w6a05a7a0c8ec1\"  class=\"panel-layout\" ><div id=\"pg-w6a05a7a0c8ec1-0\"  class=\"panel-grid panel-no-style\" ><div id=\"pgc-w6a05a7a0c8ec1-0-0\"  class=\"panel-grid-cell\" ><div id=\"panel-w6a05a7a0c8ec1-0-0-0\" class=\"so-panel widget widget_sow-editor panel-first-child panel-last-child\" data-index=\"0\" ><div class=\"panel-widget-style panel-widget-style-for-w6a05a7a0c8ec1-0-0-0\" ><div\n\t\t\t\n\t\t\tclass=\"so-widget-sow-editor so-widget-sow-editor-base\"\n\t\t\t\n\t\t>\n<div class=\"siteorigin-widget-tinymce textwidget\">\n\t<p><strong>1 - Requisitos de entrada<br \/>\n<\/strong><\/p>\n<p>Cidad\u00e3os portugueses necessitam de passaporte com validade m\u00ednima de 6 meses \u00e0 data de sa\u00edda do pa\u00eds;<\/p>\n<p>A partir de Abril de 2025, \u00e9 necess\u00e1rio o \u201cElectronic Travel Authorisation\u201d ou ETA; dever\u00e1 ser solicitada atrav\u00e9s da aplica\u00e7\u00e3o do seguinte link: <a href=\"https:\/\/www.gov.uk\/eta\">https:\/\/www.gov.uk\/eta<\/a><\/p>\n<p>Custo \u00a320,00 libras esterlinas (sujeito a altera\u00e7\u00e3o)<\/p>\n<p><strong><br \/>\n2 \u2013 Vacinas \/ Sa\u00fade<br \/>\n<\/strong>Vacina obrigat\u00f3ria: nenhuma.<br \/>\nO Cart\u00e3o Europeu de Seguro de Doen\u00e7a \u00e9 aceite na rede de hospitais p\u00fablicos da Esc\u00f3cia.<\/p>\n<p>&nbsp;<\/p>\n<p style=\"text-align: justify;\"><strong>3 \u2013 Clima<br \/>\n<\/strong>As temperaturas mais baixas s\u00e3o registadas durante os meses de Janeiro e Fevereiro, com temperaturas m\u00ednimas de 0\u00ba graus e m\u00e1ximas que raramente ultrapassam os 7\u00ba graus. Durante o outono e o inverno \u00e9 muito frequente que haja neblina e chuvas abundantes.<\/p>\n<p>&nbsp;<\/p>\n<p><strong>4 \u2013 Idioma<\/strong><br \/>\nL\u00edngua oficial: Ingl\u00eas e o Ga\u00e9lico Escoc\u00eas.<\/p>\n<p><strong>\u00a0<\/strong><\/p>\n<p><strong>5 - Moeda<br \/>\n<\/strong>A moeda oficial \u00e9 a libra esterlina. Os cart\u00f5es de cr\u00e9dito s\u00e3o aceites na generalidade nos estabelecimentos comerciais e hot\u00e9is. A rede ATM tem uma boa cobertura no territ\u00f3rio.<\/p>\n<p>&nbsp;<\/p>\n<p><strong>6 - Diferen\u00e7a hor\u00e1ria<\/strong><br \/>\nGMT\/UTC +0<\/p>\n<p>&nbsp;<\/p>\n<p><strong>7 - Electricidade<br \/>\n<\/strong>230 V \/ 50 Hz (tomadas tipo G)<\/p>\n<p><strong><br \/>\n8 - Representa\u00e7\u00e3o Diplom\u00e1tica \/ Consular<br \/>\n<\/strong>Consulado Geral de Portugal em Manchester.<br \/>\nMais informa\u00e7\u00f5es:\u00a0<a href=\"https:\/\/portaldascomunidades.mne.gov.pt\/pt\/\" target=\"_blank\" rel=\"noopener\">www.portaldascomunidades.mne.pt\/<\/a><\/p>\n<p><strong>\u00a0<\/strong><\/p>\n<p><strong>9 \u2013 Site oficial do turismo: <\/strong><a href=\"http:\/\/www.visitscotland.com\/\" target=\"_blank\" rel=\"noopener\">www.visitscotland.com\/<\/a><\/p>\n<\/div>\n<\/div><\/div><\/div><\/div><\/div><\/div>\t\t\t\t\t\t<\/div>\n\t\t\t\t\t\t\t\t\t\t<\/div>\n\t\t\t\t\t\t\t<\/div>\n\n\t\t\t<\/div><div id=\"panel-1310-0-0-1\" class=\"so-panel widget widget_sow-button panel-last-child\" data-index=\"1\" ><div\n\t\t\t\n\t\t\tclass=\"so-widget-sow-button so-widget-sow-button-flat-95cda3216a70-1310\"\n\t\t\t\n\t\t><div class=\"ow-button-base ow-button-align-center\">\n\t<a\n\thref=\"https:\/\/www.mundonovoviagens.pt\/index.php\/contactos\/?wpf62_6=Assunto:%20146%20-%20Tesouros%20da%20Escocia%20-%208%20dias\"\n\t\tclass=\"ow-icon-placement-left ow-button-hover\" \t>\n\t\t<span>\n\t\t\t\n\t\t\tCONTACTE-NOS\t\t<\/span>\n\t<\/a>\n<\/div>\n<\/div><\/div><\/div><\/div><\/div>","protected":false},"excerpt":{"rendered":"<p style=\"text-align: center;\"><strong>Circuito Regular com guia em Espanhol<br \/>\n<\/strong>(Edimburgo, Fife, St. Andrews, Dundee, Glamis Castle, Aberdeen, Elgin, Whisky Trail, Inverness, Highlands, Lago Ness, Ilha de Skye, Costa Oeste Esc\u00f3cia, Glencoe, Lago Awe, Lago Lomond e Stirling)<\/p>\n<p style=\"text-align: center;\"><strong>\u00a0<\/strong><\/p>\n","protected":false},"featured_media":2948,"template":"","meta":[],"product_brand":[],"product_cat":[15],"product_tag":[479,478,848,849,484,847],"class_list":{"0":"post-1310","1":"product","2":"type-product","3":"status-publish","4":"has-post-thumbnail","6":"product_cat-europa","7":"product_tag-edimburgo","8":"product_tag-escocia","9":"product_tag-lago-awe","10":"product_tag-lago-lomond","11":"product_tag-lago-ness","12":"product_tag-skye","14":"first","15":"instock","16":"shipping-taxable","17":"product-type-simple"},"_links":{"self":[{"href":"https:\/\/www.mundonovoviagens.pt\/index.php\/wp-json\/wp\/v2\/product\/1310","targetHints":{"allow":["GET"]}}],"collection":[{"href":"https:\/\/www.mundonovoviagens.pt\/index.php\/wp-json\/wp\/v2\/product"}],"about":[{"href":"https:\/\/www.mundonovoviagens.pt\/index.php\/wp-json\/wp\/v2\/types\/product"}],"wp:featuredmedia":[{"embeddable":true,"href":"https:\/\/www.mundonovoviagens.pt\/index.php\/wp-json\/wp\/v2\/media\/2948"}],"wp:attachment":[{"href":"https:\/\/www.mundonovoviagens.pt\/index.php\/wp-json\/wp\/v2\/media?parent=1310"}],"wp:term":[{"taxonomy":"product_brand","embeddable":true,"href":"https:\/\/www.mundonovoviagens.pt\/index.php\/wp-json\/wp\/v2\/product_brand?post=1310"},{"taxonomy":"product_cat","embeddable":true,"href":"https:\/\/www.mundonovoviagens.pt\/index.php\/wp-json\/wp\/v2\/product_cat?post=1310"},{"taxonomy":"product_tag","embeddable":true,"href":"https:\/\/www.mundonovoviagens.pt\/index.php\/wp-json\/wp\/v2\/product_tag?post=1310"}],"curies":[{"name":"wp","href":"https:\/\/api.w.org\/{rel}","templated":true}]}}