{"id":1471,"date":"2022-10-04T16:17:01","date_gmt":"2022-10-04T16:17:01","guid":{"rendered":"https:\/\/www.mundonovoviagens.pt\/?post_type=product&#038;p=1471"},"modified":"2026-05-07T10:19:42","modified_gmt":"2026-05-07T09:19:42","slug":"071-a-descoberta-das-auroras-boreais-5-dias","status":"publish","type":"product","link":"https:\/\/www.mundonovoviagens.pt\/index.php\/produto\/071-a-descoberta-das-auroras-boreais-5-dias\/","title":{"rendered":"071 \u2013 \u00c0 Descoberta das Auroras Boreais &#8211; 5 dias"},"content":{"rendered":"<div id=\"pl-1471\"  class=\"panel-layout\" ><div id=\"pg-1471-0\"  class=\"panel-grid panel-no-style\" ><div id=\"pgc-1471-0-0\"  class=\"panel-grid-cell\" ><div id=\"panel-1471-0-0-0\" class=\"so-panel widget widget_pt_tabs pt-widget-tabs panel-first-child\" data-index=\"0\" >\t\t\t<div class=\"pt-tabs\">\n\t\t\t\t\n\t\t\t\t\t\t\t\t\t<ul class=\"pt-tabs__navigation  nav  nav-tabs\" role=\"tablist\">\n\t\t\t\t\t\t\t\t\t\t\t\t\t<li class=\"nav-item\">\n\t\t\t\t\t\t\t\t<a class=\"nav-link  active\" data-toggle=\"tab\" href=\"#tab-itiner\u00c1rio\" role=\"tab\">ITINER\u00c1RIO<\/a>\n\t\t\t\t\t\t\t<\/li>\n\t\t\t\t\t\t\t\t\t\t\t\t\t<li class=\"nav-item\">\n\t\t\t\t\t\t\t\t<a class=\"nav-link\" data-toggle=\"tab\" href=\"#tab-pre\u00e7os-e-condi\u00e7\u00f5es\" role=\"tab\">Pre\u00e7os e Condi\u00e7\u00f5es<\/a>\n\t\t\t\t\t\t\t<\/li>\n\t\t\t\t\t\t\t\t\t\t\t\t\t<li class=\"nav-item\">\n\t\t\t\t\t\t\t\t<a class=\"nav-link\" data-toggle=\"tab\" href=\"#tab-informa\u00e7\u00f5es-destino\" role=\"tab\">Informa\u00e7\u00f5es Destino<\/a>\n\t\t\t\t\t\t\t<\/li>\n\t\t\t\t\t\t\t\t\t\t\t<\/ul>\n\n\t\t\t\t\t<div class=\"pt-tabs__content  tab-content\">\n\t\t\t\t\t\t\t\t\t\t\t<div class=\"tab-pane  fade  in  active\" id=\"tab-itiner\u00c1rio\" role=\"tabpanel\">\n\t\t\t\t\t\t\t<div id=\"pl-w69fc58e8f1569\"  class=\"panel-layout\" ><div id=\"pg-w69fc58e8f1569-0\"  class=\"panel-grid panel-no-style\" ><div id=\"pgc-w69fc58e8f1569-0-0\"  class=\"panel-grid-cell\" ><div id=\"panel-w69fc58e8f1569-0-0-0\" class=\"so-panel widget widget_sow-editor panel-first-child\" data-index=\"0\" ><div class=\"panel-widget-style panel-widget-style-for-w69fc58e8f1569-0-0-0\" ><div\n\t\t\t\n\t\t\tclass=\"so-widget-sow-editor so-widget-sow-editor-base\"\n\t\t\t\n\t\t><h3 class=\"widget-title\">1\u00ba. Dia - PORTUGAL \/ ROVANIEMI <\/h3>\n<div class=\"siteorigin-widget-tinymce textwidget\">\n\t<p style=\"text-align: justify;\">Compar\u00eancia no aeroporto 120 minutos antes da hora prevista para a partida. Formalidades de embarque e partida com destino a Rovaniemi, com mudan\u00e7a de avi\u00e3o em rota. Chegada e transporte por conta pr\u00f3pria para o hotel. Alojamento.<\/p>\n<\/div>\n<\/div><\/div><\/div><div id=\"panel-w69fc58e8f1569-0-0-1\" class=\"so-panel widget widget_sow-editor\" data-index=\"1\" ><div class=\"panel-widget-style panel-widget-style-for-w69fc58e8f1569-0-0-1\" ><div\n\t\t\t\n\t\t\tclass=\"so-widget-sow-editor so-widget-sow-editor-base\"\n\t\t\t\n\t\t><h3 class=\"widget-title\">2\u00ba. Dia \u2013 ROVANIEMI (Passeio de Tren\u00f3 com Renas, Aldeia do Pai Natal, Passeio com Huskys e as Auroras Boreais)<\/h3>\n<div class=\"siteorigin-widget-tinymce textwidget\">\n\t<p style=\"text-align: justify;\">Pequeno-almo\u00e7o no hotel. Comece o dia com uma visita \u00e0 quinta de renas. \u00c0 chegada, passeio tradicional em tren\u00f3 puxado por renas. Continua\u00e7\u00e3o para o lugar mais m\u00e1gico da Lap\u00f3nia: a Aldeia do Pai Natal localizada no C\u00edrculo Polar \u00c1rtico. Tempo livre para explorar a aldeia e para conhecer a estrela local, o Pai Natal, na sua casa oficial. Almo\u00e7o em restaurante local. De tarde, aprecie a magn\u00edfica natureza da Lap\u00f3nia e passeio de tren\u00f3 puxado por c\u00e3es de ra\u00e7a husky (dura\u00e7\u00e3o de cerca de 20 minutos);<\/p>\n<p style=\"text-align: justify;\">Depois do passeio, regresso ao hotel e jantar. Ap\u00f3s o jantar, sa\u00edda para observar as famosas auroras boreais, onde ter\u00e1 a oportunidade de conhecer um pouco mais sobre a natureza \u00e1rtica, a cultura e a hist\u00f3ria da popula\u00e7\u00e3o local.\u00a0Esta actividade \u00e9 excelente para quem deseja desfrutar de uma noite polar ao ar livre. Regresso ao hotel. Alojamento.<\/p>\n<p>&nbsp;<\/p>\n<p style=\"text-align: justify;\">\n<p style=\"text-align: justify;\"><span style=\"color: #0000ff;\"><strong>Nota:<\/strong><\/span> As auroras boreais s\u00e3o fen\u00f3menos naturais, pelo que, n\u00e3o poder\u00e3o ser garantidas.<\/p>\n<\/div>\n<\/div><\/div><\/div><div id=\"panel-w69fc58e8f1569-0-0-2\" class=\"so-panel widget widget_sow-editor\" data-index=\"2\" ><div class=\"panel-widget-style panel-widget-style-for-w69fc58e8f1569-0-0-2\" ><div\n\t\t\t\n\t\t\tclass=\"so-widget-sow-editor so-widget-sow-editor-base\"\n\t\t\t\n\t\t><h3 class=\"widget-title\">3\u00ba. Dia - ROVANIEMI (Zool\u00f3gico Polar de Ranua) <\/h3>\n<div class=\"siteorigin-widget-tinymce textwidget\">\n\t<p style=\"text-align: justify;\">Pequeno-almo\u00e7o no hotel. Sa\u00edda em dire\u00e7\u00e3o a Ranua, onde est\u00e1 localizado o jardim zool\u00f3gico mais setentrional do mundo, situado nas proximidades de Rovaniemi, na Lap\u00f3nia finlandesa, e especializado em esp\u00e9cies \u00e1rticas, inseridas em amplos ambientes naturais de floresta. O Parque Zool\u00f3gico de Ranua proporciona uma observa\u00e7\u00e3o pr\u00f3xima de esp\u00e9cies \u00e1rticas em pleno ambiente natural. Almo\u00e7o buffet no Ranua Resort, inclu\u00eddo. De tarde, regresso a Rovaniemi e tempo livre. Alojamento.<\/p>\n<p>&nbsp;<\/p>\n<p style=\"text-align: justify;\">\n<p style=\"text-align: justify;\">Sugerimos a <span style=\"color: #20b2aa;\"><strong>visita opcional: \u201cPasseio em moto de neve\u201d<\/strong><\/span><\/p>\n<p style=\"text-align: justify;\">Ao entardecer, um pouco de adrenalina e velocidade com um emocionante passeio em moto de neve (2 pessoas por moto). Paragem para desfrutar de salsichas \u201ca la parrilla\u201d, bebidas quentes e para apreciar o sil\u00eancio da natureza.<\/p>\n<p style=\"text-align: justify;\">Inclui: roupa t\u00e9rmica e guia em ingl\u00eas. Dura\u00e7\u00e3o: 03h00<\/p>\n<p style=\"text-align: justify;\"><strong>\u00a0<\/strong><\/p>\n<p style=\"text-align: justify;\"><span style=\"color: #0000ff;\"><strong>Nota:<\/strong><\/span> para realizar esta actividade \u00e9 obrigat\u00f3rio carta de condu\u00e7\u00e3o internacional (categoria B);<\/p>\n<\/div>\n<\/div><\/div><\/div><div id=\"panel-w69fc58e8f1569-0-0-3\" class=\"so-panel widget widget_sow-editor\" data-index=\"3\" ><div class=\"panel-widget-style panel-widget-style-for-w69fc58e8f1569-0-0-3\" ><div\n\t\t\t\n\t\t\tclass=\"so-widget-sow-editor so-widget-sow-editor-base\"\n\t\t\t\n\t\t><h3 class=\"widget-title\">4\u00ba. Dia - ROVANIEMI<\/h3>\n<div class=\"siteorigin-widget-tinymce textwidget\">\n\t<p style=\"text-align: justify;\">Pequeno-almo\u00e7o no hotel. Dia livre para desfrutar da cidade de Rovaniemi. Sugerimos uma visita ao Museu Arktikum, onde ter\u00e1 a oportunidade de aprender um pouco mais sobre os \u201dSami\u201d, o povo original da Lap\u00f3nia. Outra sugest\u00e3o, ser\u00e1 desfrutar de uma das diversas actividades que esta regi\u00e3o t\u00eam para oferecer! Tempo livre para almo\u00e7o (n\u00e3o inclu\u00eddo).<\/p>\n<p style=\"text-align: justify;\">De tarde, transporte para o incr\u00edvel iglu de cristal e desfrute de uma noite m\u00e1gica sob um c\u00e9u estrelado. Chegada e alojamento no iglu. Jantar inclu\u00eddo.<\/p>\n<p style=\"text-align: justify;\">\u00c0 noite, se as condi\u00e7\u00f5es meteorol\u00f3gicas o permitirem, ter\u00e1 a oportunidade de observar as magn\u00edficas auroras boreais, a partir do conforto do seu iglu.<\/p>\n<p>&nbsp;<\/p>\n<p style=\"text-align: justify;\">Sugerimos a <span style=\"color: #20b2aa;\"><strong>visita opcional: \u201cPasseio em motos de neve\u201d<\/strong><\/span><\/p>\n<p style=\"text-align: justify;\">Comece o dia com um pouco de adrenalina e velocidade com um emocionante passeio em moto de neve. Durante este passeio, ter\u00e1 a oportunidade de aprender a conduzir uma moto de neve. Paragem para desfrutar de uma bebida quente e para apreciar o sil\u00eancio da natureza do \u00e1rtico.<\/p>\n<p style=\"text-align: justify;\">Dura\u00e7\u00e3o: 01h50<\/p>\n<p style=\"text-align: justify;\">Inclui: roupa de inverno, 1 bebida quente e guia em ingl\u00eas.<\/p>\n<p style=\"text-align: justify;\">Obs: para realizar esta actividade s\u00e3o necess\u00e1rias 2 pessoas por moto;<\/p>\n<p>&nbsp;<\/p>\n<p style=\"text-align: justify;\"><span style=\"color: #0000ff;\"><strong>Nota:<\/strong><\/span> para realizar esta actividade \u00e9 obrigat\u00f3rio carta de condu\u00e7\u00e3o internacional (categoria B);<\/p>\n<p>&nbsp;<\/p>\n<p style=\"text-align: justify;\">Sugerimos a <span style=\"color: #20b2aa;\"><strong>visita opcional: \u201cDesfrute da experi\u00eancia de flutuar no gelo\u201d<\/strong><\/span><\/p>\n<p style=\"text-align: justify;\">Experimente flutuar nas \u00e1guas g\u00e9lidas da Lap\u00f3nia e observar as auroras boreais.<\/p>\n<p style=\"text-align: justify;\">Dura\u00e7\u00e3o: 02h00 a 03h00<\/p>\n<p style=\"text-align: justify;\">Inclui: transporte, fato flutuante e guia em ingl\u00eas.<\/p>\n<p style=\"text-align: justify;\"><strong>\u00a0<\/strong><\/p>\n<p style=\"text-align: justify;\"><span style=\"color: #0000ff;\"><strong>Nota:<\/strong><\/span> As auroras boreais s\u00e3o fen\u00f3menos naturais, pelo que, n\u00e3o podem ser garantidas.<\/p>\n<\/div>\n<\/div><\/div><\/div><div id=\"panel-w69fc58e8f1569-0-0-4\" class=\"so-panel widget widget_sow-editor panel-last-child\" data-index=\"4\" ><div class=\"panel-widget-style panel-widget-style-for-w69fc58e8f1569-0-0-4\" ><div\n\t\t\t\n\t\t\tclass=\"so-widget-sow-editor so-widget-sow-editor-base\"\n\t\t\t\n\t\t><h3 class=\"widget-title\">5\u00ba. Dia - ROVANIEMI \/ PORTUGAL<\/h3>\n<div class=\"siteorigin-widget-tinymce textwidget\">\n\t<p>Pequeno-almo\u00e7o no hotel. Transporte por conta pr\u00f3pria para o aeroporto de Rovaniemi. Formalidades de embarque e partida com destino a Portugal, com mudan\u00e7a de avi\u00e3o em rota. Chegada a Portugal.<\/p>\n<p>Fim dos nossos servi\u00e7os.<\/p>\n<\/div>\n<\/div><\/div><\/div><\/div><\/div><\/div>\t\t\t\t\t\t<\/div>\n\t\t\t\t\t\t\t\t\t\t\t<div class=\"tab-pane  fade\" id=\"tab-pre\u00e7os-e-condi\u00e7\u00f5es\" role=\"tabpanel\">\n\t\t\t\t\t\t\t<div id=\"pl-w69fc58e8f156d\"  class=\"panel-layout\" ><div id=\"pg-w69fc58e8f156d-0\"  class=\"panel-grid panel-no-style\" ><div id=\"pgc-w69fc58e8f156d-0-0\"  class=\"panel-grid-cell\" ><div id=\"panel-w69fc58e8f156d-0-0-0\" class=\"so-panel widget widget_sow-editor panel-first-child panel-last-child\" data-index=\"0\" ><div class=\"panel-widget-style panel-widget-style-for-w69fc58e8f156d-0-0-0\" ><div\n\t\t\t\n\t\t\tclass=\"so-widget-sow-editor so-widget-sow-editor-base\"\n\t\t\t\n\t\t>\n<div class=\"siteorigin-widget-tinymce textwidget\">\n\t<p><strong>DATAS de PARTIDA em <span style=\"color: #20b2aa;\">2026<\/span>:<\/strong><\/p>\n<p><strong>NOVEMBRO: <\/strong>25<br \/>\n<strong>DEZEMBRO:<\/strong> 09, 16 e 30*<\/p>\n<p>&nbsp;<\/p>\n<p><strong>DATAS de PARTIDA em <span style=\"color: #ef7a1b;\">2027<\/span>:<\/strong><\/p>\n<p><strong>JANEIRO:<\/strong> 06, 20 e 27<\/p>\n<p><strong>FEVEREIRO:<\/strong> 17 e 24<\/p>\n<p><strong>MAR\u00c7O: <\/strong>03<\/p>\n<p>&nbsp;<\/p>\n<p><strong>Pre\u00e7o por pessoa segundo ocupa\u00e7\u00e3o do quarto (m\u00ednimo 2 participantes):<\/strong><\/p>\n<p>&nbsp;<\/p>\n<p><strong>HOTEIS PREVISTOS ou SIMILARES:<\/strong><\/p>\n<p><strong>ROVANIEMI <\/strong>- <a href=\"https:\/\/santashotels.fi\/en\/hotels\/rovaniemi-hotel-santa-claus\/\" target=\"_blank\" rel=\"noopener\">Santa Claus Hotel<\/a><\/p>\n<p><strong>NOITE EM IGLO <\/strong>- <a href=\"https:\/\/arcticsnowhotel.fi\/northern-lights-glass-igloos-rovaniemi-lapland-finland\/\" target=\"_blank\" rel=\"noopener\">Arctic Glass Igloo<\/a> ou <a href=\"https:\/\/santashotels.fi\/en\/hotels\/igloo-hotel-rovaniemi-santas-igloos\/\" target=\"_blank\" rel=\"noopener\">Santa Claus Igloo <\/a><\/p>\n<p>&nbsp;<\/p>\n<table>\n<tbody>\n<tr>\n<td>\n<p style=\"text-align: center;\"><strong>PER\u00cdODO<\/strong><\/p>\n<\/td>\n<td style=\"text-align: center;\"><strong>DUPLO <\/strong><\/td>\n<td>\n<p style=\"text-align: center;\"><strong>SINGLE<\/strong><\/p>\n<\/td>\n<\/tr>\n<tr>\n<td>\n<p style=\"text-align: center;\"><strong>25\/11\/26 a 16\/12\/26<\/strong><\/p>\n<\/td>\n<td style=\"text-align: center;\">2.440,00 \u20ac<\/td>\n<td>\n<p style=\"text-align: center;\">3.750,00 \u20ac<\/p>\n<\/td>\n<\/tr>\n<tr>\n<td>\n<p style=\"text-align: center;\"><strong>30\/12\/26 (inclui jantar Fim Ano)<\/strong><\/p>\n<\/td>\n<td style=\"text-align: center;\">2.565,00 \u20ac<\/td>\n<td>\n<p style=\"text-align: center;\">4.250,00 \u20ac<\/p>\n<\/td>\n<\/tr>\n<tr>\n<td>\n<p style=\"text-align: center;\"><strong>06\/01\/27 a 03\/03\/27<\/strong><\/p>\n<\/td>\n<td style=\"text-align: center;\">2.315,00 \u20ac<\/td>\n<td>\n<p style=\"text-align: center;\">3.625,00 \u20ac<\/p>\n<\/td>\n<\/tr>\n<\/tbody>\n<\/table>\n<p>&nbsp;<\/p>\n<table>\n<tbody>\n<tr>\n<td width=\"487\">\n<p style=\"text-align: center;\"><strong>Excurs\u00f5es opcionais (pre\u00e7o por pessoa):<\/strong><\/p>\n<\/td>\n<td width=\"79\">\n<p style=\"text-align: center;\"><strong>Valor<\/strong><\/p>\n<\/td>\n<\/tr>\n<tr>\n<td width=\"487\">\n<p style=\"text-align: center;\">Suplemento de meia pens\u00e3o no hotel (3 jantares)<\/p>\n<\/td>\n<td width=\"79\">\n<p style=\"text-align: center;\">245,00 \u20ac<\/p>\n<\/td>\n<\/tr>\n<tr>\n<td width=\"487\">\n<p style=\"text-align: center;\">Passeio em motos de neve (2 pessoas por moto)<\/p>\n<\/td>\n<td width=\"79\">\n<p style=\"text-align: center;\">165,00 \u20ac<\/p>\n<\/td>\n<\/tr>\n<tr>\n<td width=\"487\">\n<p style=\"text-align: center;\">Desfrute da experi\u00eancia de flutuar no gelo<\/p>\n<\/td>\n<td width=\"79\">\n<p style=\"text-align: center;\">125,00 \u20ac<\/p>\n<\/td>\n<\/tr>\n<tr>\n<td width=\"487\">\n<p style=\"text-align: center;\">Aluguer de Roupa T\u00e9rmica (2\u00ba ao 4\u00ba dia)<br \/>\nInclui: fato t\u00e9rmico interior, luvas e gola t\u00e9rmica<\/p>\n<\/td>\n<td width=\"79\">\n<p style=\"text-align: center;\">90,00 \u20ac<\/p>\n<\/td>\n<\/tr>\n<\/tbody>\n<\/table>\n<p><strong>\u00a0<\/strong><strong>\u00a0<\/strong><\/p>\n<p style=\"text-align: justify;\"><strong>Nota<\/strong>: Este programa foi calculado com base na companhia a\u00e9rea Air France \/ KLM em cabine econ\u00f3mica, tarifa em classe X. Caso n\u00e3o haja disponibilidade de lugares nessa tarifa, ser\u00e1 proposto em alternativa o escal\u00e3o tarif\u00e1rio seguinte dispon\u00edvel, ou outra companhia a\u00e9rea, mediante um suplemento a informar.<\/p>\n<p><strong>\u00a0<\/strong><strong>\u00a0<\/strong><\/p>\n<p><strong>Suplemento de tarifa a\u00e9rea com a Air France \/ KLM (Porto ou Lisboa):<\/strong><\/p>\n<p>&nbsp;<\/p>\n<table>\n<tbody>\n<tr>\n<td>\n<p style=\"text-align: center;\"><strong>Per\u00edodo:<\/strong><\/p>\n<\/td>\n<td style=\"text-align: center;\"><strong>classe X<\/strong><\/td>\n<td style=\"text-align: center;\"><strong>classe V<\/strong><\/td>\n<td style=\"text-align: center;\"><strong>classe R<\/strong><\/td>\n<td>\n<p style=\"text-align: center;\"><strong>classe N<\/strong><\/p>\n<\/td>\n<\/tr>\n<tr>\n<td>\n<p style=\"text-align: center;\"><strong>25\/11\/2026 a 03\/03\/2027<\/strong><\/p>\n<\/td>\n<td style=\"text-align: center;\">Sem supl.<\/td>\n<td style=\"text-align: center;\">32,00 \u20ac<\/td>\n<td style=\"text-align: center;\">68,00 \u20ac<\/td>\n<td>\n<p style=\"text-align: center;\">110,00 \u20ac<\/p>\n<\/td>\n<\/tr>\n<\/tbody>\n<\/table>\n<p>&nbsp;<\/p>\n<p><strong>O pre\u00e7o inclui:<br \/>\n<\/strong>- Passagem a\u00e9rea em voos regulares, em classe econ\u00f3mica, para o percurso indicado, incluindo o transporte de bagagem de por\u00e3o;<br \/>\n- Taxas de aeroporto, seguran\u00e7a e combust\u00edvel no valor de 120,00 \u20ac (sujeitos a altera\u00e7\u00e3o, a reconfirmar na data de emiss\u00e3o dos bilhetes);<br \/>\n- Alojamento nos hot\u00e9is previstos ou similares em quarto standard com pequeno-almo\u00e7o;<br \/>\n- Refei\u00e7\u00f5es de acordo com o indicado no itiner\u00e1rio (1 jantar + 2 almo\u00e7os);<br \/>\n- Visitas em servi\u00e7o regular (em conjunto com outras pessoas), de acordo com o indicado no itiner\u00e1rio, acompanhadas de guia local multilingue incluindo l\u00edngua espanhola;<br \/>\n- Taxas de servi\u00e7o e IVA;<br \/>\n- Seguro de viagem.<\/p>\n<p>&nbsp;<\/p>\n<p><strong>O pre\u00e7o n\u00e3o inclui:<br \/>\n<\/strong>- Transporte aeroporto \/ hotel \/ aeroporto;<br \/>\n- Bebidas \u00e0s refei\u00e7\u00f5es;<br \/>\n- Servi\u00e7o de bagageiros;<br \/>\n- Gratifica\u00e7\u00f5es;<br \/>\n- Extras e actividades de car\u00e1cter pessoal;<br \/>\n- Todos os servi\u00e7os n\u00e3o indicados como inclu\u00eddos.<\/p>\n<p>&nbsp;<\/p>\n<p><strong>Seguro de viagem:<\/strong><b><br \/>\n<\/b>- Todas as viagens organizadas pela MundoNovo Viagens est\u00e3o cobertas por um seguro de viagem (<a href=\"https:\/\/www.mundonovoviagens.pt\/wp-content\/uploads\/2025\/02\/MundoNovo-Multiviagens-Plus-1.pdf?x48172&amp;x23938\" target=\"_blank\" rel=\"noopener\">Multiviagens Plus 1<\/a>);<br \/>\n- Adicionalmente propomos o seguro\u00a0<a href=\"https:\/\/www.mundonovoviagens.pt\/wp-content\/uploads\/2025\/02\/MundoNovo-Multiviagens-Premium.pdf?x48172&amp;x23938\" target=\"_blank\" rel=\"noopener\">Multiviagens Premium<\/a>\u00a0(valor das coberturas superior), mediante um suplemento de 30\u20ac por pessoa;<br \/>\n- As condi\u00e7\u00f5es gerais de cada seguro poder\u00e3o ser consultadas na p\u00e1gina inicial do nosso site.<\/p>\n<p>&nbsp;<\/p>\n<p><strong>Condi\u00e7\u00f5es gerais de reserva e cancelamento:<\/strong><b><br \/>\n<\/b>Consultar a ficha de informa\u00e7\u00e3o normalizada (<a href=\"https:\/\/www.mundonovoviagens.pt\/index.php\/ficha-de-informacao-normalizada\/\" target=\"_blank\" rel=\"noopener\">FIN<\/a>) e\u00a0<a href=\"https:\/\/www.mundonovoviagens.pt\/index.php\/condicoes-gerais\/\" target=\"_blank\" rel=\"noopener\">condi\u00e7\u00f5es gerais<\/a>\u00a0indicadas no site.<\/p>\n<\/div>\n<\/div><\/div><\/div><\/div><\/div><\/div>\t\t\t\t\t\t<\/div>\n\t\t\t\t\t\t\t\t\t\t\t<div class=\"tab-pane  fade\" id=\"tab-informa\u00e7\u00f5es-destino\" role=\"tabpanel\">\n\t\t\t\t\t\t\t<div id=\"pl-w69fc58e8f156f\"  class=\"panel-layout\" ><div id=\"pg-w69fc58e8f156f-0\"  class=\"panel-grid panel-no-style\" ><div id=\"pgc-w69fc58e8f156f-0-0\"  class=\"panel-grid-cell\" ><div id=\"panel-w69fc58e8f156f-0-0-0\" class=\"so-panel widget widget_sow-editor panel-first-child panel-last-child\" data-index=\"0\" ><div class=\"panel-widget-style panel-widget-style-for-w69fc58e8f156f-0-0-0\" ><div\n\t\t\t\n\t\t\tclass=\"so-widget-sow-editor so-widget-sow-editor-base\"\n\t\t\t\n\t\t>\n<div class=\"siteorigin-widget-tinymce textwidget\">\n\t<p><strong>1 - Requisitos de entrada<br \/>\n<\/strong>Os cidad\u00e3os portugueses necessitam de bilhete de identidade\/cart\u00e3o de cidad\u00e3o ou passaporte v\u00e1lidos.<\/p>\n<p>&nbsp;<\/p>\n<p><strong>2 \u2013 Vacinas \/ Sa\u00fade<br \/>\n<\/strong>Vacina obrigat\u00f3ria: nenhuma.<br \/>\nO Cart\u00e3o Europeu de Seguro de Doen\u00e7a \u00e9 aceite na rede de unidades de sa\u00fade e hospitais p\u00fablicos.<\/p>\n<p>&nbsp;<\/p>\n<p><strong>3 - Clima<br \/>\n<\/strong>Finl\u00e2ndia tem ver\u00f5es moderadamente quentes e Invernos frios. Hels\u00ednquia, situada na costa sul tem uma temperatura m\u00e1xima m\u00e9dia de +17\u00baC (Julho) e de -4\u00baC (Fevereiro). Sobretudo no norte, verifica-se grande amplitude t\u00e9rmica anual, com temperaturas a rondar os 30\u00b0C no ver\u00e3o, e \u201325\u00b0C no inverno. Nesta mesma regi\u00e3o, durante o ver\u00e3o, de maio a julho, a latitude \u00e9 igual ou superior a 66\u00ba 33' N, o sol n\u00e3o se p\u00f5e, sendo poss\u00edvel visualiz\u00e1-lo durante as 24h do dia (fen\u00f3meno\u00a0conhecido\u00a0por sol da meia-noite); durante o inverno o sol\u00a0permanece\u00a0abaixo da linha do horizonte durante 51 dias o que origina a noite polar.<\/p>\n<p><strong>\u00a0<\/strong><\/p>\n<p><strong>4 - Idioma<br \/>\n<\/strong>Existem 2 l\u00ednguas oficiais: o finland\u00eas (falado por 91% da popula\u00e7\u00e3o) e o sueco (5,4%)<\/p>\n<p><strong>\u00a0<\/strong><\/p>\n<p><strong>5 - Moeda<br \/>\n<\/strong>A moeda oficial \u00e9 Euro. S\u00e3o aceites a maioria dos cart\u00f5es de cr\u00e9dito e existe uma boa rede ATM, sendo poss\u00edvel levantar dinheiro com cart\u00f5es de cr\u00e9dito e de d\u00e9bito.<\/p>\n<p>&nbsp;<\/p>\n<p><strong>6 - Diferen\u00e7a hor\u00e1ria<br \/>\n<\/strong>GMT\/UTC +02<\/p>\n<p>&nbsp;<\/p>\n<p><strong>7 - Eletricidade<br \/>\n<\/strong>230 V \/ 50 Hz (tomadas\u00a0tipo F)<\/p>\n<p>&nbsp;<\/p>\n<p><strong>8 \u2013 Representa\u00e7\u00e3o Diplom\u00e1tica \/ Consular<br \/>\n<\/strong>Embaixada de Portugal em Hels\u00ednquia.<br \/>\nMais informa\u00e7\u00f5es:\u00a0<a href=\"https:\/\/portaldascomunidades.mne.gov.pt\/pt\/\" target=\"_blank\" rel=\"noopener\">www.portaldascomunidades.mne.pt\/<\/a><\/p>\n<p>&nbsp;<\/p>\n<p><strong>9 \u2013 Site oficial do turismo:\u00a0<\/strong><a href=\"http:\/\/www.visitfinland.com\/en\/\" target=\"_blank\" rel=\"noopener\">www.visitfinland.com\/en\/<\/a><\/p>\n<p>&nbsp;<\/p>\n<\/div>\n<\/div><\/div><\/div><\/div><\/div><\/div>\t\t\t\t\t\t<\/div>\n\t\t\t\t\t\t\t\t\t\t<\/div>\n\t\t\t\t\t\t\t<\/div>\n\n\t\t\t<\/div><div id=\"panel-1471-0-0-1\" class=\"so-panel widget widget_sow-button panel-last-child\" data-index=\"1\" ><div\n\t\t\t\n\t\t\tclass=\"so-widget-sow-button so-widget-sow-button-flat-95cda3216a70-1471\"\n\t\t\t\n\t\t><div class=\"ow-button-base ow-button-align-center\">\n\t<a\n\thref=\"https:\/\/www.mundonovoviagens.pt\/index.php\/contactos\/?wpf62_6=Assunto:%20071%20\u2013%20A%20Descoberta%20das%20Auroras%20Boreais%20-%205%20dias\"\n\t\tclass=\"ow-icon-placement-left ow-button-hover\" \t>\n\t\t<span>\n\t\t\t\n\t\t\tCONTACTE-NOS\t\t<\/span>\n\t<\/a>\n<\/div>\n<\/div><\/div><\/div><\/div><\/div>","protected":false},"excerpt":{"rendered":"<p style=\"text-align: center;\"><strong>Circuito Regular com guia multilingue incluindo Espanhol<br \/>\n<\/strong>(Rovaniemi e 1 noite em Iglu de Vidro)<\/p>\n","protected":false},"featured_media":3545,"template":"","meta":[],"product_brand":[],"product_cat":[15],"product_tag":[384,378,386,383],"class_list":{"0":"post-1471","1":"product","2":"type-product","3":"status-publish","4":"has-post-thumbnail","6":"product_cat-europa","7":"product_tag-aldeia-pai-natal","8":"product_tag-finlandia","9":"product_tag-laponia","10":"product_tag-rovaniemi","12":"first","13":"instock","14":"shipping-taxable","15":"product-type-simple"},"_links":{"self":[{"href":"https:\/\/www.mundonovoviagens.pt\/index.php\/wp-json\/wp\/v2\/product\/1471","targetHints":{"allow":["GET"]}}],"collection":[{"href":"https:\/\/www.mundonovoviagens.pt\/index.php\/wp-json\/wp\/v2\/product"}],"about":[{"href":"https:\/\/www.mundonovoviagens.pt\/index.php\/wp-json\/wp\/v2\/types\/product"}],"wp:featuredmedia":[{"embeddable":true,"href":"https:\/\/www.mundonovoviagens.pt\/index.php\/wp-json\/wp\/v2\/media\/3545"}],"wp:attachment":[{"href":"https:\/\/www.mundonovoviagens.pt\/index.php\/wp-json\/wp\/v2\/media?parent=1471"}],"wp:term":[{"taxonomy":"product_brand","embeddable":true,"href":"https:\/\/www.mundonovoviagens.pt\/index.php\/wp-json\/wp\/v2\/product_brand?post=1471"},{"taxonomy":"product_cat","embeddable":true,"href":"https:\/\/www.mundonovoviagens.pt\/index.php\/wp-json\/wp\/v2\/product_cat?post=1471"},{"taxonomy":"product_tag","embeddable":true,"href":"https:\/\/www.mundonovoviagens.pt\/index.php\/wp-json\/wp\/v2\/product_tag?post=1471"}],"curies":[{"name":"wp","href":"https:\/\/api.w.org\/{rel}","templated":true}]}}