{"id":1482,"date":"2022-10-06T21:18:14","date_gmt":"2022-10-06T21:18:14","guid":{"rendered":"https:\/\/www.mundonovoviagens.pt\/?post_type=product&#038;p=1482"},"modified":"2025-11-03T10:50:37","modified_gmt":"2025-11-03T09:50:37","slug":"112-glaciares-do-sul-da-islandia-5-dias","status":"publish","type":"product","link":"https:\/\/www.mundonovoviagens.pt\/index.php\/produto\/112-glaciares-do-sul-da-islandia-5-dias\/","title":{"rendered":"112 \u2013 Glaciares do Sul da Isl\u00e2ndia \u2013 5 dias"},"content":{"rendered":"<div id=\"pl-1482\"  class=\"panel-layout\" ><div id=\"pg-1482-0\"  class=\"panel-grid panel-no-style\" ><div id=\"pgc-1482-0-0\"  class=\"panel-grid-cell\" ><div id=\"panel-1482-0-0-0\" class=\"so-panel widget widget_pt_tabs pt-widget-tabs panel-first-child\" data-index=\"0\" >\t\t\t<div class=\"pt-tabs\">\n\t\t\t\t\n\t\t\t\t\t\t\t\t\t<ul class=\"pt-tabs__navigation  nav  nav-tabs\" role=\"tablist\">\n\t\t\t\t\t\t\t\t\t\t\t\t\t<li class=\"nav-item\">\n\t\t\t\t\t\t\t\t<a class=\"nav-link  active\" data-toggle=\"tab\" href=\"#tab-itiner\u00c1rio\" role=\"tab\">ITINER\u00c1RIO<\/a>\n\t\t\t\t\t\t\t<\/li>\n\t\t\t\t\t\t\t\t\t\t\t\t\t<li class=\"nav-item\">\n\t\t\t\t\t\t\t\t<a class=\"nav-link\" data-toggle=\"tab\" href=\"#tab-pre\u00e7os-e-condi\u00e7\u00f5es\" role=\"tab\">Pre\u00e7os e Condi\u00e7\u00f5es<\/a>\n\t\t\t\t\t\t\t<\/li>\n\t\t\t\t\t\t\t\t\t\t\t\t\t<li class=\"nav-item\">\n\t\t\t\t\t\t\t\t<a class=\"nav-link\" data-toggle=\"tab\" href=\"#tab-informa\u00e7\u00f5es-destino\" role=\"tab\">Informa\u00e7\u00f5es Destino<\/a>\n\t\t\t\t\t\t\t<\/li>\n\t\t\t\t\t\t\t\t\t\t\t<\/ul>\n\n\t\t\t\t\t<div class=\"pt-tabs__content  tab-content\">\n\t\t\t\t\t\t\t\t\t\t\t<div class=\"tab-pane  fade  in  active\" id=\"tab-itiner\u00c1rio\" role=\"tabpanel\">\n\t\t\t\t\t\t\t<div id=\"pl-w69087aed94f65\"  class=\"panel-layout\" ><div id=\"pg-w69087aed94f65-0\"  class=\"panel-grid panel-no-style\" ><div id=\"pgc-w69087aed94f65-0-0\"  class=\"panel-grid-cell\" ><div id=\"panel-w69087aed94f65-0-0-0\" class=\"so-panel widget widget_sow-editor panel-first-child\" data-index=\"0\" ><div class=\"panel-widget-style panel-widget-style-for-w69087aed94f65-0-0-0\" ><div\n\t\t\t\n\t\t\tclass=\"so-widget-sow-editor so-widget-sow-editor-base\"\n\t\t\t\n\t\t><h3 class=\"widget-title\">1\u00ba. Dia - LISBOA \/ REYKJAVIK <\/h3>\n<div class=\"siteorigin-widget-tinymce textwidget\">\n\t<p style=\"text-align: justify;\">Compar\u00eancia no aeroporto 120 minutos antes da hora prevista para a partida. Formalidades de embarque e partida para Keflav\u00edk, com mudan\u00e7a de avi\u00e3o em rota. Chegada e transporte em autocarro regular \u201cAirport Direct\u201d para o centro de Reykjavik (paragem pr\u00f3xima do hotel).\u00a0Alojamento.<\/p>\n<\/div>\n<\/div><\/div><\/div><div id=\"panel-w69087aed94f65-0-0-1\" class=\"so-panel widget widget_sow-editor\" data-index=\"1\" ><div class=\"panel-widget-style panel-widget-style-for-w69087aed94f65-0-0-1\" ><div\n\t\t\t\n\t\t\tclass=\"so-widget-sow-editor so-widget-sow-editor-base\"\n\t\t\t\n\t\t><h3 class=\"widget-title\">2\u00ba.\tDia - C\u00cdRCULO DOURADO \/ GLACIAR LANGJ\u00d6KULL \/ COSTA SUL (295 km)<\/h3>\n<div class=\"siteorigin-widget-tinymce textwidget\">\n\t<p style=\"text-align: justify;\">Pequeno-almo\u00e7o no hotel. Sa\u00edda para a famosa \u00e1rea do C\u00edrculo Dourado. Visita a Keri\u00f6, um lago de cratera vulc\u00e2nica deslumbrante, no sul da Isl\u00e2ndia. A combina\u00e7\u00e3o da rocha vulc\u00e2nica vermelha e das \u00e1guas do lago em tom de azul, fazem de Keri\u00f6, uma das crateras mais conhecidas da Isl\u00e2ndia. Continua\u00e7\u00e3o da viagem para a \u00e1rea geot\u00e9rmica de Geysir, um local fascinante onde se pode descobrir mais sobre os poderes vulc\u00e2nicos e os glaciares da Isl\u00e2ndia. Um campo geot\u00e9rmico de geiseres, onde jatos de vapor e \u00e1gua emergem com grande for\u00e7a da terra.<\/p>\n<p style=\"text-align: justify;\">Seguimos at\u00e9 \u00e0 \u00e1rea da cascata de Gullfoss e in\u00edcio de um passeio pelas trilhas montanhosas e pela natureza selvagem das terras altas. As paisagens do deserto de areia negra e das forma\u00e7\u00f5es rochosas ser\u00e3o deslumbrantes ao longo de todo o percurso. Chegou a altura de conhecermos o \u201cSleipnir\u201d, um enorme cami\u00e3o glaciar. O seu design robusto permite-lhe lidar com o terreno glaciar com conforto. Embarque no \u201cSleipnir\u201d at\u00e9 \u00e0 nossa pr\u00f3xima paragem, o magn\u00edfico Langj\u00f6kull, o segundo maior glaciar da Isl\u00e2ndia. Durante a viagem, os guias prestar\u00e3o todas as informa\u00e7\u00f5es necess\u00e1rias e contaram v\u00e1rias hist\u00f3rias interessantes sobre as terras altas da Isl\u00e2ndia. Chegada e pequena caminhada no gelo at\u00e9 a uma m\u00edstica e encantadora gruta natural de gelo. Aqui teremos uma experi\u00eancia \u00fanica, pois estas forma\u00e7\u00f5es glaciares apenas aparecem durante os meses de inverno. Seguimos em direc\u00e7\u00e3o \u00e0 cascata de Gullfoss e visita a uma das mais impressionantes cascatas da Isl\u00e2ndia. Estas cascatas proporcionam uma vista magnifica de inverno, pois parte das cascatas congela durante esta \u00e9poca do ano. Continua\u00e7\u00e3o at\u00e9 \u00e0 costa sul da Isl\u00e2ndia. Chegada, jantar e alojamento.<\/p>\n<\/div>\n<\/div><\/div><\/div><div id=\"panel-w69087aed94f65-0-0-2\" class=\"so-panel widget widget_sow-editor\" data-index=\"2\" ><div class=\"panel-widget-style panel-widget-style-for-w69087aed94f65-0-0-2\" ><div\n\t\t\t\n\t\t\tclass=\"so-widget-sow-editor so-widget-sow-editor-base\"\n\t\t\t\n\t\t><h3 class=\"widget-title\"> 3\u00ba. Dia \u2013 COSTA SUL \/ SKOGAFOSS \/ PARQUE NACIONAL VATNAJ\u00d6KULL \/ KIRKJUBAEJARKLAUSTUR (390 km)<\/h3>\n<div class=\"siteorigin-widget-tinymce textwidget\">\n\t<p style=\"text-align: justify;\">Pequeno-almo\u00e7o no hotel. Sa\u00edda ao longo da costa sul, uma \u00e1rea da Isl\u00e2ndia que \u00e9 especialmente bonita durante a \u00e9poca de inverno. Se existirem boas condi\u00e7\u00f5es climat\u00e9ricas e o c\u00e9u estiver limpo, poder\u00e1 ver os dois vulc\u00f5es mais famosos da Isl\u00e2ndia: o Hekla (o vulc\u00e3o que entra em erup\u00e7\u00e3o com mais frequ\u00eancia na Isl\u00e2ndia) e o Eyjafjallaj\u00f6kull (o vulc\u00e3o que ficou mais conhecido pela erup\u00e7\u00e3o de 2010 e que perturbou todo o tr\u00e1fego a\u00e9reo internacional). Continua\u00e7\u00e3o da visita a uma espetacular cascata desta \u00e1rea, Skogafoss.<br \/>\nContinua\u00e7\u00e3o para a regi\u00e3o do Parque Nacional Vatnaj\u00f6kull, o parque ocupa cerca de 14% da \u00e1rea da Isl\u00e2ndia, sendo o maior parque nacional da Europa. Seguimos para a famosa \u00e1rea de Skaftafell, um local de grande beleza natural dominado por v\u00e1rios glaciares. Visita \u00e0 lagoa glaciar de Jokulsarlon, onde podemos encontrar enormes icebergs a flutuar na lagoa. Perto de Jokulsarlon podemos encontrar ainda uma praia de areia vulc\u00e2nica negra, conhecida como a Diamond Beach, onde v\u00e1rios icebergs viajam da lagoa glacial at\u00e9 \u00e0 praia, proporcionando uma paisagem maravilhosa. Continua\u00e7\u00e3o para a \u00e1rea de Kirkjubaejarkkaustur. Chegada, jantar e alojamento.<\/p>\n<\/div>\n<\/div><\/div><\/div><div id=\"panel-w69087aed94f65-0-0-3\" class=\"so-panel widget widget_sow-editor\" data-index=\"3\" ><div class=\"panel-widget-style panel-widget-style-for-w69087aed94f65-0-0-3\" ><div\n\t\t\t\n\t\t\tclass=\"so-widget-sow-editor so-widget-sow-editor-base\"\n\t\t\t\n\t\t><h3 class=\"widget-title\"> 4\u00ba. Dia - KIRKJUBAEJARKLAUSTUR \/ COSTA SUL \/ P.N. TINGEVELLIR \/ HVAMMASV\u00cdK \/ REYKJAVIK (405 km)<\/h3>\n<div class=\"siteorigin-widget-tinymce textwidget\">\n\t<p style=\"text-align: justify;\">Pequeno-almo\u00e7o no hotel. Sa\u00edda pela bonita costa sul da Isl\u00e2ndia. Paragem em V\u00edk, uma encantadora vila no sul da Isl\u00e2ndia. Nas proximidades da vila, podemos encontrar a praia de Reynisfjara. Oportunidade para dar um passeio nesta magnifica praia de areia negra que constrasta com as suas extraordin\u00e1rias forma\u00e7\u00f5es rochosas e as fortes ondas do oceano atl\u00e2ntico.<\/p>\n<p style=\"text-align: justify;\">Seguimos para a cascata de Seljalandsfoss e tempo livre para admirar esta bonita cascata. No final da visita, continua\u00e7\u00e3o para a cidade de Hverageroi, uma pequena aldeia onde visitaremos uma microcervejaria e onde teremos a oportunidade de degustar a cerveja local e conhecer o seu m\u00e9todo de fabrico. Continua\u00e7\u00e3o at\u00e9 ao Parque Nacional de Tingvellir (Patrim\u00f3nio Mundial da UNESCO), local onde o parlamento mais antigo do mundo se reuniu durante s\u00e9culos; este parque encontra-se situado na conflu\u00eancia das placas tect\u00f3nicas norte-americana e europeia.<br \/>\nA nossa \u00faltima paragem de hoje, ser\u00e1 nas piscinas naturais de Hvammasv\u00edk e oportunidade para desfrutar da aut\u00eantica tradi\u00e7\u00e3o islandesa de tomar um banho numa piscina termal. As piscinas de Hvammasv\u00edk situam-se muito perto do oceano atl\u00e2ntico, com os n\u00edveis da \u00e1gua e as temperaturas das piscinas naturais flutuando com as respectivas mar\u00e9s. Desfrutar\u00e1 de uma experi\u00eancia \u00fanica de relaxar em oito fontes termais naturais, cercadas por montanhas majestosas e praias de areia negra. Continua\u00e7\u00e3o at\u00e9 \u00e0 cidade de Reykjavik. Chegada e alojamento.<\/p>\n<\/div>\n<\/div><\/div><\/div><div id=\"panel-w69087aed94f65-0-0-4\" class=\"so-panel widget widget_sow-editor panel-last-child\" data-index=\"4\" ><div class=\"panel-widget-style panel-widget-style-for-w69087aed94f65-0-0-4\" ><div\n\t\t\t\n\t\t\tclass=\"so-widget-sow-editor so-widget-sow-editor-base\"\n\t\t\t\n\t\t><h3 class=\"widget-title\"> 5\u00ba. Dia \u2013 REYKJAVIK \/ LISBOA<\/h3>\n<div class=\"siteorigin-widget-tinymce textwidget\">\n\t<p style=\"text-align: justify;\">Pequeno-almo\u00e7o no hotel. Transporte para o aeroporto de Keflavik em autocarro regular \u201cAirport Direct\u201d. Formalidades de embarque e partida com destino a Lisboa, com mudan\u00e7a de avi\u00e3o em rota. Chegada a Lisboa. Fim dos nossos servi\u00e7os.<\/p>\n<\/div>\n<\/div><\/div><\/div><\/div><\/div><\/div>\t\t\t\t\t\t<\/div>\n\t\t\t\t\t\t\t\t\t\t\t<div class=\"tab-pane  fade\" id=\"tab-pre\u00e7os-e-condi\u00e7\u00f5es\" role=\"tabpanel\">\n\t\t\t\t\t\t\t<div id=\"pl-w69087aed94f69\"  class=\"panel-layout\" ><div id=\"pg-w69087aed94f69-0\"  class=\"panel-grid panel-no-style\" ><div id=\"pgc-w69087aed94f69-0-0\"  class=\"panel-grid-cell\" ><div id=\"panel-w69087aed94f69-0-0-0\" class=\"so-panel widget widget_sow-editor panel-first-child panel-last-child\" data-index=\"0\" ><div class=\"panel-widget-style panel-widget-style-for-w69087aed94f69-0-0-0\" ><div\n\t\t\t\n\t\t\tclass=\"so-widget-sow-editor so-widget-sow-editor-base\"\n\t\t\t\n\t\t>\n<div class=\"siteorigin-widget-tinymce textwidget\">\n\t<p><strong>DATAS de PARTIDA\u00a0<\/strong><strong>2026:<\/strong><\/p>\n<p><strong><br \/>\n<\/strong><strong>JANEIRO: <\/strong>15<\/p>\n<p><strong>FEVEREIRO: <\/strong>05<\/p>\n<p><strong>MAR\u00c7O: <\/strong>05 e 19<\/p>\n<p>&nbsp;<\/p>\n<p><span style=\"color: #3a64ad;\"><strong>Grupos com m\u00e1ximo de 16 participantes<\/strong><\/span><\/p>\n<p>&nbsp;<\/p>\n<p><strong>Pre\u00e7o por pessoa segundo ocupa\u00e7\u00e3o do quarto (m\u00ednimo 3 participantes):<\/strong><\/p>\n<p>&nbsp;<\/p>\n<p><strong>HOT\u00c9IS PREVISTOS ou SIMILARES nas zonas de:<\/strong><\/p>\n<p>&nbsp;<\/p>\n<p><strong>REYKJAVIK<\/strong>\u00a0\u2013 <a href=\"https:\/\/www.keahotels.is\/skuggi-hotel\" target=\"_blank\" rel=\"noopener\">Hotel Skuggi<\/a><\/p>\n<p><strong>REGI\u00c3O SUL<\/strong> \u2013 <a href=\"https:\/\/www.stractahotels.is\/en\" target=\"_blank\" rel=\"noopener\">Hotel Stracta<\/a><\/p>\n<p><strong>KIRKJUBAEJARKLAUSTUR <\/strong>\u2013 <a href=\"https:\/\/www.islandshotel.is\/hotels-in-iceland\/fosshotel-nupar\/\" target=\"_blank\" rel=\"noopener\">Fosshotel Nupar<\/a> ou <a href=\"https:\/\/hotelskaftafell.is\/\" target=\"_blank\" rel=\"noopener\">Hotel Skaftafell<\/a><\/p>\n<p>&nbsp;<\/p>\n<table>\n<tbody>\n<tr>\n<td width=\"172\">\n<p style=\"text-align: center;\"><strong>PER\u00cdODO<\/strong><\/p>\n<\/td>\n<td style=\"text-align: center;\" width=\"93\"><strong>DUPLO<\/strong><\/td>\n<td width=\"85\">\n<p style=\"text-align: center;\"><strong>SINGLE<\/strong><\/p>\n<\/td>\n<\/tr>\n<tr>\n<td width=\"172\">\n<p style=\"text-align: center;\"><strong>15\/01\/26<\/strong><\/p>\n<\/td>\n<td style=\"text-align: center;\" width=\"93\">2.645,00 \u20ac<\/td>\n<td width=\"85\">\n<p style=\"text-align: center;\">3.030,00 \u20ac<\/p>\n<\/td>\n<\/tr>\n<tr>\n<td width=\"172\">\n<p style=\"text-align: center;\"><strong>05\/02\/26<\/strong><\/p>\n<\/td>\n<td style=\"text-align: center;\" width=\"93\">2.710,00 \u20ac<\/td>\n<td style=\"text-align: center;\" width=\"85\">3.145,00 \u20ac<\/td>\n<\/tr>\n<tr>\n<td width=\"172\">\n<p style=\"text-align: center;\"><strong>05 e 19\/03\/26<\/strong><\/p>\n<\/td>\n<td style=\"text-align: center;\" width=\"93\">2.785,00 \u20ac<\/td>\n<td width=\"85\">\n<p style=\"text-align: center;\">3.310,00 \u20ac<\/p>\n<\/td>\n<\/tr>\n<\/tbody>\n<\/table>\n<p>&nbsp;<\/p>\n<p><strong>Nota muito importante:<\/strong> O alojamento durante o programa \u00e9 uma combina\u00e7\u00e3o de hot\u00e9is, pousadas e quintas. O alojamento no interior do Pa\u00eds n\u00e3o tem classifica\u00e7\u00e3o oficial.<\/p>\n<p>&nbsp;<\/p>\n<p style=\"text-align: justify;\"><strong>Nota1:<\/strong> Este programa foi calculado com base na companhia a\u00e9rea Lufthansa em cabine econ\u00f3mica, tarifa em classe T. Caso n\u00e3o haja disponibilidade de lugares nessa tarifa, ser\u00e1 proposto em alternativa o escal\u00e3o tarif\u00e1rio seguinte dispon\u00edvel, ou outra companhia a\u00e9rea, mediante um suplemento a informar.<\/p>\n<p>&nbsp;<\/p>\n<p><strong>Suplemento de tarifa a\u00e9rea voos Lufthansa (Partidas de Lisboa):<\/strong><\/p>\n<p>&nbsp;<\/p>\n<table>\n<tbody>\n<tr>\n<td>\n<p style=\"text-align: center;\"><strong>Per\u00edodo:<\/strong><\/p>\n<\/td>\n<td style=\"text-align: center;\"><strong>classe T<\/strong><\/td>\n<td style=\"text-align: center;\"><strong>classe S<\/strong><\/td>\n<td style=\"text-align: center;\"><strong>classe W<\/strong><\/td>\n<td>\n<p style=\"text-align: center;\"><strong>classe V<\/strong><\/p>\n<\/td>\n<\/tr>\n<tr>\n<td>\n<p style=\"text-align: center;\"><strong>15\/01\/26 a 19\/03\/26<\/strong><\/p>\n<\/td>\n<td style=\"text-align: center;\">Sem supl.<\/td>\n<td style=\"text-align: center;\">58,00 \u20ac<\/td>\n<td style=\"text-align: center;\">126,00 \u20ac<\/td>\n<td>\n<p style=\"text-align: center;\">208,00 \u20ac<\/p>\n<\/td>\n<\/tr>\n<\/tbody>\n<\/table>\n<p>&nbsp;<\/p>\n<p><strong>O pre\u00e7o inclui:<\/strong><\/p>\n<p>- \u00a0Passagem a\u00e9rea em voos regulares, em classe econ\u00f3mica para o percurso indicado, incluindo o transporte de bagagem de por\u00e3o;<\/p>\n<p>- Taxas de aeroporto, seguran\u00e7a e combust\u00edvel no valor de 180,00\u20ac (sujeito a altera\u00e7\u00e3o, a reconfirmar na data da emiss\u00e3o dos bilhetes);<\/p>\n<p>- Alojamento nos hot\u00e9is previstos ou similares em quarto standard com pequeno-almo\u00e7o;<\/p>\n<p>- Refei\u00e7\u00f5es de acordo com o indicado no itiner\u00e1rio (2 jantares);<\/p>\n<p>- Transporte em autocarro, em conjunto com outras participantes, acompanhado de guia local de l\u00edngua inglesa (2\u00ba ao 4\u00ba dia);<\/p>\n<p>- Visitas de acordo com o indicado no itiner\u00e1rio, incluindo entradas na Cratera de Keri\u00f6 e nas piscinas termais de Hvammsv\u00edk (inclui aluguer de toalha);<\/p>\n<p>- Visita a uma microcervejaria local com degusta\u00e7\u00e3o de cervejas islandesas;<\/p>\n<p>- Uso de grampos de neve (se necess\u00e1rio);<\/p>\n<p>-Taxas de servi\u00e7o e IVA;<\/p>\n<p>- Seguro de viagem.<\/p>\n<p><strong>\u00a0<\/strong><\/p>\n<p><strong>O pre\u00e7o n\u00e3o inclui:<\/strong><\/p>\n<p>- Bebidas \u00e0s refei\u00e7\u00f5es;<br \/>\n- Servi\u00e7o de bagageiros;<\/p>\n<p>- Gratifica\u00e7\u00f5es;<\/p>\n<p>- Taxas tur\u00edsticas e\/ou municipais de obrigatoriedade e pagamento local;<\/p>\n<p>- Extras de car\u00e1cter pessoal;<\/p>\n<p>- Todos os servi\u00e7os n\u00e3o indicados como inclu\u00eddos;<\/p>\n<p>&nbsp;<\/p>\n<p><strong>Seguro de viagem:<br \/>\n<\/strong>- Todas as viagens organizadas pela MundoNovo Viagens est\u00e3o cobertas por um seguro de viagem (<a href=\"https:\/\/www.mundonovoviagens.pt\/wp-content\/uploads\/2025\/02\/MundoNovo-Multiviagens-Plus-1.pdf?x48172&amp;x23938\" target=\"_blank\" rel=\"noopener\">Multiviagens Plus 1<\/a>);<br \/>\n- Adicionalmente propomos o seguro\u00a0<a href=\"https:\/\/www.mundonovoviagens.pt\/wp-content\/uploads\/2025\/02\/MundoNovo-Multiviagens-Premium.pdf?x48172&amp;x23938\" target=\"_blank\" rel=\"noopener\">Multiviagens Premium<\/a>\u00a0(valor das coberturas superior), mediante um suplemento de 30\u20ac por pessoa;<br \/>\n- As condi\u00e7\u00f5es gerais de cada seguro poder\u00e3o ser consultadas na p\u00e1gina inicial do nosso site.<\/p>\n<p>&nbsp;<\/p>\n<p><strong>Condi\u00e7\u00f5es gerais de reserva e cancelamento:<\/strong><b><br \/>\n<\/b>Consultar a ficha de informa\u00e7\u00e3o normalizada (<a href=\"https:\/\/www.mundonovoviagens.pt\/index.php\/ficha-de-informacao-normalizada\/\" target=\"_blank\" rel=\"noopener\">FIN<\/a>) e\u00a0<a href=\"https:\/\/www.mundonovoviagens.pt\/index.php\/condicoes-gerais\/\" target=\"_blank\" rel=\"noopener\">condi\u00e7\u00f5es gerais<\/a>\u00a0indicadas no site.<\/p>\n<\/div>\n<\/div><\/div><\/div><\/div><\/div><\/div>\t\t\t\t\t\t<\/div>\n\t\t\t\t\t\t\t\t\t\t\t<div class=\"tab-pane  fade\" id=\"tab-informa\u00e7\u00f5es-destino\" role=\"tabpanel\">\n\t\t\t\t\t\t\t<div id=\"pl-w69087aed94f6b\"  class=\"panel-layout\" ><div id=\"pg-w69087aed94f6b-0\"  class=\"panel-grid panel-no-style\" ><div id=\"pgc-w69087aed94f6b-0-0\"  class=\"panel-grid-cell\" ><div id=\"panel-w69087aed94f6b-0-0-0\" class=\"so-panel widget widget_sow-editor panel-first-child panel-last-child\" data-index=\"0\" ><div class=\"panel-widget-style panel-widget-style-for-w69087aed94f6b-0-0-0\" ><div\n\t\t\t\n\t\t\tclass=\"so-widget-sow-editor so-widget-sow-editor-base\"\n\t\t\t\n\t\t>\n<div class=\"siteorigin-widget-tinymce textwidget\">\n\t<p><strong>1 -\u00a0 Requisitos de entrada<br \/>\n<\/strong>Cidad\u00e3os portugueses necessitam de bilhete de Identidade\/cart\u00e3o de cidad\u00e3o ou passaporte v\u00e1lidos.<\/p>\n<p>&nbsp;<\/p>\n<p><strong>2 - Vacinas\/ Sa\u00fade<br \/>\n<\/strong>Vacina obrigat\u00f3ria: nenhuma<br \/>\nO Cart\u00e3o Europeu de Seguro de Doen\u00e7a, \u00e9 aceite, em situa\u00e7\u00f5es de emerg\u00eancia, na rede de hospitais p\u00fablicos da Isl\u00e2ndia.<\/p>\n<p>&nbsp;<\/p>\n<p style=\"text-align: justify;\"><strong>3 - Clima<br \/>\n<\/strong>O clima da Isl\u00e2ndia \u00e9 classificado como oce\u00e2nico subpolar. Os meses de Ver\u00e3o s\u00e3o frescos e curtos, e os meses de Inverno s\u00e3o considerados suaves, com temperaturas a rondar os 0\u00baC, no sul do pa\u00eds.<br \/>\nAs temperaturas no pa\u00eds s\u00e3o amenas comparadas com outras regi\u00f5es na mesma latitude devido \u00e0 corrente mar\u00edtima do Golfo, cujo fluxo de \u00e1gua quente faz com que os invernos sejam menos rigorosos.<br \/>\nNo ver\u00e3o os dias s\u00e3o longos, sendo que no final de junho escurece (nunca \u00e9 totalmente noite) \u00e0 meia-noite e amanhece \u00e0s 3 da manh\u00e3. No inverno as noites s\u00e3o longas, invertendo-se as horas com luz solar. O clima no sul \u00e9 mais quente do que no norte do pa\u00eds, porem h\u00famido e ventoso. O centro da ilha tem temperaturas mais baixas devido \u00e0 sua elevada altitude e por isso \u00e9 inabitado.<br \/>\nAs observa\u00e7\u00f5es indicam que, em m\u00e9dia existem duas vezes mais probabilidade de ver as auroras boreais nos equin\u00f3cios que nos solst\u00edcios, portanto, geralmente os meses de mar\u00e7o\/abril e setembro\/outubro costumam ser a alturas ideais. No entanto, as auroras s\u00e3o facilmente vis\u00edveis na Isl\u00e2ndia do final de agosto at\u00e9 ao final de abril.<\/p>\n<p>&nbsp;<\/p>\n<p><strong>4 - Idioma<br \/>\n<\/strong>A l\u00edngua oficial \u00e9 o island\u00eas.<\/p>\n<p>&nbsp;<\/p>\n<p style=\"text-align: justify;\"><strong>5 - Moeda<br \/>\n<\/strong>A moeda \u00e9 a coroa islandesa. Os cart\u00f5es de cr\u00e9dito s\u00e3o aceites na maioria dos hot\u00e9is, restaurantes e lojas. A rede ATM tem uma boa cobertura no territ\u00f3rio.<strong>\u00a0<\/strong><\/p>\n<p>&nbsp;<\/p>\n<p><strong>6 - Diferen\u00e7a hor\u00e1ria<br \/>\n<\/strong>GMT\/UTC +0<strong>\u00a0<\/strong><\/p>\n<p>&nbsp;<\/p>\n<p><strong>7 -\u00a0 Electricidade<br \/>\n<\/strong>230 V \/ 50 Hz (tomadas tipo C e F)<\/p>\n<p>&nbsp;<\/p>\n<p><strong>8 - Representa\u00e7\u00e3o Diplom\u00e1tica \/ Consular<br \/>\n<\/strong>N\u00e3o existe representa\u00e7\u00e3o diplom\u00e1tica portuguesa na Isl\u00e2ndia, recaindo os assuntos relativos a este pa\u00eds no \u00e2mbito da compet\u00eancia da Embaixada de Portugal em Oslo, Noruega.<br \/>\nMais informa\u00e7\u00f5es: <a href=\"https:\/\/portaldascomunidades.mne.gov.pt\/pt\/\" target=\"_blank\" rel=\"noopener\">www.portaldascomunidades.mne.pt\/<\/a><\/p>\n<p>&nbsp;<\/p>\n<p><strong>9 - Site oficial do turismo: <\/strong><a href=\"http:\/\/www.visiticeland.com\/\" target=\"_blank\" rel=\"noopener\">www.visiticeland.com\/<\/a><\/p>\n<\/div>\n<\/div><\/div><\/div><\/div><\/div><\/div>\t\t\t\t\t\t<\/div>\n\t\t\t\t\t\t\t\t\t\t<\/div>\n\t\t\t\t\t\t\t<\/div>\n\n\t\t\t<\/div><div id=\"panel-1482-0-0-1\" class=\"so-panel widget widget_sow-button panel-last-child\" data-index=\"1\" ><div\n\t\t\t\n\t\t\tclass=\"so-widget-sow-button so-widget-sow-button-flat-95cda3216a70-1482\"\n\t\t\t\n\t\t><div class=\"ow-button-base ow-button-align-center\">\n\t<a\n\thref=\"https:\/\/www.mundonovoviagens.pt\/index.php\/contactos\/?wpf62_6=Assunto:%20112%20\u2013%20Glaciares%20do%20Sul%20da%20Islandia%20\u2013%205%20dias\"\n\t\tclass=\"ow-icon-placement-left ow-button-hover\" \t>\n\t\t<span>\n\t\t\t\n\t\t\tCONTACTE-NOS\t\t<\/span>\n\t<\/a>\n<\/div>\n<\/div><\/div><\/div><\/div><\/div>","protected":false},"excerpt":{"rendered":"<p style=\"text-align: center;\"><strong>Circuito Regular com guia em Ingl\u00eas<br \/>\n<\/strong>(Reykjavik, C\u00edrculo Dourado, Glaciar Langj\u00f6kull, Skogafoss, Parque Nacional Vatnaj\u00f6kull, Kirkjubaejarklaustur, Costa Sul,<br \/>\nParque Nacional Tingvellir e Hvammasv\u00edk)<\/p>\n","protected":false},"featured_media":3417,"template":"","meta":[],"product_brand":[],"product_cat":[15],"product_tag":[385,795,690,710,791],"class_list":{"0":"post-1482","1":"product","2":"type-product","3":"status-publish","4":"has-post-thumbnail","6":"product_cat-europa","7":"product_tag-auroras-boreais","8":"product_tag-glaciar-langjokull","9":"product_tag-islandia","10":"product_tag-skogafoss","11":"product_tag-tingvellir","13":"first","14":"instock","15":"shipping-taxable","16":"product-type-simple"},"_links":{"self":[{"href":"https:\/\/www.mundonovoviagens.pt\/index.php\/wp-json\/wp\/v2\/product\/1482","targetHints":{"allow":["GET"]}}],"collection":[{"href":"https:\/\/www.mundonovoviagens.pt\/index.php\/wp-json\/wp\/v2\/product"}],"about":[{"href":"https:\/\/www.mundonovoviagens.pt\/index.php\/wp-json\/wp\/v2\/types\/product"}],"wp:featuredmedia":[{"embeddable":true,"href":"https:\/\/www.mundonovoviagens.pt\/index.php\/wp-json\/wp\/v2\/media\/3417"}],"wp:attachment":[{"href":"https:\/\/www.mundonovoviagens.pt\/index.php\/wp-json\/wp\/v2\/media?parent=1482"}],"wp:term":[{"taxonomy":"product_brand","embeddable":true,"href":"https:\/\/www.mundonovoviagens.pt\/index.php\/wp-json\/wp\/v2\/product_brand?post=1482"},{"taxonomy":"product_cat","embeddable":true,"href":"https:\/\/www.mundonovoviagens.pt\/index.php\/wp-json\/wp\/v2\/product_cat?post=1482"},{"taxonomy":"product_tag","embeddable":true,"href":"https:\/\/www.mundonovoviagens.pt\/index.php\/wp-json\/wp\/v2\/product_tag?post=1482"}],"curies":[{"name":"wp","href":"https:\/\/api.w.org\/{rel}","templated":true}]}}