{"id":155,"date":"2022-03-23T16:27:54","date_gmt":"2022-03-23T16:27:54","guid":{"rendered":"https:\/\/www.mundonovoviagens.pt\/?post_type=product&#038;p=155"},"modified":"2025-10-19T18:43:13","modified_gmt":"2025-10-19T17:43:13","slug":"450-este-do-canada-9-dias","status":"publish","type":"product","link":"https:\/\/www.mundonovoviagens.pt\/index.php\/produto\/450-este-do-canada-9-dias\/","title":{"rendered":"450 &#8211; Este do Canad\u00e1 &#8211; 9 dias"},"content":{"rendered":"<div id=\"pl-155\"  class=\"panel-layout\" ><div id=\"pg-155-0\"  class=\"panel-grid panel-no-style\" ><div id=\"pgc-155-0-0\"  class=\"panel-grid-cell\" ><div id=\"panel-155-0-0-0\" class=\"so-panel widget widget_pt_tabs pt-widget-tabs panel-first-child\" data-index=\"0\" >\t\t\t<div class=\"pt-tabs\">\n\t\t\t\t\n\t\t\t\t\t\t\t\t\t<ul class=\"pt-tabs__navigation  nav  nav-tabs\" role=\"tablist\">\n\t\t\t\t\t\t\t\t\t\t\t\t\t<li class=\"nav-item\">\n\t\t\t\t\t\t\t\t<a class=\"nav-link  active\" data-toggle=\"tab\" href=\"#tab-itiner\u00c1rio\" role=\"tab\">ITINER\u00c1RIO<\/a>\n\t\t\t\t\t\t\t<\/li>\n\t\t\t\t\t\t\t\t\t\t\t\t\t<li class=\"nav-item\">\n\t\t\t\t\t\t\t\t<a class=\"nav-link\" data-toggle=\"tab\" href=\"#tab-condi\u00c7\u00d5es\" role=\"tab\">CONDI\u00c7\u00d5ES<\/a>\n\t\t\t\t\t\t\t<\/li>\n\t\t\t\t\t\t\t\t\t\t\t\t\t<li class=\"nav-item\">\n\t\t\t\t\t\t\t\t<a class=\"nav-link\" data-toggle=\"tab\" href=\"#tab-informa\u00e7\u00f5es-destino\" role=\"tab\">Informa\u00e7\u00f5es Destino<\/a>\n\t\t\t\t\t\t\t<\/li>\n\t\t\t\t\t\t\t\t\t\t\t<\/ul>\n\n\t\t\t\t\t<div class=\"pt-tabs__content  tab-content\">\n\t\t\t\t\t\t\t\t\t\t\t<div class=\"tab-pane  fade  in  active\" id=\"tab-itiner\u00c1rio\" role=\"tabpanel\">\n\t\t\t\t\t\t\t<div id=\"pl-w68f522eb22e4a\"  class=\"panel-layout\" ><div id=\"pg-w68f522eb22e4a-0\"  class=\"panel-grid panel-no-style\" ><div id=\"pgc-w68f522eb22e4a-0-0\"  class=\"panel-grid-cell\" ><div id=\"panel-w68f522eb22e4a-0-0-0\" class=\"so-panel widget widget_sow-editor panel-first-child\" data-index=\"0\" ><div class=\"panel-widget-style panel-widget-style-for-w68f522eb22e4a-0-0-0\" ><div\n\t\t\t\n\t\t\tclass=\"so-widget-sow-editor so-widget-sow-editor-base\"\n\t\t\t\n\t\t><h3 class=\"widget-title\">1\u00ba. Dia \u2013 PORTUGAL \/ TORONTO <\/h3>\n<div class=\"siteorigin-widget-tinymce textwidget\">\n\t<p style=\"text-align: justify;\">Compar\u00eancia no aeroporto 180 minutos antes da hora prevista para a partida. Formalidades de embarque e partida com destino a Toronto. Chegada, assist\u00eancia e transporte para o hotel. Alojamento e resto do dia livre<\/p>\n<\/div>\n<\/div><\/div><\/div><div id=\"panel-w68f522eb22e4a-0-0-1\" class=\"so-panel widget widget_sow-editor\" data-index=\"1\" ><div class=\"panel-widget-style panel-widget-style-for-w68f522eb22e4a-0-0-1\" ><div\n\t\t\t\n\t\t\tclass=\"so-widget-sow-editor so-widget-sow-editor-base\"\n\t\t\t\n\t\t><h3 class=\"widget-title\">2\u00ba. Dia \u2013 TORONTO \/ CATARATAS do NIAGARA \/ TORONTO <\/h3>\n<div class=\"siteorigin-widget-tinymce textwidget\">\n\t<p style=\"text-align: justify;\">Pequeno-almo\u00e7o no hotel. Sa\u00edda para visita panor\u00e2mica desta moderna cidade, que incluir\u00e1: Pal\u00e1cio do Munic\u00edpio, Pal\u00e1cio do Governo, Universidade, a elegante \u00e1rea de Yorkville, o Bairro Chin\u00eas, etc. Continua\u00e7\u00e3o com destino \u00e0s mundialmente famosas Cataratas do Niagara. Durante a perman\u00eancia nas Cataratas ser\u00e1 efectuado um passeio de Barco Hornblower; visita ainda ao Parque da Rainha Victoria, Table Rock, e outros lugares de interesse. Regresso a Toronto com passagem pelo Rel\u00f3gio Floral, a Escola de Horticultura e Niagara-on-the-Lake, a primeira capital do Upper Canad\u00e1. Alojamento<\/p>\n<\/div>\n<\/div><\/div><\/div><div id=\"panel-w68f522eb22e4a-0-0-2\" class=\"so-panel widget widget_sow-editor\" data-index=\"2\" ><div class=\"panel-widget-style panel-widget-style-for-w68f522eb22e4a-0-0-2\" ><div\n\t\t\t\n\t\t\tclass=\"so-widget-sow-editor so-widget-sow-editor-base\"\n\t\t\t\n\t\t><h3 class=\"widget-title\">3\u00ba. Dia \u2013 TORONTO \/ 1000 ILHAS \/ OTTAWA <\/h3>\n<div class=\"siteorigin-widget-tinymce textwidget\">\n\t<p style=\"text-align: justify;\">Pequeno-almo\u00e7o no hotel. Sa\u00edda em dire\u00e7\u00e3o a Ottawa, com paragem em Rockport para realizar o cruzeiro das famosas 1000 ilhas. Ap\u00f3s passeio, continua\u00e7\u00e3o da viagem junto aos rios e lagos do canal Ridaeu at\u00e9 Ottawa , capital do pa\u00eds, situada na fronteira das prov\u00edncias de Ont\u00e1rio e Quebec. Visita da cidade definida pelo Canal Rideau ( Patrim\u00f3nio Mundial da UNESCO) e os edif\u00edcios governamentais na Colina do Parlamento, a cidade oferece diversos pontos tur\u00edsticos, incluindo jardins p\u00fablicos, Byward Market e C\u00e2mara Municipal. Alojamento.<\/p>\n<\/div>\n<\/div><\/div><\/div><div id=\"panel-w68f522eb22e4a-0-0-3\" class=\"so-panel widget widget_sow-editor\" data-index=\"3\" ><div class=\"panel-widget-style panel-widget-style-for-w68f522eb22e4a-0-0-3\" ><div\n\t\t\t\n\t\t\tclass=\"so-widget-sow-editor so-widget-sow-editor-base\"\n\t\t\t\n\t\t><h3 class=\"widget-title\">4\u00ba. Dia \u2013 OTTAWA \/ CIDADE de QUEBEC  <\/h3>\n<div class=\"siteorigin-widget-tinymce textwidget\">\n\t<p style=\"text-align: justify;\">Pequeno-almo\u00e7o no hotel. Sa\u00edda para visita panor\u00e2mica de cidade, com passagem pelo\u00a0 Centro Financeiro, Casa do Primeiro-Ministro e do Governador-geral, resid\u00eancia dos Embaixadores, etc. Durante os meses de Julho e Agosto, \u00e0s 10h00 da manh\u00e3, teremos a oportunidade de assistir ao render da guarda junto ao Parlamento.<br \/>\nDe tarde continua\u00e7\u00e3o da viagem para Quebec City. Chegada. Alojamento<\/p>\n<\/div>\n<\/div><\/div><\/div><div id=\"panel-w68f522eb22e4a-0-0-4\" class=\"so-panel widget widget_sow-editor\" data-index=\"4\" ><div class=\"panel-widget-style panel-widget-style-for-w68f522eb22e4a-0-0-4\" ><div\n\t\t\t\n\t\t\tclass=\"so-widget-sow-editor so-widget-sow-editor-base\"\n\t\t\t\n\t\t><h3 class=\"widget-title\">5\u00ba. Dia \u2013 CIDADE DE QUEBEC<\/h3>\n<div class=\"siteorigin-widget-tinymce textwidget\">\n\t<p style=\"text-align: justify;\">Pequeno-almo\u00e7o no hotel. O nosso dia come\u00e7a com um passeio nesta cidade maravilhosa, considerada a cidade mais europeia da Am\u00e9rica do Norte. Visita \u00e0s suas fortifica\u00e7\u00f5es, Parque das Batalhas, Pra\u00e7a Royal, Terra\u00e7o Dufferin e sentiremos a sua magia secular caminhando pelas ruas estreitas, e apreciando pintores e m\u00fasicos, que aqui exp\u00f5em a sua arte. Alojamento.<\/p>\n<\/div>\n<\/div><\/div><\/div><div id=\"panel-w68f522eb22e4a-0-0-5\" class=\"so-panel widget widget_sow-editor\" data-index=\"5\" ><div class=\"panel-widget-style panel-widget-style-for-w68f522eb22e4a-0-0-5\" ><div\n\t\t\t\n\t\t\tclass=\"so-widget-sow-editor so-widget-sow-editor-base\"\n\t\t\t\n\t\t><h3 class=\"widget-title\">6\u00ba. Dia \u2013 CIDADE de QUEBEC \/ MONTREAL<\/h3>\n<div class=\"siteorigin-widget-tinymce textwidget\">\n\t<p style=\"text-align: justify;\">Pequeno-almo\u00e7o\u00a0 no hotel. Manh\u00e3 livre. De tarde continua\u00e7\u00e3o da viagem para Montreal. Chegada e alojamento.<\/p>\n<\/div>\n<\/div><\/div><\/div><div id=\"panel-w68f522eb22e4a-0-0-6\" class=\"so-panel widget widget_sow-editor\" data-index=\"6\" ><div class=\"panel-widget-style panel-widget-style-for-w68f522eb22e4a-0-0-6\" ><div\n\t\t\t\n\t\t\tclass=\"so-widget-sow-editor so-widget-sow-editor-base\"\n\t\t\t\n\t\t><h3 class=\"widget-title\">7\u00ba. Dia \u2013 MONTREAL <\/h3>\n<div class=\"siteorigin-widget-tinymce textwidget\">\n\t<p style=\"text-align: justify;\">Pequeno-almo\u00e7o no hotel. Visita desta cidade cosmopolita de l\u00edngua francesa. Oportunidade para conhecer as \u00e1reas Financeira e Comercial, a velha Montreal, a famosa Bas\u00edlica de Notre Dame (entrada inclu\u00edda), o Monte Royal e outros lugares de interesse. Tarde livre. Alojamento.<\/p>\n<\/div>\n<\/div><\/div><\/div><div id=\"panel-w68f522eb22e4a-0-0-7\" class=\"so-panel widget widget_sow-editor\" data-index=\"7\" ><div class=\"panel-widget-style panel-widget-style-for-w68f522eb22e4a-0-0-7\" ><div\n\t\t\t\n\t\t\tclass=\"so-widget-sow-editor so-widget-sow-editor-base\"\n\t\t\t\n\t\t><h3 class=\"widget-title\">8\u00ba. Dia \u2013 MONTREAL \/ PORTUGAL<\/h3>\n<div class=\"siteorigin-widget-tinymce textwidget\">\n\t<p style=\"text-align: justify;\">Pequeno-almo\u00e7o no hotel. Em hora a informar localmente, transporte ao aeroporto de Montreal. Formalidades de embarque e partida com destino a Portugal. Noite a bordo.<\/p>\n<\/div>\n<\/div><\/div><\/div><div id=\"panel-w68f522eb22e4a-0-0-8\" class=\"so-panel widget widget_sow-editor panel-last-child\" data-index=\"8\" ><div class=\"panel-widget-style panel-widget-style-for-w68f522eb22e4a-0-0-8\" ><div\n\t\t\t\n\t\t\tclass=\"so-widget-sow-editor so-widget-sow-editor-base\"\n\t\t\t\n\t\t><h3 class=\"widget-title\">9\u00ba. Dia \u2013 Chegada a PORTUGAL<\/h3>\n<div class=\"siteorigin-widget-tinymce textwidget\">\n\t<p style=\"text-align: justify;\">Chegada a Portugal.<br \/>\nFim dos nossos servi\u00e7os<\/p>\n<\/div>\n<\/div><\/div><\/div><\/div><\/div><\/div>\t\t\t\t\t\t<\/div>\n\t\t\t\t\t\t\t\t\t\t\t<div class=\"tab-pane  fade\" id=\"tab-condi\u00c7\u00d5es\" role=\"tabpanel\">\n\t\t\t\t\t\t\t<div id=\"pl-w68f522eb22e4e\"  class=\"panel-layout\" ><div id=\"pg-w68f522eb22e4e-0\"  class=\"panel-grid panel-no-style\" ><div id=\"pgc-w68f522eb22e4e-0-0\"  class=\"panel-grid-cell\" ><div id=\"panel-w68f522eb22e4e-0-0-0\" class=\"so-panel widget widget_sow-editor panel-first-child panel-last-child\" data-index=\"0\" ><div class=\"panel-widget-style panel-widget-style-for-w68f522eb22e4e-0-0-0\" ><div\n\t\t\t\n\t\t\tclass=\"so-widget-sow-editor so-widget-sow-editor-base\"\n\t\t\t\n\t\t>\n<div class=\"siteorigin-widget-tinymce textwidget\">\n\t<p><span style=\"color: #000000;\"><strong>DATAS de PARTIDA 2026:<\/strong><\/span><\/p>\n<p>&nbsp;<\/p>\n<p><strong>MAIO: <\/strong>23;\u00a0\u00a0 <strong>JULHO: <\/strong>04 e 11<\/p>\n<p><strong>AGOSTO: <\/strong>01, 15, 22 e 29;\u00a0\u00a0 <strong>SETEMBRO: <\/strong>05<\/p>\n<p>&nbsp;<\/p>\n<p><span style=\"color: #000000;\"><strong>Pre\u00e7o por pessoa segundo ocupa\u00e7\u00e3o do quarto (m\u00ednimo 2 participantes):<\/strong><\/span><\/p>\n<p>&nbsp;<\/p>\n<p><span style=\"color: #000000;\"><strong>HOT\u00c9IS PREVISTOS OU SIMILARES:<\/strong><\/span><\/p>\n<p>&nbsp;<\/p>\n<p><span style=\"color: #000000;\"><strong>TORONTO <\/strong>-<\/span> <a href=\"http:\/\/www.westin.com\/harbourcastle\" target=\"_blank\" rel=\"noopener\">Hotel Westin Harbour Castle<\/a> 4*<\/p>\n<p><span style=\"color: #000000;\"><strong>OTTAWA<\/strong><\/span> \u2013 <a href=\"https:\/\/lordelginhotel.ca\/\" target=\"_blank\" rel=\"noopener\">Hotel Lord Elgin<\/a> 4*<\/p>\n<p><span style=\"color: #000000;\"><strong>QUEBEC<\/strong> <\/span>\u2013 <a href=\"http:\/\/www.marriott.com\/en-us\/hotels\/yqbpu-hotel-pur-quebec-a-tribute-portfolio-hotel\/overview\/\" target=\"_blank\" rel=\"noopener\">Hotel Pur <\/a>\u00a04*<\/p>\n<p><span style=\"color: #000000;\"><strong>MONTREAL<\/strong><\/span> \u2013 <a href=\"https:\/\/www.marriott.com\/en-us\/hotels\/yuldb-delta-hotels-montreal\/overview\/?scid=f2ae0541-1279-4f24-b197-a979c79310b0\" target=\"_blank\" rel=\"noopener\">Hotel Delta Montreal<\/a> 4*<\/p>\n<p>&nbsp;<\/p>\n<table>\n<tbody>\n<tr>\n<td>\n<p style=\"text-align: center;\"><strong>Per\u00edodo<\/strong><\/p>\n<\/td>\n<td style=\"text-align: center;\"><strong>QUADRUPLO <\/strong><\/td>\n<td style=\"text-align: center;\"><strong>TRIPLO <\/strong><\/td>\n<td style=\"text-align: center;\"><strong>DUPLO<\/strong><\/td>\n<td>\n<p style=\"text-align: center;\"><strong>SINGLE<\/strong><\/p>\n<\/td>\n<\/tr>\n<tr>\n<td>\n<p style=\"text-align: center;\"><strong>Maio a Setembro<\/strong><\/p>\n<\/td>\n<td style=\"text-align: center;\">2.275,00 \u20ac<\/td>\n<td style=\"text-align: center;\">2.405,00 \u20ac<\/td>\n<td style=\"text-align: center;\">2.655,00 \u20ac<\/td>\n<td>\n<p style=\"text-align: center;\">3.545,00 \u20ac<\/p>\n<\/td>\n<\/tr>\n<\/tbody>\n<\/table>\n<p>&nbsp;<\/p>\n<p><span style=\"color: #0000ff;\"><strong>Nota muito importante:<\/strong><\/span> Informamos que a viagem tem de ser paga na \u00edntegra 30 dias antes da data da partida.<\/p>\n<p>&nbsp;<\/p>\n<p><strong>Nota*:<\/strong> Os quartos qu\u00e1druplos e triplos s\u00e3o compostos por 2 camas de casal.<\/p>\n<p>&nbsp;<\/p>\n<p style=\"text-align: justify;\"><strong>Nota 1<\/strong>: Este programa foi calculado com base na companhia a\u00e9rea Air Canada em cabine econ\u00f3mica, tarifa em classe L. Caso n\u00e3o haja disponibilidade de lugares nessa tarifa, ser\u00e1 proposto em alternativa o escal\u00e3o tarif\u00e1rio seguinte dispon\u00edvel, ou outra companhia a\u00e9rea, mediante um suplemento a informar.<\/p>\n<p>&nbsp;<\/p>\n<p><strong>Suplemento de tarifa a\u00e9rea com a Air Canad\u00e1 (Porto ou Lisboa):<\/strong><\/p>\n<p>&nbsp;<\/p>\n<table>\n<tbody>\n<tr>\n<td>\n<p style=\"text-align: center;\"><strong>Per\u00edodo:<\/strong><\/p>\n<\/td>\n<td style=\"text-align: center;\"><strong>Classe L<\/strong><\/td>\n<td style=\"text-align: center;\"><strong>Classe T<\/strong><\/td>\n<td style=\"text-align: center;\"><strong>Classe S<\/strong><\/td>\n<td style=\"text-align: center;\"><strong>Classe W<\/strong><\/td>\n<\/tr>\n<tr>\n<td>\n<p style=\"text-align: center;\"><strong>23\/05\/26 a 24\/06\/26<\/strong><\/p>\n<\/td>\n<td style=\"text-align: center;\">Sem supl.<\/td>\n<td style=\"text-align: center;\">66,00 \u20ac<\/td>\n<td style=\"text-align: center;\">134,00 \u20ac<\/td>\n<td>\n<p style=\"text-align: center;\">158,00 \u20ac<\/p>\n<\/td>\n<\/tr>\n<tr>\n<td>\n<p style=\"text-align: center;\"><strong>25\/06\/26 a 24\/08\/26<\/strong><\/p>\n<\/td>\n<td style=\"text-align: center;\">90,00 \u20ac<\/td>\n<td style=\"text-align: center;\">156,00 \u20ac<\/td>\n<td style=\"text-align: center;\">224,00 \u20ac<\/td>\n<td>\n<p style=\"text-align: center;\">248,00 \u20ac<\/p>\n<\/td>\n<\/tr>\n<tr>\n<td>\n<p style=\"text-align: center;\"><strong>25\/08\/26 a 06\/09\/26<\/strong><\/p>\n<\/td>\n<td style=\"text-align: center;\">Sem supl.<\/td>\n<td style=\"text-align: center;\">66,00 \u20ac<\/td>\n<td style=\"text-align: center;\">134,00 \u20ac<\/td>\n<td>\n<p style=\"text-align: center;\">158,00 \u20ac<\/p>\n<\/td>\n<\/tr>\n<\/tbody>\n<\/table>\n<p>&nbsp;<\/p>\n<p style=\"text-align: justify;\"><strong>O pre\u00e7o inclui:<br \/>\n<\/strong>- Passagem a\u00e9rea em voos regulares, em classe econ\u00f3mica, para o percurso indicado, incluindo transporte de bagagem de por\u00e3o;<br \/>\n- Taxas de aeroporto, seguran\u00e7a e combust\u00edvel no valor de \u20ac 378,00 \u20ac (valor sujeito a altera\u00e7\u00e3o, a reconfirmar na data da emiss\u00e3o dos bilhetes);<br \/>\n- Transporte aeroporto \/ hotel \/ aeroporto;<br \/>\n- Alojamento nos hot\u00e9is previstos ou similares, em quarto standard, com pequeno-almo\u00e7o;<br \/>\n- Circuito em servi\u00e7o regular (conjunto com outros participantes) acompanhado de guia bilingue, portugu\u00eas e espanhol;<br \/>\n- Transporte em van\/minibus\/autocarro (de acordo com o n\u00famero de participantes);<br \/>\n- Visitas de acordo com o indicado no itiner\u00e1rio, incluindo passeio no barco Hornblower nas Cataratas do Niagara, cruzeiro das 1000 ilhas e entrada na Bas\u00edlica de Notre Dame;<br \/>\n- Taxas de servi\u00e7o e IVA;<br \/>\n- Seguro de viagem.<\/p>\n<p>&nbsp;<\/p>\n<p><strong>O pre\u00e7o n\u00e3o inclui:<br \/>\n<\/strong>- Gratifica\u00e7\u00f5es;<br \/>\n- Extras de car\u00e1ter pessoal;<br \/>\n- Todos os servi\u00e7os n\u00e3o indicados como inclu\u00eddos;<br \/>\n- Autoriza\u00e7\u00e3o de entrada no Canad\u00e1 (eTA).<\/p>\n<p>&nbsp;<\/p>\n<p><strong>Seguro de viagem:<\/strong><\/p>\n<p>- Todas as viagens organizadas pela MundoNovo Viagens est\u00e3o cobertas por um seguro de viagem (<a href=\"https:\/\/www.mundonovoviagens.pt\/wp-content\/uploads\/2025\/02\/MundoNovo-Multiviagens-Plus-1.pdf?x78457&amp;x70114&amp;x48172&amp;x23938&amp;x23938\" target=\"_blank\" rel=\"noopener\">Multiviagens Plus 1<\/a>);<br \/>\n- Adicionalmente propomos o seguro \u00a0<a href=\"https:\/\/www.mundonovoviagens.pt\/wp-content\/uploads\/2025\/02\/MundoNovo-Multiviagens-Premium.pdf?x78457&amp;x70114&amp;x48172&amp;x23938&amp;x23938\" target=\"_blank\" rel=\"noopener\">Multiviagens Premium<\/a>\u00a0(valor das coberturas superior), mediante um suplemento de 30\u20ac por pessoa;<br \/>\n- As condi\u00e7\u00f5es gerais de cada seguro poder\u00e3o ser consultadas na p\u00e1gina inicial do nosso site.<\/p>\n<p>&nbsp;<\/p>\n<p><strong>Condi\u00e7\u00f5es gerais de reserva e cancelamento:<\/strong><b><br \/>\n<\/b>Consultar a ficha de informa\u00e7\u00e3o normalizada (<a href=\"https:\/\/www.mundonovoviagens.pt\/index.php\/ficha-de-informacao-normalizada\/\" target=\"_blank\" rel=\"noopener\">FIN<\/a>) e\u00a0<a href=\"https:\/\/www.mundonovoviagens.pt\/index.php\/condicoes-gerais\/\" target=\"_blank\" rel=\"noopener\">condi\u00e7\u00f5es gerais<\/a>\u00a0indicadas no site.<\/p>\n<\/div>\n<\/div><\/div><\/div><\/div><\/div><\/div>\t\t\t\t\t\t<\/div>\n\t\t\t\t\t\t\t\t\t\t\t<div class=\"tab-pane  fade\" id=\"tab-informa\u00e7\u00f5es-destino\" role=\"tabpanel\">\n\t\t\t\t\t\t\t<div id=\"pl-w68f522eb22e50\"  class=\"panel-layout\" ><div id=\"pg-w68f522eb22e50-0\"  class=\"panel-grid panel-no-style\" ><div id=\"pgc-w68f522eb22e50-0-0\"  class=\"panel-grid-cell\" ><div id=\"panel-w68f522eb22e50-0-0-0\" class=\"so-panel widget widget_sow-editor panel-first-child panel-last-child\" data-index=\"0\" ><div class=\"panel-widget-style panel-widget-style-for-w68f522eb22e50-0-0-0\" ><div\n\t\t\t\n\t\t\tclass=\"so-widget-sow-editor so-widget-sow-editor-base\"\n\t\t\t\n\t\t>\n<div class=\"siteorigin-widget-tinymce textwidget\">\n\t<p style=\"text-align: justify;\"><strong>1 - Requisitos de entrada<br \/>\n<\/strong>Os cidad\u00e3os portugueses necessitam de passaporte com a validade m\u00ednima de 6 meses \u00e0 data de sa\u00edda do pa\u00eds. N\u00e3o necessitam de visto, mas devem obter previamente o eTA - electronic Travel Authorization. Obtido atrav\u00e9s do site <a href=\"https:\/\/www.canada.ca\/en\/immigration-refugees-citizenship\/services\/visit-canada\/eta\/apply-pt.html\" target=\"_blank\" rel=\"noopener\">www.canada.ca\/en<\/a> tem um custo de 7 CAD, pago atrav\u00e9s de cart\u00e3o de cr\u00e9dito).<\/p>\n<p>&nbsp;<\/p>\n<p><strong>2 - Vacinas \/ Sa\u00fade<br \/>\n<\/strong>Vacina obrigat\u00f3ria: nenhuma.<\/p>\n<p>&nbsp;<\/p>\n<p style=\"text-align: justify;\"><strong>3 - Clima<br \/>\n<\/strong>Dada a extens\u00e3o do pa\u00eds, o clima apresenta muitas variantes. Temperado na costa oeste da British Columbia e o sub\u00e1rtico no norte do pa\u00eds. O interior tem um clima temperado continental, com invernos muito rigorosos e ver\u00f5es relativamente curtos. Os meses entre Maio e Setembro correspondem \u00e0 melhor \u00e9poca para desfrutar de actividades ao ar livre, sem o frio e a neve do Inverno. De todos os meses, Julho e Agosto s\u00e3o os melhores meses para visitar o Canad\u00e1, com temperaturas m\u00e1ximas m\u00e9dias de 20\u00ba C.<\/p>\n<p>&nbsp;<\/p>\n<p><strong>4 - Idioma<br \/>\n<\/strong>As l\u00ednguas oficiais s\u00e3o o ingl\u00eas e o franc\u00eas (usado sobretudo no Qu\u00e9bec).<\/p>\n<p>&nbsp;<\/p>\n<p><strong>5 - Moeda<br \/>\n<\/strong>A moeda \u00e9 o d\u00f3lar canadiano (CAD). A cobertura de caixas ATM \u00e9 boa. S\u00e3o aceites a maioria dos cart\u00f5es de cr\u00e9dito.<\/p>\n<p>&nbsp;<\/p>\n<p><strong>6 - Diferen\u00e7a Hor\u00e1ria<br \/>\n<\/strong>UTC\/GMT \u2013 04(Otava) a -07 (Vancouver)<\/p>\n<p>&nbsp;<\/p>\n<p><strong>7 - Eletricidade<\/strong><br \/>\n120 V \/ 60 Hz (tomadas tipo A e B)<\/p>\n<p>&nbsp;<\/p>\n<p><strong>8 - Representa\u00e7\u00e3o Diplom\u00e1tica \/ Consular<br \/>\n<\/strong>Embaixada de Portugal em Ottawa e consulados gerais em diversas cidades do pa\u00eds.<br \/>\nMais informa\u00e7\u00f5es: <a href=\"https:\/\/portaldascomunidades.mne.gov.pt\/pt\/\" target=\"_blank\" rel=\"noopener\">www.portaldascomunidades.mne.pt<\/a><\/p>\n<p>&nbsp;<\/p>\n<p style=\"text-align: justify;\"><strong>9 - Site oficial do turismo: <\/strong><a href=\"https:\/\/travel.gc.ca\/\" target=\"_blank\" rel=\"noopener\">https:\/\/travel.gc.ca\/<\/a><\/p>\n<\/div>\n<\/div><\/div><\/div><\/div><\/div><\/div>\t\t\t\t\t\t<\/div>\n\t\t\t\t\t\t\t\t\t\t<\/div>\n\t\t\t\t\t\t\t<\/div>\n\n\t\t\t<\/div><div id=\"panel-155-0-0-1\" class=\"so-panel widget widget_sow-button panel-last-child\" data-index=\"1\" ><div\n\t\t\t\n\t\t\tclass=\"so-widget-sow-button so-widget-sow-button-flat-95cda3216a70-155\"\n\t\t\t\n\t\t><div class=\"ow-button-base ow-button-align-center\">\n\t<a\n\thref=\"https:\/\/www.mundonovoviagens.pt\/index.php\/contactos\/?wpf62_6=Assunto:%20450%20-%20Este%20do%20Canada%20-%209%20dias\"\n\t\tclass=\"ow-icon-placement-left ow-button-hover\" \t>\n\t\t<span>\n\t\t\t\n\t\t\tCONTACTE-NOS\t\t<\/span>\n\t<\/a>\n<\/div>\n<\/div><\/div><\/div><\/div><\/div>","protected":false},"excerpt":{"rendered":"<p style=\"text-align: center;\"><strong>Circuito Regular com guia em Portugu\u00eas \/ Espanhol<\/strong><\/p>\n<p style=\"text-align: center;\">(Toronto, Cataratas de Ni\u00e1gara, Ottawa, Qu\u00e9bec e Montreal)<\/p>\n","protected":false},"featured_media":2099,"template":"","meta":[],"product_brand":[],"product_cat":[15],"product_tag":[517,987,527,525,526,524],"class_list":{"0":"post-155","1":"product","2":"type-product","3":"status-publish","4":"has-post-thumbnail","6":"product_cat-europa","7":"product_tag-canada","8":"product_tag-cataratas-de-niagara","9":"product_tag-montreal","10":"product_tag-ottawa","11":"product_tag-quebec","12":"product_tag-toronto","14":"first","15":"instock","16":"shipping-taxable","17":"product-type-simple"},"_links":{"self":[{"href":"https:\/\/www.mundonovoviagens.pt\/index.php\/wp-json\/wp\/v2\/product\/155","targetHints":{"allow":["GET"]}}],"collection":[{"href":"https:\/\/www.mundonovoviagens.pt\/index.php\/wp-json\/wp\/v2\/product"}],"about":[{"href":"https:\/\/www.mundonovoviagens.pt\/index.php\/wp-json\/wp\/v2\/types\/product"}],"wp:featuredmedia":[{"embeddable":true,"href":"https:\/\/www.mundonovoviagens.pt\/index.php\/wp-json\/wp\/v2\/media\/2099"}],"wp:attachment":[{"href":"https:\/\/www.mundonovoviagens.pt\/index.php\/wp-json\/wp\/v2\/media?parent=155"}],"wp:term":[{"taxonomy":"product_brand","embeddable":true,"href":"https:\/\/www.mundonovoviagens.pt\/index.php\/wp-json\/wp\/v2\/product_brand?post=155"},{"taxonomy":"product_cat","embeddable":true,"href":"https:\/\/www.mundonovoviagens.pt\/index.php\/wp-json\/wp\/v2\/product_cat?post=155"},{"taxonomy":"product_tag","embeddable":true,"href":"https:\/\/www.mundonovoviagens.pt\/index.php\/wp-json\/wp\/v2\/product_tag?post=155"}],"curies":[{"name":"wp","href":"https:\/\/api.w.org\/{rel}","templated":true}]}}