{"id":1704,"date":"2023-02-08T14:48:03","date_gmt":"2023-02-08T14:48:03","guid":{"rendered":"https:\/\/www.mundonovoviagens.pt\/?post_type=product&#038;p=1704"},"modified":"2025-12-18T16:30:55","modified_gmt":"2025-12-18T15:30:55","slug":"100-o-essencial-das-ilhas-faroe-8-dias","status":"publish","type":"product","link":"https:\/\/www.mundonovoviagens.pt\/index.php\/produto\/100-o-essencial-das-ilhas-faroe-8-dias\/","title":{"rendered":"100 \u2013 O Essencial das Ilhas Faro\u00e9 \u2013 8 dias"},"content":{"rendered":"<div id=\"pl-1704\"  class=\"panel-layout\" ><div id=\"pg-1704-0\"  class=\"panel-grid panel-no-style\" ><div id=\"pgc-1704-0-0\"  class=\"panel-grid-cell\" ><div id=\"panel-1704-0-0-0\" class=\"so-panel widget widget_pt_tabs pt-widget-tabs panel-first-child\" data-index=\"0\" >\t\t\t<div class=\"pt-tabs\">\n\t\t\t\t\n\t\t\t\t\t\t\t\t\t<ul class=\"pt-tabs__navigation  nav  nav-tabs\" role=\"tablist\">\n\t\t\t\t\t\t\t\t\t\t\t\t\t<li class=\"nav-item\">\n\t\t\t\t\t\t\t\t<a class=\"nav-link  active\" data-toggle=\"tab\" href=\"#tab-itiner\u00c1rio\" role=\"tab\">ITINER\u00c1RIO<\/a>\n\t\t\t\t\t\t\t<\/li>\n\t\t\t\t\t\t\t\t\t\t\t\t\t<li class=\"nav-item\">\n\t\t\t\t\t\t\t\t<a class=\"nav-link\" data-toggle=\"tab\" href=\"#tab-pre\u00e7os-e-condi\u00e7\u00f5es\" role=\"tab\">Pre\u00e7os e Condi\u00e7\u00f5es<\/a>\n\t\t\t\t\t\t\t<\/li>\n\t\t\t\t\t\t\t\t\t\t\t\t\t<li class=\"nav-item\">\n\t\t\t\t\t\t\t\t<a class=\"nav-link\" data-toggle=\"tab\" href=\"#tab-informa\u00e7\u00f5es-destino\" role=\"tab\">Informa\u00e7\u00f5es Destino<\/a>\n\t\t\t\t\t\t\t<\/li>\n\t\t\t\t\t\t\t\t\t\t\t<\/ul>\n\n\t\t\t\t\t<div class=\"pt-tabs__content  tab-content\">\n\t\t\t\t\t\t\t\t\t\t\t<div class=\"tab-pane  fade  in  active\" id=\"tab-itiner\u00c1rio\" role=\"tabpanel\">\n\t\t\t\t\t\t\t<div id=\"pl-w6915f11e2d7b9\"  class=\"panel-layout\" ><div id=\"pg-w6915f11e2d7b9-0\"  class=\"panel-grid panel-no-style\" ><div id=\"pgc-w6915f11e2d7b9-0-0\"  class=\"panel-grid-cell\" ><div id=\"panel-w6915f11e2d7b9-0-0-0\" class=\"so-panel widget widget_sow-editor panel-first-child\" data-index=\"0\" ><div class=\"panel-widget-style panel-widget-style-for-w6915f11e2d7b9-0-0-0\" ><div\n\t\t\t\n\t\t\tclass=\"so-widget-sow-editor so-widget-sow-editor-base\"\n\t\t\t\n\t\t><h3 class=\"widget-title\">1\u00ba.\tDia \u2013  PORTUGAL \/ T\u00d3RSHAVN<\/h3>\n<div class=\"siteorigin-widget-tinymce textwidget\">\n\t<p style=\"text-align: justify;\">Compar\u00eancia no aeroporto 120 minutos antes da hora prevista para a partida. Formalidades de embarque e partida para as Ilhas Faro\u00e9, com mudan\u00e7as de avi\u00e3o em rota. Chegada e transporte ao hotel em T\u00f3rshavn, capital das Ilhas Faro\u00e9. Alojamento.<\/p>\n<\/div>\n<\/div><\/div><\/div><div id=\"panel-w6915f11e2d7b9-0-0-1\" class=\"so-panel widget widget_sow-editor\" data-index=\"1\" ><div class=\"panel-widget-style panel-widget-style-for-w6915f11e2d7b9-0-0-1\" ><div\n\t\t\t\n\t\t\tclass=\"so-widget-sow-editor so-widget-sow-editor-base\"\n\t\t\t\n\t\t><h3 class=\"widget-title\">2\u00ba. Dia \u2013 T\u00d3RSHAVN \/ ILHA BORDOY \/ T\u00d3RSHAVN<\/h3>\n<div class=\"siteorigin-widget-tinymce textwidget\">\n\t<p style=\"text-align: justify;\">Pequeno-almo\u00e7o no hotel. Sa\u00edda para visita \u00e0 maravilhosa Ilha Bor\u00f0oy, onde exploraremos Klaksv\u00edk, o cora\u00e7\u00e3o da ind\u00fastria pesqueira das Ilhas Faro\u00e9. Visita \u00e0 aldeia remota de Kunoy e continua\u00e7\u00e3o para norte at\u00e9 \u00e0 pitoresca Vi\u00f0arei\u00f0i. No regresso a T\u00f3rshavn, passagem pelo fascinante t\u00fanel subaqu\u00e1tico, com a famosa rotunda decorada pelo artista faroense Tr\u00f3ndur Patursson (entradas, almo\u00e7o e bebidas inclu\u00eddas).<\/p>\n<\/div>\n<\/div><\/div><\/div><div id=\"panel-w6915f11e2d7b9-0-0-2\" class=\"so-panel widget widget_sow-editor\" data-index=\"2\" ><div class=\"panel-widget-style panel-widget-style-for-w6915f11e2d7b9-0-0-2\" ><div\n\t\t\t\n\t\t\tclass=\"so-widget-sow-editor so-widget-sow-editor-base\"\n\t\t\t\n\t\t><h3 class=\"widget-title\">3\u00ba. Dia \u2013 T\u00d3RSHAVN <\/h3>\n<div class=\"siteorigin-widget-tinymce textwidget\">\n\t<p style=\"text-align: justify;\">Pequeno-almo\u00e7o no hotel. Dia livre. Alojamento no hotel.<\/p>\n<p>&nbsp;<\/p>\n<p style=\"text-align: justify;\"><span style=\"color: #20b2aa;\"><strong>Sugerimos uma das seguintes visitas opcionais:<\/strong><\/span><\/p>\n<p style=\"text-align: justify;\">Visita de dia inteiro \u00e0 Ilha Mykines. Desfrute de um magn\u00edfico passeio de barco ao longo das majestosas fal\u00e9sias. Veja os impressionantes alcatrazes que s\u00f3 se reproduzem em Mykinesholm e os encantadores papagaios-do-mar com os seus bicos coloridos, (inclui guia, almo\u00e7o e bebidas).<\/p>\n<p>&nbsp;<\/p>\n<p><strong>Ou<\/strong><\/p>\n<p style=\"text-align: justify;\">Visita de dia inteiro \u00e0 ilha N\u00f3lsoy. Oportunidade de conhecer aldeias \u00fanicas e uma das maiores col\u00f3nias de petr\u00e9is-das-tormentas do mundo; tempo ainda para um passeio entre as coloridas casas, e pelo porto encantador, (inclui guia, almo\u00e7o e bebidas).<\/p>\n<\/div>\n<\/div><\/div><\/div><div id=\"panel-w6915f11e2d7b9-0-0-3\" class=\"so-panel widget widget_sow-editor\" data-index=\"3\" ><div class=\"panel-widget-style panel-widget-style-for-w6915f11e2d7b9-0-0-3\" ><div\n\t\t\t\n\t\t\tclass=\"so-widget-sow-editor so-widget-sow-editor-base\"\n\t\t\t\n\t\t><h3 class=\"widget-title\">4\u00ba. Dia \u2013 T\u00d3RSHAVN \/ FAL\u00c9SIAS VESTMANNA \/ T\u00d3RSHAVN<\/h3>\n<div class=\"siteorigin-widget-tinymce textwidget\">\n\t<p style=\"text-align: justify;\">Pequeno-almo\u00e7o no hotel. Viagem de um dia \u00e0s majestosas montanhas de Vestmanna e \u00e0s hist\u00f3ricas povoa\u00e7\u00f5es vikings de Kv\u00edv\u00edk. O dia come\u00e7a com uma emocionante viagem de barco \u00e0s Fal\u00e9sias de Vestmanna, para explorar as dram\u00e1ticas fal\u00e9sias e algumas das grutas ao longo da costa, onde poderemos avistar as v\u00e1rias esp\u00e9cies de aves que nidificam nas estreitas fal\u00e9sias. No regresso a T\u00f3rshavn, visita a uma antiga quinta viking na bela povoa\u00e7\u00e3o de Kv\u00edv\u00edk e faremos v\u00e1rias paragens para fotografias durante a viagem. Chegada ao hotel. Alojamento.<\/p>\n<\/div>\n<\/div><\/div><\/div><div id=\"panel-w6915f11e2d7b9-0-0-4\" class=\"so-panel widget widget_sow-editor\" data-index=\"4\" ><div class=\"panel-widget-style panel-widget-style-for-w6915f11e2d7b9-0-0-4\" ><div\n\t\t\t\n\t\t\tclass=\"so-widget-sow-editor so-widget-sow-editor-base\"\n\t\t\t\n\t\t><h3 class=\"widget-title\">5\u00ba.\tDia \u2013 T\u00d3RSHAVN \/ ILHA STREYMOY \/ ILHA EYSTUROY \/ T\u00d3RSHAVN<\/h3>\n<div class=\"siteorigin-widget-tinymce textwidget\">\n\t<p style=\"text-align: justify;\">Pequeno-almo\u00e7o no hotel. Visita \u00e0s Ilhas Steymoy e Eysturoy.<\/p>\n<p style=\"text-align: justify;\">Viagem at\u00e9 Saksun, uma pequena e id\u00edlica vila, na Ilha de Streymoy; a vila \u00e9 famosa pela sua localiza\u00e7\u00e3o junto a uma lagoa cercada por montanhas e cascatas que descem pelas encostas ingremes<strong>. <\/strong>Continua\u00e7\u00e3o at\u00e9 \u00e0 vila de Tjornuv\u00edk, com paragem para visita na cascata Foss\u00e1. Em Tjornuv\u00edk poderemos admirar as impressionantes forma\u00e7\u00f5es rochosas do \u201cGigante\u201d e da \u201cBruxa\u201d.<\/p>\n<p style=\"text-align: justify;\">Continua\u00e7\u00e3o da viagem at\u00e9 Gj\u00f3gv, com paragem para apreciar a vista da montanha mais alta das Ilhas Faroe, Sl\u00e6ttaratindur (882 m). Gj\u00f3gv \u00e9 a vila mais a norte da Ilha Eysturoy, situada num vale profundo, sem outras povoa\u00e7\u00f5es \u00e0 vista; a vila tem o nome do desfiladeiro de 200 metros de comprimento que \u00e9 usado como um porto natural; durante s\u00e9culos os alde\u00f5es usaram a ravina natural como local de desembarque (entradas, almo\u00e7o e bebidas inclu\u00eddas). \u00a0Ap\u00f3s visita, regresso ao hotel.<\/p>\n<\/div>\n<\/div><\/div><\/div><div id=\"panel-w6915f11e2d7b9-0-0-5\" class=\"so-panel widget widget_sow-editor\" data-index=\"5\" ><div class=\"panel-widget-style panel-widget-style-for-w6915f11e2d7b9-0-0-5\" ><div\n\t\t\t\n\t\t\tclass=\"so-widget-sow-editor so-widget-sow-editor-base\"\n\t\t\t\n\t\t><h3 class=\"widget-title\">6\u00ba.\tDia \u2013 T\u00d3RSHAVN \/ ILHA SANDOY \/ T\u00d3RSHAVN<\/h3>\n<div class=\"siteorigin-widget-tinymce textwidget\">\n\t<p style=\"text-align: justify;\">Pequeno-almo\u00e7o no hotel. Viagem de um dia \u00e0 hist\u00f3rica Ilha Sandoy, uma das ilhas mais preservadas, e onde ainda \u00e9 poss\u00edvel experenciar o antigo modo de vida das Ilhas Faro\u00e9.<\/p>\n<p style=\"text-align: justify;\">Partimos de T\u00f3rshavn, cruzando a montanha at\u00e9 ao porto de ferries de Gamlar\u00e6tt, onde atravessamos o novo t\u00fanel submarino. Visita a uma igreja, miradouros fant\u00e1sticos e pequenas aldeias.<\/p>\n<p style=\"text-align: justify;\">Antes de regressar a T\u00f3rshavn, visita a Kirkjub\u00f8ur, situada na parte sul da ilha, que \u00e9 o centro hist\u00f3rico e cultural das Ilhas Faro\u00e9, a\u00a0 Catedral inacabada Magnus e a pequena igreja medieval de St. Olav. Regresso ao hotel, alojamento.<\/p>\n<\/div>\n<\/div><\/div><\/div><div id=\"panel-w6915f11e2d7b9-0-0-6\" class=\"so-panel widget widget_sow-editor\" data-index=\"6\" ><div class=\"panel-widget-style panel-widget-style-for-w6915f11e2d7b9-0-0-6\" ><div\n\t\t\t\n\t\t\tclass=\"so-widget-sow-editor so-widget-sow-editor-base\"\n\t\t\t\n\t\t><h3 class=\"widget-title\">7\u00ba.\tDia \u2013 T\u00d3RSHAVN<\/h3>\n<div class=\"siteorigin-widget-tinymce textwidget\">\n\t<p>Pequeno-almo\u00e7o no hotel. Dia livre. Alojamento no hotel.<\/p>\n<p>&nbsp;<\/p>\n<p><strong><span style=\"color: #20b2aa;\">Sugerimos a seguinte visita opcionais:<\/span><\/strong><\/p>\n<p>A ilha de V\u00e1gar; a primeira paragem ser\u00e1 na pitoresca aldeia de B\u00f8ur para desfrutar da melhor vista de Tindh\u00f3lmur e das rochas independentes, Drangarnir. Continua\u00e7\u00e3o para G\u00e1sadalur, para uma caminhada at\u00e9 \u00e0 cascata mais fotografada das Ilhas Faro\u00e9, M\u00falafossur. No caminho, passagem pelo \u201cLago acima do oceano\u201d, o maior das Ilhas Faro\u00e9 com 3,4 km2; o lago foi assim apelidado, pois a vista de um determinado \u00e2ngulo funciona como uma ilus\u00e3o de \u00f3tica, parecendo que o lago est\u00e1 a pairar diretamente sobre o oceano (inclui guia, almo\u00e7o e bebidas).<\/p>\n<\/div>\n<\/div><\/div><\/div><div id=\"panel-w6915f11e2d7b9-0-0-7\" class=\"so-panel widget widget_sow-editor panel-last-child\" data-index=\"7\" ><div class=\"panel-widget-style panel-widget-style-for-w6915f11e2d7b9-0-0-7\" ><div\n\t\t\t\n\t\t\tclass=\"so-widget-sow-editor so-widget-sow-editor-base\"\n\t\t\t\n\t\t><h3 class=\"widget-title\">8\u00ba.\tDia \u2013 T\u00d3RSHAVN \/ PORTUGAL<\/h3>\n<div class=\"siteorigin-widget-tinymce textwidget\">\n\t<p style=\"text-align: justify;\">Pequeno-almo\u00e7o no hotel. Em hora a informar localmente transporte ao aeroporto; formalidades de embarque e partida com destino a Portugal, com mudan\u00e7as de avi\u00e3o em rota.<\/p>\n<p style=\"text-align: justify;\">Chegada.<\/p>\n<p style=\"text-align: justify;\">Fim dos nossos servi\u00e7os.<\/p>\n<\/div>\n<\/div><\/div><\/div><\/div><\/div><\/div>\t\t\t\t\t\t<\/div>\n\t\t\t\t\t\t\t\t\t\t\t<div class=\"tab-pane  fade\" id=\"tab-pre\u00e7os-e-condi\u00e7\u00f5es\" role=\"tabpanel\">\n\t\t\t\t\t\t\t<div id=\"pl-w6915f11e2d7bd\"  class=\"panel-layout\" ><div id=\"pg-w6915f11e2d7bd-0\"  class=\"panel-grid panel-no-style\" ><div id=\"pgc-w6915f11e2d7bd-0-0\"  class=\"panel-grid-cell\" ><div id=\"panel-w6915f11e2d7bd-0-0-0\" class=\"so-panel widget widget_sow-editor panel-first-child panel-last-child\" data-index=\"0\" ><div class=\"panel-widget-style panel-widget-style-for-w6915f11e2d7bd-0-0-0\" ><div\n\t\t\t\n\t\t\tclass=\"so-widget-sow-editor so-widget-sow-editor-base\"\n\t\t\t\n\t\t>\n<div class=\"siteorigin-widget-tinymce textwidget\">\n\t<p><strong>DIAS de PARTIDA em 2026<\/strong><\/p>\n<p>5\u00aa-feira de 07 de Maio a 24 de Setembro<\/p>\n<p><strong>\u00a0<\/strong><\/p>\n<p><strong>Pre\u00e7o por pessoa segundo ocupa\u00e7\u00e3o no quarto (m\u00ednimo 2 participantes):<\/strong><\/p>\n<p>&nbsp;<\/p>\n<p><strong>HOT\u00c9IS PREVISTOS ou SIMILARES:<\/strong><\/p>\n<p>&nbsp;<\/p>\n<p><span style=\"color: #ef7a1b;\"><strong>Op\u00e7\u00e3o A) <\/strong><\/span><\/p>\n<p><strong>T\u00d3RSHAVN<\/strong> \u2013 <a href=\"https:\/\/hoteltorshavn.fo\/en\/\" target=\"_blank\" rel=\"noopener\">Hotel T\u00f3rshavn<\/a> 3*ou <a href=\"https:\/\/hoteldjurhuus.fo\/?_l=en\" target=\"_blank\" rel=\"noopener\">Hotel Djurhuus<\/a> <strong>3* <\/strong>ou <a href=\"https:\/\/www.62n.fo\/en\/hotel\/\" target=\"_blank\" rel=\"noopener\">62N Hotel<\/a><strong> 3*<\/strong><\/p>\n<p>&nbsp;<\/p>\n<table>\n<tbody>\n<tr>\n<td>\n<p style=\"text-align: center;\"><strong>PER\u00cdODO<\/strong><\/p>\n<\/td>\n<td style=\"text-align: center;\"><strong>DUPLO<\/strong><\/td>\n<td style=\"text-align: center;\"><strong>SINGLE <span style=\"color: #0000ff;\">*<\/span><\/strong><\/td>\n<\/tr>\n<tr>\n<td style=\"text-align: center;\"><strong>07\/05\/26 a 24\/09\/26<\/strong><\/td>\n<td>3.180,00 \u20ac<\/td>\n<td>3.945,00 \u20ac<\/td>\n<\/tr>\n<\/tbody>\n<\/table>\n<p>&nbsp;<\/p>\n<p><span style=\"color: #ef7a1b;\"><strong>Op\u00e7\u00e3o B) <\/strong><\/span><\/p>\n<p><strong>T\u00d3RSHAVN <\/strong>\u2013 <a href=\"https:\/\/hotelforoyar.fo\/\" target=\"_blank\" rel=\"noopener\">Hotel Foroyar<\/a> 4* ou <a href=\"https:\/\/www.hotelbrandan.com\/\" target=\"_blank\" rel=\"noopener\">Hotel Brandan<\/a> 4* ou <a href=\"https:\/\/www.hafnia.fo\/\" target=\"_blank\" rel=\"noopener\">Hotel Hafnia<\/a> 4*<\/p>\n<p>&nbsp;<\/p>\n<table>\n<tbody>\n<tr>\n<td>\n<p style=\"text-align: center;\"><strong>PER\u00cdODO<\/strong><\/p>\n<\/td>\n<td style=\"text-align: center;\"><strong>DUPLO<\/strong><\/td>\n<td style=\"text-align: center;\"><strong>SINGLE <span style=\"color: #0000ff;\">*<\/span><\/strong><\/td>\n<\/tr>\n<tr>\n<td>\n<p style=\"text-align: center;\"><strong>07\/05\/26 a 24\/09\/26<\/strong><\/p>\n<\/td>\n<td style=\"text-align: center;\">3.315,00 \u20ac<\/td>\n<td>\n<p style=\"text-align: center;\">4.165,00 \u20ac<\/p>\n<\/td>\n<\/tr>\n<\/tbody>\n<\/table>\n<p>&nbsp;<\/p>\n<p><span style=\"color: #0000ff;\">Nota importante*<\/span>: n\u00e3o \u00e9 poss\u00edvel reservar quarto single nos meses de Junho, Julho e Agosto.<\/p>\n<p>&nbsp;<\/p>\n<table>\n<tbody>\n<tr>\n<td colspan=\"2\">\n<p style=\"text-align: center;\"><span style=\"color: #20b2aa;\"><strong>Excurs\u00f5es OPCIONAIS (pre\u00e7o por pessoa):<\/strong><\/span><\/p>\n<\/td>\n<\/tr>\n<tr>\n<td>\n<p style=\"text-align: center;\">Ilha Mykines ( opera Maio a Agosto)<\/p>\n<\/td>\n<td style=\"text-align: center;\">405,00 \u20acuros<\/td>\n<\/tr>\n<tr>\n<td>Ilha Nolsoy<\/td>\n<td>\n<p style=\"text-align: center;\">360,00 \u20acuros<\/p>\n<\/td>\n<\/tr>\n<tr>\n<td>Ilha Vagar<\/td>\n<td>\n<p style=\"text-align: center;\">330,00 \u20acuros<\/p>\n<\/td>\n<\/tr>\n<\/tbody>\n<\/table>\n<p>&nbsp;<\/p>\n<p style=\"text-align: justify;\"><strong>Nota 1<\/strong>: Este programa foi calculado com base na companhia a\u00e9rea KLM em cabine econ\u00f3mica, tarifa em classe V. Caso n\u00e3o haja disponibilidade de lugares nessa tarifa, ser\u00e1 proposto em alternativa o escal\u00e3o tarif\u00e1rio seguinte dispon\u00edvel, ou outra companhia a\u00e9rea, mediante um suplemento a informar.<\/p>\n<p>&nbsp;<\/p>\n<p><strong>Suplemento de tarifa a\u00e9rea com a KLM (Porto ou Lisboa):<\/strong><\/p>\n<p>&nbsp;<\/p>\n<table>\n<tbody>\n<tr>\n<td>\n<p style=\"text-align: center;\"><strong>Per\u00edodo <\/strong><\/p>\n<\/td>\n<td style=\"text-align: center;\"><strong>Classe V<\/strong><\/td>\n<td style=\"text-align: center;\"><strong>Classe R<\/strong><\/td>\n<td style=\"text-align: center;\"><strong>Classe N<\/strong><\/td>\n<td>\n<p style=\"text-align: center;\"><strong>ClasseE<\/strong><\/p>\n<\/td>\n<\/tr>\n<tr>\n<td>\n<p style=\"text-align: center;\"><strong>07\/05\/26 a 15\/06\/26<\/strong><\/p>\n<\/td>\n<td style=\"text-align: center;\">Sem supl.<\/td>\n<td style=\"text-align: center;\">34,00 \u20ac<\/td>\n<td style=\"text-align: center;\">74,00 \u20ac<\/td>\n<td>\n<p style=\"text-align: center;\">122,00 \u20ac<\/p>\n<\/td>\n<\/tr>\n<tr>\n<td>\n<p style=\"text-align: center;\"><strong>16\/06\/26 a 15\/09\/26<\/strong><\/p>\n<\/td>\n<td style=\"text-align: center;\">10,00 \u20ac<\/td>\n<td style=\"text-align: center;\">44,00 \u20ac<\/td>\n<td style=\"text-align: center;\">84,00 \u20ac<\/td>\n<td>\n<p style=\"text-align: center;\">132,00 \u20ac<\/p>\n<\/td>\n<\/tr>\n<tr>\n<td>\n<p style=\"text-align: center;\"><strong>16\/09\/26 a 24\/09\/26<\/strong><\/p>\n<\/td>\n<td style=\"text-align: center;\">Sem supl.<\/td>\n<td style=\"text-align: center;\">34,00 \u20ac<\/td>\n<td style=\"text-align: center;\">74,00 \u20ac<\/td>\n<td>\n<p style=\"text-align: center;\">122,00 \u20ac<\/p>\n<\/td>\n<\/tr>\n<\/tbody>\n<\/table>\n<p>&nbsp;<\/p>\n<p style=\"text-align: justify;\"><strong>O pre\u00e7o inclui:<\/strong><\/p>\n<p>- Passagem a\u00e9rea em voos regulares KLM, em classe econ\u00f3mica para o percurso\u00a0indicado, incluindo transporte de bagagem de por\u00e3o;<br \/>\n- Taxas de aeroporto, seguran\u00e7a e combust\u00edvel no valor de 198,00 \u20ac (sujeito a altera\u00e7\u00e3o, a reconfirmar na data da emiss\u00e3o dos bilhetes);<br \/>\n- Transporte aeroporto \/ hotel \/ aeroporto em servi\u00e7o regular;<\/p>\n<p>- 7 noites de alojamento em quarto standard incluindo pequeno-almo\u00e7o<\/p>\n<p>- 4 visitas, de acordo com o indicado no itiner\u00e1rio, em servi\u00e7o regular (em conjunto com outros participantes), acompanhadas de guia local de l\u00edngua inglesa;<\/p>\n<p>- Entradas nos locais a visitar;<\/p>\n<p>- Refei\u00e7\u00f5es de acordo indicado no itiner\u00e1rio;<\/p>\n<p>- Taxas de servi\u00e7o e IVA;<\/p>\n<p>&nbsp;<\/p>\n<p><strong>O pre\u00e7o n\u00e3o inclui:<\/strong><\/p>\n<p>- Extras e actividades de car\u00e1cter pessoal<\/p>\n<p>- Todos os servi\u00e7os n\u00e3o indicados como inclu\u00eddos.<\/p>\n<p>- Gratifica\u00e7\u00f5es.<\/p>\n<p>&nbsp;<\/p>\n<p><strong>Seguro de viagem:<\/strong><\/p>\n<p>- Todas as viagens organizadas pela MundoNovo Viagens est\u00e3o cobertas por um seguro de viagem (<a href=\"https:\/\/www.mundonovoviagens.pt\/wp-content\/uploads\/2025\/02\/MundoNovo-Multiviagens-Plus-1.pdf?x23938\" target=\"_blank\" rel=\"noopener\">Multiviagens Plus 1<\/a>);<br \/>\n- Adicionalmente propomos o seguro\u00a0<a href=\"https:\/\/www.mundonovoviagens.pt\/wp-content\/uploads\/2025\/02\/MundoNovo-Multiviagens-Premium.pdf?x23938\" target=\"_blank\" rel=\"noopener\">Multiviagens Premium<\/a>\u00a0(valor das coberturas superior), mediante um suplemento de 30\u20ac por pessoa;<br \/>\n- As condi\u00e7\u00f5es gerais de cada seguro poder\u00e3o ser consultadas na p\u00e1gina inicial do nosso site.<\/p>\n<p>&nbsp;<\/p>\n<p><strong>Condi\u00e7\u00f5es gerais de reserva e cancelamento:<\/strong><b><br \/>\n<\/b>Consultar a ficha de informa\u00e7\u00e3o normalizada (<a href=\"https:\/\/www.mundonovoviagens.pt\/index.php\/ficha-de-informacao-normalizada\/\" target=\"_blank\" rel=\"noopener\">FIN<\/a>) e\u00a0<a href=\"https:\/\/www.mundonovoviagens.pt\/index.php\/condicoes-gerais\/\" target=\"_blank\" rel=\"noopener\">condi\u00e7\u00f5es gerais<\/a>\u00a0indicadas no site.<\/p>\n<\/div>\n<\/div><\/div><\/div><\/div><\/div><\/div>\t\t\t\t\t\t<\/div>\n\t\t\t\t\t\t\t\t\t\t\t<div class=\"tab-pane  fade\" id=\"tab-informa\u00e7\u00f5es-destino\" role=\"tabpanel\">\n\t\t\t\t\t\t\t<div id=\"pl-w6915f11e2d7bf\"  class=\"panel-layout\" ><div id=\"pg-w6915f11e2d7bf-0\"  class=\"panel-grid panel-no-style\" ><div id=\"pgc-w6915f11e2d7bf-0-0\"  class=\"panel-grid-cell\" ><div id=\"panel-w6915f11e2d7bf-0-0-0\" class=\"so-panel widget widget_sow-editor panel-first-child panel-last-child\" data-index=\"0\" ><div class=\"panel-widget-style panel-widget-style-for-w6915f11e2d7bf-0-0-0\" ><div\n\t\t\t\n\t\t\tclass=\"so-widget-sow-editor so-widget-sow-editor-base\"\n\t\t\t\n\t\t>\n<div class=\"siteorigin-widget-tinymce textwidget\">\n\t<p><strong>1 - Requisitos de entrada<\/strong><\/p>\n<p>Os cidad\u00e3os portugueses necessitam de Bilhete de Identidade\/Cart\u00e3o de Cidad\u00e3o ou passaporte v\u00e1lidos.<\/p>\n<p>&nbsp;<\/p>\n<p><strong>2 - Vacinas \/ Sa\u00fade <\/strong><\/p>\n<p>Vacina obrigat\u00f3ria: nenhuma.<\/p>\n<p>&nbsp;<\/p>\n<p><strong>3 - Clima<\/strong><\/p>\n<p>As Ilhas Faro\u00e9 situam-se no norte da Europa entre a Isl\u00e2ndia e a Esc\u00f3cia; tem um clima oce\u00e2nico muito h\u00famido, geralmente ventosas, os ver\u00f5es s\u00e3o frescos com temperatura m\u00e9dia de 13\u00baC e os invernos amenos com temperaturas acima dos 3\u00baC.<\/p>\n<p>&nbsp;<\/p>\n<p><strong>4 - Idioma<\/strong><\/p>\n<p>A l\u00edngua oficial \u00e9 o Faroese. \u00a0Uma larga maioria da popula\u00e7\u00e3o fala ingl\u00eas.<\/p>\n<p>&nbsp;<\/p>\n<p><strong>5 - Moeda<\/strong><\/p>\n<p style=\"text-align: justify;\">Existem duas moedas de igual valor nas Ilhas Faro\u00e9: a coroa faroesa e a coroa dinamarquesa. Enquanto o governo das Ilhas Faro\u00e9 imprime suas pr\u00f3prias notas banc\u00e1rias, apenas as moedas dinamarquesas s\u00e3o usadas. O cart\u00e3o de cr\u00e9dito \u00e9 na maior parte dos estabelecimentos, inclusive nas ilhas mais remotas; existem ATM\u2019s junto das institui\u00e7\u00f5es banc\u00e1rias.<\/p>\n<p>&nbsp;<\/p>\n<p><strong>6 - Diferen\u00e7a hor\u00e1ria<\/strong><\/p>\n<p>GMT\/UTC +00<\/p>\n<p>&nbsp;<\/p>\n<p><strong>7 - Eletricidade<\/strong><\/p>\n<p>220-230 V \/ 50 Hz (tomadas\u00a0tipo E e K)<\/p>\n<p>&nbsp;<\/p>\n<p><strong>8 - Representa\u00e7\u00e3o Diplom\u00e1tica \/ Consular<\/strong><\/p>\n<p>Embaixada de Portugal em Copenhaga<\/p>\n<p>Mais informa\u00e7\u00f5es: <a href=\"https:\/\/portaldascomunidades.mne.gov.pt\/pt\/\" target=\"_blank\" rel=\"noopener\">www.portaldascomunidades.mne.pt\/<\/a><\/p>\n<p>&nbsp;<\/p>\n<p><strong>\u00a09 - Site oficial do turismo: <\/strong><a href=\"https:\/\/visitfaroeislands.com\/en\" target=\"_blank\" rel=\"noopener\">www.visitfaroeislands.com\/en<\/a><\/p>\n<\/div>\n<\/div><\/div><\/div><\/div><\/div><\/div>\t\t\t\t\t\t<\/div>\n\t\t\t\t\t\t\t\t\t\t<\/div>\n\t\t\t\t\t\t\t<\/div>\n\n\t\t\t<\/div><div id=\"panel-1704-0-0-1\" class=\"so-panel widget widget_sow-button panel-last-child\" data-index=\"1\" ><div\n\t\t\t\n\t\t\tclass=\"so-widget-sow-button so-widget-sow-button-flat-95cda3216a70-1704\"\n\t\t\t\n\t\t><div class=\"ow-button-base ow-button-align-center\">\n\t<a\n\thref=\"https:\/\/www.mundonovoviagens.pt\/index.php\/contactos\/?wpf62_6=Assunto:%20100%20\u2013%20O%20Essencial%20das%20Ilhas%20Faroe%20\u2013%208%20dias\"\n\t\tclass=\"ow-icon-placement-left ow-button-hover\" \t>\n\t\t<span>\n\t\t\t\n\t\t\tCONTACTE-NOS\t\t<\/span>\n\t<\/a>\n<\/div>\n<\/div><\/div><\/div><\/div><\/div>","protected":false},"excerpt":{"rendered":"<p style=\"text-align: center;\"><strong>Circuito Regular com guia em Ingl\u00eas<\/strong><\/p>\n<p style=\"text-align: center;\">(T\u00f3rshavn, Ilha Bor\u00f0oy, Klaksv\u00edk, Kunoy,Vestmanna, Kv\u00edv\u00edk, Streymoy, Eysturoy, Tjornuvik, Gj\u00f3gv, Kvivik e Ilha Sandoy)<\/p>\n","protected":false},"featured_media":1705,"template":"","meta":[],"product_brand":[],"product_cat":[15],"product_tag":[1118,392,1120,1112,1221,1113,1114,1116,1121,1117,395,1119,393,1115],"class_list":{"0":"post-1704","1":"product","2":"type-product","3":"status-publish","4":"has-post-thumbnail","6":"product_cat-europa","7":"product_tag-eysturoy","8":"product_tag-faroe","9":"product_tag-gjogv","10":"product_tag-ilha-bordoy","11":"product_tag-ilhas-faroe","12":"product_tag-klaksvik","13":"product_tag-kunoy","14":"product_tag-kvivik","15":"product_tag-kvivik-e-ilha-sandoy","16":"product_tag-streymoy","17":"product_tag-suduroy","18":"product_tag-tjornuvik","19":"product_tag-torshavn","20":"product_tag-vestmanna","22":"first","23":"instock","24":"shipping-taxable","25":"product-type-simple"},"_links":{"self":[{"href":"https:\/\/www.mundonovoviagens.pt\/index.php\/wp-json\/wp\/v2\/product\/1704","targetHints":{"allow":["GET"]}}],"collection":[{"href":"https:\/\/www.mundonovoviagens.pt\/index.php\/wp-json\/wp\/v2\/product"}],"about":[{"href":"https:\/\/www.mundonovoviagens.pt\/index.php\/wp-json\/wp\/v2\/types\/product"}],"wp:featuredmedia":[{"embeddable":true,"href":"https:\/\/www.mundonovoviagens.pt\/index.php\/wp-json\/wp\/v2\/media\/1705"}],"wp:attachment":[{"href":"https:\/\/www.mundonovoviagens.pt\/index.php\/wp-json\/wp\/v2\/media?parent=1704"}],"wp:term":[{"taxonomy":"product_brand","embeddable":true,"href":"https:\/\/www.mundonovoviagens.pt\/index.php\/wp-json\/wp\/v2\/product_brand?post=1704"},{"taxonomy":"product_cat","embeddable":true,"href":"https:\/\/www.mundonovoviagens.pt\/index.php\/wp-json\/wp\/v2\/product_cat?post=1704"},{"taxonomy":"product_tag","embeddable":true,"href":"https:\/\/www.mundonovoviagens.pt\/index.php\/wp-json\/wp\/v2\/product_tag?post=1704"}],"curies":[{"name":"wp","href":"https:\/\/api.w.org\/{rel}","templated":true}]}}