{"id":1882,"date":"2023-05-02T11:14:14","date_gmt":"2023-05-02T11:14:14","guid":{"rendered":"https:\/\/www.mundonovoviagens.pt\/?post_type=product&#038;p=1882"},"modified":"2025-12-18T16:09:09","modified_gmt":"2025-12-18T15:09:09","slug":"080-o-essencial-da-georgia-7-dias","status":"publish","type":"product","link":"https:\/\/www.mundonovoviagens.pt\/index.php\/produto\/080-o-essencial-da-georgia-7-dias\/","title":{"rendered":"080 \u2013 O Essencial da Ge\u00f3rgia \u2013 7 dias"},"content":{"rendered":"<div id=\"pl-1882\"  class=\"panel-layout\" ><div id=\"pg-1882-0\"  class=\"panel-grid panel-no-style\" ><div id=\"pgc-1882-0-0\"  class=\"panel-grid-cell\" ><div id=\"panel-1882-0-0-0\" class=\"so-panel widget widget_pt_tabs pt-widget-tabs panel-first-child\" data-index=\"0\" >\t\t\t<div class=\"pt-tabs\">\n\t\t\t\t\n\t\t\t\t\t\t\t\t\t<ul class=\"pt-tabs__navigation  nav  nav-tabs\" role=\"tablist\">\n\t\t\t\t\t\t\t\t\t\t\t\t\t<li class=\"nav-item\">\n\t\t\t\t\t\t\t\t<a class=\"nav-link  active\" data-toggle=\"tab\" href=\"#tab-itiner\u00c1rio\" role=\"tab\">ITINER\u00c1RIO<\/a>\n\t\t\t\t\t\t\t<\/li>\n\t\t\t\t\t\t\t\t\t\t\t\t\t<li class=\"nav-item\">\n\t\t\t\t\t\t\t\t<a class=\"nav-link\" data-toggle=\"tab\" href=\"#tab-pre\u00e7os-e-condi\u00e7\u00f5es\" role=\"tab\">Pre\u00e7os e Condi\u00e7\u00f5es<\/a>\n\t\t\t\t\t\t\t<\/li>\n\t\t\t\t\t\t\t\t\t\t\t\t\t<li class=\"nav-item\">\n\t\t\t\t\t\t\t\t<a class=\"nav-link\" data-toggle=\"tab\" href=\"#tab-informa\u00e7\u00f5es-destino\" role=\"tab\">Informa\u00e7\u00f5es Destino<\/a>\n\t\t\t\t\t\t\t<\/li>\n\t\t\t\t\t\t\t\t\t\t\t<\/ul>\n\n\t\t\t\t\t<div class=\"pt-tabs__content  tab-content\">\n\t\t\t\t\t\t\t\t\t\t\t<div class=\"tab-pane  fade  in  active\" id=\"tab-itiner\u00c1rio\" role=\"tabpanel\">\n\t\t\t\t\t\t\t<div id=\"pl-w694419156ee84\"  class=\"panel-layout\" ><div id=\"pg-w694419156ee84-0\"  class=\"panel-grid panel-no-style\" ><div id=\"pgc-w694419156ee84-0-0\"  class=\"panel-grid-cell\" ><div id=\"panel-w694419156ee84-0-0-0\" class=\"so-panel widget widget_sow-editor panel-first-child\" data-index=\"0\" ><div class=\"panel-widget-style panel-widget-style-for-w694419156ee84-0-0-0\" ><div\n\t\t\t\n\t\t\tclass=\"so-widget-sow-editor so-widget-sow-editor-base\"\n\t\t\t\n\t\t><h3 class=\"widget-title\">1\u00ba. Dia - PORTUGAL \/ TBILISI <\/h3>\n<div class=\"siteorigin-widget-tinymce textwidget\">\n\t<p>Compar\u00eancia no aeroporto 120 minutos antes da hora prevista para a partida. Formalidades de embarque e partida com destino a Tbilisi, com mudan\u00e7a de avi\u00e3o em rota. Chegada, assist\u00eancia e transporte para o hotel. Alojamento.<\/p>\n<\/div>\n<\/div><\/div><\/div><div id=\"panel-w694419156ee84-0-0-1\" class=\"so-panel widget widget_sow-editor\" data-index=\"1\" ><div class=\"panel-widget-style panel-widget-style-for-w694419156ee84-0-0-1\" ><div\n\t\t\t\n\t\t\tclass=\"so-widget-sow-editor so-widget-sow-editor-base\"\n\t\t\t\n\t\t><h3 class=\"widget-title\">2\u00ba. Dia - TBILISI \/ REGI\u00c3O DE KAJETIA \/ TBILISI<\/h3>\n<div class=\"siteorigin-widget-tinymce textwidget\">\n\t<p style=\"text-align: justify;\">Pequeno-almo\u00e7o no hotel. Sa\u00edda em direc\u00e7\u00e3o \u00e0 regi\u00e3o de Kajetia, uma regi\u00e3o vin\u00edcola conhecida pelos seus vinhos e pela sua hospitalidade. Desfrutaremos de um tradicional almo\u00e7o georgiano com os locais e teremos a oportunidade de provar os sabores aut\u00eanticos da gastronomia t\u00edpica desta regi\u00e3o e de conhecer um pouco mais do quotidiano dos georgianos. Depois do almo\u00e7o, seguimos para Signagui \u2013 conhecida como a \u201ccidade do amor\u201d. Faremos uma caminhada por uma pequena e bonita cidade do s\u00e9c. XVIII que o impressionar\u00e1 com a sua antiga muralha e as suas pequenas casas de madeira, decoradas com as suas varandas esculpidas e de arquitectura tradicional. Deste local, temos uma vista magn\u00edfica sobre o Vale Alazani e sobre as grandes montanhas do C\u00e1ucaso. Continua\u00e7\u00e3o da visita a uma adega t\u00edpica onde degustaremos o vinho georgiano produzido em c\u00e2ntaros de acordo com a antiga tradi\u00e7\u00e3o georgiana. Este m\u00e9todo foi produzido pelos camponeses georgianos durante v\u00e1rios s\u00e9culos e classificado como Patrim\u00f3nio Cultural da Humanidade pela UNESCO. Regresso a Tbilisi. Alojamento.<\/p>\n<\/div>\n<\/div><\/div><\/div><div id=\"panel-w694419156ee84-0-0-2\" class=\"so-panel widget widget_sow-editor\" data-index=\"2\" ><div class=\"panel-widget-style panel-widget-style-for-w694419156ee84-0-0-2\" ><div\n\t\t\t\n\t\t\tclass=\"so-widget-sow-editor so-widget-sow-editor-base\"\n\t\t\t\n\t\t><h3 class=\"widget-title\">3\u00ba. Dia - TBILISI<\/h3>\n<div class=\"siteorigin-widget-tinymce textwidget\">\n\t<p style=\"text-align: justify;\">Pequeno-almo\u00e7o no hotel. Sa\u00edda para visita da capital da Ge\u00f3rgia \u2013 a cidade de Tbilisi, incluindo a parte antiga e a parte nova da cidade. A visita tem in\u00edcio na Igreja de Metekhi, onde desfrutaremos de uma vista magn\u00edfica sobre a parte antiga da cidade. Faremos um passeio pelas suas bonitas e estreitas ruas e pelos principais locais de interesse. Seguimos para a Fortaleza de Narikala \u2013 uma das fortalezas mais antigas da cidade, visitaremos os hist\u00f3ricos \u201cBanhos de Enxofre\u201d, de onde t\u00eam origem o nome da capital. A visita termina com um passeio pela Avenida Rustaveli \u2013 a principal avenida da cidade. Regresso ao hotel. Alojamento.<\/p>\n<\/div>\n<\/div><\/div><\/div><div id=\"panel-w694419156ee84-0-0-3\" class=\"so-panel widget widget_sow-editor\" data-index=\"3\" ><div class=\"panel-widget-style panel-widget-style-for-w694419156ee84-0-0-3\" ><div\n\t\t\t\n\t\t\tclass=\"so-widget-sow-editor so-widget-sow-editor-base\"\n\t\t\t\n\t\t><h3 class=\"widget-title\">4\u00ba. Dia - TBILISI \/ MTSKHETA \/ GORI \/ UPLISTSIJE \/ GUDAURI<\/h3>\n<div class=\"siteorigin-widget-tinymce textwidget\">\n\t<p style=\"text-align: justify;\">Pequeno-almo\u00e7o no hotel. Sa\u00edda para a antiga capital e centro religioso da Ge\u00f3rgia \u2013 Mtskheta (3000 anos) e visita aos lugares hist\u00f3ricos: o Mosteiro Jvari (s\u00e9c.VI) e a impressionante Catedral Svetitsjoveli (s\u00e9c.XI), local onde se encontra a \u201cT\u00fanica de Cristo\u201d. Ambos os mosteiros s\u00e3o classificados como Patrim\u00f3nio Mundial pela UNESCO. Continua\u00e7\u00e3o para a cidade de Uplistsije (I mil\u00e9nio A.C), cidade que fez parte da mais importante e famosa \u201cRota da Seda\u201d. Esta visita, far\u00e1 com que viaje ao passado \u2026 este impressionante complexo inclui v\u00e1rias casas antigas, sal\u00f5es, templos, t\u00faneis secretos e teatros. Seguimos para Gori e breve paragem junto ao Museu Joseph Stalin. Continua\u00e7\u00e3o em direc\u00e7\u00e3o ao norte, pela Estrada Militar da Ge\u00f3rgia onde desfrutaremos de paisagens magn\u00edficas das montanhas do C\u00e1ucaso. Chegada a Gudauri, a famosa est\u00e2ncia de ski, localizada a 2200 metros de altitude. Jantar e alojamento.<\/p>\n<\/div>\n<\/div><\/div><\/div><div id=\"panel-w694419156ee84-0-0-4\" class=\"so-panel widget widget_sow-editor\" data-index=\"4\" ><div class=\"panel-widget-style panel-widget-style-for-w694419156ee84-0-0-4\" ><div\n\t\t\t\n\t\t\tclass=\"so-widget-sow-editor so-widget-sow-editor-base\"\n\t\t\t\n\t\t><h3 class=\"widget-title\">5\u00ba. Dia - GUDAURI \/ STEPANTSMINDA \/ TBILISI<\/h3>\n<div class=\"siteorigin-widget-tinymce textwidget\">\n\t<p style=\"text-align: justify;\">Pequeno-almo\u00e7o no hotel. Sa\u00edda em direc\u00e7\u00e3o a Kazbegui. Uma impressionante via ao longo do rio T\u00e9rek, que nos levar\u00e1 a Kazbegui (Stepantsminda) \u2013 a principal cidade da regi\u00e3o. A partir de Kazbegui, faremos uma caminhada de cerca de 01h50 (3h no total) e subiremos atrav\u00e9s de vales e bosques at\u00e9 Guergueti e \u00e0 Igreja da Trindade, localizada a 2170 metros de altitude. Se a meteorologia o permitir, poderemos ver uma das maiores montanhas do C\u00e1ucaso \u2013 o Mt. Kazbegui (5047 metros). No final da visita, in\u00edcio da nossa caminhada de regresso a Kazbegui. De tarde, regresso a Tbilisi e passagem pelo complexo arquitect\u00f3nico de Ananuri e pelo Reservat\u00f3rio de \u00c1gua de Jinvaly, de uma surpreendente beleza. Chegada a Tbilisi. Alojamento.<\/p>\n<\/div>\n<\/div><\/div><\/div><div id=\"panel-w694419156ee84-0-0-5\" class=\"so-panel widget widget_sow-editor\" data-index=\"5\" ><div class=\"panel-widget-style panel-widget-style-for-w694419156ee84-0-0-5\" ><div\n\t\t\t\n\t\t\tclass=\"so-widget-sow-editor so-widget-sow-editor-base\"\n\t\t\t\n\t\t><h3 class=\"widget-title\">6\u00ba. Dia - TBILISI <\/h3>\n<div class=\"siteorigin-widget-tinymce textwidget\">\n\t<p>Pequeno-almo\u00e7o no hotel. Dia livre. Ocupa\u00e7\u00e3o do quarto at\u00e9 \u00e0 hora do transfer para o aeroporto.\u00a0 Em hora a determinar localmente, transporte para o aeroporto de Tbilisi.<\/p>\n<\/div>\n<\/div><\/div><\/div><div id=\"panel-w694419156ee84-0-0-6\" class=\"so-panel widget widget_sow-editor panel-last-child\" data-index=\"6\" ><div class=\"panel-widget-style panel-widget-style-for-w694419156ee84-0-0-6\" ><div\n\t\t\t\n\t\t\tclass=\"so-widget-sow-editor so-widget-sow-editor-base\"\n\t\t\t\n\t\t><h3 class=\"widget-title\">7\u00ba. Dia - TBILISI \/ PORTUGAL<\/h3>\n<div class=\"siteorigin-widget-tinymce textwidget\">\n\t<p>Formalidades de embarque e partida com destino a Portugal, com mudan\u00e7a de avi\u00e3o em rota. Chegada.<br \/>\nFim dos nossos servi\u00e7os.<\/p>\n<\/div>\n<\/div><\/div><\/div><\/div><\/div><\/div>\t\t\t\t\t\t<\/div>\n\t\t\t\t\t\t\t\t\t\t\t<div class=\"tab-pane  fade\" id=\"tab-pre\u00e7os-e-condi\u00e7\u00f5es\" role=\"tabpanel\">\n\t\t\t\t\t\t\t<div id=\"pl-w694419156ee8a\"  class=\"panel-layout\" ><div id=\"pg-w694419156ee8a-0\"  class=\"panel-grid panel-no-style\" ><div id=\"pgc-w694419156ee8a-0-0\"  class=\"panel-grid-cell\" ><div id=\"panel-w694419156ee8a-0-0-0\" class=\"so-panel widget widget_sow-editor panel-first-child panel-last-child\" data-index=\"0\" ><div class=\"panel-widget-style panel-widget-style-for-w694419156ee8a-0-0-0\" ><div\n\t\t\t\n\t\t\tclass=\"so-widget-sow-editor so-widget-sow-editor-base\"\n\t\t\t\n\t\t>\n<div class=\"siteorigin-widget-tinymce textwidget\">\n\t<p><strong>DATAS de PARTIDA 2026:<br \/>\n<\/strong><\/p>\n<p>&nbsp;<\/p>\n<p><strong>ABRIL:<\/strong> 01;\u00a0 \u00a0<strong>MAIO: <\/strong>13;\u00a0 \u00a0<strong>JUNHO:\u00a0<\/strong>10<strong><br \/>\nJULHO:<\/strong> 08;\u00a0 \u00a0<strong>AGOSTO:\u00a0<\/strong>05 e 19<\/p>\n<p><strong>SETEMBRO:\u00a0<\/strong>09;\u00a0 \u00a0<strong>OUTUBRO:\u00a0<\/strong>07<\/p>\n<p><strong>\u00a0<\/strong><\/p>\n<p><strong>Pre\u00e7o por pessoa segundo ocupa\u00e7\u00e3o do quarto (m\u00ednimo 2 participantes):<\/strong><\/p>\n<p>&nbsp;<\/p>\n<p><strong>HOT\u00c9IS PREVISTOS ou SIMILARES:<\/strong><\/p>\n<p><strong>\u00a0<\/strong><\/p>\n<p><span style=\"color: #ef7a1b;\"><strong>Op\u00e7\u00e3o A)<\/strong><\/span><strong>\u00a0<\/strong><\/p>\n<p><strong>TBILISI<\/strong> \u2013 <a href=\"https:\/\/www.ihg.com\/holidayinnexpress\/hotels\/gb\/en\/tbilisi\/tbsta\/hoteldetail?cm_mmc=GoogleMaps-_-EX-_-GE-_-TBSTA\" target=\"_blank\" rel=\"noopener\">Hotel Holiday Inn Express<\/a> 3*<\/p>\n<p><strong>GUDAURI<\/strong> \u2013 <a href=\"https:\/\/marcopolo.ge\/\" target=\"_blank\" rel=\"noopener\">Hotel Marco Polo<\/a> 4*<\/p>\n<p>&nbsp;<\/p>\n<table>\n<tbody>\n<tr>\n<td>\n<p style=\"text-align: center;\"><strong>PER\u00cdODO<\/strong><\/p>\n<\/td>\n<td style=\"text-align: center;\"><strong>TRIPLO*<\/strong><\/td>\n<td style=\"text-align: center;\"><strong>DUPLO<\/strong><\/td>\n<td>\n<p style=\"text-align: center;\"><strong>SINGLE<\/strong><\/p>\n<\/td>\n<\/tr>\n<tr>\n<td>\n<p style=\"text-align: center;\"><strong>01<\/strong><strong>\/04\/26 a 07\/10\/26<\/strong><\/p>\n<\/td>\n<td style=\"text-align: center;\">1.375,00 \u20ac<\/td>\n<td style=\"text-align: center;\">1.385,00 \u20ac<\/td>\n<td>\n<p style=\"text-align: center;\">1.630,00 \u20ac<\/p>\n<\/td>\n<\/tr>\n<\/tbody>\n<\/table>\n<p>&nbsp;<\/p>\n<p><span style=\"color: #ef7a1b;\"><strong>Op\u00e7\u00e3o B)<\/strong><\/span><strong>\u00a0<\/strong><\/p>\n<p><strong>TBILISI<\/strong> \u2013 <a href=\"https:\/\/clockshotels.com\/\">Hotel Clocks<\/a> 4*<\/p>\n<p><strong>GUDAURI<\/strong> \u2013 <a href=\"https:\/\/marcopolo.ge\/\" target=\"_blank\" rel=\"noopener\">Hotel Marco Polo<\/a> 4*<\/p>\n<p>&nbsp;<\/p>\n<table>\n<tbody>\n<tr>\n<td>\n<p style=\"text-align: center;\"><strong>PER\u00cdODO<\/strong><\/p>\n<\/td>\n<td style=\"text-align: center;\"><strong>TRIPLO*<\/strong><\/td>\n<td style=\"text-align: center;\"><strong>DUPLO<\/strong><\/td>\n<td>\n<p style=\"text-align: center;\"><strong>SINGLE<\/strong><\/p>\n<\/td>\n<\/tr>\n<tr>\n<td>\n<p style=\"text-align: center;\"><strong>01<\/strong><strong>\/04\/26 a 07\/10\/26<\/strong><\/p>\n<\/td>\n<td style=\"text-align: center;\">1.490,00 \u20ac<\/td>\n<td style=\"text-align: center;\">1.505,00 \u20ac<\/td>\n<td>\n<p style=\"text-align: center;\">1.815,00 \u20ac<\/p>\n<\/td>\n<\/tr>\n<\/tbody>\n<\/table>\n<p>&nbsp;<\/p>\n<p><span style=\"color: #ef7a1b;\"><strong>Op\u00e7\u00e3o C)<\/strong><\/span><strong>\u00a0<\/strong><\/p>\n<p><strong>TBILISI<\/strong>\u00a0\u2013\u00a0<a href=\"https:\/\/www.ambassadori.com\/tbilisi\" target=\"_blank\" rel=\"noopener\">Hotel Ambassadori<\/a>\u00a05*<br \/>\n<strong>GUDAURI<\/strong> \u2013 <a href=\"https:\/\/marcopolo.ge\/\" target=\"_blank\" rel=\"noopener\">Hotel Marco Polo<\/a> 4*<\/p>\n<p>&nbsp;<\/p>\n<table>\n<tbody>\n<tr>\n<td>\n<p style=\"text-align: center;\"><strong>PER\u00cdODO<\/strong><\/p>\n<\/td>\n<td style=\"text-align: center;\"><strong>TRIPLO*<\/strong><\/td>\n<td style=\"text-align: center;\"><strong>DUPLO<\/strong><\/td>\n<td>\n<p style=\"text-align: center;\"><strong>SINGLE<\/strong><\/p>\n<\/td>\n<\/tr>\n<tr>\n<td>\n<p style=\"text-align: center;\"><strong>01<\/strong><strong>\/04\/26 a 07\/10\/26<\/strong><\/p>\n<\/td>\n<td style=\"text-align: center;\">1.795,00 \u20ac<\/td>\n<td style=\"text-align: center;\">1.825,00 \u20ac<\/td>\n<td style=\"text-align: center;\">2.360,00<\/td>\n<\/tr>\n<\/tbody>\n<\/table>\n<p>&nbsp;<\/p>\n<p style=\"text-align: justify;\"><strong>Nota*:<\/strong>\u00a0Os quartos triplos, s\u00e3o compostos por 1 ou 2 camas, mais 1 cama extra. As condi\u00e7\u00f5es de conforto s\u00e3o menores do que as dos quartos duplos. A reserva de um quarto triplo, implica a aceita\u00e7\u00e3o deste facto.<\/p>\n<p>&nbsp;<\/p>\n<p style=\"text-align: justify;\"><strong>Nota1:<\/strong> Este programa foi calculado com base na companhia a\u00e9rea Turkish Airlines em cabine econ\u00f3mica, tarifa em classe V. Caso n\u00e3o haja disponibilidade de lugares nessa tarifa, ser\u00e1 proposto em alternativa o escal\u00e3o tarif\u00e1rio seguinte dispon\u00edvel, ou outra companhia a\u00e9rea, mediante um suplemento a informar.<\/p>\n<p>&nbsp;<\/p>\n<p><strong>Suplemento de tarifa a\u00e9rea com a Turkish Airlines (Porto ou Lisboa):<\/strong><\/p>\n<p>&nbsp;<\/p>\n<table>\n<tbody>\n<tr>\n<td>\n<p style=\"text-align: center;\"><strong>Per\u00edodo:<\/strong><\/p>\n<\/td>\n<td style=\"text-align: center;\"><strong>Classe V<\/strong><\/td>\n<td style=\"text-align: center;\"><strong>Classe L<\/strong><\/td>\n<td style=\"text-align: center;\"><strong>Classe T<\/strong><\/td>\n<td>\n<p style=\"text-align: center;\"><strong>Classe Q<\/strong><\/p>\n<\/td>\n<\/tr>\n<tr>\n<td>\n<p style=\"text-align: center;\"><strong>01<\/strong><strong>\/04\/26 a 07\/10\/26<\/strong><\/p>\n<\/td>\n<td style=\"text-align: center;\">Sem supl.<\/td>\n<td style=\"text-align: center;\">33,00 \u20ac<\/td>\n<td style=\"text-align: center;\">74,00 \u20ac<\/td>\n<td>\n<p style=\"text-align: center;\">124,00 \u20ac<\/p>\n<\/td>\n<\/tr>\n<\/tbody>\n<\/table>\n<p>&nbsp;<\/p>\n<p><strong>O pre\u00e7o inclui:<br \/>\n<\/strong>- Passagem a\u00e9rea em voos regulares, em classe econ\u00f3mica, para o percurso indicado incluindo o transporte de bagagem de por\u00e3o;<br \/>\n- Taxas de aeroporto, seguran\u00e7a e combust\u00edvel no valor de 320,00 \u20ac (sujeito a altera\u00e7\u00e3o, a reconfirmar na data da emiss\u00e3o dos bilhetes);<br \/>\n- Transporte aeroporto \/ hotel \/ aeroporto;<br \/>\n- Alojamento nos hot\u00e9is previstos ou similares em quarto standard com pequeno-almo\u00e7o;<br \/>\n- Refei\u00e7\u00f5es de acordo com o indicado no itiner\u00e1rio (1 almo\u00e7o e 1 jantar);<br \/>\n- Circuito em servi\u00e7o regular (em conjunto com outros participantes), acompanhado de guia local de l\u00edngua espanhola;<br \/>\n- Transporte em autocarro, minibus ou van (de acordo com o n\u00famero de participantes);<br \/>\n- Visitas de acordo com o indicado no itiner\u00e1rio;<br \/>\n- Taxas de servi\u00e7o e IVA;<br \/>\n- Seguro de viagem.<\/p>\n<p>&nbsp;<\/p>\n<p><strong>O pre\u00e7o n\u00e3o inclui:<br \/>\n<\/strong>- Bebidas \u00e0s refei\u00e7\u00f5es;<br \/>\n- Servi\u00e7o de bagageiros;<br \/>\n- Gratifica\u00e7\u00f5es;<br \/>\n- Extras e actividades de car\u00e1cter pessoal;<br \/>\n- Todos os servi\u00e7os n\u00e3o indicados como inclu\u00eddos.<\/p>\n<p>&nbsp;<\/p>\n<p><strong>Seguro de viagem:<\/strong><strong><br \/>\n<\/strong>- Todas as viagens organizadas pela MundoNovo Viagens est\u00e3o cobertas por um seguro de viagem (<a href=\"https:\/\/www.mundonovoviagens.pt\/wp-content\/uploads\/2025\/02\/MundoNovo-Multiviagens-Plus-1.pdf?x23938\" target=\"_blank\" rel=\"noopener\">Multiviagens Plus 1<\/a>);<br \/>\n- Adicionalmente propomos o seguro\u00a0<a href=\"https:\/\/www.mundonovoviagens.pt\/wp-content\/uploads\/2025\/02\/MundoNovo-Multiviagens-Premium.pdf?x23938\" target=\"_blank\" rel=\"noopener\">Multiviagens Premium<\/a>\u00a0(valor das coberturas superior), mediante um suplemento de 30\u20ac por pessoa;<br \/>\n- As condi\u00e7\u00f5es gerais de cada seguro poder\u00e3o ser consultadas na p\u00e1gina inicial do nosso site.<\/p>\n<p>&nbsp;<\/p>\n<p><strong>Condi\u00e7\u00f5es gerais de reserva e cancelamento:<\/strong><strong><br \/>\n<\/strong>Consultar a ficha de informa\u00e7\u00e3o normalizada (<a href=\"https:\/\/www.mundonovoviagens.pt\/index.php\/ficha-de-informacao-normalizada\/\" target=\"_blank\" rel=\"noopener\">FIN<\/a>) e\u00a0<a href=\"https:\/\/www.mundonovoviagens.pt\/index.php\/condicoes-gerais\/\" target=\"_blank\" rel=\"noopener\">condi\u00e7\u00f5es gerais<\/a>\u00a0indicadas no site.<\/p>\n<\/div>\n<\/div><\/div><\/div><\/div><\/div><\/div>\t\t\t\t\t\t<\/div>\n\t\t\t\t\t\t\t\t\t\t\t<div class=\"tab-pane  fade\" id=\"tab-informa\u00e7\u00f5es-destino\" role=\"tabpanel\">\n\t\t\t\t\t\t\t<div id=\"pl-w694419156ee8d\"  class=\"panel-layout\" ><div id=\"pg-w694419156ee8d-0\"  class=\"panel-grid panel-no-style\" ><div id=\"pgc-w694419156ee8d-0-0\"  class=\"panel-grid-cell\" ><div id=\"panel-w694419156ee8d-0-0-0\" class=\"so-panel widget widget_sow-editor panel-first-child panel-last-child\" data-index=\"0\" ><div class=\"panel-widget-style panel-widget-style-for-w694419156ee8d-0-0-0\" ><div\n\t\t\t\n\t\t\tclass=\"so-widget-sow-editor so-widget-sow-editor-base\"\n\t\t\t\n\t\t>\n<div class=\"siteorigin-widget-tinymce textwidget\">\n\t<p><strong>1 - Requisitos de entrada<br \/>\n<\/strong>Os cidad\u00e3os portugueses necessitam de bilhete de identidade\/cart\u00e3o de cidad\u00e3o ou passaporte v\u00e1lidos.<\/p>\n<p><strong>\u00a0<\/strong><\/p>\n<p style=\"text-align: justify;\"><strong>2 \u2013 Vacinas \/ Sa\u00fade<br \/>\n<\/strong>Vacina obrigat\u00f3ria: nenhuma.<br \/>\n\u00c9 aconselh\u00e1vel beber apenas \u00e1gua engarrafada ou filtrada. H\u00e1 surtos espor\u00e1dicos de raiva, sendo igualmente aconselh\u00e1vel ter actualizadas as vacinas contra a difteria, t\u00e9tano e hepatite A e B.<\/p>\n<p><strong>\u00a0<\/strong><\/p>\n<p style=\"text-align: justify;\"><strong>3 - Clima<br \/>\n<\/strong>O clima \u00e9 continental e diversificado, com duas zonas clim\u00e1ticas principais - leste e oeste do pa\u00eds. As montanhas do C\u00e1ucaso t\u00eam grande import\u00e2ncia, moderando o clima georgiano e protegendo o pa\u00eds da penetra\u00e7\u00e3o de correntes de ar g\u00e9lidas provenientes do extremo setentrional. Os pequenos montes do C\u00e1ucaso tamb\u00e9m protegem parcialmente a regi\u00e3o da influ\u00eancia de massas de ar quentes e secas do sul.<br \/>\nO clima \u00e9 ameno e chuvoso na costa e na plan\u00edcie ocidental, enquanto no interior central e oriental \u00e9 mais seco.<\/p>\n<p><strong>\u00a0<\/strong><\/p>\n<p><strong>4 - Idioma<br \/>\n<\/strong>A l\u00edngua oficial \u00e9 o georgiano. Outras l\u00ednguas usadas correntemente s\u00e3o o russo, arm\u00e9nio e azeri.<\/p>\n<p><strong>\u00a0<\/strong><\/p>\n<p style=\"text-align: justify;\"><strong>5 - Moeda<br \/>\n<\/strong>A divisa georgiana \u00e9 o Lari. Os pre\u00e7os est\u00e3o usualmente marcados em d\u00f3lares USD ou Euros, ainda que o pagamento seja feito na divisa local. A rede ATM est\u00e1 j\u00e1 bastante difundida nas principais cidades e o cart\u00e3o de cr\u00e9dito \u00e9 aceite nos principais estabelecimentos comerciais.<\/p>\n<p>&nbsp;<\/p>\n<p><strong>6 - Diferen\u00e7a hor\u00e1ria<br \/>\n<\/strong>GMT\/UTC +04<\/p>\n<p>&nbsp;<\/p>\n<p><strong>6 - Electricidade<br \/>\n<\/strong>220 V \/ 50 Hz (tomadas tipo C e F).<\/p>\n<p><strong>\u00a0<\/strong><\/p>\n<p><strong>8 - Representa\u00e7\u00e3o Diplom\u00e1tica \/ Consular<br \/>\n<\/strong>N\u00e3o existe representa\u00e7\u00e3o diplom\u00e1tica portuguesa na Ge\u00f3rgia sendo os assuntos deste pa\u00eds acompanhados pela Embaixada de Portugal em Ancara, Turquia.<br \/>\nMais informa\u00e7\u00f5es: <a href=\"https:\/\/portaldascomunidades.mne.gov.pt\/pt\/\" target=\"_blank\" rel=\"noopener\">www.portaldascomunidades.mne.pt\/<\/a><\/p>\n<p>&nbsp;<\/p>\n<p><strong>9 - Site oficial do turismo<\/strong>: <a href=\"https:\/\/georgia.travel\/\" target=\"_blank\" rel=\"noopener\">www.georgia.travel\/<\/a><\/p>\n<\/div>\n<\/div><\/div><\/div><\/div><\/div><\/div>\t\t\t\t\t\t<\/div>\n\t\t\t\t\t\t\t\t\t\t<\/div>\n\t\t\t\t\t\t\t<\/div>\n\n\t\t\t<\/div><div id=\"panel-1882-0-0-1\" class=\"so-panel widget widget_sow-button panel-last-child\" data-index=\"1\" ><div\n\t\t\t\n\t\t\tclass=\"so-widget-sow-button so-widget-sow-button-flat-95cda3216a70-1882\"\n\t\t\t\n\t\t><div class=\"ow-button-base ow-button-align-center\">\n\t<a\n\thref=\"https:\/\/www.mundonovoviagens.pt\/index.php\/contactos\/?wpf62_6=Assunto:%20080%20\u2013%20O%20Essencial%20da%20Georgia%20\u2013%207%20dias\"\n\t\tclass=\"ow-icon-placement-left ow-button-hover\" \t>\n\t\t<span>\n\t\t\t\n\t\t\tCONTACTE-NOS\t\t<\/span>\n\t<\/a>\n<\/div>\n<\/div><\/div><\/div><\/div><\/div>","protected":false},"excerpt":{"rendered":"<p style=\"text-align: center;\"><strong>Circuito Regular com guia em Espanhol<br \/>\n<\/strong>(Tbilisi, Regi\u00e3o de Kajetia, Signagui, Mtsjeta, Gori, Uplistsije, Gudauri, Stepantsminda, Guergueti e Mt. Kazbegui)<\/p>\n","protected":false},"featured_media":2740,"template":"","meta":[],"product_brand":[],"product_cat":[15],"product_tag":[290,289,299,391,291],"class_list":{"0":"post-1882","1":"product","2":"type-product","3":"status-publish","4":"has-post-thumbnail","6":"product_cat-europa","7":"product_tag-caucaso","8":"product_tag-georgia","9":"product_tag-gori","10":"product_tag-gudari","11":"product_tag-tbilisi","13":"first","14":"instock","15":"shipping-taxable","16":"product-type-simple"},"_links":{"self":[{"href":"https:\/\/www.mundonovoviagens.pt\/index.php\/wp-json\/wp\/v2\/product\/1882","targetHints":{"allow":["GET"]}}],"collection":[{"href":"https:\/\/www.mundonovoviagens.pt\/index.php\/wp-json\/wp\/v2\/product"}],"about":[{"href":"https:\/\/www.mundonovoviagens.pt\/index.php\/wp-json\/wp\/v2\/types\/product"}],"wp:featuredmedia":[{"embeddable":true,"href":"https:\/\/www.mundonovoviagens.pt\/index.php\/wp-json\/wp\/v2\/media\/2740"}],"wp:attachment":[{"href":"https:\/\/www.mundonovoviagens.pt\/index.php\/wp-json\/wp\/v2\/media?parent=1882"}],"wp:term":[{"taxonomy":"product_brand","embeddable":true,"href":"https:\/\/www.mundonovoviagens.pt\/index.php\/wp-json\/wp\/v2\/product_brand?post=1882"},{"taxonomy":"product_cat","embeddable":true,"href":"https:\/\/www.mundonovoviagens.pt\/index.php\/wp-json\/wp\/v2\/product_cat?post=1882"},{"taxonomy":"product_tag","embeddable":true,"href":"https:\/\/www.mundonovoviagens.pt\/index.php\/wp-json\/wp\/v2\/product_tag?post=1882"}],"curies":[{"name":"wp","href":"https:\/\/api.w.org\/{rel}","templated":true}]}}