{"id":2966,"date":"2023-11-09T21:57:03","date_gmt":"2023-11-09T21:57:03","guid":{"rendered":"https:\/\/www.mundonovoviagens.pt\/?post_type=product&#038;p=2966"},"modified":"2025-11-07T16:14:21","modified_gmt":"2025-11-07T15:14:21","slug":"926-kathmandu-e-butao-10-dias","status":"publish","type":"product","link":"https:\/\/www.mundonovoviagens.pt\/index.php\/produto\/926-kathmandu-e-butao-10-dias\/","title":{"rendered":"926 \u2013 Kathmandu e But\u00e3o \u2013 10 dias"},"content":{"rendered":"<div id=\"pl-2966\"  class=\"panel-layout\" ><div id=\"pg-2966-0\"  class=\"panel-grid panel-no-style\" ><div id=\"pgc-2966-0-0\"  class=\"panel-grid-cell\" ><div id=\"panel-2966-0-0-0\" class=\"so-panel widget widget_pt_tabs pt-widget-tabs panel-first-child\" data-index=\"0\" >\t\t\t<div class=\"pt-tabs\">\n\t\t\t\t\n\t\t\t\t\t\t\t\t\t<ul class=\"pt-tabs__navigation  nav  nav-tabs\" role=\"tablist\">\n\t\t\t\t\t\t\t\t\t\t\t\t\t<li class=\"nav-item\">\n\t\t\t\t\t\t\t\t<a class=\"nav-link  active\" data-toggle=\"tab\" href=\"#tab-itiner\u00c1rio\" role=\"tab\">ITINER\u00c1RIO<\/a>\n\t\t\t\t\t\t\t<\/li>\n\t\t\t\t\t\t\t\t\t\t\t\t\t<li class=\"nav-item\">\n\t\t\t\t\t\t\t\t<a class=\"nav-link\" data-toggle=\"tab\" href=\"#tab-pre\u00e7os-e-condi\u00e7\u00f5es\" role=\"tab\">Pre\u00e7os e Condi\u00e7\u00f5es<\/a>\n\t\t\t\t\t\t\t<\/li>\n\t\t\t\t\t\t\t\t\t\t\t\t\t<li class=\"nav-item\">\n\t\t\t\t\t\t\t\t<a class=\"nav-link\" data-toggle=\"tab\" href=\"#tab-informa\u00e7\u00f5es-destino\" role=\"tab\">Informa\u00e7\u00f5es Destino<\/a>\n\t\t\t\t\t\t\t<\/li>\n\t\t\t\t\t\t\t\t\t\t\t<\/ul>\n\n\t\t\t\t\t<div class=\"pt-tabs__content  tab-content\">\n\t\t\t\t\t\t\t\t\t\t\t<div class=\"tab-pane  fade  in  active\" id=\"tab-itiner\u00c1rio\" role=\"tabpanel\">\n\t\t\t\t\t\t\t<div id=\"pl-w690e0ccdbd5b7\"  class=\"panel-layout\" ><div id=\"pg-w690e0ccdbd5b7-0\"  class=\"panel-grid panel-no-style\" ><div id=\"pgc-w690e0ccdbd5b7-0-0\"  class=\"panel-grid-cell\" ><div id=\"panel-w690e0ccdbd5b7-0-0-0\" class=\"so-panel widget widget_sow-editor panel-first-child\" data-index=\"0\" ><div class=\"panel-widget-style panel-widget-style-for-w690e0ccdbd5b7-0-0-0\" ><div\n\t\t\t\n\t\t\tclass=\"so-widget-sow-editor so-widget-sow-editor-base\"\n\t\t\t\n\t\t><h3 class=\"widget-title\">1\u00ba. Dia \u2013 PORTUGAL \/ KATHMANDU <\/h3>\n<div class=\"siteorigin-widget-tinymce textwidget\">\n\t<p>Compar\u00eancia no aeroporto 180 minutos antes da partida, formalidades de embarque e sa\u00edda para Kathmandu com mudan\u00e7a de avi\u00e3o em rota. Noite a bordo.<\/p>\n<\/div>\n<\/div><\/div><\/div><div id=\"panel-w690e0ccdbd5b7-0-0-1\" class=\"so-panel widget widget_sow-editor\" data-index=\"1\" ><div class=\"panel-widget-style panel-widget-style-for-w690e0ccdbd5b7-0-0-1\" ><div\n\t\t\t\n\t\t\tclass=\"so-widget-sow-editor so-widget-sow-editor-base\"\n\t\t\t\n\t\t><h3 class=\"widget-title\">2\u00ba. Dia \u2013 Chegada a KATHMANDU <\/h3>\n<div class=\"siteorigin-widget-tinymce textwidget\">\n\t<p style=\"text-align: justify;\">Chegada, assist\u00eancia e transporte para o hotel. Almo\u00e7o no hotel.<br \/>\nDe tarde, sa\u00edda para visita da cidade, a Pra\u00e7a Durbar, a Porta Hanuman, antigo pal\u00e1cio real, o Templo Parvati, o Templo Kuarii. Continua\u00e7\u00e3o com o mercado e visita \u00e0 Swayambhunath, uma stupa com mais de 2500 anos; visita ainda a Bouhdhhanath, lugar sagrado para os peregrinos budistas do Tibete. Regresso ao hotel. Jantar e alojamento.<\/p>\n<p>&nbsp;<\/p>\n<p style=\"text-align: justify;\">Kathmandu \u00e9 a capital do Nepal e est\u00e1 localizada a uma altitude de aproximadamente 1.350 metros, no vale central do pa\u00eds; rodeada por 4 grandes montanhas: Shivapuri, Phulckowki, Naagarjun e Chandragiri.<\/p>\n<\/div>\n<\/div><\/div><\/div><div id=\"panel-w690e0ccdbd5b7-0-0-2\" class=\"so-panel widget widget_sow-editor\" data-index=\"2\" ><div class=\"panel-widget-style panel-widget-style-for-w690e0ccdbd5b7-0-0-2\" ><div\n\t\t\t\n\t\t\tclass=\"so-widget-sow-editor so-widget-sow-editor-base\"\n\t\t\t\n\t\t><h3 class=\"widget-title\">3\u00ba.\tDia \u2013 KATHMANDU \/ PARO \/ TIMPHU<\/h3>\n<div class=\"siteorigin-widget-tinymce textwidget\">\n\t<p style=\"text-align: justify;\">Pequeno-almo\u00e7o no hotel. De manh\u00e3, transporte ao aeroporto, formalidades de embarque e partida com destino a Paro. Chegada, assist\u00eancia e continua\u00e7\u00e3o da viagem por estrada para Timphu. (cerca de 50 km). Chegada e alojamento no hotel. Almo\u00e7o em restaurante local. De tarde, passeio pelo centro de Timphu e visita ao mercado local. Jantar no hotel.<\/p>\n<\/div>\n<\/div><\/div><\/div><div id=\"panel-w690e0ccdbd5b7-0-0-3\" class=\"so-panel widget widget_sow-editor\" data-index=\"3\" ><div class=\"panel-widget-style panel-widget-style-for-w690e0ccdbd5b7-0-0-3\" ><div\n\t\t\t\n\t\t\tclass=\"so-widget-sow-editor so-widget-sow-editor-base\"\n\t\t\t\n\t\t><h3 class=\"widget-title\">4\u00ba.\tDia \u2013 TIMPHU<\/h3>\n<div class=\"siteorigin-widget-tinymce textwidget\">\n\t<p style=\"text-align: justify;\">Pequeno-almo\u00e7o no hotel. De manh\u00e3, sa\u00edda para visita \u00e0 Biblioteca Nacional, que alberga uma vasta colec\u00e7\u00e3o de manuscritos budistas; ao Instituto Zorig Chusum (tamb\u00e9m conhecido pela Escola de Pintura), onde \u00e9 ministrado um curso de 6 anos das 13 artes e of\u00edcios tradicionais do But\u00e3o. Continua\u00e7\u00e3o com o Museu do Patrim\u00f3nio T\u00eaxtil e Popular, um testemunho fascinante da cultura material e tradi\u00e7\u00f5es do pa\u00eds. Almo\u00e7o em restaurante local.<\/p>\n<p style=\"text-align: justify;\">De tarde, visita ao Tashichhdzong, o mosteiro fortaleza que alberga a maioria dos escrit\u00f3rios governamentais e ainda a sala do trono. \u00c9 ainda a resid\u00eancia de ver\u00e3o do chefe supremo Budista do But\u00e3o. Constru\u00eddo em 1641 pelo unificador do But\u00e3o, Shabdrung Ngawang Namgyal, foi reconstru\u00eddo em 1960 segundo os m\u00e9todos tradicionais butaneses; vista ainda ao Kuensel Phodrang, a enorme est\u00e1tua de Shakyamuni, que com os seus 51,50 metros de altura faz com que seja uma das maiores est\u00e1tuas de Buda do mundo. A partir daqui teremos uma vista panor\u00e2mica deslumbrante do vale de Timphu. Regresso ao hotel, jantar e alojamento.<\/p>\n<\/div>\n<\/div><\/div><\/div><div id=\"panel-w690e0ccdbd5b7-0-0-4\" class=\"so-panel widget widget_sow-editor\" data-index=\"4\" ><div class=\"panel-widget-style panel-widget-style-for-w690e0ccdbd5b7-0-0-4\" ><div\n\t\t\t\n\t\t\tclass=\"so-widget-sow-editor so-widget-sow-editor-base\"\n\t\t\t\n\t\t><h3 class=\"widget-title\">5\u00ba.\tDia \u2013 TIMPHU \/ PUNAKHA<\/h3>\n<div class=\"siteorigin-widget-tinymce textwidget\">\n\t<p style=\"text-align: justify;\">Pequeno-almo\u00e7o no hotel. De manh\u00e3, sa\u00edda para Punakha (cerca de 75 Km), atrav\u00e9s do desfiladeiro de Dochula, a uma altitude de 3800 metros, oferece a vista mais espectacular sobre os picos dos Himalaias. Chegada e alojamento no hotel. Almo\u00e7o em restaurante local.<\/p>\n<p style=\"text-align: justify;\">De tarde, sa\u00edda para visita ao Punakha Dzong, uma enorme estrutura constru\u00edda na conflu\u00eancia de 2 rios e foi a capital do But\u00e3o at\u00e9 1955. Visita a p\u00e9 ao Chimi Lakhang, tamb\u00e9m conhecido como o templo da fertilidade (cerca de 1H30 a caminhar). Jantar e alojamento no hotel.<\/p>\n<\/div>\n<\/div><\/div><\/div><div id=\"panel-w690e0ccdbd5b7-0-0-5\" class=\"so-panel widget widget_sow-editor\" data-index=\"5\" ><div class=\"panel-widget-style panel-widget-style-for-w690e0ccdbd5b7-0-0-5\" ><div\n\t\t\t\n\t\t\tclass=\"so-widget-sow-editor so-widget-sow-editor-base\"\n\t\t\t\n\t\t><h3 class=\"widget-title\">6\u00ba. Dia \u2013 PUNAKHA \/ PARO<\/h3>\n<div class=\"siteorigin-widget-tinymce textwidget\">\n\t<p style=\"text-align: justify;\">Pequeno-almo\u00e7o no hotel. De manh\u00e3, visita do Templo Sangchhen Dorji Lhuendrup Lhakhang que alberga al\u00e9m de outras, uma est\u00e1tua de bronze de Avalokiteshvara, uma das maiores do pa\u00eds e que foi constru\u00edda por artes\u00e3os butaneses. Almo\u00e7o em restaurante local. De tarde, continua\u00e7\u00e3o da viagem para Paro (cerca de 125 Km); visita em rota do Dzong de Simtokha, que \u00e9 o mais antigo do pa\u00eds e que actualmente alberga a escola de estudos religiosos e culturais do But\u00e3o. Chegada, jantar e alojamento no hotel.<\/p>\n<\/div>\n<\/div><\/div><\/div><div id=\"panel-w690e0ccdbd5b7-0-0-6\" class=\"so-panel widget widget_sow-editor\" data-index=\"6\" ><div class=\"panel-widget-style panel-widget-style-for-w690e0ccdbd5b7-0-0-6\" ><div\n\t\t\t\n\t\t\tclass=\"so-widget-sow-editor so-widget-sow-editor-base\"\n\t\t\t\n\t\t><h3 class=\"widget-title\">7\u00ba. Dia \u2013 PARO<\/h3>\n<div class=\"siteorigin-widget-tinymce textwidget\">\n\t<p style=\"text-align: justify;\">Pequeno-almo\u00e7o no hotel. Sa\u00edda para visita ao famoso \u201cTaktsang\u201d, o \u201cNinho dos Tigres\u201d (a caminhada de subida e descida demora cerca de 5 a 6 horas). O Mosteiro est\u00e1 localizado num penhasco de granito a cerca de 900 metros de altura, e o caminho leva-nos por uma floresta de carvalhos, pinheiros azuis e rododendros, chegando a um pequeno \u201cchorten\u201d rodeado de bandeiras de ora\u00e7\u00e3o. Continuando a subida, chegaremos a uma casa de ch\u00e1 e de onde teremos uma vista espectacular do Taktsang. Almo\u00e7o inclu\u00eddo na Cafetaria Taktsang. As visitas terminam com o Ta Dzong ou Museu Nacional, que possui uma vasta colec\u00e7\u00e3o de arte, artefactos, armas e selos butaneses. O dia termina com uma ch\u00e1vena do tradicional ch\u00e1 de manteiga numa quinta. Regresso ao hotel, jantar e alojamento.<\/p>\n<\/div>\n<\/div><\/div><\/div><div id=\"panel-w690e0ccdbd5b7-0-0-7\" class=\"so-panel widget widget_sow-editor\" data-index=\"7\" ><div class=\"panel-widget-style panel-widget-style-for-w690e0ccdbd5b7-0-0-7\" ><div\n\t\t\t\n\t\t\tclass=\"so-widget-sow-editor so-widget-sow-editor-base\"\n\t\t\t\n\t\t><h3 class=\"widget-title\">8\u00ba. Dia \u2013 PARO \/ KATHMANDU <\/h3>\n<div class=\"siteorigin-widget-tinymce textwidget\">\n\t<p style=\"text-align: justify;\">De manh\u00e3 bem cedo, pequeno-almo\u00e7o no hotel. Transporte ao aeroporto, formalidades de embarque e partida para Kathmandu. Chegada e visita a Patan e \u00e0 sua \u201cDurbar Square\u201d, a cerca de 5 Km a sul de Kathmandu, a cidade da arte, \u00e9 uma das 3 cidades reais do vale e \u00e9 tamb\u00e9m conhecida pela sua rica tradi\u00e7\u00e3o de artes e artesanato, tais como est\u00e1tuas de metal e arquitectura ornamentada. A pra\u00e7a \u00e9 uma mistura do antigo pal\u00e1cio real, p\u00e1tios art\u00edsticos, templos e pagodes. O antigo complexo do pal\u00e1cio real foi transformado num museu. Patan, foi a primeira cidade a recuperar da destrui\u00e7\u00e3o provocada pelo terramoto de 2015. Almo\u00e7o em restaurante local. Terminada a visita, transporte ao hotel, alojamento e resto do dia livre.<\/p>\n<\/div>\n<\/div><\/div><\/div><div id=\"panel-w690e0ccdbd5b7-0-0-8\" class=\"so-panel widget widget_sow-editor\" data-index=\"8\" ><div class=\"panel-widget-style panel-widget-style-for-w690e0ccdbd5b7-0-0-8\" ><div\n\t\t\t\n\t\t\tclass=\"so-widget-sow-editor so-widget-sow-editor-base\"\n\t\t\t\n\t\t><h3 class=\"widget-title\">9\u00ba. Dia \u2013 KATHMANDU \/ ISTAMBUL <\/h3>\n<div class=\"siteorigin-widget-tinymce textwidget\">\n\t<p style=\"text-align: justify;\">Pequeno-almo\u00e7o no hotel. De manh\u00e3, em hora a indicar localmente, transporte ao aeroporto, formalidades de embarque e partida com destino a Istambul. Chegada e alojamento no hotel na zona do aeroporto (transporte por conta pr\u00f3pria).<\/p>\n<\/div>\n<\/div><\/div><\/div><div id=\"panel-w690e0ccdbd5b7-0-0-9\" class=\"so-panel widget widget_sow-editor panel-last-child\" data-index=\"9\" ><div class=\"panel-widget-style panel-widget-style-for-w690e0ccdbd5b7-0-0-9\" ><div\n\t\t\t\n\t\t\tclass=\"so-widget-sow-editor so-widget-sow-editor-base\"\n\t\t\t\n\t\t><h3 class=\"widget-title\">10\u00ba. Dia \u2013 ISTAMBUL \/ PORTUGAL<\/h3>\n<div class=\"siteorigin-widget-tinymce textwidget\">\n\t<p style=\"text-align: justify;\">Pequeno-almo\u00e7o no hotel. Transporte por conta pr\u00f3pria ao aeroporto. Compar\u00eancia 180 minutos antes da partida, formalidades de embarque e partida para Portugal. Chegada.<br \/>\nFim dos nossos servi\u00e7os.<\/p>\n<\/div>\n<\/div><\/div><\/div><\/div><\/div><\/div>\t\t\t\t\t\t<\/div>\n\t\t\t\t\t\t\t\t\t\t\t<div class=\"tab-pane  fade\" id=\"tab-pre\u00e7os-e-condi\u00e7\u00f5es\" role=\"tabpanel\">\n\t\t\t\t\t\t\t<div id=\"pl-w690e0ccdbd5bb\"  class=\"panel-layout\" ><div id=\"pg-w690e0ccdbd5bb-0\"  class=\"panel-grid panel-no-style\" ><div id=\"pgc-w690e0ccdbd5bb-0-0\"  class=\"panel-grid-cell\" ><div id=\"panel-w690e0ccdbd5bb-0-0-0\" class=\"so-panel widget widget_sow-editor panel-first-child panel-last-child\" data-index=\"0\" ><div class=\"panel-widget-style panel-widget-style-for-w690e0ccdbd5bb-0-0-0\" ><div\n\t\t\t\n\t\t\tclass=\"so-widget-sow-editor so-widget-sow-editor-base\"\n\t\t\t\n\t\t>\n<div class=\"siteorigin-widget-tinymce textwidget\">\n\t<p><strong>DIAS de PARTIDA<\/strong>:<\/p>\n<p>2\u00aa, 4\u00aa e s\u00e1bados de 01 de Janeiro a 31 de Dezembro de 2025<\/p>\n<p>&nbsp;<\/p>\n<p><strong>Pre\u00e7o por pessoa segundo ocupa\u00e7\u00e3o no quarto (m\u00ednimo 2 participantes):<\/strong><\/p>\n<p><strong>\u00a0<\/strong><\/p>\n<p><strong>HOT\u00c9IS PREVISTOS ou SIMILARES:<\/strong><\/p>\n<p>&nbsp;<\/p>\n<p><span style=\"color: #ef7a1b;\"><strong>Op\u00e7\u00e3o A)<\/strong><\/span><\/p>\n<p><strong>KATHMANDU<\/strong> \u2013 <a href=\"https:\/\/www.marriott.com\/en-us\/hotels\/ktmal-aloft-kathmandu-thamel\/overview\/?scid=f2ae0541-1279-4f24-b197-a979c79310b0\" target=\"_blank\" rel=\"noopener\">Hotel Aloft Tamel<\/a> 4*<\/p>\n<p><strong>TIMPHU<\/strong> \u2013 <a href=\"https:\/\/drukhotels.com\/thimphu\/\" target=\"_blank\" rel=\"noopener\">Hotel Druk<\/a> 3*<\/p>\n<p><strong>PUNAKHA \u2013 <\/strong><a href=\"https:\/\/bhutanhotels.com.bt\/zhingkham-resort\/\" target=\"_blank\" rel=\"noopener\">Zhingkham Resort<\/a> 3*<br \/>\n<strong>PARO \u2013 <\/strong><a href=\"http:\/\/www.tenzinlinghotels.com\/\" target=\"_blank\" rel=\"noopener\">Tenzinling Resort<\/a> 3*<\/p>\n<table>\n<tbody>\n<tr>\n<td>\n<p style=\"text-align: center;\"><strong>PER\u00cdODO<\/strong><\/p>\n<\/td>\n<td style=\"text-align: center;\"><strong>4 Pessoas<br \/>\n(02 Duplos)<\/strong><\/td>\n<td style=\"text-align: center;\"><strong>DUPLO<\/strong><\/td>\n<td>\n<p style=\"text-align: center;\"><strong>SINGLE<\/strong><\/p>\n<\/td>\n<\/tr>\n<tr>\n<td>\n<p style=\"text-align: center;\"><strong>01\/01\/24 a 31\/12\/25<\/strong><\/p>\n<\/td>\n<td style=\"text-align: center;\">3.745,00 \u20ac<\/td>\n<td style=\"text-align: center;\">3.880,00 \u20ac<\/td>\n<td>\n<p style=\"text-align: center;\">4.490,00 \u20ac<\/p>\n<\/td>\n<\/tr>\n<\/tbody>\n<\/table>\n<p>&nbsp;<\/p>\n<p><span style=\"color: #ef7a1b;\"><strong>Op\u00e7\u00e3o B)<\/strong><\/span><\/p>\n<p><strong>KATHMANDU<\/strong> \u2013 <a href=\"https:\/\/www.soaltee.com\/\" target=\"_blank\" rel=\"noopener\">Hotel The Soaltee<\/a> 5*<\/p>\n<p><strong>TIMPHU<\/strong> \u2013 <a href=\"https:\/\/www.marriott.com\/en-us\/hotels\/pbhmd-le-meridien-thimphu\/overview\/?scid=f2ae0541-1279-4f24-b197-a979c79310b0\" target=\"_blank\" rel=\"noopener\">Hotel Le Meridien<\/a> 4*<\/p>\n<p><strong>PUNAKHA \u2013 <\/strong><a href=\"https:\/\/dhensa.com\/\" target=\"_blank\" rel=\"noopener\">Hotel Dhensa Boutique<\/a> 4*<br \/>\n<strong>PARO \u2013 <\/strong><a href=\"https:\/\/www.marriott.com\/en-us\/hotels\/pbhpr-le-meridien-paro-riverfront\/overview\/?scid=f2ae0541-1279-4f24-b197-a979c79310b0\" target=\"_blank\" rel=\"noopener\">Hotel Le Meridien<\/a> 4*<\/p>\n<table>\n<tbody>\n<tr>\n<td>\n<p style=\"text-align: center;\"><strong>PER\u00cdODO<\/strong><\/p>\n<\/td>\n<td style=\"text-align: center;\"><strong>4 Pessoas<br \/>\n(02 Duplos)<\/strong><\/td>\n<td style=\"text-align: center;\"><strong>DUPLO<\/strong><\/td>\n<td>\n<p style=\"text-align: center;\"><strong>SINGLE<\/strong><\/p>\n<\/td>\n<\/tr>\n<tr>\n<td>\n<p style=\"text-align: center;\"><strong>01\/01\/25 a 29\/02\/25<\/strong><\/p>\n<p style=\"text-align: center;\"><strong>01\/07\/25 a 31\/08\/25<\/strong><\/p>\n<p style=\"text-align: center;\"><strong>01\/12\/25 a 31\/12\/25<\/strong><\/p>\n<\/td>\n<td style=\"text-align: center;\">4.860,00 \u20ac<\/td>\n<td style=\"text-align: center;\">5.080,00 \u20ac<\/td>\n<td>\n<p style=\"text-align: center;\">6.815,00 \u20ac<\/p>\n<\/td>\n<\/tr>\n<tr>\n<td>\n<p style=\"text-align: center;\"><strong>01\/03\/25 a 30\/06\/25<\/strong><\/p>\n<p style=\"text-align: center;\"><strong>01\/09\/25 a 30\/11\/25<\/strong><\/p>\n<\/td>\n<td style=\"text-align: center;\">5.245,00 \u20ac<\/td>\n<td style=\"text-align: center;\">5.465,00 \u20ac<\/td>\n<td style=\"text-align: center;\">7.490,00 \u20ac<\/td>\n<\/tr>\n<\/tbody>\n<\/table>\n<p><strong>\u00a0<\/strong><\/p>\n<p style=\"text-align: justify;\"><strong>Nota<\/strong>: Este programa foi calculado com base na companhia a\u00e9rea Turkish Airlines em cabine econ\u00f3mica, tarifa em classe V. Caso n\u00e3o haja disponibilidade de lugares nessa tarifa, ser\u00e1 proposta em alternativa o escal\u00e3o tarif\u00e1rio seguinte dispon\u00edvel, ou noutra companhia a\u00e9rea.<\/p>\n<p>&nbsp;<\/p>\n<p><strong>Suplemento de tarifa a\u00e9rea com a Turkish Airlines (Partidas Porto ou Lisboa):<\/strong><\/p>\n<p>&nbsp;<\/p>\n<table>\n<tbody>\n<tr>\n<td>\n<p style=\"text-align: center;\"><strong>Per\u00edodo:<\/strong><\/p>\n<\/td>\n<td style=\"text-align: center;\"><strong>Classe V<\/strong><\/td>\n<td style=\"text-align: center;\"><strong>Classe L<\/strong><\/td>\n<td style=\"text-align: center;\"><strong>Classe T<\/strong><\/td>\n<td>\n<p style=\"text-align: center;\"><strong>Classe Q<\/strong><\/p>\n<\/td>\n<\/tr>\n<tr>\n<td>\n<p style=\"text-align: center;\"><strong>01\/01\/25 a 30\/06\/25<\/strong><\/p>\n<p style=\"text-align: center;\"><strong>21\/08\/25 a 14\/12\/25<\/strong><\/p>\n<\/td>\n<td style=\"text-align: center;\">Sem supl.<\/td>\n<td style=\"text-align: center;\">48,00 \u20ac<\/td>\n<td style=\"text-align: center;\">102,00 \u20ac<\/td>\n<td>\n<p style=\"text-align: center;\">162,00 \u20ac<\/p>\n<\/td>\n<\/tr>\n<tr>\n<td>\n<p style=\"text-align: center;\"><strong>01\/07\/25 a 20\/08\/25<\/strong><\/p>\n<p style=\"text-align: center;\"><strong>15\/12\/25 a 27\/12\/25<\/strong><\/p>\n<\/td>\n<td style=\"text-align: center;\">45,00 \u20ac<\/td>\n<td style=\"text-align: center;\">107,00 \u20ac<\/td>\n<td style=\"text-align: center;\">181,00 \u20ac<\/td>\n<td>\n<p style=\"text-align: center;\">269,00 \u20ac<\/p>\n<\/td>\n<\/tr>\n<\/tbody>\n<\/table>\n<p>&nbsp;<\/p>\n<p><strong>\u00a0<\/strong><strong>O pre\u00e7o inclui:<\/strong><\/p>\n<p>- Passagem a\u00e9rea em voos regulares, em classe econ\u00f3mica para o percurso indicado, incluindo o transporte de bagagem de por\u00e3o;<br \/>\n- Taxas de aeroporto, seguran\u00e7a e combust\u00edvel no valor de 510,00 \u20ac (sujeito a altera\u00e7\u00e3o, a reconfirmar no dia de emiss\u00e3o dos bilhetes);<br \/>\n- Transporte aeroporto \/ hotel \/ aeroporto em servi\u00e7o privado;<\/p>\n<p>- Assist\u00eancia e transferes por um representante de l\u00edngua inglesa;<\/p>\n<p>- Alojamento nos hot\u00e9is previstos ou similares com pequeno-almo\u00e7o e jantar;<\/p>\n<p>- 7 almo\u00e7os em restaurante locais;<br \/>\n-\u00a0Visitas de acordo com o indicado no itiner\u00e1rio em privado, incluindo as entradas\u00a0nos monumentos;<\/p>\n<p>- Guias locais de l\u00edngua inglesa;<br \/>\n- Taxas de servi\u00e7o e IVA;<\/p>\n<p>- Visto de entrada no But\u00e3o;<\/p>\n<p>- Seguro de viagem.<\/p>\n<p>&nbsp;<\/p>\n<p><strong>O pre\u00e7o n\u00e3o inclui:<\/strong><\/p>\n<p>- Bebidas as refei\u00e7\u00f5es;<\/p>\n<p>- Gratifica\u00e7\u00f5es;<br \/>\n- Extras e actividades de car\u00e1cter pessoal;<br \/>\n- Todos os servi\u00e7os n\u00e3o indicados como inclu\u00eddos;<br \/>\n- Visto de entrada no Nepal.<\/p>\n<p>&nbsp;<\/p>\n<p><strong>Seguro de viagem:<br \/>\n<\/strong>- Todas as viagens organizadas pela MundoNovo Viagens est\u00e3o cobertas por um seguro de viagem (<a href=\"https:\/\/www.mundonovoviagens.pt\/wp-content\/uploads\/2025\/02\/MundoNovo-Multiviagens-Plus-1.pdf?x23938&amp;x23938&amp;x23938\" target=\"_blank\" rel=\"noopener\">Multiviagens Plus 1<\/a>);<br \/>\n- Adicionalmente propomos o seguro\u00a0<a href=\"https:\/\/www.mundonovoviagens.pt\/wp-content\/uploads\/2025\/02\/MundoNovo-Multiviagens-Premium.pdf?x23938&amp;x23938&amp;x23938\" target=\"_blank\" rel=\"noopener\">Multiviagens Premium<\/a>\u00a0(valor das coberturas superior), mediante um suplemento de 30\u20ac por pessoa<br \/>\n- As condi\u00e7\u00f5es gerais de cada seguro poder\u00e3o ser consultadas na p\u00e1gina inicial do nosso site.<\/p>\n<p>&nbsp;<\/p>\n<p><strong>Condi\u00e7\u00f5es gerais de reserva e cancelamento:<\/strong><strong><br \/>\n<\/strong>Consultar a ficha de informa\u00e7\u00e3o normalizada (<a href=\"https:\/\/www.mundonovoviagens.pt\/index.php\/ficha-de-informacao-normalizada\/\" target=\"_blank\" rel=\"noopener\">FIN<\/a>) e\u00a0<a href=\"https:\/\/www.mundonovoviagens.pt\/index.php\/condicoes-gerais\/\" target=\"_blank\" rel=\"noopener\">condi\u00e7\u00f5es gerais<\/a>\u00a0indicadas no site.<\/p>\n<\/div>\n<\/div><\/div><\/div><\/div><\/div><\/div>\t\t\t\t\t\t<\/div>\n\t\t\t\t\t\t\t\t\t\t\t<div class=\"tab-pane  fade\" id=\"tab-informa\u00e7\u00f5es-destino\" role=\"tabpanel\">\n\t\t\t\t\t\t\t<div id=\"pl-w690e0ccdbd5bd\"  class=\"panel-layout\" ><div id=\"pg-w690e0ccdbd5bd-0\"  class=\"panel-grid panel-no-style\" ><div id=\"pgc-w690e0ccdbd5bd-0-0\"  class=\"panel-grid-cell\" ><div id=\"panel-w690e0ccdbd5bd-0-0-0\" class=\"so-panel widget widget_sow-editor panel-first-child panel-last-child\" data-index=\"0\" ><div class=\"panel-widget-style panel-widget-style-for-w690e0ccdbd5bd-0-0-0\" ><div\n\t\t\t\n\t\t\tclass=\"so-widget-sow-editor so-widget-sow-editor-base\"\n\t\t\t\n\t\t>\n<div class=\"siteorigin-widget-tinymce textwidget\">\n\t<p><strong>Nepal<\/strong><\/p>\n<p>&nbsp;<\/p>\n<p><strong>1 - Requisitos de entrada<br \/>\n<\/strong>Cidad\u00e3os portugueses necessitam de passaporte com uma validade m\u00ednima de 6 meses \u00e0 data de sa\u00edda do pa\u00eds;<br \/>\n\u00c9 obrigat\u00f3rio visto, que pode ser obtido \u00e0 chegada ou online atrav\u00e9s do seguinte site: <a href=\"https:\/\/nepaliport.immigration.gov.np\/\" target=\"_blank\" rel=\"noopener\">www.nepaliport.immigration.gov.np\/<\/a><\/p>\n<p>&nbsp;<\/p>\n<p><strong>2 \u2013 Vacinas \/ Sa\u00fade<br \/>\n<\/strong>Vacina obrigat\u00f3ria: nenhuma<strong><br \/>\n<\/strong>A rede sanit\u00e1ria \u00e9 muito deficiente.\u00a0Aconselha-se a ingest\u00e3o de \u00e1gua engarrafada e selada e evitar alimentos crus e o gelo nas bebidas.<\/p>\n<p>&nbsp;<\/p>\n<p style=\"text-align: justify;\"><strong>3 - Clima<br \/>\n<\/strong>O clima \u00e9 influenciado pela altitude; \u00e9 tropical h\u00famido, de mon\u00e7\u00e3o, nas \u00e1reas mais baixas. \u00c0 medida que a altitude aumenta, as temperaturas v\u00e3o descendo, passando de subtropical, a alpino, e \u00e0s \u00e1reas sempre geladas, onde o ar \u00e9 extremamente rarefeito.<\/p>\n<p>&nbsp;<\/p>\n<p><strong>4 - Idioma<br \/>\n<\/strong>A l\u00edngua oficial \u00e9 o nepal\u00eas.<\/p>\n<p>&nbsp;<\/p>\n<p><strong>5 \u2013 Moeda<br \/>\n<\/strong>A moeda local \u00e9 a rupia nepalesa. Os principais cart\u00f5es de cr\u00e9dito s\u00e3o aceites em lojas e hot\u00e9is. Existem m\u00e1quinas multibanco na maioria das cidades e pontos tur\u00edsticos.<\/p>\n<p>&nbsp;<\/p>\n<p><strong>6 \u2013 Diferen\u00e7a Hor\u00e1ria<br \/>\n<\/strong>UTC\/GMT +5:45<\/p>\n<p>&nbsp;<\/p>\n<p><strong>7 \u2013 Electricidade<br \/>\n<\/strong>230V \/ 50Hz (tomadas tipo C, D e M)<\/p>\n<p>&nbsp;<\/p>\n<p><strong>8 \u2013 Representa\u00e7\u00e3o Diplom\u00e1tica \/ Consular<br \/>\n<\/strong>N\u00e3o existe representa\u00e7\u00e3o diplom\u00e1tica portuguesa no Nepal, sendo os assuntos deste pa\u00eds acompanhados pela Embaixada de Portugal em Nova Delhi, \u00cdndia.<br \/>\nMais informa\u00e7\u00f5es: <a href=\"https:\/\/portaldascomunidades.mne.gov.pt\/pt\/\" target=\"_blank\" rel=\"noopener\">www.portaldascomunidades.mne.pt<\/a><\/p>\n<\/div>\n<\/div><\/div><\/div><\/div><\/div><\/div>\t\t\t\t\t\t<\/div>\n\t\t\t\t\t\t\t\t\t\t<\/div>\n\t\t\t\t\t\t\t<\/div>\n\n\t\t\t<\/div><div id=\"panel-2966-0-0-1\" class=\"so-panel widget widget_sow-button panel-last-child\" data-index=\"1\" ><div\n\t\t\t\n\t\t\tclass=\"so-widget-sow-button so-widget-sow-button-flat-95cda3216a70-2966\"\n\t\t\t\n\t\t><div class=\"ow-button-base ow-button-align-center\">\n\t<a\n\thref=\"https:\/\/www.mundonovoviagens.pt\/index.php\/contactos\/?wpf62_6=Assunto:%20926%20\u2013%20Kathmandu%20e%20Butao%20\u2013%2010%20dias\"\n\t\tclass=\"ow-icon-placement-left ow-button-hover\" \t>\n\t\t<span>\n\t\t\t\n\t\t\tCONTACTE-NOS\t\t<\/span>\n\t<\/a>\n<\/div>\n<\/div><\/div><\/div><\/div><\/div>","protected":false},"excerpt":{"rendered":"<p style=\"text-align: center;\"><strong>Circuito privado com guia em Ingl\u00eas<br \/>\n<\/strong>(Kathmandu, Paro, Timphu e Punakha)<\/p>\n","protected":false},"featured_media":2967,"template":"","meta":[],"product_brand":[],"product_cat":[15],"product_tag":[488,489,487,490,492,491],"class_list":{"0":"post-2966","1":"product","2":"type-product","3":"status-publish","4":"has-post-thumbnail","6":"product_cat-europa","7":"product_tag-butao","8":"product_tag-kathmandu","9":"product_tag-nepal","10":"product_tag-paro","11":"product_tag-punakha","12":"product_tag-timphu","14":"first","15":"instock","16":"shipping-taxable","17":"product-type-simple"},"_links":{"self":[{"href":"https:\/\/www.mundonovoviagens.pt\/index.php\/wp-json\/wp\/v2\/product\/2966","targetHints":{"allow":["GET"]}}],"collection":[{"href":"https:\/\/www.mundonovoviagens.pt\/index.php\/wp-json\/wp\/v2\/product"}],"about":[{"href":"https:\/\/www.mundonovoviagens.pt\/index.php\/wp-json\/wp\/v2\/types\/product"}],"wp:featuredmedia":[{"embeddable":true,"href":"https:\/\/www.mundonovoviagens.pt\/index.php\/wp-json\/wp\/v2\/media\/2967"}],"wp:attachment":[{"href":"https:\/\/www.mundonovoviagens.pt\/index.php\/wp-json\/wp\/v2\/media?parent=2966"}],"wp:term":[{"taxonomy":"product_brand","embeddable":true,"href":"https:\/\/www.mundonovoviagens.pt\/index.php\/wp-json\/wp\/v2\/product_brand?post=2966"},{"taxonomy":"product_cat","embeddable":true,"href":"https:\/\/www.mundonovoviagens.pt\/index.php\/wp-json\/wp\/v2\/product_cat?post=2966"},{"taxonomy":"product_tag","embeddable":true,"href":"https:\/\/www.mundonovoviagens.pt\/index.php\/wp-json\/wp\/v2\/product_tag?post=2966"}],"curies":[{"name":"wp","href":"https:\/\/api.w.org\/{rel}","templated":true}]}}