{"id":3155,"date":"2023-11-29T15:02:35","date_gmt":"2023-11-29T15:02:35","guid":{"rendered":"https:\/\/www.mundonovoviagens.pt\/?post_type=product&#038;p=3155"},"modified":"2026-04-29T16:33:48","modified_gmt":"2026-04-29T15:33:48","slug":"892-bangkok-chiang-mai-e-krabi-14-dias","status":"publish","type":"product","link":"https:\/\/www.mundonovoviagens.pt\/index.php\/produto\/892-bangkok-chiang-mai-e-krabi-14-dias\/","title":{"rendered":"892 \u2013 Bangkok, Chiang Mai e krabi \u2013 14 dias"},"content":{"rendered":"<div id=\"pl-3155\"  class=\"panel-layout\" ><div id=\"pg-3155-0\"  class=\"panel-grid panel-no-style\" ><div id=\"pgc-3155-0-0\"  class=\"panel-grid-cell\" ><div id=\"panel-3155-0-0-0\" class=\"so-panel widget widget_pt_tabs pt-widget-tabs panel-first-child\" data-index=\"0\" >\t\t\t<div class=\"pt-tabs\">\n\t\t\t\t\n\t\t\t\t\t\t\t\t\t<ul class=\"pt-tabs__navigation  nav  nav-tabs\" role=\"tablist\">\n\t\t\t\t\t\t\t\t\t\t\t\t\t<li class=\"nav-item\">\n\t\t\t\t\t\t\t\t<a class=\"nav-link  active\" data-toggle=\"tab\" href=\"#tab-itiner\u00c1rio\" role=\"tab\">ITINER\u00c1RIO<\/a>\n\t\t\t\t\t\t\t<\/li>\n\t\t\t\t\t\t\t\t\t\t\t\t\t<li class=\"nav-item\">\n\t\t\t\t\t\t\t\t<a class=\"nav-link\" data-toggle=\"tab\" href=\"#tab-pre\u00e7os-e-condi\u00e7\u00f5es\" role=\"tab\">Pre\u00e7os e Condi\u00e7\u00f5es<\/a>\n\t\t\t\t\t\t\t<\/li>\n\t\t\t\t\t\t\t\t\t\t\t\t\t<li class=\"nav-item\">\n\t\t\t\t\t\t\t\t<a class=\"nav-link\" data-toggle=\"tab\" href=\"#tab-informa\u00e7\u00f5es-destino\" role=\"tab\">Informa\u00e7\u00f5es Destino<\/a>\n\t\t\t\t\t\t\t<\/li>\n\t\t\t\t\t\t\t\t\t\t\t<\/ul>\n\n\t\t\t\t\t<div class=\"pt-tabs__content  tab-content\">\n\t\t\t\t\t\t\t\t\t\t\t<div class=\"tab-pane  fade  in  active\" id=\"tab-itiner\u00c1rio\" role=\"tabpanel\">\n\t\t\t\t\t\t\t<div id=\"pl-w69f2164d740ad\"  class=\"panel-layout\" ><div id=\"pg-w69f2164d740ad-0\"  class=\"panel-grid panel-no-style\" ><div id=\"pgc-w69f2164d740ad-0-0\"  class=\"panel-grid-cell\" ><div id=\"panel-w69f2164d740ad-0-0-0\" class=\"so-panel widget widget_sow-editor panel-first-child\" data-index=\"0\" ><div class=\"panel-widget-style panel-widget-style-for-w69f2164d740ad-0-0-0\" ><div\n\t\t\t\n\t\t\tclass=\"so-widget-sow-editor so-widget-sow-editor-base\"\n\t\t\t\n\t\t><h3 class=\"widget-title\">1\u00ba.\tDia \u2013 PORTUGAL \/ BANGKOK<\/h3>\n<div class=\"siteorigin-widget-tinymce textwidget\">\n\t<p style=\"text-align: justify;\">Compar\u00eancia no aeroporto 180 minutos antes da sa\u00edda, formalidades de embarque e partida para Bangkok com mudan\u00e7a de avi\u00e3o em rota.\u00a0Noite a bordo.<\/p>\n<\/div>\n<\/div><\/div><\/div><div id=\"panel-w69f2164d740ad-0-0-1\" class=\"so-panel widget widget_sow-editor\" data-index=\"1\" ><div class=\"panel-widget-style panel-widget-style-for-w69f2164d740ad-0-0-1\" ><div\n\t\t\t\n\t\t\tclass=\"so-widget-sow-editor so-widget-sow-editor-base\"\n\t\t\t\n\t\t><h3 class=\"widget-title\">2\u00ba. Dia \u2013 Chegada a BANGKOK<\/h3>\n<div class=\"siteorigin-widget-tinymce textwidget\">\n\t<p style=\"text-align: justify;\">Chegada, assist\u00eancia e transporte ao hotel. Alojamento e resto do dia livre.<\/p>\n<\/div>\n<\/div><\/div><\/div><div id=\"panel-w69f2164d740ad-0-0-2\" class=\"so-panel widget widget_sow-editor\" data-index=\"2\" ><div class=\"panel-widget-style panel-widget-style-for-w69f2164d740ad-0-0-2\" ><div\n\t\t\t\n\t\t\tclass=\"so-widget-sow-editor so-widget-sow-editor-base\"\n\t\t\t\n\t\t><h3 class=\"widget-title\">3\u00ba. Dia \u2013 BANGKOK<\/h3>\n<div class=\"siteorigin-widget-tinymce textwidget\">\n\t<p style=\"text-align: justify;\">Pequeno-almo\u00e7o no hotel. De manh\u00e3 sa\u00edda para visita da vibrante cidade de Bangkok, da forma mais aut\u00eantica poss\u00edvel, de transporte p\u00fablico com guia privada a falar espanhol. A visita inclui o Sky Train, o Chao Praya Express e os pitorescos tuk-tuk; iniciamos com o Grande Pal\u00e1cio, o monumento mais emblem\u00e1tico da Tail\u00e2ndia e antiga resid\u00eancia dos reis e onde se encontra o Buda Esmeralda, de seguida visita ao Wat Pho, o templo mais antigo de Bangkok e onde se encontra a magn\u00edfica estatua do Buda reclinado, assim como a primeira escola de medicina tradicional e de massagem tailandesa. Travessia do rio para chegarmos a Wat Arun, tamb\u00e9m conhecido pelo Templo da Aurora.<\/p>\n<p style=\"text-align: justify;\">Desfrutaremos de um almo\u00e7o t\u00edpico tailand\u00eas num restaurante local antes de continuarmos em dire\u00e7\u00e3o ao sereno Wat Suthat. Para terminar, subida \u00e0 Montanha Dourada, de onde contemplaremos uma das vistas mais espetaculares de Banguecoque. Regresso ao hotel e resto do dia livre. Alojamento.<\/p>\n<\/div>\n<\/div><\/div><\/div><div id=\"panel-w69f2164d740ad-0-0-3\" class=\"so-panel widget widget_sow-editor\" data-index=\"3\" ><div class=\"panel-widget-style panel-widget-style-for-w69f2164d740ad-0-0-3\" ><div\n\t\t\t\n\t\t\tclass=\"so-widget-sow-editor so-widget-sow-editor-base\"\n\t\t\t\n\t\t><h3 class=\"widget-title\">4\u00ba.\te 5\u00ba Dia \u2013 BANGKOK <\/h3>\n<div class=\"siteorigin-widget-tinymce textwidget\">\n\t<p>Pequeno-almo\u00e7o no hotel. Dias livres para visitas e actividades de car\u00e1cter pessoal. Alojamento no hotel.<\/p>\n<\/div>\n<\/div><\/div><\/div><div id=\"panel-w69f2164d740ad-0-0-4\" class=\"so-panel widget widget_sow-editor\" data-index=\"4\" ><div class=\"panel-widget-style panel-widget-style-for-w69f2164d740ad-0-0-4\" ><div\n\t\t\t\n\t\t\tclass=\"so-widget-sow-editor so-widget-sow-editor-base\"\n\t\t\t\n\t\t><h3 class=\"widget-title\">6\u00ba. Dia \u2013 BANGKOK \/ CHIANG MAI<\/h3>\n<div class=\"siteorigin-widget-tinymce textwidget\">\n\t<p>Pequeno-almo\u00e7o no hotel. Tempo livre. Em hora a indicar, transporte \u00e0 esta\u00e7\u00e3o ferrovi\u00e1ria, formalidades de embarque e partida no comboio nocturno em beliche 2\u00aa classe, com destino a Chiang Mai. Noite a bordo.<\/p>\n<\/div>\n<\/div><\/div><\/div><div id=\"panel-w69f2164d740ad-0-0-5\" class=\"so-panel widget widget_sow-editor\" data-index=\"5\" ><div class=\"panel-widget-style panel-widget-style-for-w69f2164d740ad-0-0-5\" ><div\n\t\t\t\n\t\t\tclass=\"so-widget-sow-editor so-widget-sow-editor-base\"\n\t\t\t\n\t\t><h3 class=\"widget-title\">7\u00ba Dia \u2013 Chegada a CHIANG MAI<\/h3>\n<div class=\"siteorigin-widget-tinymce textwidget\">\n\t<p style=\"text-align: justify;\">O comboio n\u00e3o disp\u00f5e de servi\u00e7o de pequeno-almo\u00e7o.Chegada a Chiang Mai de manh\u00e3, assist\u00eancia e visita ao impressionante Doi Suthep, um templo no topo de uma montanha, de onde poderemos desfrutar de vistas panor\u00e2micas sobre a cidade. Regresso ao hotel em Chiang Mai e tempo livre para explorar a cidade ao p\u00f4r do sol, incluindo o movimentado Night Bazaar. Alojamento no hotel.<\/p>\n<\/div>\n<\/div><\/div><\/div><div id=\"panel-w69f2164d740ad-0-0-6\" class=\"so-panel widget widget_sow-editor\" data-index=\"6\" ><div class=\"panel-widget-style panel-widget-style-for-w69f2164d740ad-0-0-6\" ><div\n\t\t\t\n\t\t\tclass=\"so-widget-sow-editor so-widget-sow-editor-base\"\n\t\t\t\n\t\t><h3 class=\"widget-title\">8\u00ba. e 9\u00ba. Dia \u2013 CHIANG MAI<\/h3>\n<div class=\"siteorigin-widget-tinymce textwidget\">\n\t<p>Pequeno-almo\u00e7o no hotel. Dias livres para visitas e actividades de car\u00e1cter pessoal. Alojamento no hotel.<\/p>\n<\/div>\n<\/div><\/div><\/div><div id=\"panel-w69f2164d740ad-0-0-7\" class=\"so-panel widget widget_sow-editor\" data-index=\"7\" ><div class=\"panel-widget-style panel-widget-style-for-w69f2164d740ad-0-0-7\" ><div\n\t\t\t\n\t\t\tclass=\"so-widget-sow-editor so-widget-sow-editor-base\"\n\t\t\t\n\t\t><h3 class=\"widget-title\">10\u00ba. Dia \u2013 CHIANG MAI \/ KRABI<\/h3>\n<div class=\"siteorigin-widget-tinymce textwidget\">\n\t<p>Pequeno-almo\u00e7o no hotel. Em hora a indicar, transporte ao aeroporto, formalidades de embarque e partida para Krabi. Chegada e transporte ao hotel. Alojamento e resto do dia livre.<\/p>\n<\/div>\n<\/div><\/div><\/div><div id=\"panel-w69f2164d740ad-0-0-8\" class=\"so-panel widget widget_sow-editor\" data-index=\"8\" ><div class=\"panel-widget-style panel-widget-style-for-w69f2164d740ad-0-0-8\" ><div\n\t\t\t\n\t\t\tclass=\"so-widget-sow-editor so-widget-sow-editor-base\"\n\t\t\t\n\t\t><h3 class=\"widget-title\">11\u00ba.  Dia \u2013 KRABI<\/h3>\n<div class=\"siteorigin-widget-tinymce textwidget\">\n\t<p style=\"text-align: justify;\">Pequeno-almo\u00e7o no hotel. De manh\u00e3, sa\u00edda para uma visita em grupo (em conjunto com outras pessoas) e com guia de l\u00edngua inglesa, visitaremos algumas das ilhas mais bonitas de Krabi numa embarca\u00e7\u00e3o tradicional de \"cauda longa\" (<em>long-tail boat<\/em>). Poderemos desfrutar da Praia de Phra Nang, bem como das ilhas Tub, Poda e de Koh Khai, conhecida como a Ilha do Galo. Teremos oportunidade para nadar, explorar e desfrutar de um dia completo no mar. Almo\u00e7o inclu\u00eddo. Terminada a visita, regresso ao hotel e alojamento.<\/p>\n<\/div>\n<\/div><\/div><\/div><div id=\"panel-w69f2164d740ad-0-0-9\" class=\"so-panel widget widget_sow-editor\" data-index=\"9\" ><div class=\"panel-widget-style panel-widget-style-for-w69f2164d740ad-0-0-9\" ><div\n\t\t\t\n\t\t\tclass=\"so-widget-sow-editor so-widget-sow-editor-base\"\n\t\t\t\n\t\t><h3 class=\"widget-title\">12\u00ba Dia \u2013 KRABI<\/h3>\n<div class=\"siteorigin-widget-tinymce textwidget\">\n\t<p style=\"text-align: justify;\">Pequeno-almo\u00e7o no hotel. Dia livre para visitas e actividades de car\u00e1cter pessoal. Alojamento no hotel.<\/p>\n<\/div>\n<\/div><\/div><\/div><div id=\"panel-w69f2164d740ad-0-0-10\" class=\"so-panel widget widget_sow-editor\" data-index=\"10\" ><div class=\"panel-widget-style panel-widget-style-for-w69f2164d740ad-0-0-10\" ><div\n\t\t\t\n\t\t\tclass=\"so-widget-sow-editor so-widget-sow-editor-base\"\n\t\t\t\n\t\t><h3 class=\"widget-title\">13\u00ba. Dia \u2013 KRABI \/ PORTUGAL <\/h3>\n<div class=\"siteorigin-widget-tinymce textwidget\">\n\t<p>Pequeno-almo\u00e7o no hotel. Em hora a indicar, transporte ao aeroporto, formalidades de embarque e partida com destino a Portugal e com mudan\u00e7as de avi\u00e3o em rota. Noite a bordo.<\/p>\n<\/div>\n<\/div><\/div><\/div><div id=\"panel-w69f2164d740ad-0-0-11\" class=\"so-panel widget widget_sow-editor panel-last-child\" data-index=\"11\" ><div class=\"panel-widget-style panel-widget-style-for-w69f2164d740ad-0-0-11\" ><div\n\t\t\t\n\t\t\tclass=\"so-widget-sow-editor so-widget-sow-editor-base\"\n\t\t\t\n\t\t><h3 class=\"widget-title\">14\u00ba. Dia \u2013 Chegada a PORTUGAL<\/h3>\n<div class=\"siteorigin-widget-tinymce textwidget\">\n\t<p>Chegada a Portugal.<br \/>\nFim dos nossos servi\u00e7os.<\/p>\n<p>\u00a0<\/em><\/p>\n<\/div>\n<\/div><\/div><\/div><\/div><\/div><\/div>\t\t\t\t\t\t<\/div>\n\t\t\t\t\t\t\t\t\t\t\t<div class=\"tab-pane  fade\" id=\"tab-pre\u00e7os-e-condi\u00e7\u00f5es\" role=\"tabpanel\">\n\t\t\t\t\t\t\t<div id=\"pl-w69f2164d740b0\"  class=\"panel-layout\" ><div id=\"pg-w69f2164d740b0-0\"  class=\"panel-grid panel-no-style\" ><div id=\"pgc-w69f2164d740b0-0-0\"  class=\"panel-grid-cell\" ><div id=\"panel-w69f2164d740b0-0-0-0\" class=\"so-panel widget widget_sow-editor panel-first-child panel-last-child\" data-index=\"0\" ><div class=\"panel-widget-style panel-widget-style-for-w69f2164d740b0-0-0-0\" ><div\n\t\t\t\n\t\t\tclass=\"so-widget-sow-editor so-widget-sow-editor-base\"\n\t\t\t\n\t\t>\n<div class=\"siteorigin-widget-tinymce textwidget\">\n\t<p><strong>DIAS de PARTIDA em 2026<\/strong>: Di\u00e1rias<\/p>\n<p>&nbsp;<\/p>\n<p><strong>Pre\u00e7o por pessoa segundo ocupa\u00e7\u00e3o no quarto<\/strong> <strong>(m\u00ednimo 2 participantes):<\/strong><\/p>\n<p>&nbsp;<\/p>\n<p><strong>HOT\u00c9IS PREVISTOS ou SIMILARES:<\/strong><\/p>\n<p>&nbsp;<\/p>\n<p><span style=\"color: #ef7a1b;\"><strong>Op\u00e7\u00e3o A)<\/strong><\/span><\/p>\n<p><strong>BANGKOK<\/strong> \u2013 <a href=\"https:\/\/thegrandsathorn.com\/\" target=\"_blank\" rel=\"noopener\">Hotel the Grand Sathorn<\/a> 4*<\/p>\n<p><strong>CHIANG MAI<\/strong> \u2013 <a href=\"https:\/\/www.delannahotel.com\/\" target=\"_blank\" rel=\"noopener\">Hotel de Lanna<\/a> 4*<\/p>\n<p><strong>KRABI<\/strong> \u2013 <a href=\"https:\/\/www.krabiresort.net\/\" target=\"_blank\" rel=\"noopener\">Krabi Resort<\/a> 4*<\/p>\n<p>&nbsp;<\/p>\n<table>\n<tbody>\n<tr>\n<td>\n<p style=\"text-align: center;\"><strong>PER\u00cdODO<\/strong><\/p>\n<\/td>\n<td style=\"text-align: center;\"><strong>3 DUPLOS<br \/>\n(6 Pessoas)<\/strong><\/td>\n<td style=\"text-align: center;\"><strong>2 DUPLOS<br \/>\n(4 Pessoas)<\/strong><\/td>\n<td style=\"text-align: center;\"><strong>DUPLO<\/strong><\/td>\n<td>\n<p style=\"text-align: center;\"><strong>SINGLE<\/strong><\/p>\n<\/td>\n<\/tr>\n<tr>\n<td>\n<p style=\"text-align: center;\"><strong>01\/05\/26 a 31\/10\/26<\/strong><\/p>\n<\/td>\n<td style=\"text-align: center;\">1.965,00 \u20ac<\/td>\n<td style=\"text-align: center;\">2.050,00 \u20ac<\/td>\n<td style=\"text-align: center;\">2.165,00 \u20ac<\/td>\n<td>\n<p style=\"text-align: center;\">2.545,00 \u20ac<\/p>\n<\/td>\n<\/tr>\n<\/tbody>\n<\/table>\n<p>&nbsp;<\/p>\n<p><strong>\u00a0<\/strong><span style=\"color: #ef7a1b;\"><strong>Op\u00e7\u00e3o B)<\/strong><\/span><\/p>\n<p><strong>BANGKOK<\/strong> \u2013 <a href=\"https:\/\/www.modesathorn.com\/\" target=\"_blank\" rel=\"noopener\">Hotel Mode Sathorn<\/a> 4*<\/p>\n<p><strong>CHIANG MAI<\/strong> \u2013 <a href=\"https:\/\/bodhiserene.com\/\" target=\"_blank\" rel=\"noopener\">Hotel Bodhi Serene<\/a> 4*<\/p>\n<p><strong>KRABI<\/strong> \u2013 <a href=\"https:\/\/www.tubkaakresort.com\/\" target=\"_blank\" rel=\"noopener\">Hotel The Tubkaak <\/a>\u00a04*<\/p>\n<p>&nbsp;<\/p>\n<table>\n<tbody>\n<tr>\n<td>\n<p style=\"text-align: center;\"><strong>PER\u00cdODO<\/strong><\/p>\n<\/td>\n<td style=\"text-align: center;\"><strong>3 DUPLOS<br \/>\n(6 Pessoas)<\/strong><\/td>\n<td style=\"text-align: center;\"><strong>2 DUPLOS<br \/>\n(4 Pessoas)<\/strong><\/td>\n<td style=\"text-align: center;\"><strong>DUPLO<\/strong><\/td>\n<td>\n<p style=\"text-align: center;\"><strong>SINGLE<\/strong><\/p>\n<\/td>\n<\/tr>\n<tr>\n<td>\n<p style=\"text-align: center;\"><strong>01\/05\/26 a 31\/10\/26<\/strong><\/p>\n<\/td>\n<td style=\"text-align: center;\">2.090,00 \u20ac<\/td>\n<td style=\"text-align: center;\">2.175,00 \u20ac<\/td>\n<td style=\"text-align: center;\">2.290,00 \u20ac<\/td>\n<td>\n<p style=\"text-align: center;\">2.710,00 \u20ac<\/p>\n<\/td>\n<\/tr>\n<\/tbody>\n<\/table>\n<p>&nbsp;<\/p>\n<p><span style=\"color: #ef7a1b;\"><strong>Op\u00e7\u00e3o C)<\/strong><\/span><\/p>\n<p><strong>BANGKOK<\/strong> \u2013 <a href=\"https:\/\/bangkok.amarahotels.com\/\" target=\"_blank\" rel=\"noopener\">Hotel Amara<\/a> 5*<\/p>\n<p><strong>CHIANG MAI<\/strong> \u2013 <a href=\"http:\/\/www.ratilannachiangmai.com\/\" target=\"_blank\" rel=\"noopener\">Hotel Ratillana<\/a> 5*<br \/>\n<strong>KRABI<\/strong> \u2013 <a href=\"https:\/\/www.theshellseakrabi.com\/\" target=\"_blank\" rel=\"noopener\">Hotel Shellsea<\/a> 5*<\/p>\n<p>&nbsp;<\/p>\n<table>\n<tbody>\n<tr>\n<td>\n<p style=\"text-align: center;\"><strong>PER\u00cdODO<\/strong><\/p>\n<\/td>\n<td style=\"text-align: center;\"><strong>3 DUPLOS<br \/>\n(6 Pessoas)<\/strong><\/td>\n<td style=\"text-align: center;\"><strong>2 DUPLOS<br \/>\n(4 Pessoas)<\/strong><\/td>\n<td style=\"text-align: center;\"><strong>DUPLO<\/strong><\/td>\n<td>\n<p style=\"text-align: center;\"><strong>SINGLE<\/strong><\/p>\n<\/td>\n<\/tr>\n<tr>\n<td>\n<p style=\"text-align: center;\"><strong>01\/05\/26 a 31\/10\/26<\/strong><\/p>\n<\/td>\n<td style=\"text-align: center;\">2.420,00 \u20ac<\/td>\n<td style=\"text-align: center;\">2. 510,00 \u20ac<\/td>\n<td style=\"text-align: center;\">2.620,00 \u20ac<\/td>\n<td>\n<p style=\"text-align: center;\">3.450,00 \u20ac<\/p>\n<\/td>\n<\/tr>\n<\/tbody>\n<\/table>\n<p>&nbsp;<\/p>\n<p><strong>NOTA:<\/strong> Este programa foi calculado com base na companhia a\u00e9rea Lufthansa em cabine econ\u00f3mica, tarifa em classe L.\u00a0 Caso n\u00e3o haja disponibilidade de lugares nessa tarifa, ser\u00e1 proposta em alternativa o escal\u00e3o tarif\u00e1rio seguinte dispon\u00edvel, ou outra companhia a\u00e9rea mediante um suplemento a informar.<\/p>\n<p>&nbsp;<\/p>\n<p><strong>Suplemento de tarifa a\u00e9rea com a Lufthansa<\/strong> (Partidas do Porto ou Lisboa):<\/p>\n<p>&nbsp;<\/p>\n<table>\n<tbody>\n<tr>\n<td>\n<p style=\"text-align: center;\"><strong>PER\u00cdODO<\/strong><\/p>\n<\/td>\n<td style=\"text-align: center;\"><strong>Classe L<\/strong><\/td>\n<td style=\"text-align: center;\"><strong>Classe T<\/strong><\/td>\n<td style=\"text-align: center;\"><strong>Classe S<\/strong><\/td>\n<td>\n<p style=\"text-align: center;\"><strong>Classe W<\/strong><\/p>\n<\/td>\n<\/tr>\n<tr>\n<td>\n<p style=\"text-align: center;\"><strong>01\/04\/26 a 31\/10\/26<\/strong><\/p>\n<\/td>\n<td style=\"text-align: center;\">Sem supl.<\/td>\n<td style=\"text-align: center;\">79,00 \u20ac<\/td>\n<td style=\"text-align: center;\">191,00 \u20ac<\/td>\n<td>\n<p style=\"text-align: center;\">338,00 \u20ac<\/p>\n<\/td>\n<\/tr>\n<\/tbody>\n<\/table>\n<p>&nbsp;<\/p>\n<p><strong>O pre\u00e7o inclui:<\/strong><\/p>\n<p>- Passagem a\u00e9rea em voos regulares, em classe econ\u00f3mica para o percurso indicado, incluindo o transporte de bagagem de por\u00e3o;<br \/>\n- Taxas de aeroporto, seguran\u00e7a e combust\u00edvel no valor de 520,00 \u20ac (sujeito a altera\u00e7\u00e3o, a reconfirmar no dia de emiss\u00e3o dos bilhetes);<\/p>\n<p>- Viagem em comboio nocturno (beliche) em 2\u00aa classe Bangkok \/ Chiang Mai;<br \/>\n- Transporte aeroporto \/ hotel \/ aeroporto em servi\u00e7o privado;<\/p>\n<p>- Alojamento nos hot\u00e9is previstos ou similares;<br \/>\n- Visitas de acordo o indicado no itiner\u00e1rio com acompanhamento de guia local de l\u00edngua espanhola (excepto em krabi);<\/p>\n<p>- Entradas nos monumentos indicados no itiner\u00e1rio;<\/p>\n<p>- Taxas de servi\u00e7o e IVA;<\/p>\n<p>- Seguro de viagem.<\/p>\n<p>&nbsp;<\/p>\n<p><strong>O pre\u00e7o n\u00e3o inclui:<\/strong><\/p>\n<p>- Gratifica\u00e7\u00f5es;<\/p>\n<p>- Extras e actividades de car\u00e1cter pessoal;<br \/>\n- Todos os servi\u00e7os n\u00e3o indicados como inclu\u00eddos<\/p>\n<p>&nbsp;<\/p>\n<p><strong>\u00a0<\/strong><strong>Seguro de viagem:<\/strong><strong><br \/>\n<\/strong>- Todas as viagens organizadas pela MundoNovo Viagens est\u00e3o cobertas por um seguro de viagem (<a href=\"https:\/\/www.mundonovoviagens.pt\/wp-content\/uploads\/2025\/02\/MundoNovo-Multiviagens-Plus-1.pdf?x23938&amp;x23938&amp;x23938\" target=\"_blank\" rel=\"noopener\">Multiviagens Plus 1<\/a>);<br \/>\n- Adicionalmente propomos o seguro\u00a0<a href=\"https:\/\/www.mundonovoviagens.pt\/wp-content\/uploads\/2025\/02\/MundoNovo-Multiviagens-Premium.pdf?x23938&amp;x23938&amp;x23938\" target=\"_blank\" rel=\"noopener\">Multiviagens Premium<\/a>\u00a0(valor das coberturas superior), mediante um suplemento de 30\u20ac por pessoa<br \/>\n- As condi\u00e7\u00f5es gerais de cada seguro poder\u00e3o ser consultadas na p\u00e1gina inicial do nosso site.<\/p>\n<p>&nbsp;<\/p>\n<p><strong>Condi\u00e7\u00f5es gerais de reserva e cancelamento:<\/strong><strong><br \/>\n<\/strong>Consultar a ficha de informa\u00e7\u00e3o normalizada (<a href=\"https:\/\/www.mundonovoviagens.pt\/index.php\/ficha-de-informacao-normalizada\/\" target=\"_blank\" rel=\"noopener\">FIN<\/a>) e\u00a0<a href=\"https:\/\/www.mundonovoviagens.pt\/index.php\/condicoes-gerais\/\" target=\"_blank\" rel=\"noopener\">condi\u00e7\u00f5es gerais<\/a>\u00a0indicadas no site.<strong>\u00a0<\/strong><\/p>\n<\/div>\n<\/div><\/div><\/div><\/div><\/div><\/div>\t\t\t\t\t\t<\/div>\n\t\t\t\t\t\t\t\t\t\t\t<div class=\"tab-pane  fade\" id=\"tab-informa\u00e7\u00f5es-destino\" role=\"tabpanel\">\n\t\t\t\t\t\t\t<div id=\"pl-w69f2164d740b1\"  class=\"panel-layout\" ><div id=\"pg-w69f2164d740b1-0\"  class=\"panel-grid panel-no-style\" ><div id=\"pgc-w69f2164d740b1-0-0\"  class=\"panel-grid-cell\" ><div id=\"panel-w69f2164d740b1-0-0-0\" class=\"so-panel widget widget_sow-editor panel-first-child panel-last-child\" data-index=\"0\" ><div class=\"panel-widget-style panel-widget-style-for-w69f2164d740b1-0-0-0\" ><div\n\t\t\t\n\t\t\tclass=\"so-widget-sow-editor so-widget-sow-editor-base\"\n\t\t\t\n\t\t>\n<div class=\"siteorigin-widget-tinymce textwidget\">\n\t<p><strong><u>Tail\u00e2ndia<\/u><\/strong><strong>\u00a0<\/strong><\/p>\n<p><strong>1 - Requisitos de entrada<br \/>\n<\/strong>Os cidad\u00e3os portugueses necessitam de passaporte com validade m\u00ednima de 6 meses \u00e0 data de sa\u00edda do pa\u00eds. N\u00e3o \u00e9 obrigat\u00f3rio visto para estadias em turismo at\u00e9 30 dias.\u00a0\u00c9 necess\u00e1ria a declara\u00e7\u00e3o electr\u00f3nica \u201cThailand Digital Arrival Card\u201d, que dever\u00e1 ser preenchida at\u00e9 3 dias antes da chegada no site: <a href=\"https:\/\/tdac.immigration.go.th\/arrival-card\/#\/home\">https:\/\/tdac.immigration.go.th\/arrival-card\/#\/home<\/a><\/p>\n<p>&nbsp;<\/p>\n<p><strong>2 \u2013 Vacinas \/ Sa\u00fade<\/strong><\/p>\n<p>Vacina obrigat\u00f3ria: nenhuma.<\/p>\n<p>\u00c9 recomend\u00e1vel a vacina\u00e7\u00e3o contra as hepatites A e B.<\/p>\n<p>&nbsp;<\/p>\n<p style=\"text-align: justify;\"><strong>3 - Clima<br \/>\n<\/strong>O clima \u00e9 subtropical em geral com muito elevada taxa de humidade atmosf\u00e9rica que, em Bangkok, chega frequentemente perto da satura\u00e7\u00e3o. A pluviosidade nas regi\u00f5es centrais e do sul \u00e9, contudo, menos intensa que noutras latitudes do Sudeste Asi\u00e1tico.<br \/>\nVerificam-se tr\u00eas esta\u00e7\u00f5es principais: a temperada, a quente e a chuvosa. A esta\u00e7\u00e3o temperada, entre novembro e fevereiro, \u00e9 considerada como a melhor \u00e9poca para visitar a Tail\u00e2ndia. Nesta \u00e9poca do ano ocorre a mon\u00e7\u00e3o de nordeste e a precipita\u00e7\u00e3o \u00e9 menor, com temperaturas mais amenas (entre os 25\u00ba c e 30\u00ba c em Bangkok).<br \/>\nDe mar\u00e7o a meados de maio ocorre o per\u00edodo mais quente, registando-se nos meses de Abril e Maio (os mais quentes do ano) temperaturas entre os 35\u00ba c e 40\u00ba c.<br \/>\nA \u00e9poca das chuvas ocorrem nas mon\u00e7\u00f5es de sudoeste, entre meados de maio e outubro, em que a temperatura m\u00e9dia de alguns dias pode ainda subir acima de 30\u00ba c, sendo o calor mais sentido por efeito do aumento da humidade relativa.<br \/>\nAo longo da costa oeste (onde se situam as ilhas Phuket, Krabi, Phi Phi, Koh Lanta), o ver\u00e3o \u00e9 chuvoso, pois a mon\u00e7\u00e3o atinge a costa directamente do mar;\u00a0 a \u00e9poca ideal para visita \u00e9 de\u00a0 dezembro a mar\u00e7o,\u00a0 os meses menos chuvosos ; a temperatura da \u00e1gua do mar \u00e9 elevada durante todo o ano com valores entre 28\u00baC (dezembro a fevereiro) e 30\u00baC (abril a junho).<\/p>\n<p>&nbsp;<\/p>\n<p><strong>4 - Idioma<\/strong><\/p>\n<p>A l\u00edngua oficial \u00e9 o tailand\u00eas (Thai).<br \/>\n<strong><br \/>\n5 - Moeda<\/strong><\/p>\n<p style=\"text-align: justify;\">A moeda nacional \u00e9 o Baht.<\/p>\n<p style=\"text-align: justify;\">Os principais cart\u00f5es de cr\u00e9dito s\u00e3o aceites na generalidade dos hot\u00e9is, bem como nos\u00a0mais importantes\u00a0estabelecimentos comerciais (lojas e restaurantes), mas n\u00e3o em todos os supermercados e raramente em lojas secund\u00e1rias, sobretudo fora dos grandes centros urbanos.<\/p>\n<p style=\"text-align: justify;\">Existe uma boa rede de ATM\u00b4s nos centros urbanos, mas nem todos os cart\u00f5es de d\u00e9bito s\u00e3o aceites.<\/p>\n<p>&nbsp;<\/p>\n<p><strong>6 -\u00a0Diferen\u00e7a Hor\u00e1ria<br \/>\n<\/strong>UTC\/GMT +07<\/p>\n<p>&nbsp;<\/p>\n<p><strong>7 \u2013 Eletricidade<br \/>\n<\/strong>220 V \/ 50 Hz (tomadas tipo A, B, C e O)<\/p>\n<p>&nbsp;<\/p>\n<p><strong>8 - Representa\u00e7\u00e3o Diplom\u00e1tica \/ Consular<br \/>\n<\/strong>Embaixada de Portugal em Bangkok.<br \/>\nMais informa\u00e7\u00f5es: <a href=\"https:\/\/portaldascomunidades.mne.gov.pt\/pt\/\" target=\"_blank\" rel=\"noopener\">www.portaldascomunidades.mne.gov.pt\/<\/a><\/p>\n<p>&nbsp;<\/p>\n<p><strong>9 \u2013 Site oficial do Turismo: <\/strong><a href=\"http:\/\/www.tourismthailand.org\/home\" target=\"_blank\" rel=\"noopener\">www.tourismthailand.org\/home<\/a><\/p>\n<\/div>\n<\/div><\/div><\/div><\/div><\/div><\/div>\t\t\t\t\t\t<\/div>\n\t\t\t\t\t\t\t\t\t\t<\/div>\n\t\t\t\t\t\t\t<\/div>\n\n\t\t\t<\/div><div id=\"panel-3155-0-0-1\" class=\"so-panel widget widget_sow-button panel-last-child\" data-index=\"1\" ><div\n\t\t\t\n\t\t\tclass=\"so-widget-sow-button so-widget-sow-button-flat-95cda3216a70-3155\"\n\t\t\t\n\t\t><div class=\"ow-button-base ow-button-align-center\">\n\t<a\n\thref=\"https:\/\/www.mundonovoviagens.pt\/index.php\/contactos\/?wpf62_6=Assunto:%20892%20\u2013%20Bangkok,%20Chiang%20Mai%20e%20krabi%20\u2013%2014%20dias\"\n\t\tclass=\"ow-icon-placement-left ow-button-hover\" \t>\n\t\t<span>\n\t\t\t\n\t\t\tCONTACTE-NOS\t\t<\/span>\n\t<\/a>\n<\/div>\n<\/div><\/div><\/div><\/div><\/div>","protected":false},"excerpt":{"rendered":"<p style=\"text-align: center;\"><strong><br \/>\n<\/strong>(Bangkok, Chiang Mai e Krabi)<\/p>\n","protected":false},"featured_media":3151,"template":"","meta":[],"product_brand":[],"product_cat":[15],"product_tag":[464,463,466,465,468,469,470,462],"class_list":{"0":"post-3155","1":"product","2":"type-product","3":"status-publish","4":"has-post-thumbnail","6":"product_cat-europa","7":"product_tag-ayutthaya","8":"product_tag-bangkok","9":"product_tag-chiang-mai","10":"product_tag-chiang-rai","11":"product_tag-kanchanaburi","12":"product_tag-lopburi","13":"product_tag-sukhothai","14":"product_tag-tailandia","16":"first","17":"instock","18":"shipping-taxable","19":"product-type-simple"},"_links":{"self":[{"href":"https:\/\/www.mundonovoviagens.pt\/index.php\/wp-json\/wp\/v2\/product\/3155","targetHints":{"allow":["GET"]}}],"collection":[{"href":"https:\/\/www.mundonovoviagens.pt\/index.php\/wp-json\/wp\/v2\/product"}],"about":[{"href":"https:\/\/www.mundonovoviagens.pt\/index.php\/wp-json\/wp\/v2\/types\/product"}],"wp:featuredmedia":[{"embeddable":true,"href":"https:\/\/www.mundonovoviagens.pt\/index.php\/wp-json\/wp\/v2\/media\/3151"}],"wp:attachment":[{"href":"https:\/\/www.mundonovoviagens.pt\/index.php\/wp-json\/wp\/v2\/media?parent=3155"}],"wp:term":[{"taxonomy":"product_brand","embeddable":true,"href":"https:\/\/www.mundonovoviagens.pt\/index.php\/wp-json\/wp\/v2\/product_brand?post=3155"},{"taxonomy":"product_cat","embeddable":true,"href":"https:\/\/www.mundonovoviagens.pt\/index.php\/wp-json\/wp\/v2\/product_cat?post=3155"},{"taxonomy":"product_tag","embeddable":true,"href":"https:\/\/www.mundonovoviagens.pt\/index.php\/wp-json\/wp\/v2\/product_tag?post=3155"}],"curies":[{"name":"wp","href":"https:\/\/api.w.org\/{rel}","templated":true}]}}