{"id":3715,"date":"2024-12-29T18:02:59","date_gmt":"2024-12-29T17:02:59","guid":{"rendered":"https:\/\/www.mundonovoviagens.pt\/?post_type=product&#038;p=3715"},"modified":"2025-12-18T16:29:53","modified_gmt":"2025-12-18T15:29:53","slug":"101-a-descoberta-das-ilhas-faroe-8-dias","status":"publish","type":"product","link":"https:\/\/www.mundonovoviagens.pt\/index.php\/produto\/101-a-descoberta-das-ilhas-faroe-8-dias\/","title":{"rendered":"101 \u2013 \u00c0 Descoberta das Ilhas Faro\u00e9 \u2013 8 dias"},"content":{"rendered":"<div id=\"pl-3715\"  class=\"panel-layout\" ><div id=\"pg-3715-0\"  class=\"panel-grid panel-no-style\" ><div id=\"pgc-3715-0-0\"  class=\"panel-grid-cell\" ><div id=\"panel-3715-0-0-0\" class=\"so-panel widget widget_pt_tabs pt-widget-tabs panel-first-child\" data-index=\"0\" >\t\t\t<div class=\"pt-tabs\">\n\t\t\t\t\n\t\t\t\t\t\t\t\t\t<ul class=\"pt-tabs__navigation  nav  nav-tabs\" role=\"tablist\">\n\t\t\t\t\t\t\t\t\t\t\t\t\t<li class=\"nav-item\">\n\t\t\t\t\t\t\t\t<a class=\"nav-link  active\" data-toggle=\"tab\" href=\"#tab-itiner\u00c1rio\" role=\"tab\">ITINER\u00c1RIO<\/a>\n\t\t\t\t\t\t\t<\/li>\n\t\t\t\t\t\t\t\t\t\t\t\t\t<li class=\"nav-item\">\n\t\t\t\t\t\t\t\t<a class=\"nav-link\" data-toggle=\"tab\" href=\"#tab-pre\u00e7os-e-condi\u00e7\u00f5es\" role=\"tab\">Pre\u00e7os e Condi\u00e7\u00f5es<\/a>\n\t\t\t\t\t\t\t<\/li>\n\t\t\t\t\t\t\t\t\t\t\t\t\t<li class=\"nav-item\">\n\t\t\t\t\t\t\t\t<a class=\"nav-link\" data-toggle=\"tab\" href=\"#tab-informa\u00e7\u00f5es-destino\" role=\"tab\">Informa\u00e7\u00f5es Destino<\/a>\n\t\t\t\t\t\t\t<\/li>\n\t\t\t\t\t\t\t\t\t\t\t<\/ul>\n\n\t\t\t\t\t<div class=\"pt-tabs__content  tab-content\">\n\t\t\t\t\t\t\t\t\t\t\t<div class=\"tab-pane  fade  in  active\" id=\"tab-itiner\u00c1rio\" role=\"tabpanel\">\n\t\t\t\t\t\t\t<div id=\"pl-w6915f309432a2\"  class=\"panel-layout\" ><div id=\"pg-w6915f309432a2-0\"  class=\"panel-grid panel-no-style\" ><div id=\"pgc-w6915f309432a2-0-0\"  class=\"panel-grid-cell\" ><div id=\"panel-w6915f309432a2-0-0-0\" class=\"so-panel widget widget_sow-editor panel-first-child\" data-index=\"0\" ><div class=\"panel-widget-style panel-widget-style-for-w6915f309432a2-0-0-0\" ><div\n\t\t\t\n\t\t\tclass=\"so-widget-sow-editor so-widget-sow-editor-base\"\n\t\t\t\n\t\t><h3 class=\"widget-title\">1\u00ba.\tDia \u2013  PORTUGAL \/ ILHA VAGAR<\/h3>\n<div class=\"siteorigin-widget-tinymce textwidget\">\n\t<p style=\"text-align: justify;\">Compar\u00eancia no aeroporto 120 minutos antes da hora prevista para a partida. Formalidades de embarque e partida para as Ilhas Faro\u00e9, com mudan\u00e7as de avi\u00e3o em rota. Chegada e recolha do ve\u00edculo no aeroporto.<\/p>\n<p style=\"text-align: justify;\">Explore a Ilha Vagar, recomendamos uma visita \u00e0 pequena aldeia de G\u00e1sadalur; a partir daqui, pode percorrer os trilhos naturais assinalados e apreciar a vista impressionante sobre Tindh\u00f3lmur, n\u00e3o perdendo a bela cascata que corre para o oceano. Alojamento em Vagar.<\/p>\n<\/div>\n<\/div><\/div><\/div><div id=\"panel-w6915f309432a2-0-0-1\" class=\"so-panel widget widget_sow-editor\" data-index=\"1\" ><div class=\"panel-widget-style panel-widget-style-for-w6915f309432a2-0-0-1\" ><div\n\t\t\t\n\t\t\tclass=\"so-widget-sow-editor so-widget-sow-editor-base\"\n\t\t\t\n\t\t><h3 class=\"widget-title\">2\u00ba. Dia \u2013 ILHA VAGAR \/ ILHA EYSTUROY<\/h3>\n<div class=\"siteorigin-widget-tinymce textwidget\">\n\t<p style=\"text-align: justify;\">Pequeno-almo\u00e7o no hotel. Recomendamos que, a caminho do Norte, fa\u00e7a um passeio de barco de 2 horas (n\u00e3o inclu\u00eddo) para ver as Fal\u00e9sias de Vestmanna, dram\u00e1ticas fal\u00e9sias e algumas das grutas ao longo da costa, onde podem avistar as v\u00e1rias esp\u00e9cies de aves que nidificam nas estreitas escarpas.<\/p>\n<p style=\"text-align: justify;\">Continua\u00e7\u00e3o at\u00e9 \u00e0 aldeia de Tj\u00f8rnuv\u00edk, rodeada por montanhas \u00edngremes. Aqui podem ver as impressionantes forma\u00e7\u00f5es rochosas do Gigante e da Bruxa.<\/p>\n<\/div>\n<\/div><\/div><\/div><div id=\"panel-w6915f309432a2-0-0-2\" class=\"so-panel widget widget_sow-editor\" data-index=\"2\" ><div class=\"panel-widget-style panel-widget-style-for-w6915f309432a2-0-0-2\" ><div\n\t\t\t\n\t\t\tclass=\"so-widget-sow-editor so-widget-sow-editor-base\"\n\t\t\t\n\t\t><h3 class=\"widget-title\">3\u00ba. Dia \u2013 ILHA EYSTUROY <\/h3>\n<div class=\"siteorigin-widget-tinymce textwidget\">\n\t<p style=\"text-align: justify;\">Pequeno-almo\u00e7o no hotel. Desfrute o dia na pitoresca aldeia de Gj\u00f3gv, conhecida pelo seu porto natural \u00fanico e pela bela vista da ilha de Kalsoy. O porto natural \u00e9 uma atra\u00e7\u00e3o que todos devem visitar.<\/p>\n<p style=\"text-align: justify;\">Caminhe ao longo da arriba e poder\u00e1 ver alguns papagaios-do-mar a sair dos seus ninhos, e voar em direc\u00e7\u00e3o ao oceano, para obterem alimento para as suas crias. No final da fal\u00e9sia, de frente para o mar, \u00e9 poss\u00edvel apreciar a vista do Banco da Princesa Maria. Se subir a encosta, poder\u00e1 observar vistas magnificas sobre as fal\u00e9sias e a aldeia. Alojamento em Eysturoy.<\/p>\n<\/div>\n<\/div><\/div><\/div><div id=\"panel-w6915f309432a2-0-0-3\" class=\"so-panel widget widget_sow-editor\" data-index=\"3\" ><div class=\"panel-widget-style panel-widget-style-for-w6915f309432a2-0-0-3\" ><div\n\t\t\t\n\t\t\tclass=\"so-widget-sow-editor so-widget-sow-editor-base\"\n\t\t\t\n\t\t><h3 class=\"widget-title\">4\u00ba. Dia \u2013 ILHA EYSTUROY \/ ILHAS NO NORTE<\/h3>\n<div class=\"siteorigin-widget-tinymce textwidget\">\n\t<p style=\"text-align: justify;\">Pequeno-almo\u00e7o no hotel. Descubra as Ilhas do Norte e a aldeia mais setentrional de Vi\u00f0arei\u00f0i.<\/p>\n<p style=\"text-align: justify;\">A partir de Leirv\u00edk, atravessa-se o t\u00fanel submarino at\u00e9 \u00e0 cidade de Klaksv\u00edk. O t\u00fanel est\u00e1 decorado com luzes do famoso artista faroense Tr\u00f3ndur Patursson.<\/p>\n<p style=\"text-align: justify;\">A partir de Klaksv\u00edk, \u00e9 poss\u00edvel explorar as outras ilhas do Norte, cada uma com paisagens dram\u00e1ticas. Na ilha de Vi\u00f0oy encontra-se a aldeia mais setentrional das Ilhas Faro\u00e9, Vi\u00f0arei\u00f0i, que definitivamente merece uma visita. \u00a0Alojamento nas Ilhas do Norte.<\/p>\n<\/div>\n<\/div><\/div><\/div><div id=\"panel-w6915f309432a2-0-0-4\" class=\"so-panel widget widget_sow-editor\" data-index=\"4\" ><div class=\"panel-widget-style panel-widget-style-for-w6915f309432a2-0-0-4\" ><div\n\t\t\t\n\t\t\tclass=\"so-widget-sow-editor so-widget-sow-editor-base\"\n\t\t\t\n\t\t><h3 class=\"widget-title\">5\u00ba.\tDia \u2013 ILHAS DO NORTE \/ ILHA STREYMOY (T\u00d3RSHAVN)<\/h3>\n<div class=\"siteorigin-widget-tinymce textwidget\">\n\t<p style=\"text-align: justify;\">Pequeno-almo\u00e7o no hotel. Sugerimos uma visita \u00e0 Ilha Kunoy. Da pequena aldeia de Kunoy tem-se uma bela vista da Ilha Kalsoy; uma lenda local conta que, numa montanha alta de Kunoy, se encontra uma t\u00e1bua da arca de No\u00e9, nela crescem am\u00eaijoas e conchas do mar.<\/p>\n<p style=\"text-align: justify;\">De volta a Eysturoy, recomendamos uma visita \u00e0 aldeia de Toftir para chegar a T\u00f3rshavn atrav\u00e9s do novo t\u00fanel submarino. Alojamento em T\u00f3rshavn, situada na Ilha Streymoy e capital das Ilhas Faro\u00e9.<\/p>\n<\/div>\n<\/div><\/div><\/div><div id=\"panel-w6915f309432a2-0-0-5\" class=\"so-panel widget widget_sow-editor\" data-index=\"5\" ><div class=\"panel-widget-style panel-widget-style-for-w6915f309432a2-0-0-5\" ><div\n\t\t\t\n\t\t\tclass=\"so-widget-sow-editor so-widget-sow-editor-base\"\n\t\t\t\n\t\t><h3 class=\"widget-title\">6\u00ba.\tDia \u2013  ILHA STREYMOY (T\u00d3RSHAVN)<\/h3>\n<div class=\"siteorigin-widget-tinymce textwidget\">\n\t<p style=\"text-align: justify;\">Pequeno-almo\u00e7o no hotel. Sugerimos uma visita \u00e0 bela e verdejante Ilha Sandoy, tamb\u00e9m designada por Ilha Sag\u00e1. Esta ilha \u00e9, em compara\u00e7\u00e3o com as outras, \u00e9 caracterizada por um terreno maioritariamente plano. A ilha \u00e9 rica em hist\u00f3ria e tem uma natureza maravilhosa. Experimente o novo t\u00fanel submarino de 10,8 km, entre o porto de ferries de Gamlar\u00e6tt e a Ilha Sandoy.<\/p>\n<p style=\"text-align: justify;\">N\u00e3o perca as aldeias de Dalur e H\u00fasav\u00edk, que se situam em belos cen\u00e1rios. Alojamento em T\u00f3rshavn.<\/p>\n<\/div>\n<\/div><\/div><\/div><div id=\"panel-w6915f309432a2-0-0-6\" class=\"so-panel widget widget_sow-editor\" data-index=\"6\" ><div class=\"panel-widget-style panel-widget-style-for-w6915f309432a2-0-0-6\" ><div\n\t\t\t\n\t\t\tclass=\"so-widget-sow-editor so-widget-sow-editor-base\"\n\t\t\t\n\t\t><h3 class=\"widget-title\">7\u00ba.\tDia \u2013 ILHA STREYMOY (T\u00d3RSHAVN)<\/h3>\n<div class=\"siteorigin-widget-tinymce textwidget\">\n\t<p style=\"text-align: justify;\">Pequeno-almo\u00e7o no hotel. Sugerimos o dia para conhecer T\u00f3rshavn, e a aldeia de Kirkjub\u00f8ur, que \u00e9 o centro hist\u00f3rico e cultural das Ilhas Faro\u00e9. A pitoresca quinta \u00e9 o lar de uma fam\u00edlia que, h\u00e1 17 gera\u00e7\u00f5es, gere a quinta e o local eclesi\u00e1stico. Visite a inacabada Catedral Magnus e a pequena igreja medieval de St. Olav. Alojamento em T\u00f3rshavn.<\/p>\n<\/div>\n<\/div><\/div><\/div><div id=\"panel-w6915f309432a2-0-0-7\" class=\"so-panel widget widget_sow-editor panel-last-child\" data-index=\"7\" ><div class=\"panel-widget-style panel-widget-style-for-w6915f309432a2-0-0-7\" ><div\n\t\t\t\n\t\t\tclass=\"so-widget-sow-editor so-widget-sow-editor-base\"\n\t\t\t\n\t\t><h3 class=\"widget-title\">8\u00ba.\tDia \u2013 ILHA STREYMOY (T\u00d3RSHAVN) \/ PORTUGAL<\/h3>\n<div class=\"siteorigin-widget-tinymce textwidget\">\n\t<p style=\"text-align: justify;\">Pequeno-almo\u00e7o no hotel. Em hora a informar, entrega do ve\u00edculo no aeroporto; formalidades de embarque e partida com destino a Portugal, com mudan\u00e7as de avi\u00e3o em rota.<\/p>\n<p style=\"text-align: justify;\">Chegada.<\/p>\n<p style=\"text-align: justify;\">Fim dos nossos servi\u00e7os.<\/p>\n<\/div>\n<\/div><\/div><\/div><\/div><\/div><\/div>\t\t\t\t\t\t<\/div>\n\t\t\t\t\t\t\t\t\t\t\t<div class=\"tab-pane  fade\" id=\"tab-pre\u00e7os-e-condi\u00e7\u00f5es\" role=\"tabpanel\">\n\t\t\t\t\t\t\t<div id=\"pl-w6915f309432a8\"  class=\"panel-layout\" ><div id=\"pg-w6915f309432a8-0\"  class=\"panel-grid panel-no-style\" ><div id=\"pgc-w6915f309432a8-0-0\"  class=\"panel-grid-cell\" ><div id=\"panel-w6915f309432a8-0-0-0\" class=\"so-panel widget widget_sow-editor panel-first-child panel-last-child\" data-index=\"0\" ><div class=\"panel-widget-style panel-widget-style-for-w6915f309432a8-0-0-0\" ><div\n\t\t\t\n\t\t\tclass=\"so-widget-sow-editor so-widget-sow-editor-base\"\n\t\t\t\n\t\t>\n<div class=\"siteorigin-widget-tinymce textwidget\">\n\t<p><strong>DIAS de PARTIDA em 2026<\/strong><\/p>\n<p>Di\u00e1rias 01 de Janeiro a 15 de Dezembro<\/p>\n<p><strong>\u00a0<\/strong><\/p>\n<p><strong>Pre\u00e7o por pessoa segundo ocupa\u00e7\u00e3o no quarto (m\u00ednimo 2 participantes):<\/strong><\/p>\n<p>&nbsp;<\/p>\n<p><strong>HOT\u00c9IS PREVISTOS ou SIMILARES:<\/strong><\/p>\n<p>&nbsp;<\/p>\n<p><strong>ILHA VAGAR \u2013 <\/strong><a href=\"https:\/\/www.hotelvagar.fo\/\" target=\"_blank\" rel=\"noopener\">Hotel Vagar<\/a> 3*<\/p>\n<p><strong>ILHA EYSTUROY \u2013 <\/strong><a href=\"https:\/\/www.hotelrunavik.fo\/\" target=\"_blank\" rel=\"noopener\">Hotel Runavik<\/a> 3* ou <strong>\u00a0<\/strong><a href=\"http:\/\/gjaargardur.fo\/welcome-to-gjaargar%C3%B0ur-guesthouse\">Gjaargardur Guesthouse<\/a><\/p>\n<p><strong>ILHAS do NORTE<\/strong> \u2013 <a href=\"https:\/\/hotelklaksvik.fo\/?_l=en\" target=\"_blank\" rel=\"noopener\">Hotel Klaksvik<\/a> 3*<\/p>\n<p><strong>ILHA STREYMOY (T\u00d3RSHAVN) <\/strong>\u2013 <a href=\"https:\/\/hoteltorshavn.fo\/en\/\" target=\"_blank\" rel=\"noopener\">Hotel T\u00f3rshavn<\/a> 3*ou <a href=\"https:\/\/hoteldjurhuus.fo\/?_l=en\" target=\"_blank\" rel=\"noopener\">Hotel Djurhuus<\/a> 3<strong>* <\/strong>ou <a href=\"https:\/\/www.62n.fo\/en\/hotel\/\" target=\"_blank\" rel=\"noopener\">62N Hotel<\/a> 3<strong>*<\/strong><\/p>\n<p>&nbsp;<\/p>\n<table>\n<tbody>\n<tr>\n<td>\n<p style=\"text-align: center;\"><strong>PER\u00cdODO<\/strong><\/p>\n<\/td>\n<td style=\"text-align: center;\"><strong>DUPLO<\/strong><\/td>\n<td style=\"text-align: center;\"><strong>SINGLE<\/strong><\/td>\n<\/tr>\n<tr>\n<td>\n<p style=\"text-align: center;\"><strong>01\/01\/26 a 15\/12\/26<\/strong><\/p>\n<\/td>\n<td style=\"text-align: center;\">2.430,00 \u20ac<\/td>\n<td>\n<p style=\"text-align: center;\">3.700,00 \u20ac<\/p>\n<\/td>\n<\/tr>\n<\/tbody>\n<\/table>\n<p>&nbsp;<\/p>\n<table>\n<tbody>\n<tr>\n<td colspan=\"2\"><span style=\"color: #20b2aa;\"><strong>Excurs\u00e3o OPCIONAL (pre\u00e7o por pessoa):<\/strong><\/span><\/td>\n<\/tr>\n<tr>\n<td>Fal\u00e9sias de Vestmanna<\/td>\n<td>67,00 \u20ac<\/td>\n<\/tr>\n<\/tbody>\n<\/table>\n<p>&nbsp;<\/p>\n<p><span style=\"color: #0000ff;\"><strong>Nota muito importante:<\/strong><\/span> O alojamento durante o programa \u00e9 uma combina\u00e7\u00e3o de hot\u00e9is, guesthouses e quintas, alguns sem classifica\u00e7\u00e3o oficial.<\/p>\n<p>&nbsp;<\/p>\n<p style=\"text-align: justify;\"><strong>Nota 1<\/strong>: Este programa foi calculado com base na companhia a\u00e9rea KLM em cabine econ\u00f3mica, tarifa em classe V. Caso n\u00e3o haja disponibilidade de lugares nessa tarifa, ser\u00e1 proposto em alternativa o escal\u00e3o tarif\u00e1rio seguinte dispon\u00edvel, ou outra companhia a\u00e9rea, mediante um suplemento a informar.<\/p>\n<p>&nbsp;<\/p>\n<p><strong>Suplemento de tarifa a\u00e9rea com a KLM (Porto ou Lisboa): <\/strong><\/p>\n<p>&nbsp;<\/p>\n<table>\n<tbody>\n<tr>\n<td>\n<p style=\"text-align: center;\"><strong>Per\u00edodo <\/strong><\/p>\n<\/td>\n<td style=\"text-align: center;\"><strong>Classe V<\/strong><\/td>\n<td style=\"text-align: center;\"><strong>Classe R<\/strong><\/td>\n<td style=\"text-align: center;\"><strong>Classe N<\/strong><\/td>\n<td>\n<p style=\"text-align: center;\"><strong>ClasseE<\/strong><\/p>\n<\/td>\n<\/tr>\n<tr>\n<td>\n<p style=\"text-align: center;\"><strong>01\/01\/26 a 15\/06\/26<\/strong><\/p>\n<\/td>\n<td style=\"text-align: center;\">Sem supl.<\/td>\n<td style=\"text-align: center;\">34,00 \u20ac<\/td>\n<td style=\"text-align: center;\">74,00 \u20ac<\/td>\n<td>\n<p style=\"text-align: center;\">122,00 \u20ac<\/p>\n<\/td>\n<\/tr>\n<tr>\n<td>\n<p style=\"text-align: center;\"><strong>16\/06\/26 a 15\/09\/26<\/strong><\/p>\n<\/td>\n<td style=\"text-align: center;\">10,00 \u20ac<\/td>\n<td style=\"text-align: center;\">44,00 \u20ac<\/td>\n<td style=\"text-align: center;\">84,00 \u20ac<\/td>\n<td>\n<p style=\"text-align: center;\">132,00 \u20ac<\/p>\n<\/td>\n<\/tr>\n<tr>\n<td>\n<p style=\"text-align: center;\"><strong>16\/09\/26 a 15\/12\/26<\/strong><\/p>\n<\/td>\n<td style=\"text-align: center;\">Sem supl.<\/td>\n<td style=\"text-align: center;\">34,00 \u20ac<\/td>\n<td style=\"text-align: center;\">74,00 \u20ac<\/td>\n<td>\n<p style=\"text-align: center;\">122,00 \u20ac<\/p>\n<\/td>\n<\/tr>\n<\/tbody>\n<\/table>\n<p>&nbsp;<\/p>\n<p><strong>O pre\u00e7o inclui:<br \/>\n<\/strong>- Passagem a\u00e9rea em voos regulares KLM, em classe econ\u00f3mica para o percurso\u00a0indicado, incluindo transporte de bagagem de por\u00e3o;<br \/>\n- Taxas de aeroporto, seguran\u00e7a e combust\u00edvel no valor de 198,00 \u20ac (sujeito a altera\u00e7\u00e3o, a reconfirmar na data da emiss\u00e3o dos bilhetes);<br \/>\n- 8 dias de rent-a-car, categoria econ\u00f3mica, incluindo Km ilimitados e seguro CDW ( recolha e entrega no aeroporto);<\/p>\n<p>- 7 noites de alojamento em quarto standard incluindo pequeno-almo\u00e7o;<\/p>\n<p>- Taxas de servi\u00e7o e IVA;<\/p>\n<p>- Seguro de Viagem.<\/p>\n<p>&nbsp;<\/p>\n<p><strong>O pre\u00e7o n\u00e3o inclui:<\/strong><\/p>\n<p>- Combust\u00edvel;<\/p>\n<p>- Custo de ferries e t\u00faneis subaqu\u00e1ticos;<\/p>\n<p>- Seguros adicionais no rent-a-car (SCDW);<\/p>\n<p>- Extras e actividades de car\u00e1cter pessoal;<\/p>\n<p>- Todos os servi\u00e7os n\u00e3o indicados como inclu\u00eddos.<\/p>\n<p>&nbsp;<\/p>\n<p><strong>Seguro de viagem:<\/strong><\/p>\n<p>- Todas as viagens organizadas pela MundoNovo Viagens est\u00e3o cobertas por um seguro de viagem (<a href=\"https:\/\/www.mundonovoviagens.pt\/wp-content\/uploads\/2025\/02\/MundoNovo-Multiviagens-Plus-1.pdf?x23938\" target=\"_blank\" rel=\"noopener\">Multiviagens Plus 1<\/a>);<br \/>\n- Adicionalmente propomos o seguro\u00a0<a href=\"https:\/\/www.mundonovoviagens.pt\/wp-content\/uploads\/2025\/02\/MundoNovo-Multiviagens-Premium.pdf?x23938\" target=\"_blank\" rel=\"noopener\">Multiviagens Premium<\/a>\u00a0(valor das coberturas superior), mediante um suplemento de 30\u20ac por pessoa<br \/>\n- As condi\u00e7\u00f5es gerais de cada seguro poder\u00e3o ser consultadas na p\u00e1gina inicial do nosso site.<\/p>\n<p>&nbsp;<\/p>\n<p><strong>Condi\u00e7\u00f5es gerais de reserva e cancelamento:<\/strong><b><br \/>\n<\/b>Consultar a ficha de informa\u00e7\u00e3o normalizada (<a href=\"https:\/\/www.mundonovoviagens.pt\/index.php\/ficha-de-informacao-normalizada\/\" target=\"_blank\" rel=\"noopener\">FIN<\/a>) e\u00a0<a href=\"https:\/\/www.mundonovoviagens.pt\/index.php\/condicoes-gerais\/\" target=\"_blank\" rel=\"noopener\">condi\u00e7\u00f5es gerais<\/a>\u00a0indicadas no site.<\/p>\n<\/div>\n<\/div><\/div><\/div><\/div><\/div><\/div>\t\t\t\t\t\t<\/div>\n\t\t\t\t\t\t\t\t\t\t\t<div class=\"tab-pane  fade\" id=\"tab-informa\u00e7\u00f5es-destino\" role=\"tabpanel\">\n\t\t\t\t\t\t\t<div id=\"pl-w6915f309432ab\"  class=\"panel-layout\" ><div id=\"pg-w6915f309432ab-0\"  class=\"panel-grid panel-no-style\" ><div id=\"pgc-w6915f309432ab-0-0\"  class=\"panel-grid-cell\" ><div id=\"panel-w6915f309432ab-0-0-0\" class=\"so-panel widget widget_sow-editor panel-first-child panel-last-child\" data-index=\"0\" ><div class=\"panel-widget-style panel-widget-style-for-w6915f309432ab-0-0-0\" ><div\n\t\t\t\n\t\t\tclass=\"so-widget-sow-editor so-widget-sow-editor-base\"\n\t\t\t\n\t\t>\n<div class=\"siteorigin-widget-tinymce textwidget\">\n\t<p><strong>1 - Requisitos de entrada<\/strong><\/p>\n<p>Os cidad\u00e3os portugueses necessitam de Bilhete de Identidade\/Cart\u00e3o de Cidad\u00e3o ou passaporte v\u00e1lidos.<\/p>\n<p>&nbsp;<\/p>\n<p><strong>2 - Vacinas \/ Sa\u00fade <\/strong><\/p>\n<p>Vacina obrigat\u00f3ria: nenhuma.<\/p>\n<p>&nbsp;<\/p>\n<p><strong>3 - Clima<\/strong><\/p>\n<p>As Ilhas Faro\u00e9 situam-se no norte da Europa entre a Isl\u00e2ndia e a Esc\u00f3cia; tem um clima oce\u00e2nico muito h\u00famido, geralmente ventosas, os ver\u00f5es s\u00e3o frescos com temperatura m\u00e9dia de 13\u00baC e os invernos amenos com temperaturas acima dos 3\u00baC.<\/p>\n<p>&nbsp;<\/p>\n<p><strong>4 - Idioma<\/strong><\/p>\n<p>A l\u00edngua oficial \u00e9 o Faroese. \u00a0Uma larga maioria da popula\u00e7\u00e3o fala ingl\u00eas.<\/p>\n<p>&nbsp;<\/p>\n<p><strong>5 - Moeda<\/strong><\/p>\n<p style=\"text-align: justify;\">Existem duas moedas de igual valor nas Ilhas Faro\u00e9: a coroa faroesa e a coroa dinamarquesa. Enquanto o governo das Ilhas Faro\u00e9 imprime suas pr\u00f3prias notas banc\u00e1rias, apenas as moedas dinamarquesas s\u00e3o usadas. O cart\u00e3o de cr\u00e9dito \u00e9 na maior parte dos estabelecimentos, inclusive nas ilhas mais remotas; existem ATM\u2019s junto das institui\u00e7\u00f5es banc\u00e1rias.<\/p>\n<p>&nbsp;<\/p>\n<p><strong>6 - Diferen\u00e7a hor\u00e1ria<\/strong><\/p>\n<p>GMT\/UTC +00<\/p>\n<p>&nbsp;<\/p>\n<p><strong>7 - Eletricidade<\/strong><\/p>\n<p>220-230 V \/ 50 Hz (tomadas\u00a0tipo E e K)<\/p>\n<p>&nbsp;<\/p>\n<p><strong>8 - Representa\u00e7\u00e3o Diplom\u00e1tica \/ Consular<\/strong><\/p>\n<p>Embaixada de Portugal em Copenhaga<\/p>\n<p>Mais informa\u00e7\u00f5es: <a href=\"https:\/\/portaldascomunidades.mne.gov.pt\/pt\/\" target=\"_blank\" rel=\"noopener\">www.portaldascomunidades.mne.pt\/<\/a><\/p>\n<p>&nbsp;<\/p>\n<p><strong>\u00a09 - Site oficial do turismo: <\/strong><a href=\"https:\/\/visitfaroeislands.com\/en\" target=\"_blank\" rel=\"noopener\">www.visitfaroeislands.com\/en<\/a><\/p>\n<\/div>\n<\/div><\/div><\/div><\/div><\/div><\/div>\t\t\t\t\t\t<\/div>\n\t\t\t\t\t\t\t\t\t\t<\/div>\n\t\t\t\t\t\t\t<\/div>\n\n\t\t\t<\/div><div id=\"panel-3715-0-0-1\" class=\"so-panel widget widget_sow-button panel-last-child\" data-index=\"1\" ><div\n\t\t\t\n\t\t\tclass=\"so-widget-sow-button so-widget-sow-button-flat-95cda3216a70-3715\"\n\t\t\t\n\t\t><div class=\"ow-button-base ow-button-align-center\">\n\t<a\n\thref=\"https:\/\/www.mundonovoviagens.pt\/index.php\/contactos\/?wpf62_6=Assunto:%20101%20\u2013%20A%20Descoberta%20das%20Ilhas%20Faroe%20\u2013%208%20dias\"\n\t\tclass=\"ow-icon-placement-left ow-button-hover\" \t>\n\t\t<span>\n\t\t\t\n\t\t\tCONTACTE-NOS\t\t<\/span>\n\t<\/a>\n<\/div>\n<\/div><\/div><\/div><\/div><\/div>","protected":false},"excerpt":{"rendered":"<p style=\"text-align: center;\"><strong>Fly &amp; Drive<\/strong><\/p>\n<p style=\"text-align: center;\">(Ilha Vagar, Ilha Eysturoy, Gj\u00f3hgv, Klaksv\u00edk, Vidoy, Kunoy,\u00a0 Ilha Streymoy eT\u00f3rshvan)<\/p>\n","protected":false},"featured_media":3704,"template":"","meta":[],"product_brand":[],"product_cat":[15],"product_tag":[1118,392,1120,1112,1221,1113,1114,1116,1121,1117,395,1119,393,1115],"class_list":{"0":"post-3715","1":"product","2":"type-product","3":"status-publish","4":"has-post-thumbnail","6":"product_cat-europa","7":"product_tag-eysturoy","8":"product_tag-faroe","9":"product_tag-gjogv","10":"product_tag-ilha-bordoy","11":"product_tag-ilhas-faroe","12":"product_tag-klaksvik","13":"product_tag-kunoy","14":"product_tag-kvivik","15":"product_tag-kvivik-e-ilha-sandoy","16":"product_tag-streymoy","17":"product_tag-suduroy","18":"product_tag-tjornuvik","19":"product_tag-torshavn","20":"product_tag-vestmanna","22":"first","23":"instock","24":"shipping-taxable","25":"product-type-simple"},"_links":{"self":[{"href":"https:\/\/www.mundonovoviagens.pt\/index.php\/wp-json\/wp\/v2\/product\/3715","targetHints":{"allow":["GET"]}}],"collection":[{"href":"https:\/\/www.mundonovoviagens.pt\/index.php\/wp-json\/wp\/v2\/product"}],"about":[{"href":"https:\/\/www.mundonovoviagens.pt\/index.php\/wp-json\/wp\/v2\/types\/product"}],"wp:featuredmedia":[{"embeddable":true,"href":"https:\/\/www.mundonovoviagens.pt\/index.php\/wp-json\/wp\/v2\/media\/3704"}],"wp:attachment":[{"href":"https:\/\/www.mundonovoviagens.pt\/index.php\/wp-json\/wp\/v2\/media?parent=3715"}],"wp:term":[{"taxonomy":"product_brand","embeddable":true,"href":"https:\/\/www.mundonovoviagens.pt\/index.php\/wp-json\/wp\/v2\/product_brand?post=3715"},{"taxonomy":"product_cat","embeddable":true,"href":"https:\/\/www.mundonovoviagens.pt\/index.php\/wp-json\/wp\/v2\/product_cat?post=3715"},{"taxonomy":"product_tag","embeddable":true,"href":"https:\/\/www.mundonovoviagens.pt\/index.php\/wp-json\/wp\/v2\/product_tag?post=3715"}],"curies":[{"name":"wp","href":"https:\/\/api.w.org\/{rel}","templated":true}]}}