{"id":4108,"date":"2026-05-11T15:48:03","date_gmt":"2026-05-11T14:48:03","guid":{"rendered":"https:\/\/www.mundonovoviagens.pt\/?post_type=product&#038;p=4108"},"modified":"2026-05-11T16:35:44","modified_gmt":"2026-05-11T15:35:44","slug":"861-o-essencial-do-japao-com-okinawa-12-dias","status":"publish","type":"product","link":"https:\/\/www.mundonovoviagens.pt\/index.php\/produto\/861-o-essencial-do-japao-com-okinawa-12-dias\/","title":{"rendered":"861\u2013 O Essencial do Jap\u00e3o com Okinawa \u2013 12 dias"},"content":{"rendered":"<div id=\"pl-4108\"  class=\"panel-layout\" ><div id=\"pg-4108-0\"  class=\"panel-grid panel-no-style\" ><div id=\"pgc-4108-0-0\"  class=\"panel-grid-cell\" ><div id=\"panel-4108-0-0-0\" class=\"so-panel widget widget_pt_tabs pt-widget-tabs panel-first-child\" data-index=\"0\" >\t\t\t<div class=\"pt-tabs\">\n\t\t\t\t\n\t\t\t\t\t\t\t\t\t<ul class=\"pt-tabs__navigation  nav  nav-tabs\" role=\"tablist\">\n\t\t\t\t\t\t\t\t\t\t\t\t\t<li class=\"nav-item\">\n\t\t\t\t\t\t\t\t<a class=\"nav-link  active\" data-toggle=\"tab\" href=\"#tab-itiner\u00c1rio\" role=\"tab\">ITINER\u00c1RIO<\/a>\n\t\t\t\t\t\t\t<\/li>\n\t\t\t\t\t\t\t\t\t\t\t\t\t<li class=\"nav-item\">\n\t\t\t\t\t\t\t\t<a class=\"nav-link\" data-toggle=\"tab\" href=\"#tab-pre\u00e7os-e-condi\u00e7\u00f5es\" role=\"tab\">Pre\u00e7os e Condi\u00e7\u00f5es<\/a>\n\t\t\t\t\t\t\t<\/li>\n\t\t\t\t\t\t\t\t\t\t\t\t\t<li class=\"nav-item\">\n\t\t\t\t\t\t\t\t<a class=\"nav-link\" data-toggle=\"tab\" href=\"#tab-informa\u00e7\u00f5es-destino\" role=\"tab\">Informa\u00e7\u00f5es Destino<\/a>\n\t\t\t\t\t\t\t<\/li>\n\t\t\t\t\t\t\t\t\t\t\t<\/ul>\n\n\t\t\t\t\t<div class=\"pt-tabs__content  tab-content\">\n\t\t\t\t\t\t\t\t\t\t\t<div class=\"tab-pane  fade  in  active\" id=\"tab-itiner\u00c1rio\" role=\"tabpanel\">\n\t\t\t\t\t\t\t<div id=\"pl-w6a01f57352df4\"  class=\"panel-layout\" ><div id=\"pg-w6a01f57352df4-0\"  class=\"panel-grid panel-no-style\" ><div id=\"pgc-w6a01f57352df4-0-0\"  class=\"panel-grid-cell\" ><div id=\"panel-w6a01f57352df4-0-0-0\" class=\"so-panel widget widget_sow-editor panel-first-child\" data-index=\"0\" ><div class=\"panel-widget-style panel-widget-style-for-w6a01f57352df4-0-0-0\" ><div\n\t\t\t\n\t\t\tclass=\"so-widget-sow-editor so-widget-sow-editor-base\"\n\t\t\t\n\t\t><h3 class=\"widget-title\">1\u00ba. Dia \u2013 PORTUGAL \/ T\u00d3QUIO <\/h3>\n<div class=\"siteorigin-widget-tinymce textwidget\">\n\t<p style=\"text-align: justify;\">Compar\u00eancia no aeroporto 120 minutos antes da hora prevista para a partida. Formalidades de embarque e partida para T\u00f3quio com mudan\u00e7a de avi\u00e3o em rota. Noite a bordo.<\/p>\n<\/div>\n<\/div><\/div><\/div><div id=\"panel-w6a01f57352df4-0-0-1\" class=\"so-panel widget widget_sow-editor\" data-index=\"1\" ><div class=\"panel-widget-style panel-widget-style-for-w6a01f57352df4-0-0-1\" ><div\n\t\t\t\n\t\t\tclass=\"so-widget-sow-editor so-widget-sow-editor-base\"\n\t\t\t\n\t\t><h3 class=\"widget-title\"> 2\u00ba. Dia \u2013 Chegada a T\u00d3QUIO <\/h3>\n<div class=\"siteorigin-widget-tinymce textwidget\">\n\t<p style=\"text-align: justify;\">Chegada a T\u00f3quio, assist\u00eancia e encaminhamento para o autocarro de servi\u00e7o regular (Airport Limousine Bus) que far\u00e1 o transporte para o hotel. Alojamento e resto do dia livre.<\/p>\n<\/div>\n<\/div><\/div><\/div><div id=\"panel-w6a01f57352df4-0-0-2\" class=\"so-panel widget widget_sow-editor\" data-index=\"2\" ><div class=\"panel-widget-style panel-widget-style-for-w6a01f57352df4-0-0-2\" ><div\n\t\t\t\n\t\t\tclass=\"so-widget-sow-editor so-widget-sow-editor-base\"\n\t\t\t\n\t\t><h3 class=\"widget-title\">3\u00ba. Dia \u2013 T\u00d3QUIO <\/h3>\n<div class=\"siteorigin-widget-tinymce textwidget\">\n\t<p style=\"text-align: justify;\">Pequeno-almo\u00e7o no hotel. De manh\u00e3 sa\u00edda para visita panor\u00e2mica da cidade percorrendo os pontos de maior interesse tur\u00edstico: o Santu\u00e1rio Xinto\u00edsta de Meiji, dedicado ao ex-imperador Mutsuhito; a Pra\u00e7a do Pal\u00e1cio Imperial (entrada no recinto do pal\u00e1cio n\u00e3o inclu\u00edda), o Templo Senso-ji, o mais antigo templo budista de T\u00f3quio localizado em Asakusa e a movimentada avenida Nakamise. A visita termina em Ginza. O guia dar\u00e1 informa\u00e7\u00f5es sobre como regressar ao hotel.<br \/>\nTarde livre para actividades de car\u00e1cter pessoal. Alojamento no hotel.<\/p>\n<p>&nbsp;<\/p>\n<p style=\"text-align: justify;\">Sugerimos a <span style=\"color: #20b2aa;\"><strong>visita opcional \"Cerim\u00f3nia do Ch\u00e1\" em Asakusa <\/strong><\/span>(pre\u00e7o por pessoa: 50,00 \u20ac)<\/p>\n<p style=\"text-align: justify;\">Terminada a visita do Templo Senso-ji e avenida Nakamise, encontro com um assistente e caminharemos para o local da cerim\u00f3nia acompanhados do assistente. A cerim\u00f3nia tem in\u00edcio \u00e0s 13H e a dura\u00e7\u00e3o de cerca de 1 hora (o almo\u00e7o n\u00e3o est\u00e1 inclu\u00eddo). Esta actividade termina cerca das 14H na esta\u00e7\u00e3o de metro de Asakusa (o assistente dar\u00e1 instru\u00e7\u00f5es de como chegar ao hotel).<\/p>\n<\/div>\n<\/div><\/div><\/div><div id=\"panel-w6a01f57352df4-0-0-3\" class=\"so-panel widget widget_sow-editor\" data-index=\"3\" ><div class=\"panel-widget-style panel-widget-style-for-w6a01f57352df4-0-0-3\" ><div\n\t\t\t\n\t\t\tclass=\"so-widget-sow-editor so-widget-sow-editor-base\"\n\t\t\t\n\t\t><h3 class=\"widget-title\">4\u00ba. Dia \u2013 T\u00d3QUIO \/ HAKONE \/ T\u00d3QUIO <\/h3>\n<div class=\"siteorigin-widget-tinymce textwidget\">\n\t<p style=\"text-align: justify;\">Pequeno-almo\u00e7o no hotel. Em hora a indicar localmente, sa\u00edda para visita de dia inteiro com almo\u00e7o inclu\u00eddo ao Parque Nacional de Hakone, famosa est\u00e2ncia de montanha no sop\u00e9 do Monte Fuji. Passeio de barco no Lago Ashi e visita ao Vale Owakudani (se as condi\u00e7\u00f5es climat\u00e9ricas permitirem, \u00e9 poss\u00edvel avistar o Monte Fuji tanto do Lago Ashi como do Vale Owakudani). Regresso ao hotel e alojamento.<\/p>\n<p>&nbsp;<\/p>\n<p style=\"text-align: justify;\"><span style=\"color: #0000ff;\"><strong>NOTA<\/strong>:<\/span> Na eventualidade do barco n\u00e3o operar devido \u00e0s condi\u00e7\u00f5es climat\u00e9ricas, as visitas ser\u00e3o substitu\u00eddas pela visita a Hakone Sekishoato. Tamb\u00e9m a visita ao Vale Owakudani est\u00e1 condicionada devido \u00e0 densidade de g\u00e1s vulc\u00e2nico, caso n\u00e3o seja poss\u00edvel realizar, esta ser\u00e1 substitu\u00edda pela visita ao santu\u00e1rio Hakone-Jinja.<\/p>\n<\/div>\n<\/div><\/div><\/div><div id=\"panel-w6a01f57352df4-0-0-4\" class=\"so-panel widget widget_sow-editor\" data-index=\"4\" ><div class=\"panel-widget-style panel-widget-style-for-w6a01f57352df4-0-0-4\" ><div\n\t\t\t\n\t\t\tclass=\"so-widget-sow-editor so-widget-sow-editor-base\"\n\t\t\t\n\t\t><h3 class=\"widget-title\">5\u00ba. Dia \u2013 T\u00d3QUIO \/ KYOTO (comboio) \/ NARA \/ KYOTO <\/h3>\n<div class=\"siteorigin-widget-tinymce textwidget\">\n\t<p style=\"text-align: justify;\">Pequeno-almo\u00e7o no hotel. Em hora a indicar localmente, transporte para a esta\u00e7\u00e3o ferrovi\u00e1ria e embarque em comboio bala (Nozomi), em classe tur\u00edstica, com destino a Kyoto, antiga capital japonesa durante mais de 100 anos. Chegada \u00e0 esta\u00e7\u00e3o de Kyoto, assist\u00eancia e continua\u00e7\u00e3o para Nara. Visita ao Templo Todai-ji, classificado pela Unesco como Patrim\u00f3nio Nacional, onde podemos encontrar a maior est\u00e1tua de Buda, em bronze do mundo, continua\u00e7\u00e3o com a visita ao Parque de Nara, tamb\u00e9m conhecido como Parque dos Veados Sagrados. No percurso de regresso, visita ao Santu\u00e1rio Fushimi Inari com milhares de p\u00f3rticos \"torii\" de cor vermelha. Terminada a visita, transporte ao hotel e alojamento.<\/p>\n<p>&nbsp;<\/p>\n<p style=\"text-align: justify;\"><strong><span style=\"color: #0000ff;\">NOTA:<\/span><\/strong> A bagagem ser\u00e1 transportada separadamente, em cami\u00e3o do hotel em T\u00f3quio para o hotel em Kyoto e ser\u00e1 entregue s\u00f3 no dia seguinte, pelo que recomendamos que levem uma pequena mala com os artigos pessoais para 1 noite. \u00c9 permitido o transporte gratuito de 1 mala por pessoa at\u00e9 23 Kg, os volumes adicionais dever\u00e3o ser pagos localmente.<\/p>\n<\/div>\n<\/div><\/div><\/div><div id=\"panel-w6a01f57352df4-0-0-5\" class=\"so-panel widget widget_sow-editor\" data-index=\"5\" ><div class=\"panel-widget-style panel-widget-style-for-w6a01f57352df4-0-0-5\" ><div\n\t\t\t\n\t\t\tclass=\"so-widget-sow-editor so-widget-sow-editor-base\"\n\t\t\t\n\t\t><h3 class=\"widget-title\">6\u00ba. Dia \u2013 KYOTO <\/h3>\n<div class=\"siteorigin-widget-tinymce textwidget\">\n\t<p style=\"text-align: justify;\">Pequeno-almo\u00e7o no hotel. De manh\u00e3, sa\u00edda para visita de dia inteiro com almo\u00e7o inclu\u00eddo aos principais monumentos da cidade que inclui o Tempo Tenryu-ji, famoso pelo seu belo jardim; o bosque de Bamboo de Sagano em Arashiyama, o Templo dourado de Kinkaku-ji, o Templo Sanjusangendo, com mil est\u00e1tuas de Kannon, o deus da miseric\u00f3rdia e ao Bairro de Gion, centro hist\u00f3rico da cidade onde vivem a maioria das gueixas de Kyoto. Regresso ao hotel e alojamento.<\/p>\n<\/div>\n<\/div><\/div><\/div><div id=\"panel-w6a01f57352df4-0-0-6\" class=\"so-panel widget widget_sow-editor\" data-index=\"6\" ><div class=\"panel-widget-style panel-widget-style-for-w6a01f57352df4-0-0-6\" ><div\n\t\t\t\n\t\t\tclass=\"so-widget-sow-editor so-widget-sow-editor-base\"\n\t\t\t\n\t\t><h3 class=\"widget-title\">7\u00ba. Dia \u2013 KYOTO <\/h3>\n<div class=\"siteorigin-widget-tinymce textwidget\">\n\t<p style=\"text-align: justify;\">Pequeno-almo\u00e7o no hotel. Dia livre para atividades de car\u00e1cter pessoal. Alojamento.<\/p>\n<p>&nbsp;<\/p>\n<p style=\"text-align: justify;\">Sugerimos a <span style=\"color: #20b2aa;\"><strong>visita opcional a Hiroshima e Miyajima<\/strong><\/span> (pre\u00e7o por pessoa: 315,00 \u20ac)<br \/>\nDe manh\u00e3 cedo, transporte \u00e0 esta\u00e7\u00e3o ferrovi\u00e1ria de Kyoto e embarque em comboio bala em classe tur\u00edstica com destino a Hiroshima, que foi a 1\u00aa cidade do mundo atacada com bomba at\u00f3mica durante a II Guerra Mundial. Visita em transporte p\u00fablico aos pontos de maior interesse, dos quais se destaca o Parque Memorial de Hiroshima, a C\u00fapula da Bomba At\u00f3mica e o Santu\u00e1rio Itsukushima na Ilha Miyajima. De tarde, regresso em comboio bala em classe tur\u00edstica com destino a Kyoto. A excurs\u00e3o termina na esta\u00e7\u00e3o de comboio de Kyoto, transporte por conta pr\u00f3pria ao hotel. Almo\u00e7o n\u00e3o inclu\u00eddo.<\/p>\n<\/div>\n<\/div><\/div><\/div><div id=\"panel-w6a01f57352df4-0-0-7\" class=\"so-panel widget widget_sow-editor\" data-index=\"7\" ><div class=\"panel-widget-style panel-widget-style-for-w6a01f57352df4-0-0-7\" ><div\n\t\t\t\n\t\t\tclass=\"so-widget-sow-editor so-widget-sow-editor-base\"\n\t\t\t\n\t\t><h3 class=\"widget-title\">8\u00ba. Dia \u2013 KYOTO \/ OKINAWA <\/h3>\n<div class=\"siteorigin-widget-tinymce textwidget\">\n\t<p style=\"text-align: justify;\">Pequeno-almo\u00e7o no hotel. Em hora a indicar localmente, encontro no lobby do hotel com um chofer da MK Skygate Shuttle e transporte para o aeroporto de Osaka. Formalidades de embarque e partida para Okinawa. Chegada, assist\u00eancia e transporte ao hotel. Alojamento e resto do dia livre.<\/p>\n<\/div>\n<\/div><\/div><\/div><div id=\"panel-w6a01f57352df4-0-0-8\" class=\"so-panel widget widget_sow-editor\" data-index=\"8\" ><div class=\"panel-widget-style panel-widget-style-for-w6a01f57352df4-0-0-8\" ><div\n\t\t\t\n\t\t\tclass=\"so-widget-sow-editor so-widget-sow-editor-base\"\n\t\t\t\n\t\t><h3 class=\"widget-title\">9\u00ba. e 10\u00ba. Dia \u2013 OKINAWA <\/h3>\n<div class=\"siteorigin-widget-tinymce textwidget\">\n\t<p style=\"text-align: justify;\">Pequeno-almo\u00e7o no hotel. Dias livres para actividades de car\u00e1cter pessoal. Alojamento no hotel.<\/p>\n<\/div>\n<\/div><\/div><\/div><div id=\"panel-w6a01f57352df4-0-0-9\" class=\"so-panel widget widget_sow-editor\" data-index=\"9\" ><div class=\"panel-widget-style panel-widget-style-for-w6a01f57352df4-0-0-9\" ><div\n\t\t\t\n\t\t\tclass=\"so-widget-sow-editor so-widget-sow-editor-base\"\n\t\t\t\n\t\t><h3 class=\"widget-title\">11\u00ba. Dia \u2013 OKINAWA \/ PORTUGAL<\/h3>\n<div class=\"siteorigin-widget-tinymce textwidget\">\n\t<p style=\"text-align: justify;\">Pequeno-almo\u00e7o no hotel. Em hora a indicar, transporte para o aeroporto, formalidades de embarque e partida para Portugal, com mudan\u00e7as de avi\u00e3o em rota. Noite a bordo.<\/p>\n<\/div>\n<\/div><\/div><\/div><div id=\"panel-w6a01f57352df4-0-0-10\" class=\"so-panel widget widget_sow-editor panel-last-child\" data-index=\"10\" ><div class=\"panel-widget-style panel-widget-style-for-w6a01f57352df4-0-0-10\" ><div\n\t\t\t\n\t\t\tclass=\"so-widget-sow-editor so-widget-sow-editor-base\"\n\t\t\t\n\t\t><h3 class=\"widget-title\">12\u00ba. Dia \u2013 Chegada a PORTUGAL <\/h3>\n<div class=\"siteorigin-widget-tinymce textwidget\">\n\t<p>Chegada a Portugal.<\/p>\n<p>Fim dos nossos servi\u00e7os<\/p>\n<\/div>\n<\/div><\/div><\/div><\/div><\/div><\/div>\t\t\t\t\t\t<\/div>\n\t\t\t\t\t\t\t\t\t\t\t<div class=\"tab-pane  fade\" id=\"tab-pre\u00e7os-e-condi\u00e7\u00f5es\" role=\"tabpanel\">\n\t\t\t\t\t\t\t<div id=\"pl-w6a01f57352df8\"  class=\"panel-layout\" ><div id=\"pg-w6a01f57352df8-0\"  class=\"panel-grid panel-no-style\" ><div id=\"pgc-w6a01f57352df8-0-0\"  class=\"panel-grid-cell\" ><div id=\"panel-w6a01f57352df8-0-0-0\" class=\"so-panel widget widget_sow-editor panel-first-child panel-last-child\" data-index=\"0\" ><div class=\"panel-widget-style panel-widget-style-for-w6a01f57352df8-0-0-0\" ><div\n\t\t\t\n\t\t\tclass=\"so-widget-sow-editor so-widget-sow-editor-base\"\n\t\t\t\n\t\t>\n<div class=\"siteorigin-widget-tinymce textwidget\">\n\t<p><strong>Pre\u00e7o por pessoa segundo ocupa\u00e7\u00e3o no quarto (m\u00ednimo 2 participantes):<\/strong><\/p>\n<p>&nbsp;<\/p>\n<p><strong>HOT\u00c9IS PREVISTOS ou SIMILARES:<\/strong><\/p>\n<p>&nbsp;<\/p>\n<p><strong>T\u00d3QUIO<\/strong> \u2013 <a href=\"http:\/\/www.newotani.co.jp\/en\/tokyo\" target=\"_blank\" rel=\"noopener\">Hotel New Otani Garden Tower<\/a> 5*<br \/>\n<strong>KYOTO<\/strong> \u2013 <a href=\"https:\/\/www.tokyuhotelsjapan.com\/global\/index.html\" target=\"_blank\" rel=\"noopener\">Hotel Kyoto Tokyu<\/a> 4*<\/p>\n<p><strong>OKINAWA<\/strong> \u2013 <a href=\"https:\/\/www.moonbeach.co.jp\/en\/\" target=\"_blank\" rel=\"noopener\">The Moon Beach Museum Resort<\/a> (quarto Natural Comfort) 3*<\/p>\n<p>&nbsp;<\/p>\n<table>\n<tbody>\n<tr>\n<td colspan=\"4\">\n<p style=\"text-align: center;\"><strong>DATAS de PARTIDA em<\/strong> <strong>2026<\/strong><\/p>\n<\/td>\n<\/tr>\n<tr>\n<td>\n<p style=\"text-align: center;\"><strong>Temporada A<\/strong><\/p>\n<\/td>\n<td style=\"text-align: center;\"><strong>Temporada B<\/strong><\/td>\n<td style=\"text-align: center;\"><strong>Temporada C<\/strong><\/td>\n<td>\n<p style=\"text-align: center;\"><strong>Temporada D<\/strong><\/p>\n<\/td>\n<\/tr>\n<tr>\n<td>\n<p style=\"text-align: left;\"><strong>JUNHO<\/strong>: 01, 08, 15, 22 e 29<\/p>\n<p style=\"text-align: left;\"><strong>JULHO<\/strong>: 06<\/p>\n<\/td>\n<td style=\"text-align: left;\"><strong>JULHO<\/strong>: 13, 20, 26<strong>, <\/strong>e 27<\/p>\n<p><strong>AGOSTO<\/strong>: 17, 24 e 31<\/p>\n<p><strong>SETEMBRO<\/strong>: 07, 10<\/td>\n<td style=\"text-align: left;\"><strong>JULHO<\/strong>: 30<\/p>\n<p><strong>AGOSTO<\/strong>: 03, 06, 10, 13<\/p>\n<p><strong>SETEMBRO<\/strong>: 24, 27 e 28<\/p>\n<p><strong>OUTUBRO<\/strong>: 12, 19 e 26<\/td>\n<td>\n<p style=\"text-align: left;\"><strong>AGOSTO: <\/strong>02, 09,16, 23 e 30<\/p>\n<p style=\"text-align: left;\"><strong>SETEMBRO: <\/strong>14, 17 e 21<\/p>\n<p style=\"text-align: left;\"><strong>OUTUBRO<\/strong>: 05<\/p>\n<\/td>\n<\/tr>\n<\/tbody>\n<\/table>\n<p>&nbsp;<\/p>\n<p><strong>\u201cPre\u00e7os sob consulta\u201d<\/strong><\/p>\n<p>&nbsp;<\/p>\n<p style=\"text-align: justify;\"><strong>NOTA<\/strong> * - Os quartos triplos, s\u00e3o compostos por 1 ou 2 camas, mais 1 cama extra. As condi\u00e7\u00f5es de conforto s\u00e3o menores do que as dos quartos duplos. A reserva de um quarto triplo, implica a aceita\u00e7\u00e3o deste facto.<\/p>\n<p>&nbsp;<\/p>\n<p style=\"text-align: justify;\"><strong>NOTA 1<\/strong>: Este programa foi calculado com base na companhia a\u00e9rea Turkish Airlines em cabine econ\u00f3mica, tarifa em classe V. Caso n\u00e3o haja disponibilidade de lugares nessa tarifa, ser\u00e1 proposto em alternativa o escal\u00e3o tarif\u00e1rio seguinte dispon\u00edvel, ou outra companhia a\u00e9rea, mediante um suplemento a informar.<\/p>\n<p>&nbsp;<\/p>\n<p><strong>Suplemento de tarifa a\u00e9rea com a Turkish Airlines (Porto ou Lisboa):<\/strong><\/p>\n<p>&nbsp;<\/p>\n<table>\n<tbody>\n<tr>\n<td>\n<p style=\"text-align: center;\"><strong>Per\u00edodo<\/strong><\/p>\n<\/td>\n<td style=\"text-align: center;\"><strong>Classe V<\/strong><\/td>\n<td style=\"text-align: center;\"><strong>Classe L<\/strong><\/td>\n<td style=\"text-align: center;\"><strong>Classe T<\/strong><\/td>\n<td>\n<p style=\"text-align: center;\"><strong>Classe Q<\/strong><\/p>\n<\/td>\n<\/tr>\n<tr>\n<td>\n<p style=\"text-align: center;\"><strong>01\/04\/26 a 30\/06\/26<\/strong><\/p>\n<p style=\"text-align: center;\"><strong>21\/08\/26 a 26\/10\/26<\/strong><\/p>\n<\/td>\n<td style=\"text-align: center;\">Sem supl.<\/td>\n<td style=\"text-align: center;\">54,00 \u20ac<\/td>\n<td style=\"text-align: center;\">124,00 \u20ac<\/td>\n<td>\n<p style=\"text-align: center;\">209,00 \u20ac<\/p>\n<\/td>\n<\/tr>\n<tr>\n<td>\n<p style=\"text-align: center;\"><strong>01\/07\/26 a 20\/08\/26<\/strong><\/p>\n<\/td>\n<td style=\"text-align: center;\">99,00 \u20ac<\/td>\n<td style=\"text-align: center;\">169,00 \u20ac<\/td>\n<td style=\"text-align: center;\">254,00 \u20ac<\/td>\n<td>\n<p style=\"text-align: center;\">359,00 \u20ac<\/p>\n<\/td>\n<\/tr>\n<\/tbody>\n<\/table>\n<p>&nbsp;<\/p>\n<p><strong>O pre\u00e7o inclui:<\/strong><strong><br \/>\n<\/strong>- Passagem a\u00e9rea em voos regulares, em classe econ\u00f3mica para o percurso indicado, incluindo o transporte de bagagem de por\u00e3o;<br \/>\n- Taxas de aeroporto, seguran\u00e7a e combust\u00edvel no valor de 750,00 \u20ac (sujeito a altera\u00e7\u00e3o, a reconfirmar no dia de emiss\u00e3o dos bilhetes);<br \/>\n- Transporte aeroporto \/ hotel \/ aeroporto em servi\u00e7o regular (em conjunto com outras pessoas) com assistente de l\u00edngua espanhola nos aeroportos;<br \/>\n- Estadia nos hot\u00e9is mencionados ou similares em quarto standard e em regime de pequeno-almo\u00e7o;<br \/>\n- Guia local de l\u00edngua espanhola nas visitas mencionadas;<br \/>\n- Viagens de comboio bala em classe tur\u00edstica;<br \/>\n- Entradas nos monumentos mencionados no itiner\u00e1rio;<br \/>\n- As refei\u00e7\u00f5es de acordo com o indicado no itiner\u00e1rio;<br \/>\n- Taxas de servi\u00e7o e IVA;<br \/>\n- Seguro de viagem.<\/p>\n<p>&nbsp;<\/p>\n<p><strong>O pre\u00e7o n\u00e3o inclui:<br \/>\n<\/strong>- Bebidas \u00e0s refei\u00e7\u00f5es;<br \/>\n- Extras e actividades de car\u00e1cter pessoal;<br \/>\n- Todos os servi\u00e7os n\u00e3o indicados como inclu\u00eddos.<\/p>\n<p>&nbsp;<\/p>\n<p><strong>Seguro de viagem:<br \/>\n<\/strong>- Todas as viagens organizadas pela MundoNovo Viagens est\u00e3o cobertas por um seguro de viagem (<a href=\"https:\/\/www.mundonovoviagens.pt\/wp-content\/uploads\/2025\/02\/MundoNovo-Multiviagens-Plus-1.pdf?x48172&amp;x23938\" target=\"_blank\" rel=\"noopener\">Multiviagens Plus 1<\/a>);<br \/>\n- Adicionalmente propomos o seguro\u00a0<a href=\"https:\/\/www.mundonovoviagens.pt\/wp-content\/uploads\/2025\/02\/MundoNovo-Multiviagens-Premium.pdf?x48172&amp;x23938\" target=\"_blank\" rel=\"noopener\">Multiviagens Premium<\/a>\u00a0(valor das coberturas superior), mediante um suplemento de 30\u20ac por pessoa;<br \/>\n- As condi\u00e7\u00f5es gerais de cada seguro poder\u00e3o ser consultadas na p\u00e1gina inicial do nosso site.<\/p>\n<p>&nbsp;<\/p>\n<p><strong>Condi\u00e7\u00f5es gerais de reserva e cancelamento:<\/strong><strong><br \/>\n<\/strong>Consultar a ficha de informa\u00e7\u00e3o normalizada (<a href=\"https:\/\/www.mundonovoviagens.pt\/index.php\/ficha-de-informacao-normalizada\/\" target=\"_blank\" rel=\"noopener\">FIN<\/a>) e\u00a0<a href=\"https:\/\/www.mundonovoviagens.pt\/index.php\/condicoes-gerais\/\" target=\"_blank\" rel=\"noopener\">condi\u00e7\u00f5es gerais<\/a>\u00a0indicadas no site.<\/p>\n<\/div>\n<\/div><\/div><\/div><\/div><\/div><\/div>\t\t\t\t\t\t<\/div>\n\t\t\t\t\t\t\t\t\t\t\t<div class=\"tab-pane  fade\" id=\"tab-informa\u00e7\u00f5es-destino\" role=\"tabpanel\">\n\t\t\t\t\t\t\t<div id=\"pl-w6a01f57352dfa\"  class=\"panel-layout\" ><div id=\"pg-w6a01f57352dfa-0\"  class=\"panel-grid panel-no-style\" ><div id=\"pgc-w6a01f57352dfa-0-0\"  class=\"panel-grid-cell\" ><div id=\"panel-w6a01f57352dfa-0-0-0\" class=\"so-panel widget widget_sow-editor panel-first-child panel-last-child\" data-index=\"0\" ><div class=\"panel-widget-style panel-widget-style-for-w6a01f57352dfa-0-0-0\" ><div\n\t\t\t\n\t\t\tclass=\"so-widget-sow-editor so-widget-sow-editor-base\"\n\t\t\t\n\t\t>\n<div class=\"siteorigin-widget-tinymce textwidget\">\n\t<p><strong>1 - Requisitos de entrada<br \/>\n<\/strong>Cidad\u00e3os portugueses necessitam de passaporte com uma validade m\u00ednima de 6 meses \u00e0 data de sa\u00edda do pa\u00eds; N\u00e3o \u00e9 obrigat\u00f3rio visto;<br \/>\nRecomenda-se que se registem no site \u201cVisit Japan Web\u201d - <a href=\"https:\/\/vjw-lp.digital.go.jp\/en\/\" target=\"_blank\" rel=\"noopener\">https:\/\/vjw-lp.digital.go.jp\/en\/<\/a> para procedimentos de imigra\u00e7\u00e3o e alf\u00e2ndega antes da sua chegada ao Jap\u00e3o;<\/p>\n<p>&nbsp;<\/p>\n<p><strong>2 \u2013 Vacinas \/ Sa\u00fade<\/strong><\/p>\n<p>Vacina obrigat\u00f3ria: nenhuma<\/p>\n<p><strong><br \/>\n3 \u2013 Clima<\/strong><\/p>\n<p style=\"text-align: justify;\">O Jap\u00e3o tem uma diversidade clim\u00e1tica.\u00a0 A esta\u00e7\u00e3o das chuvas (\u00e9poca das mon\u00e7\u00f5es), que ocorre entre junho e setembro, quando se verifica cerca de 70% do total de precipita\u00e7\u00e3o anual. No Norte, sob influ\u00eancia da\u00a0corrente\u00a0fria Oia-Sivo, o clima \u00e9 frio, com invernos muito rigorosos.<\/p>\n<p style=\"text-align: justify;\">Em geral, os meses de Ver\u00e3o s\u00e3o quentes e h\u00famidos e os meses de Inverno s\u00e3o frios.\u00a0As melhores \u00e9pocas do ano para visitar o Jap\u00e3o s\u00e3o a Primavera (final de mar\u00e7o a maio) e o Outono (outubro e novembro).<\/p>\n<p style=\"text-align: justify;\">Nos meses de Primavera poder\u00e1 admirar as cerejeiras em flor e nos meses de Outono a colora\u00e7\u00e3o multicolor das folhas das \u00e1rvores, que come\u00e7am a cair, e dos jardins.<\/p>\n<p><strong>\u00a0<\/strong><\/p>\n<p><strong>4 - Idioma<\/strong><\/p>\n<p>A l\u00edngua oficial \u00e9 o japon\u00eas<\/p>\n<p><strong>\u00a0<\/strong><\/p>\n<p><strong>5 - Moeda<\/strong><\/p>\n<p style=\"text-align: justify;\">A moeda oficial \u00e9 o Iene. Os cart\u00f5es de cr\u00e9dito s\u00e3o aceites na generalidade dos hot\u00e9is e lojas. A rede de caixas autom\u00e1ticas (ATM) \u00e9 extensa, possuindo uma boa cobertura em todo o territ\u00f3rio; no entanto, apenas as caixas autom\u00e1ticas existentes nos bancos, nas esta\u00e7\u00f5es de correio e algumas lojas de conveni\u00eancia aceitam cart\u00f5es de cr\u00e9dito e d\u00e9bito.<\/p>\n<p>&nbsp;<\/p>\n<p><strong>6 -\u00a0Diferen\u00e7a Hor\u00e1ria<\/strong><\/p>\n<p>UTC\/GMT +09<\/p>\n<p>&nbsp;<\/p>\n<p><strong>7 - Eletricidade<\/strong><\/p>\n<p style=\"text-align: justify;\">100 V \/ 50 e 60 HZ (tomadas tipo A e B)<\/p>\n<p>&nbsp;<\/p>\n<p><strong>8 - Representa\u00e7\u00e3o Diplom\u00e1tica \/ Consular<\/strong><\/p>\n<p>Embaixada de Portugal em T\u00f3quio.<\/p>\n<p>Mais informa\u00e7\u00f5es: <a href=\"https:\/\/portaldascomunidades.mne.gov.pt\/pt\/\" target=\"_blank\" rel=\"noopener\">www.portaldascomunidades.mne.pt\/<\/a><\/p>\n<\/div>\n<\/div><\/div><\/div><\/div><\/div><\/div>\t\t\t\t\t\t<\/div>\n\t\t\t\t\t\t\t\t\t\t<\/div>\n\t\t\t\t\t\t\t<\/div>\n\n\t\t\t<\/div><div id=\"panel-4108-0-0-1\" class=\"so-panel widget widget_sow-button panel-last-child\" data-index=\"1\" ><div\n\t\t\t\n\t\t\tclass=\"so-widget-sow-button so-widget-sow-button-flat-95cda3216a70-4108\"\n\t\t\t\n\t\t><div class=\"ow-button-base ow-button-align-center\">\n\t<a\n\thref=\"https:\/\/www.mundonovoviagens.pt\/index.php\/contactos\/?wpf62_6=Assunto:%20861\u2013%20O%20Essencial%20do%20Japao%20com%20Okinawa%20\u2013%2012%20dias\"\n\t\tclass=\"ow-icon-placement-left ow-button-hover\" \t>\n\t\t<span>\n\t\t\t\n\t\t\tCONTACTE-NOS\t\t<\/span>\n\t<\/a>\n<\/div>\n<\/div><\/div><\/div><\/div><\/div>","protected":false},"excerpt":{"rendered":"<p style=\"text-align: center;\"><strong>Circuito Regular com guia em Espanhol<br \/>\n<\/strong>(T\u00f3quio, Hakone, Nara e Kyoto)<\/p>\n","protected":false},"featured_media":4109,"template":"","meta":[],"product_brand":[],"product_cat":[15],"product_tag":[1033,191,194,188,435,786,196,189],"class_list":{"0":"post-4108","1":"product","2":"type-product","3":"status-publish","4":"has-post-thumbnail","6":"product_cat-europa","7":"product_tag-cerejeiras-flor-japao","8":"product_tag-hakone","9":"product_tag-hiroshima","10":"product_tag-japao","11":"product_tag-kyoto","12":"product_tag-miyajima","13":"product_tag-nara","14":"product_tag-toquio","16":"first","17":"instock","18":"shipping-taxable","19":"product-type-simple"},"_links":{"self":[{"href":"https:\/\/www.mundonovoviagens.pt\/index.php\/wp-json\/wp\/v2\/product\/4108","targetHints":{"allow":["GET"]}}],"collection":[{"href":"https:\/\/www.mundonovoviagens.pt\/index.php\/wp-json\/wp\/v2\/product"}],"about":[{"href":"https:\/\/www.mundonovoviagens.pt\/index.php\/wp-json\/wp\/v2\/types\/product"}],"wp:featuredmedia":[{"embeddable":true,"href":"https:\/\/www.mundonovoviagens.pt\/index.php\/wp-json\/wp\/v2\/media\/4109"}],"wp:attachment":[{"href":"https:\/\/www.mundonovoviagens.pt\/index.php\/wp-json\/wp\/v2\/media?parent=4108"}],"wp:term":[{"taxonomy":"product_brand","embeddable":true,"href":"https:\/\/www.mundonovoviagens.pt\/index.php\/wp-json\/wp\/v2\/product_brand?post=4108"},{"taxonomy":"product_cat","embeddable":true,"href":"https:\/\/www.mundonovoviagens.pt\/index.php\/wp-json\/wp\/v2\/product_cat?post=4108"},{"taxonomy":"product_tag","embeddable":true,"href":"https:\/\/www.mundonovoviagens.pt\/index.php\/wp-json\/wp\/v2\/product_tag?post=4108"}],"curies":[{"name":"wp","href":"https:\/\/api.w.org\/{rel}","templated":true}]}}