{"id":546,"date":"2022-05-23T21:49:02","date_gmt":"2022-05-23T21:49:02","guid":{"rendered":"https:\/\/www.mundonovoviagens.pt\/?post_type=product&#038;p=546"},"modified":"2026-01-12T19:26:23","modified_gmt":"2026-01-12T18:26:23","slug":"002-grande-circuito-da-albania-10-dias","status":"publish","type":"product","link":"https:\/\/www.mundonovoviagens.pt\/index.php\/produto\/002-grande-circuito-da-albania-10-dias\/","title":{"rendered":"002 &#8211; Grande Circuito da Alb\u00e2nia &#8211; 10 dias"},"content":{"rendered":"<div id=\"pl-546\"  class=\"panel-layout\" ><div id=\"pg-546-0\"  class=\"panel-grid panel-no-style\" ><div id=\"pgc-546-0-0\"  class=\"panel-grid-cell\" ><div id=\"panel-546-0-0-0\" class=\"so-panel widget widget_pt_tabs pt-widget-tabs panel-first-child\" data-index=\"0\" >\t\t\t<div class=\"pt-tabs\">\n\t\t\t\t\n\t\t\t\t\t\t\t\t\t<ul class=\"pt-tabs__navigation  nav  nav-tabs\" role=\"tablist\">\n\t\t\t\t\t\t\t\t\t\t\t\t\t<li class=\"nav-item\">\n\t\t\t\t\t\t\t\t<a class=\"nav-link  active\" data-toggle=\"tab\" href=\"#tab-itiner\u00c1rio\" role=\"tab\">ITINER\u00c1RIO<\/a>\n\t\t\t\t\t\t\t<\/li>\n\t\t\t\t\t\t\t\t\t\t\t\t\t<li class=\"nav-item\">\n\t\t\t\t\t\t\t\t<a class=\"nav-link\" data-toggle=\"tab\" href=\"#tab-pre\u00e7os-e-condi\u00e7\u00f5es\" role=\"tab\">Pre\u00e7os e Condi\u00e7\u00f5es<\/a>\n\t\t\t\t\t\t\t<\/li>\n\t\t\t\t\t\t\t\t\t\t\t\t\t<li class=\"nav-item\">\n\t\t\t\t\t\t\t\t<a class=\"nav-link\" data-toggle=\"tab\" href=\"#tab-informa\u00e7\u00f5es-destino\" role=\"tab\">Informa\u00e7\u00f5es Destino<\/a>\n\t\t\t\t\t\t\t<\/li>\n\t\t\t\t\t\t\t\t\t\t\t<\/ul>\n\n\t\t\t\t\t<div class=\"pt-tabs__content  tab-content\">\n\t\t\t\t\t\t\t\t\t\t\t<div class=\"tab-pane  fade  in  active\" id=\"tab-itiner\u00c1rio\" role=\"tabpanel\">\n\t\t\t\t\t\t\t<div id=\"pl-w69653ccfa20ff\"  class=\"panel-layout\" ><div id=\"pg-w69653ccfa20ff-0\"  class=\"panel-grid panel-no-style\" ><div id=\"pgc-w69653ccfa20ff-0-0\"  class=\"panel-grid-cell\" ><div id=\"panel-w69653ccfa20ff-0-0-0\" class=\"so-panel widget widget_sow-editor panel-first-child\" data-index=\"0\" ><div class=\"panel-widget-style panel-widget-style-for-w69653ccfa20ff-0-0-0\" ><div\n\t\t\t\n\t\t\tclass=\"so-widget-sow-editor so-widget-sow-editor-base\"\n\t\t\t\n\t\t><h3 class=\"widget-title\">1\u00ba. Dia - PORTUGAL \/ TIRANA <\/h3>\n<div class=\"siteorigin-widget-tinymce textwidget\">\n\t<p style=\"text-align: justify;\">Compar\u00eancia no aeroporto 120 minutos antes da hora prevista para a partida. Formalidades de embarque e partida com destino a Tirana, com mudan\u00e7a de avi\u00e3o em rota. Chegada a Tirana, transporte privado para o hotel. Alojamento.<\/p>\n<\/div>\n<\/div><\/div><\/div><div id=\"panel-w69653ccfa20ff-0-0-1\" class=\"so-panel widget widget_sow-editor\" data-index=\"1\" ><div class=\"panel-widget-style panel-widget-style-for-w69653ccfa20ff-0-0-1\" ><div\n\t\t\t\n\t\t\tclass=\"so-widget-sow-editor so-widget-sow-editor-base\"\n\t\t\t\n\t\t><h3 class=\"widget-title\">2\u00ba. Dia - TIRANA <\/h3>\n<div class=\"siteorigin-widget-tinymce textwidget\">\n\t<p style=\"text-align: justify;\">Pequeno-almo\u00e7o no hotel. Visita \u00e0 Pra\u00e7a Scanderbeg, \u00e0 Mesquita de Ethem Bey, \u00e0 Igreja Ortodoxa e \u00e0 \u201cThe Blloku\u201d. \u201cThe Blloku\u201d correspondia a uma \u00e1rea da cidade cuja entrada foi vedada a muitos cidad\u00e3os durante 40 anos, por a\u00ed residir a elite comunista e o seu ditador. Continua\u00e7\u00e3o da visita, para um dos locais mais representativos do regime ditatorial, a Bunkart, um bunker anti-nuclear de quatro andares com capacidade alojar durante meses todos os membros do governo, chefes das for\u00e7as armadas e membros do politburo daquela \u00e9poca, em caso de ataque nuclear. Alojamento.<\/p>\n<\/div>\n<\/div><\/div><\/div><div id=\"panel-w69653ccfa20ff-0-0-2\" class=\"so-panel widget widget_sow-editor\" data-index=\"2\" ><div class=\"panel-widget-style panel-widget-style-for-w69653ccfa20ff-0-0-2\" ><div\n\t\t\t\n\t\t\tclass=\"so-widget-sow-editor so-widget-sow-editor-base\"\n\t\t\t\n\t\t><h3 class=\"widget-title\">3\u00ba. Dia - TIRANA \/ SHKODRA \/ KRUJA \/ TIRANA (222km) <\/h3>\n<div class=\"siteorigin-widget-tinymce textwidget\">\n\t<p style=\"text-align: justify;\">Pequeno-almo\u00e7o no hotel. Partida para Shkodra, a cidade mais importante no Norte da Alb\u00e2nia. Visita ao Castelo de Rozafa, de onde ter\u00e1 bel\u00edssimas vistas sobre a \u00e1rea envolvente. Tempo para passeio no renovado percurso pedestre de Shkodra, caracterizado por uma arquitectura de influ\u00eancia italiana e austr\u00edaca. Visita ao Museu de Fotografia de Marubi, onde encontrar\u00e1 uma selec\u00e7\u00e3o de fotografias e negativos datados da segunda metade do s\u00e9c. XIX, at\u00e9 ao in\u00edcio do s\u00e9culo XX, ilustrativos do quotidiano da popula\u00e7\u00e3o local nessa \u00e9poca. Continua\u00e7\u00e3o para Kruja, o centro da resist\u00eancia albanesa contra os turcos, sob a lideran\u00e7a do her\u00f3i nacional alban\u00eas, Scanderbeg. A sua luta ao longo de 25 longos anos, impediu a invas\u00e3o do territ\u00f3rio alban\u00eas pelos povos Otomanos atrav\u00e9s das regi\u00f5es Oeste da Europa, facto que lhe concedeu o t\u00edtulo de \u201cCampe\u00e3o de Cristo\u201d, atribu\u00eddo pelo Papa da altura. Visita ao Museu Skanderbeg, um museu etnogr\u00e1fico de valor assinal\u00e1vel, e ao \u201cOld Bazaar\u201d, onde poder\u00e1 adquirir pe\u00e7as de artesanato. \u00a0Regresso a Tirana. Alojamento.<\/p>\n<\/div>\n<\/div><\/div><\/div><div id=\"panel-w69653ccfa20ff-0-0-3\" class=\"so-panel widget widget_sow-editor\" data-index=\"3\" ><div class=\"panel-widget-style panel-widget-style-for-w69653ccfa20ff-0-0-3\" ><div\n\t\t\t\n\t\t\tclass=\"so-widget-sow-editor so-widget-sow-editor-base\"\n\t\t\t\n\t\t><h3 class=\"widget-title\"> 4\u00ba. Dia - TIRANA\/ DURRES \/ BERAT (126km)<\/h3>\n<div class=\"siteorigin-widget-tinymce textwidget\">\n\t<p style=\"text-align: justify;\">Pequeno-almo\u00e7o no hotel. Partida para Durres, uma das cidades mais antigas, a primeira, e talvez a mais importante das colonias gregas no pa\u00eds. Foi fundada em 627 a.C. pelos gregos de Corcyra - Corfu na atualidade \u2013 e Cor\u00edntia, tendo sido apelidada pelos escritores gregos e romanos de \u201cCidade Admir\u00e1vel\u201d, devido ao seu templo, magn\u00edficas est\u00e1tuas e outros monumentos. Continua\u00e7\u00e3o da visita ao Anfiteatro de Durres, onde poder\u00e1 admirar os vest\u00edgios remanescentes dos gloriosos tempos que se viveram nesta cidade. Continua\u00e7\u00e3o para Berat, uma das cidades mais visitadas da Alb\u00e2nia e classificada pela UNESCO como Patrim\u00f3nio da Humanidade, pela sua riqueza arquitet\u00f3nica. Visita ao Castelo e ao Museu Onufri. O Castelo de Berat, merece um especial destaque, porque \u00e0 semelhan\u00e7a dos seus ancestrais, parte da popula\u00e7\u00e3o desta cidade ainda reside nas casas tradicionais dentro dos muros da muralha. No castelo, ter\u00e3o sido edificadas cerca de 40 igrejas, 7 das quais ainda existem at\u00e9 aos dias de hoje, incluindo a Igreja de St. Mary\u00b4s, transformada no Museu Onufri. \"Onufri\", era o nome de um reconhecido pintor alban\u00eas do s\u00e9c. XVI e neste museu poder\u00e1 admirar muitas das suas magnificas obras, tamb\u00e9m presentes em diversas igrejas em todo o pa\u00eds e na Gr\u00e9cia, onde desenvolveu o seu trabalho, tendo usado em especial a cor vermelha nas suas diferentes obras. Chegada a Berat e alojamento.<\/p>\n<\/div>\n<\/div><\/div><\/div><div id=\"panel-w69653ccfa20ff-0-0-4\" class=\"so-panel widget widget_sow-editor\" data-index=\"4\" ><div class=\"panel-widget-style panel-widget-style-for-w69653ccfa20ff-0-0-4\" ><div\n\t\t\t\n\t\t\tclass=\"so-widget-sow-editor so-widget-sow-editor-base\"\n\t\t\t\n\t\t><h3 class=\"widget-title\">5\u00ba. Dia - BERAT \/ ARDENICA \/ APOLLONIA \/ VLORA (120km) <\/h3>\n<div class=\"siteorigin-widget-tinymce textwidget\">\n\t<p style=\"text-align: justify;\">Pequeno-almo\u00e7o no hotel. Sa\u00edda para Vlora, cidade onde foi aclamada a Independ\u00eancia Albanesa. Em rota, paragem no Mosteiro de Ardenica, que se pensa ter sido edificado durante a Idade M\u00e9dia, dada a exist\u00eancia de uma pedra na sua entrada datada de 1417. No interior da capela de Ardenica, poder\u00e1 admirar os \u00edcones pintados entre 1743 - 1745, pela m\u00e3o de v\u00e1rios artistas albaneses, como: Konstandin, Athanos Zograf e Konstandin Shpataraku. Continua\u00e7\u00e3o para uma das mais antigas cidades da Alb\u00e2nia - Apollonia, situada na famosa Via Egnatia - uma das cidades mais importantes durante a \u00e9poca Romana. Devido \u00e0 sua fama e import\u00e2ncia como centro de aprendizagem, C\u00e9sar enviou o seu sobrinho Oct\u00e1vio Augustus estudar orat\u00f3ria em Apollonia, afirmando assim a relev\u00e2ncia desta cidade. Continua\u00e7\u00e3o da viagem at\u00e9 Vlora para visita ao Museu da Independ\u00eancia, situado no edif\u00edcio onde, originalmente, se encontrava sediado o Governo alban\u00eas e os seus respetivos departamentos. Tempo livre. Alojamento em Vlora.<\/p>\n<\/div>\n<\/div><\/div><\/div><div id=\"panel-w69653ccfa20ff-0-0-5\" class=\"so-panel widget widget_sow-editor\" data-index=\"5\" ><div class=\"panel-widget-style panel-widget-style-for-w69653ccfa20ff-0-0-5\" ><div\n\t\t\t\n\t\t\tclass=\"so-widget-sow-editor so-widget-sow-editor-base\"\n\t\t\t\n\t\t><h3 class=\"widget-title\">6\u00ba. Dia - VLORA \/ MOSTEIRO de ZVERNEC \/ SARANDA \/ BUTRINT \/ GJIROKASTRA (200km) <\/h3>\n<div class=\"siteorigin-widget-tinymce textwidget\">\n\t<p style=\"text-align: justify;\">Pequeno-almo\u00e7o. Sa\u00edda de manh\u00e3 cedo com destino ao Mosteiro de Zvernec, situado numa bela pen\u00ednsula natural. Depois da visita, seguimos com destino a Saranda, viajando atrav\u00e9s da Riviera Albanesa. Paragem em Llogara para subida ao pico, situado a 1000 metros de altura, onde ter\u00e1 vistas impressionantes sobre o mar J\u00f3nico. Continua\u00e7\u00e3o do percurso e paragem para visita ao Castelo de Ali Pasha, uma fortifica\u00e7\u00e3o outrora usada para controlar as rotas de com\u00e9rcio mar\u00edtimo. Chegada a Butrint, uma cidade caracterizada pelo seu vasto patrim\u00f3nio arqueol\u00f3gico e classificada pela UNESCO como Patrim\u00f3nio Mundial da Humanidade. As suas origens remontam aos povos gregos, tendo, a partir da\u00ed, sido ocupada continuamente ao longo de v\u00e1rios s\u00e9culos. Aqui encontrar\u00e1 evid\u00eancias arqueol\u00f3gicas representativas das diferentes civiliza\u00e7\u00f5es que por ali passaram e que fizeram desta cidade uma importante descoberta no Mediterr\u00e2neo. Butrint encontra-se numa bel\u00edssima Pen\u00ednsula, rica em flora e fauna, oferecendo aos seus visitantes muito mais do que a sua riqueza arqueol\u00f3gica. Chegada a Gjirokastra e alojamento.<\/p>\n<\/div>\n<\/div><\/div><\/div><div id=\"panel-w69653ccfa20ff-0-0-6\" class=\"so-panel widget widget_sow-editor\" data-index=\"6\" ><div class=\"panel-widget-style panel-widget-style-for-w69653ccfa20ff-0-0-6\" ><div\n\t\t\t\n\t\t\tclass=\"so-widget-sow-editor so-widget-sow-editor-base\"\n\t\t\t\n\t\t><h3 class=\"widget-title\">7\u00ba. Dia - GJIROKASTRA <\/h3>\n<div class=\"siteorigin-widget-tinymce textwidget\">\n\t<p style=\"text-align: justify;\">Pequeno-almo\u00e7o no hotel. Visita de Gjirokastra, igualmente classificada como Patrim\u00f3nio da Humanidade pela UNESCO, caracterizada pela sua distinta arquitectura. Visita \u00e0 Fortaleza Medieval, outrora usada como pris\u00e3o pol\u00edtica durante o regime ditatorial comunista e ao Museu das Armas. Visitamos ainda o Museu Etnogr\u00e1fico, que \u00e9 tamb\u00e9m a casa onde nasceu o ditador alban\u00eas, assim como, uma casa com cerca de 300 anos, onde podemos observar a grandiosidade dos mestres construtores de Gjirokastra. Tarde livre. Alojamento.<\/p>\n<\/div>\n<\/div><\/div><\/div><div id=\"panel-w69653ccfa20ff-0-0-7\" class=\"so-panel widget widget_sow-editor\" data-index=\"7\" ><div class=\"panel-widget-style panel-widget-style-for-w69653ccfa20ff-0-0-7\" ><div\n\t\t\t\n\t\t\tclass=\"so-widget-sow-editor so-widget-sow-editor-base\"\n\t\t\t\n\t\t><h3 class=\"widget-title\">8\u00ba. Dia - GJIROKASTRA \/ VOSKOPOJA \/ KORCE (236km) <\/h3>\n<div class=\"siteorigin-widget-tinymce textwidget\">\n\t<p style=\"text-align: justify;\">Pequeno-almo\u00e7o no hotel. Sa\u00edda em dire\u00e7\u00e3o a Korce, atrav\u00e9s da maravilhosa montanha de Kelcyra, o vale de Vjosa e as exuberantes florestas de Leskovik. Continua\u00e7\u00e3o para Voskopoja, uma das mais importantes cidades dos Balc\u00e3s do in\u00edcio do s\u00e9c. XVIII e visita a diversas igrejas, onde poder\u00e1 apreciar os frescos pintados pelos irm\u00e3os Zeografi. Partida para Korce. Chegada e alojamento.<\/p>\n<\/div>\n<\/div><\/div><\/div><div id=\"panel-w69653ccfa20ff-0-0-8\" class=\"so-panel widget widget_sow-editor\" data-index=\"8\" ><div class=\"panel-widget-style panel-widget-style-for-w69653ccfa20ff-0-0-8\" ><div\n\t\t\t\n\t\t\tclass=\"so-widget-sow-editor so-widget-sow-editor-base\"\n\t\t\t\n\t\t><h3 class=\"widget-title\">9\u00ba. Dia - KORCE \/ POGRADEC \/ ELBASAN \/ TIRANA (168 km) <\/h3>\n<div class=\"siteorigin-widget-tinymce textwidget\">\n\t<p style=\"text-align: justify;\">Pequeno-almo\u00e7o no hotel. Ainda em Korce, visita ao Museu de Arte Medieval, \u00e0 Mesquita Mirahori, uma das mais antigas da Alb\u00e2nia e \u00e0 Igreja Mborje, constru\u00edda no s\u00e9c. XIV. Continua\u00e7\u00e3o da viagem para Pogradec, situada nas margens do lago Ohrid e visita ao Parque de Drilon e \u00e0 Villa Art, uma antiga vila piscat\u00f3ria. Durante o percurso at\u00e9 Tirana, paragem em rota no Castelo de Elbasani para uma breve visita. Chegada a Tirana e alojamento.<\/p>\n<\/div>\n<\/div><\/div><\/div><div id=\"panel-w69653ccfa20ff-0-0-9\" class=\"so-panel widget widget_sow-editor panel-last-child\" data-index=\"9\" ><div class=\"panel-widget-style panel-widget-style-for-w69653ccfa20ff-0-0-9\" ><div\n\t\t\t\n\t\t\tclass=\"so-widget-sow-editor so-widget-sow-editor-base\"\n\t\t\t\n\t\t><h3 class=\"widget-title\"> 10\u00ba. Dia - TIRANA \/ PORTUGAL<\/h3>\n<div class=\"siteorigin-widget-tinymce textwidget\">\n\t<p>Pequeno-almo\u00e7o no hotel. Em hora a informar localmente, transporte para o aeroporto de Tirana. Formalidades de embarque e partida com destino a Portugal com mudan\u00e7a de avi\u00e3o em rota. Chegada.<br \/>\nFim dos nossos servi\u00e7os.<\/p>\n<p>&nbsp;<\/p>\n<p><span style=\"color: #0000ff;\"><strong>Nota importante: <\/strong><span style=\"color: #000000;\">nos meses de Abril e Outubro os museus encerram \u00e0 segunda-feira.\u00a0<\/span><\/span><\/p>\n<\/div>\n<\/div><\/div><\/div><\/div><\/div><\/div>\t\t\t\t\t\t<\/div>\n\t\t\t\t\t\t\t\t\t\t\t<div class=\"tab-pane  fade\" id=\"tab-pre\u00e7os-e-condi\u00e7\u00f5es\" role=\"tabpanel\">\n\t\t\t\t\t\t\t<div id=\"pl-w69653ccfa2103\"  class=\"panel-layout\" ><div id=\"pg-w69653ccfa2103-0\"  class=\"panel-grid panel-no-style\" ><div id=\"pgc-w69653ccfa2103-0-0\"  class=\"panel-grid-cell\" ><div id=\"panel-w69653ccfa2103-0-0-0\" class=\"so-panel widget widget_sow-editor panel-first-child panel-last-child\" data-index=\"0\" ><div class=\"panel-widget-style panel-widget-style-for-w69653ccfa2103-0-0-0\" ><div\n\t\t\t\n\t\t\tclass=\"so-widget-sow-editor so-widget-sow-editor-base\"\n\t\t\t\n\t\t>\n<div class=\"siteorigin-widget-tinymce textwidget\">\n\t<p><strong>DIAS de PARTIDA 2026:<br \/>\n<\/strong>Di\u00e1rias de 01 de Abril a 31 de Outubro<\/p>\n<p>&nbsp;<\/p>\n<p><strong>Pre\u00e7os por pessoa segundo ocupa\u00e7\u00e3o do quarto (m\u00ednimo 2 participantes):<\/strong><\/p>\n<p><strong>\u00a0<\/strong><\/p>\n<p><strong>HOT\u00c9IS PREVISTOS ou SIMILARES:<\/strong><\/p>\n<p>&nbsp;<\/p>\n<p><strong>TIRANA <\/strong>- Hotel Austria 4* ou <a href=\"https:\/\/sarotel.com\/\" target=\"_blank\" rel=\"noopener\">Hotel Sar\u00f3tel<\/a> 4*<\/p>\n<p><strong>BERAT <\/strong>\u2013 <a href=\"https:\/\/hotelonufri.hotelscheck-in.com\/en\/\" target=\"_blank\" rel=\"noopener\">Hotel Onufri<\/a> 4* ou <a href=\"https:\/\/mangalemihotel.com\/\" target=\"_blank\" rel=\"noopener\">Hotel Mangalem<\/a> 4*<\/p>\n<p><strong>VLORA<\/strong> - <a href=\"http:\/\/www.hotelpalace.al\/\" target=\"_blank\" rel=\"noopener\">Hotel Palace<\/a> 4* ou <a href=\"http:\/\/hotelpartner.al\/\" target=\"_blank\" rel=\"noopener\">Hotel Partner<\/a> 4*<\/p>\n<p><strong>GIROKASTRA<\/strong> \u2013 Hotel Argjiro 4* ou <a href=\"https:\/\/www.hotelkodra.com\/\" target=\"_blank\" rel=\"noopener\">Hotel Kodra<\/a> 4*<\/p>\n<p><strong>KORCA<\/strong>\u00a0\u2013 A informar<\/p>\n<table>\n<tbody>\n<tr>\n<td>\n<p style=\"text-align: center;\"><strong>PER\u00cdODO<\/strong><\/p>\n<\/td>\n<td style=\"text-align: center;\"><strong>(6 pessoas)<\/strong><\/p>\n<p><strong>3 DUPLOS<\/strong><\/td>\n<td style=\"text-align: center;\"><strong>(4 pessoas)<\/strong><\/p>\n<p><strong>2 DUPLOS<\/strong><\/td>\n<td style=\"text-align: center;\"><strong>DUPLO<\/strong><\/td>\n<td>\n<p style=\"text-align: center;\"><strong>SINGLE<\/strong><\/p>\n<\/td>\n<\/tr>\n<tr>\n<td>\n<p style=\"text-align: center;\"><strong>01\/04\/26 a 31\/10\/26<\/strong><\/p>\n<\/td>\n<td style=\"text-align: center;\">2.060,00 \u20ac<\/td>\n<td style=\"text-align: center;\">2.230,00 \u20ac<\/td>\n<td style=\"text-align: center;\">3.010,00 \u20ac<\/td>\n<td>\n<p style=\"text-align: center;\">3.450,00 \u20ac<\/p>\n<\/td>\n<\/tr>\n<\/tbody>\n<\/table>\n<p>&nbsp;<\/p>\n<p><strong>Nota:<\/strong> Este programa foi calculado com base na companhia a\u00e9rea Lufthansa em cabine econ\u00f3mica, tarifa em classe T. Caso n\u00e3o haja disponibilidade de lugares nessa tarifa, ser\u00e1 proposto em alternativa o escal\u00e3o tarif\u00e1rio seguinte dispon\u00edvel, ou outra companhia a\u00e9rea, mediante um suplemento a informar.<\/p>\n<p>&nbsp;<\/p>\n<p><strong>Suplemento de tarifa a\u00e9rea com a Lufthansa (Porto ou Lisboa):<\/strong><\/p>\n<p>&nbsp;<\/p>\n<table>\n<tbody>\n<tr>\n<td>\n<p style=\"text-align: center;\"><strong>Per\u00edodo:<\/strong><\/p>\n<\/td>\n<td style=\"text-align: center;\"><strong>classe T<\/strong><\/td>\n<td style=\"text-align: center;\"><strong>classe S<\/strong><\/td>\n<td style=\"text-align: center;\"><strong>classe W<\/strong><\/td>\n<td>\n<p style=\"text-align: center;\"><strong>classe V<\/strong><\/p>\n<\/td>\n<\/tr>\n<tr>\n<td>\n<p style=\"text-align: center;\"><strong>01\/04\/26 a 31\/10\/26<\/strong><\/p>\n<\/td>\n<td style=\"text-align: center;\">Sem supl.<\/td>\n<td style=\"text-align: center;\">41,00 \u20ac<\/td>\n<td style=\"text-align: center;\">91,00 \u20ac<\/td>\n<td style=\"text-align: center;\">152,00 \u20ac<\/td>\n<\/tr>\n<\/tbody>\n<\/table>\n<p>&nbsp;<\/p>\n<p><strong>O pre\u00e7o inclui:<\/strong><\/p>\n<p>- Passagem a\u00e9rea em voos regulares, em classe econ\u00f3mica para o percurso indicado, incluindo transporte de bagagem de por\u00e3o;<br \/>\n- Taxas de aeroporto, seguran\u00e7a e combust\u00edvel no valor de 180,00 \u20ac (sujeito a altera\u00e7\u00e3o, a reconfirmar na data da emiss\u00e3o dos bilhetes);<br \/>\n- Transporte aeroporto \/ hotel \/ aeroporto;<br \/>\n- Alojamento nos hot\u00e9is previstos ou similares em quarto standard com pequeno-almo\u00e7o;<br \/>\n- Circuito em servi\u00e7o privado, acompanhado de motorista\/guia local de l\u00edngua inglesa;<br \/>\n- Transporte em ve\u00edculo privado, com ar condicionado (2\u00ba ao 9\u00ba dia);<\/p>\n<p>- Visitas de acordo indicado no itiner\u00e1rio, incluindo as entradas;<br \/>\n- Taxas de servi\u00e7o e IVA;<\/p>\n<p>- Seguro de viagens.<\/p>\n<p>&nbsp;<\/p>\n<p><strong>O pre\u00e7o n\u00e3o inclui:<\/strong><\/p>\n<p>- Gratifica\u00e7\u00f5es;<\/p>\n<p>- Servi\u00e7o de bagageiros;<\/p>\n<p>- Extras e actividades de car\u00e1cter pessoal;<br \/>\n- Todos os servi\u00e7os n\u00e3o indicados como inclu\u00eddos.<\/p>\n<p>&nbsp;<\/p>\n<p><strong>Seguro de viagem:<br \/>\n<\/strong>- Todas as viagens organizadas pela MundoNovo Viagens est\u00e3o cobertas por um seguro de viagem (<a href=\"https:\/\/www.mundonovoviagens.pt\/wp-content\/uploads\/2025\/02\/MundoNovo-Multiviagens-Plus-1.pdf?x78457&amp;x70114&amp;x48172&amp;x23938&amp;x23938\" target=\"_blank\" rel=\"noopener\">Multiviagens Plus 1<\/a>);<br \/>\n- Adicionalmente propomos o seguro <a href=\"https:\/\/www.mundonovoviagens.pt\/wp-content\/uploads\/2025\/02\/MundoNovo-Multiviagens-Premium.pdf?x78457&amp;x70114&amp;x48172&amp;x23938&amp;x23938\" target=\"_blank\" rel=\"noopener\">Multiviagens Premium<\/a>\u00a0(valor das coberturas superior), mediante um suplemento de 30\u20ac por pessoa;<br \/>\n- As condi\u00e7\u00f5es gerais de cada seguro poder\u00e3o ser consultadas na p\u00e1gina inicial do nosso site.<\/p>\n<p>&nbsp;<\/p>\n<p><strong>Condi\u00e7\u00f5es gerais de reserva e cancelamento:<\/strong><b><br \/>\n<\/b>Consultar a ficha de informa\u00e7\u00e3o normalizada (<a href=\"https:\/\/www.mundonovoviagens.pt\/index.php\/ficha-de-informacao-normalizada\/\" target=\"_blank\" rel=\"noopener\">FIN<\/a>) e\u00a0<a href=\"https:\/\/www.mundonovoviagens.pt\/index.php\/condicoes-gerais\/\" target=\"_blank\" rel=\"noopener\">condi\u00e7\u00f5es gerais<\/a>\u00a0indicadas no site.<\/p>\n<\/div>\n<\/div><\/div><\/div><\/div><\/div><\/div>\t\t\t\t\t\t<\/div>\n\t\t\t\t\t\t\t\t\t\t\t<div class=\"tab-pane  fade\" id=\"tab-informa\u00e7\u00f5es-destino\" role=\"tabpanel\">\n\t\t\t\t\t\t\t<div id=\"pl-w69653ccfa2105\"  class=\"panel-layout\" ><div id=\"pg-w69653ccfa2105-0\"  class=\"panel-grid panel-no-style\" ><div id=\"pgc-w69653ccfa2105-0-0\"  class=\"panel-grid-cell\" ><div id=\"panel-w69653ccfa2105-0-0-0\" class=\"so-panel widget widget_sow-editor panel-first-child panel-last-child\" data-index=\"0\" ><div class=\"panel-widget-style panel-widget-style-for-w69653ccfa2105-0-0-0\" ><div\n\t\t\t\n\t\t\tclass=\"so-widget-sow-editor so-widget-sow-editor-base\"\n\t\t\t\n\t\t>\n<div class=\"siteorigin-widget-tinymce textwidget\">\n\t<p><strong>1 - Requisitos de entrada<br \/>\n<\/strong><\/p>\n<p>Os cidad\u00e3os portugueses necessitam de Cart\u00e3o de Cidad\u00e3o ou passaporte com validade minima de 3 meses \u00e0 data de sa\u00edda do pa\u00eds.<\/p>\n<p>N\u00e3o \u00e9 necess\u00e1rio visto para estadias at\u00e9 90 dias.<\/p>\n<p>&nbsp;<\/p>\n<p><strong>2 \u2013 Vacinas \/ Sa\u00fade<br \/>\n<\/strong>Vacina obrigat\u00f3ria: nenhuma.<br \/>\nVacinas Recomendadas: Hepatite A e B, difteria, t\u00e9tano, tifo e poliomielite.<br \/>\nRecomenda-se o consumo de \u00e1gua engarrafada e a lavagem pr\u00e9via de frutas e legumes. Desaconselha-se o consumo de pratos confecionados com alimentos crus e de carne picada.<\/p>\n<p>&nbsp;<\/p>\n<p><strong>3 - Clima<br \/>\n<\/strong>As regi\u00f5es costeiras t\u00eam um clima mediterr\u00e2nico, com invernos amenos e chuvosos e ver\u00f5es quentes e ensolarados. No interior o clima \u00e9 continental, com invernos muito frios e ver\u00f5es quentes.<\/p>\n<p>&nbsp;<\/p>\n<p><strong>4 - Idioma<br \/>\n<\/strong>A l\u00edngua oficial \u00e9 o alban\u00eas e italiano.<\/p>\n<p>&nbsp;<\/p>\n<p><strong>5 - Moeda<br \/>\n<\/strong>A divisa \u00e9 o Lek. O Euro \u00e9 aceite e muitos hot\u00e9is apresentam os pre\u00e7os em Euros. Existe uma boa rede de ATM\u00b4s no pa\u00eds. Os cart\u00f5es de cr\u00e9dito s\u00e3o aceites nos grandes estabelecimentos comerciais, nos hot\u00e9is de categoria internacional e ATM\u00b4s.<\/p>\n<p>&nbsp;<\/p>\n<p><strong>6 - Diferen\u00e7a hor\u00e1ria<br \/>\n<\/strong>GMT\/UTC +01<\/p>\n<p>&nbsp;<\/p>\n<p><strong>7 - Eletricidade<br \/>\n<\/strong>230 V\/ 50 Hz (tomadas tipo C e F)<\/p>\n<p>&nbsp;<\/p>\n<p><strong>8 \u2013 Representa\u00e7\u00e3o diplom\u00e1tica\/ consular<br \/>\n<\/strong>N\u00e3o existe representa\u00e7\u00e3o diplom\u00e1tica portuguesa na Alb\u00e2nia, sendo os assuntos deste pa\u00eds acompanhados pela Embaixada de Portugal em Roma.<br \/>\nMais informa\u00e7\u00f5es: <a href=\"https:\/\/portaldascomunidades.mne.gov.pt\/pt\/\" target=\"_blank\" rel=\"noopener\">www.portaldascomunidades.mne.pt<\/a><\/p>\n<p><strong><br \/>\n9 - Site oficial do turismo:<\/strong> <a href=\"http:\/\/www.albania.al\/\" target=\"_blank\" rel=\"noopener\">www.albania.al<\/a><\/p>\n<\/div>\n<\/div><\/div><\/div><\/div><\/div><\/div>\t\t\t\t\t\t<\/div>\n\t\t\t\t\t\t\t\t\t\t<\/div>\n\t\t\t\t\t\t\t<\/div>\n\n\t\t\t<\/div><div id=\"panel-546-0-0-1\" class=\"so-panel widget widget_sow-button panel-last-child\" data-index=\"1\" ><div\n\t\t\t\n\t\t\tclass=\"so-widget-sow-button so-widget-sow-button-flat-95cda3216a70-546\"\n\t\t\t\n\t\t><div class=\"ow-button-base ow-button-align-center\">\n\t<a\n\thref=\"https:\/\/www.mundonovoviagens.pt\/index.php\/contactos\/?wpf62_6=Assunto:%20002%20-%20Grande%20Circuito%20da%20Albania%20-%2010%20dias\"\n\t\tclass=\"ow-icon-placement-left ow-button-hover\" \t>\n\t\t<span>\n\t\t\t\n\t\t\tCONTACTE-NOS\t\t<\/span>\n\t<\/a>\n<\/div>\n<\/div><\/div><\/div><\/div><\/div>","protected":false},"excerpt":{"rendered":"<p style=\"text-align: center;\"><strong>Circuito Privado com guia em Ingl\u00eas<br \/>\n<\/strong>(Tirana, Shkodra, Kruja, Durres, Berat, Ardenica, Apollonia, Vlora, Butrint, Saranda, Gjirokastra, Voskopoja, Korca, Pogradec e Elbasan)<\/p>\n","protected":false},"featured_media":3319,"template":"","meta":[],"product_brand":[],"product_cat":[15],"product_tag":[240,249,243,250,251,252,248,242,247],"class_list":{"0":"post-546","1":"product","2":"type-product","3":"status-publish","4":"has-post-thumbnail","6":"product_cat-europa","7":"product_tag-albania","8":"product_tag-apollonia","9":"product_tag-berat","10":"product_tag-butrint","11":"product_tag-gjirokastra","12":"product_tag-korca","13":"product_tag-kruja","14":"product_tag-saranda","15":"product_tag-tirana","17":"first","18":"instock","19":"shipping-taxable","20":"product-type-simple"},"_links":{"self":[{"href":"https:\/\/www.mundonovoviagens.pt\/index.php\/wp-json\/wp\/v2\/product\/546","targetHints":{"allow":["GET"]}}],"collection":[{"href":"https:\/\/www.mundonovoviagens.pt\/index.php\/wp-json\/wp\/v2\/product"}],"about":[{"href":"https:\/\/www.mundonovoviagens.pt\/index.php\/wp-json\/wp\/v2\/types\/product"}],"wp:featuredmedia":[{"embeddable":true,"href":"https:\/\/www.mundonovoviagens.pt\/index.php\/wp-json\/wp\/v2\/media\/3319"}],"wp:attachment":[{"href":"https:\/\/www.mundonovoviagens.pt\/index.php\/wp-json\/wp\/v2\/media?parent=546"}],"wp:term":[{"taxonomy":"product_brand","embeddable":true,"href":"https:\/\/www.mundonovoviagens.pt\/index.php\/wp-json\/wp\/v2\/product_brand?post=546"},{"taxonomy":"product_cat","embeddable":true,"href":"https:\/\/www.mundonovoviagens.pt\/index.php\/wp-json\/wp\/v2\/product_cat?post=546"},{"taxonomy":"product_tag","embeddable":true,"href":"https:\/\/www.mundonovoviagens.pt\/index.php\/wp-json\/wp\/v2\/product_tag?post=546"}],"curies":[{"name":"wp","href":"https:\/\/api.w.org\/{rel}","templated":true}]}}