{"id":552,"date":"2022-05-29T14:06:44","date_gmt":"2022-05-29T14:06:44","guid":{"rendered":"https:\/\/www.mundonovoviagens.pt\/?post_type=product&#038;p=552"},"modified":"2026-01-13T11:03:14","modified_gmt":"2026-01-13T10:03:14","slug":"105-maravilhas-da-islandia-9-dias","status":"publish","type":"product","link":"https:\/\/www.mundonovoviagens.pt\/index.php\/produto\/105-maravilhas-da-islandia-9-dias\/","title":{"rendered":"105 &#8211; Maravilhas da Isl\u00e2ndia \u2013 9 dias"},"content":{"rendered":"<div id=\"pl-552\"  class=\"panel-layout\" ><div id=\"pg-552-0\"  class=\"panel-grid panel-no-style\" ><div id=\"pgc-552-0-0\"  class=\"panel-grid-cell\" ><div id=\"panel-552-0-0-0\" class=\"so-panel widget widget_pt_tabs pt-widget-tabs panel-first-child\" data-index=\"0\" >\t\t\t<div class=\"pt-tabs\">\n\t\t\t\t\n\t\t\t\t\t\t\t\t\t<ul class=\"pt-tabs__navigation  nav  nav-tabs\" role=\"tablist\">\n\t\t\t\t\t\t\t\t\t\t\t\t\t<li class=\"nav-item\">\n\t\t\t\t\t\t\t\t<a class=\"nav-link  active\" data-toggle=\"tab\" href=\"#tab-itiner\u00c1rio\" role=\"tab\">ITINER\u00c1RIO<\/a>\n\t\t\t\t\t\t\t<\/li>\n\t\t\t\t\t\t\t\t\t\t\t\t\t<li class=\"nav-item\">\n\t\t\t\t\t\t\t\t<a class=\"nav-link\" data-toggle=\"tab\" href=\"#tab-pre\u00e7os-e-condi\u00e7\u00f5es\" role=\"tab\">Pre\u00e7os e Condi\u00e7\u00f5es<\/a>\n\t\t\t\t\t\t\t<\/li>\n\t\t\t\t\t\t\t\t\t\t\t\t\t<li class=\"nav-item\">\n\t\t\t\t\t\t\t\t<a class=\"nav-link\" data-toggle=\"tab\" href=\"#tab-informa\u00e7\u00f5es-destino\" role=\"tab\">Informa\u00e7\u00f5es Destino<\/a>\n\t\t\t\t\t\t\t<\/li>\n\t\t\t\t\t\t\t\t\t\t\t<\/ul>\n\n\t\t\t\t\t<div class=\"pt-tabs__content  tab-content\">\n\t\t\t\t\t\t\t\t\t\t\t<div class=\"tab-pane  fade  in  active\" id=\"tab-itiner\u00c1rio\" role=\"tabpanel\">\n\t\t\t\t\t\t\t<div id=\"pl-w69661862ced04\"  class=\"panel-layout\" ><div id=\"pg-w69661862ced04-0\"  class=\"panel-grid panel-no-style\" ><div id=\"pgc-w69661862ced04-0-0\"  class=\"panel-grid-cell\" ><div id=\"panel-w69661862ced04-0-0-0\" class=\"so-panel widget widget_sow-editor panel-first-child\" data-index=\"0\" ><div class=\"panel-widget-style panel-widget-style-for-w69661862ced04-0-0-0\" ><div\n\t\t\t\n\t\t\tclass=\"so-widget-sow-editor so-widget-sow-editor-base\"\n\t\t\t\n\t\t><h3 class=\"widget-title\">1\u00ba. Dia - LISBOA \/ REYKJAVIK<\/h3>\n<div class=\"siteorigin-widget-tinymce textwidget\">\n\t<p style=\"text-align: justify;\">Compar\u00eancia no aeroporto 120 minutos antes da hora prevista para a partida. Formalidades de embarque e partida para Keflavik, com mudan\u00e7a de avi\u00e3o em rota.\u00a0Chegada e transporte em autocarro regular \u201cAirport Direct\u201d para o centro de Reykjavik (paragem pr\u00f3xima do hotel).\u00a0Alojamento.<\/p>\n<\/div>\n<\/div><\/div><\/div><div id=\"panel-w69661862ced04-0-0-1\" class=\"so-panel widget widget_sow-editor\" data-index=\"1\" ><div class=\"panel-widget-style panel-widget-style-for-w69661862ced04-0-0-1\" ><div\n\t\t\t\n\t\t\tclass=\"so-widget-sow-editor so-widget-sow-editor-base\"\n\t\t\t\n\t\t><h3 class=\"widget-title\">2\u00ba. Dia - REYKJAVIK \/ CIRCULO DOURADO \/ COSTA SUL \/ VIK  (305 km)<\/h3>\n<div class=\"siteorigin-widget-tinymce textwidget\">\n\t<p style=\"text-align: justify;\">Pequeno-almo\u00e7o no hotel. Sa\u00edda o Parque Nacional Thingvellir, do Patrim\u00f3nio Mundial da Unesco e local onde o parlamento mais antigo do mundo se reuniu durante s\u00e9culos nas margens do Pingvallavatn, o maior lago da Isl\u00e2ndia.<\/p>\n<p style=\"text-align: justify;\">De seguida, visita da \u00e1rea geot\u00e9rmica de Geysir para ver as famosas fontes termais de Geysir e de Strokkur, assim como, v\u00e1rias outras fontes termais e piscinas de lama. Continua\u00e7\u00e3o para Gullfoss, conhecida como a \u201cCascata Dourada\u201d e visita a uma das mais impressionantes cascatas da Isl\u00e2ndia.<\/p>\n<p style=\"text-align: justify;\">Continuamos a viagem pela costa sul da ilha, uma das principais regi\u00f5es agr\u00edcolas do pa\u00eds, durante o percurso podermos ver quintas t\u00edpicas e cavalos islandesas nos campos. Visita \u00e0s famosas Cascatas Seljalandsfoss e Sk\u00f3gafoss (se as condi\u00e7\u00f5es do terreno o permitirem poderemos passear detr\u00e1s da Cascata Seljalandsfoss). Chegada a Vik, jantar e alojamento.<\/p>\n<\/div>\n<\/div><\/div><\/div><div id=\"panel-w69661862ced04-0-0-2\" class=\"so-panel widget widget_sow-editor\" data-index=\"2\" ><div class=\"panel-widget-style panel-widget-style-for-w69661862ced04-0-0-2\" ><div\n\t\t\t\n\t\t\tclass=\"so-widget-sow-editor so-widget-sow-editor-base\"\n\t\t\t\n\t\t><h3 class=\"widget-title\">3\u00ba. Dia - V\u00cdK \/ SKAFTAFELL \/ J\u00d6KULS\u00c1RL\u00d3N \/ H\u00d6FN (305 km)<\/h3>\n<div class=\"siteorigin-widget-tinymce textwidget\">\n\t<p style=\"text-align: justify;\">Pequeno-almo\u00e7o no hotel. Sa\u00edda em direc\u00e7\u00e3o a Hofn, atravessando a mais extensa regi\u00e3o de lava do mundo de Eldhraun e a ainda a regi\u00e3o des\u00e9rtica arenosa de Skeidararsandur. Continua\u00e7\u00e3o para a regi\u00e3o de Skaftafell, uma das mais belas regi\u00f5es da Isl\u00e2ndia integrada no Parque Nacional Vatnajokull. Vatnajokull, \u00e9 o maior glaciar da Isl\u00e2ndia e da Europa com cerca de 8.000 Km quadrados de \u00e1rea. Continua\u00e7\u00e3o para a lagoa glaciar de Jokuls\u00e1rl\u00f3n para um passeio de barco para ver os icebergues flutuantes da lagoa.<\/p>\n<p style=\"text-align: justify;\">Pr\u00f3ximo de Jokuls\u00e1rl\u00f3n, situa-se a praia de areia negra volc\u00e2nica, conhecida como a \u201cDiamond Beach\u201d, onde icebergs azuis, brancos e transparentes movimentam-se desde a lagoa glacial at\u00e9 \u00e0 praia, oferecendo uma paisagem maravilhosa. Continua\u00e7\u00e3o para H\u00f6fn, chegada, jantar e alojamento.<\/p>\n<\/div>\n<\/div><\/div><\/div><div id=\"panel-w69661862ced04-0-0-3\" class=\"so-panel widget widget_sow-editor\" data-index=\"3\" ><div class=\"panel-widget-style panel-widget-style-for-w69661862ced04-0-0-3\" ><div\n\t\t\t\n\t\t\tclass=\"so-widget-sow-editor so-widget-sow-editor-base\"\n\t\t\t\n\t\t><h3 class=\"widget-title\">4\u00ba. Dia - H\u00d6FN \/ DETTIFOSS \/ M\u00ddVATN (415 km)<\/h3>\n<div class=\"siteorigin-widget-tinymce textwidget\">\n\t<p style=\"text-align: justify;\">Pequeno-almo\u00e7o no hotel. Sa\u00edda em direc\u00e7\u00e3o ao fiorde Berufjordur, atrav\u00e9s dos fiordes orientais. Atravessaremos a montanha Oxi at\u00e9 chegarmos a Egilsstadir. Continua\u00e7\u00e3o para a regi\u00e3o do lago M\u00fdvatn com passagem pela zona des\u00e9rtica de J\u00f6kulsalsheidi. Visita \u00e0 cascata de Dettifoss e \u00e0 cratera de Sk\u00fatustadir. Chegada, jantar e alojamento.<\/p>\n<\/div>\n<\/div><\/div><\/div><div id=\"panel-w69661862ced04-0-0-4\" class=\"so-panel widget widget_sow-editor\" data-index=\"4\" ><div class=\"panel-widget-style panel-widget-style-for-w69661862ced04-0-0-4\" ><div\n\t\t\t\n\t\t\tclass=\"so-widget-sow-editor so-widget-sow-editor-base\"\n\t\t\t\n\t\t><h3 class=\"widget-title\">5\u00ba. Dia - M\u00ddVATN \/ GO\u00d0AFOSS \/ AKUREYRI (115 km)<\/h3>\n<div class=\"siteorigin-widget-tinymce textwidget\">\n\t<p style=\"text-align: justify;\">Pequeno-almo\u00e7o no hotel. Sa\u00edda para explorar as maravilhas da natureza que nos oferece a regi\u00e3o do Lago M\u00fdvatn com as extraordin\u00e1rias forma\u00e7\u00f5es de lava de Dimmuborgir e a zona geot\u00e9rmica de Hverar\u00f6nd. A fauna e a flora tamb\u00e9m fazem parte da riqueza natural de M\u00fdvatn. Visita \u00e0 magn\u00edfica cascata de Godafoss, tamb\u00e9m conhecida como a \u201cCascata dos Deuses\u201d. Continua\u00e7\u00e3o para Akureyri, considerada a capital do norte e uma das mais bonitas cidades da Isl\u00e2ndia. Chegada e alojamento. Noite livre.<\/p>\n<\/div>\n<\/div><\/div><\/div><div id=\"panel-w69661862ced04-0-0-5\" class=\"so-panel widget widget_sow-editor\" data-index=\"5\" ><div class=\"panel-widget-style panel-widget-style-for-w69661862ced04-0-0-5\" ><div\n\t\t\t\n\t\t\tclass=\"so-widget-sow-editor so-widget-sow-editor-base\"\n\t\t\t\n\t\t><h3 class=\"widget-title\">6\u00ba. Dia - AKUREYRI \/ BORGARFJ\u00d6R\u00d0UR (395 km)<\/h3>\n<div class=\"siteorigin-widget-tinymce textwidget\">\n\t<p style=\"text-align: justify;\">Pequeno-almo\u00e7o no hotel. Sa\u00edda para a regi\u00e3o pitoresca de Borgarfj\u00f6rdur com passagem pelo distrito de Skagafj\u00f6rdur e pelo planalto de Holtav\u00f6rdurheidi. Visita da bonita cascata de Hraunfossar e da fonte termal mais potente da Europa: Deildartunguhver. Jantar e\u00a0 alojamento.<\/p>\n<\/div>\n<\/div><\/div><\/div><div id=\"panel-w69661862ced04-0-0-6\" class=\"so-panel widget widget_sow-editor\" data-index=\"6\" ><div class=\"panel-widget-style panel-widget-style-for-w69661862ced04-0-0-6\" ><div\n\t\t\t\n\t\t\tclass=\"so-widget-sow-editor so-widget-sow-editor-base\"\n\t\t\t\n\t\t><h3 class=\"widget-title\">7\u00ba. Dia - BORGARFJ\u00d6R\u00d0UR \/ LA PEN\u00cdNSULA DE SNAEFELLSNES \/ REYKJAVIK (385 km)<\/h3>\n<div class=\"siteorigin-widget-tinymce textwidget\">\n\t<p style=\"text-align: justify;\">Pequeno-almo\u00e7o no hotel. Sa\u00edda em dire\u00e7\u00e3o \u00e0 Pen\u00ednsula de Sn\u00e6fellsnes, uma regi\u00e3o \u00fanica com uma grande variedade de atra\u00e7\u00f5es geol\u00f3gicas como campos de lava, vulc\u00f5es, glaciares, belas forma\u00e7\u00f5es de lava, praias de areia negra e grutas de lava. Conhecida como a \"ess\u00eancia da Isl\u00e2ndia\", esta \u00e1rea concentra toda a diversidade de paisagens naturais da Isl\u00e2ndia no tranquilo e remoto Parque Natural de Sn\u00e6fellsj\u00f6kull. Durante o percurso, ser\u00e1 poss\u00edvel admirar uma vista deslumbrante do glaciar Sn\u00e6fellsj\u00f6kull, que inspirou J\u00falio Verne a escrever a sua famosa obra \"Viagem ao Centro da Terra\". Regresso a Reykjav\u00edk.\u00a0 Alojamento.<\/p>\n<\/div>\n<\/div><\/div><\/div><div id=\"panel-w69661862ced04-0-0-7\" class=\"so-panel widget widget_sow-editor\" data-index=\"7\" ><div class=\"panel-widget-style panel-widget-style-for-w69661862ced04-0-0-7\" ><div\n\t\t\t\n\t\t\tclass=\"so-widget-sow-editor so-widget-sow-editor-base\"\n\t\t\t\n\t\t><h3 class=\"widget-title\">8\u00ba. Dia - REYKJAVIK <\/h3>\n<div class=\"siteorigin-widget-tinymce textwidget\">\n\t<p style=\"text-align: justify;\">Pequeno-almo\u00e7o no hotel. Dia livre.<\/p>\n<p>&nbsp;<\/p>\n<p>Sugerimos uma das seguintes visitas opcionais:<\/p>\n<p style=\"text-align: justify;\">- <strong><span style=\"color: #20b2aa;\">Avistamento de baleias em Reykjavik<\/span><\/strong> \u2013 cruzeiro de 3 horas para avistamento de baleias e golfinhos (inclui visita com guia em ingl\u00eas e transfer de\/para o hotel) \u2013 pre\u00e7o por pessoa:\u00a0 135,00 \u20ac.<\/p>\n<p style=\"text-align: justify;\">- <span style=\"color: #20b2aa;\"><strong>\u00c1guas termais de Blue Lagoon<\/strong> <\/span>\u2013 2h50 (inclui de\/para o hotel, transfers, entrada, toalha e ritual de 7 passos; n\u00e3o inclui fato de banho) \u2013 pre\u00e7o por pessoa: desde 167,00 \u20ac ( valor depende do hor\u00e1rio de entrada).<\/p>\n<\/div>\n<\/div><\/div><\/div><div id=\"panel-w69661862ced04-0-0-8\" class=\"so-panel widget widget_sow-editor panel-last-child\" data-index=\"8\" ><div class=\"panel-widget-style panel-widget-style-for-w69661862ced04-0-0-8\" ><div\n\t\t\t\n\t\t\tclass=\"so-widget-sow-editor so-widget-sow-editor-base\"\n\t\t\t\n\t\t><h3 class=\"widget-title\">9\u00ba. Dia - REYKJAVIK \/ LISBOA<\/h3>\n<div class=\"siteorigin-widget-tinymce textwidget\">\n\t<p style=\"text-align: justify;\">Pequeno-almo\u00e7o no Hotel. Transporte regular para o aeroporto; formalidades de embarque e partida para Portugal com mudan\u00e7a de avi\u00e3o em rota. Chegada a Lisboa e fim dos nossos servi\u00e7os.<\/p>\n<\/div>\n<\/div><\/div><\/div><\/div><\/div><\/div>\t\t\t\t\t\t<\/div>\n\t\t\t\t\t\t\t\t\t\t\t<div class=\"tab-pane  fade\" id=\"tab-pre\u00e7os-e-condi\u00e7\u00f5es\" role=\"tabpanel\">\n\t\t\t\t\t\t\t<div id=\"pl-w69661862ced08\"  class=\"panel-layout\" ><div id=\"pg-w69661862ced08-0\"  class=\"panel-grid panel-no-style\" ><div id=\"pgc-w69661862ced08-0-0\"  class=\"panel-grid-cell\" ><div id=\"panel-w69661862ced08-0-0-0\" class=\"so-panel widget widget_sow-editor panel-first-child panel-last-child\" data-index=\"0\" ><div class=\"panel-widget-style panel-widget-style-for-w69661862ced08-0-0-0\" ><div\n\t\t\t\n\t\t\tclass=\"so-widget-sow-editor so-widget-sow-editor-base\"\n\t\t\t\n\t\t>\n<div class=\"siteorigin-widget-tinymce textwidget\">\n\t<p><strong>DATAS de PARTIDA 2026:<\/strong><\/p>\n<p><strong>JUNHO:\u00a0<\/strong> 27<br \/>\n<strong>JULHO:<\/strong>\u00a0 04 e 18<br \/>\n<strong>AGOSTO:<\/strong>\u00a0 <span style=\"color: #0000ff;\"><strong>08*<\/strong><\/span>, 15, 22 e 29<\/p>\n<p>&nbsp;<\/p>\n<p><strong><span style=\"color: #0000ff;\">*Nota<\/span>: <\/strong>Per\u00edodo do Eclipse Solar<\/p>\n<p>&nbsp;<\/p>\n<p><span style=\"color: #20b2aa;\"><strong>Grupos com m\u00e1ximo de 29 participantes<\/strong><\/span><\/p>\n<p>&nbsp;<\/p>\n<p><strong>Pre\u00e7o por pessoa segundo ocupa\u00e7\u00e3o do quarto (m\u00ednimo 3 participantes):<\/strong><\/p>\n<p>&nbsp;<\/p>\n<p><strong>HOT\u00c9IS PREVISTOS ou SIMILARES nas zonas de:<\/strong><\/p>\n<p>&nbsp;<\/p>\n<p><strong>REYKJAVI<\/strong>K \u2013 <a href=\"https:\/\/www.icelandhotelcollectionbyberjaya.com\/en\/hotels\/reykjavik\/reykjavik-natura\/key-information\" target=\"_blank\" rel=\"noopener\">Berjaya Iceland Reykjavik Natura<\/a><\/p>\n<p><strong>V\u00cdK <\/strong>\u2013 <a href=\"https:\/\/www.keahotels.is\/hotel-katla\" target=\"_blank\" rel=\"noopener\">KEA Hotel Katla<\/a><\/p>\n<p><strong>H\u00d6FN <\/strong>\u2013 <a href=\"http:\/\/hotelhofn.is\/\" target=\"_blank\" rel=\"noopener\">Hotel H\u00f6fn<\/a><\/p>\n<p><strong>M\u00ddVATN<\/strong> \u2013 <a href=\"https:\/\/hotellaxa.is\/\" target=\"_blank\" rel=\"noopener\">Hotel Lax\u00e1<\/a><\/p>\n<p><strong>AKUREYRI <\/strong>\u2013 <a href=\"https:\/\/www.keahotels.is\/hotel-kea\" target=\"_blank\" rel=\"noopener\">Kea Hotel Akureyri<\/a><\/p>\n<p><strong>VESTURLAND<\/strong> -\u00a0 <a href=\"https:\/\/www.hotelvesturland.is\/\" target=\"_blank\" rel=\"noopener\">Vesturland Hotel<\/a><\/p>\n<p>&nbsp;<\/p>\n<table>\n<tbody>\n<tr>\n<td>\n<p style=\"text-align: center;\"><strong>PER\u00cdODO<\/strong><\/p>\n<\/td>\n<td style=\"text-align: center;\"><strong>DUPLO<\/strong><\/td>\n<td>\n<p style=\"text-align: center;\"><strong>SINGLE<\/strong><\/p>\n<\/td>\n<\/tr>\n<tr>\n<td>\n<p style=\"text-align: center;\"><strong>27\/06\/26<\/strong><\/p>\n<p style=\"text-align: center;\"><strong>04\/07\/26 e 18\/07\/26<\/strong><\/p>\n<p style=\"text-align: center;\"><strong>15\/08\/26 a 29\/08\/26<\/strong><\/p>\n<\/td>\n<td style=\"text-align: center;\">4.130,00 \u20ac<\/td>\n<td>\n<p style=\"text-align: center;\">5.430,00 \u20ac<\/p>\n<\/td>\n<\/tr>\n<tr>\n<td>\n<p style=\"text-align: center;\"><strong>08\/08\/26*<\/strong><\/p>\n<\/td>\n<td style=\"text-align: center;\">4.565,00 \u20ac<\/td>\n<td>\n<p style=\"text-align: center;\">6.325,00 \u20ac<\/p>\n<\/td>\n<\/tr>\n<\/tbody>\n<\/table>\n<p>&nbsp;<\/p>\n<p style=\"text-align: justify;\"><strong>Nota:<\/strong> Este programa foi calculado com base na companhia a\u00e9rea Lufthansa em cabine econ\u00f3mica, tarifa em classe T. Caso n\u00e3o haja disponibilidade de lugares nessa tarifa, ser\u00e1 proposto em alternativa o escal\u00e3o tarif\u00e1rio seguinte dispon\u00edvel, ou outra companhia a\u00e9rea, mediante um suplemento a informar.<\/p>\n<p>&nbsp;<\/p>\n<p><strong>Suplemento de tarifa a\u00e9rea voos\u00a0<\/strong><strong>Lufthansa (Lisboa):<\/strong><\/p>\n<p>&nbsp;<\/p>\n<table>\n<tbody>\n<tr>\n<td>\n<p style=\"text-align: center;\"><strong>Per\u00edodo:<\/strong><\/p>\n<\/td>\n<td style=\"text-align: center;\"><strong>classe T<\/strong><\/td>\n<td style=\"text-align: center;\"><strong>classe S<\/strong><\/td>\n<td style=\"text-align: center;\"><strong>classe W<\/strong><\/td>\n<td>\n<p style=\"text-align: center;\"><strong>classe V<\/strong><\/p>\n<\/td>\n<\/tr>\n<tr>\n<td>\n<p style=\"text-align: center;\"><strong>27\/06\/26 a 29\/08\/26<\/strong><\/p>\n<\/td>\n<td style=\"text-align: center;\">Sem supl.<\/td>\n<td style=\"text-align: center;\">58,00 \u20ac<\/td>\n<td style=\"text-align: center;\">126,00 \u20ac<\/td>\n<td>\n<p style=\"text-align: center;\">208,00 \u20ac<\/p>\n<\/td>\n<\/tr>\n<\/tbody>\n<\/table>\n<p>&nbsp;<\/p>\n<p><strong>O pre\u00e7o inclui:<\/strong><strong><br \/>\n<\/strong>- Passagem a\u00e9rea em voos regulares, em classe econ\u00f3mica, para o percurso indicado incluindo o transporte de bagagem de por\u00e3o.<\/p>\n<p>- Taxas de aeroporto, seguran\u00e7a e combust\u00edvel no valor de 200,00 \u20ac (sujeito a altera\u00e7\u00e3o, a reconfirmar na data da emiss\u00e3o dos bilhetes);<\/p>\n<p>- Transporte aeroporto \/ Reykjavik \/aeroporto em servi\u00e7os regular e sem guia (conjunto com outros participantes);<\/p>\n<p>- Alojamento nos hot\u00e9is previstos ou similares em quarto standard com pequeno-almo\u00e7o;<\/p>\n<p>- Refei\u00e7\u00f5es de acordo com o indicado no itiner\u00e1rio (4 jantares);<\/p>\n<p>- Circuito em servi\u00e7o regular (em conjunto com outros participantes), acompanhado de guia local de l\u00edngua espanhola (2\u00ba ao 7\u00ba dia);<\/p>\n<p>- Transporte em autocarro, minibus ou van\u00a0(de acordo com o n\u00famero de participantes);<\/p>\n<p>- Visitas de acordo com o indicado no itiner\u00e1rio incluindo um passeio de barco na Lagoa Glaciar de J\u00f6kulsarlon;<\/p>\n<p>- Taxas de servi\u00e7o e IVA;<\/p>\n<p>- Seguro de viagem.<\/p>\n<p>&nbsp;<\/p>\n<p><strong>O pre\u00e7o n\u00e3o inclui:<\/strong><\/p>\n<p>- Bebidas \u00e0s refei\u00e7\u00f5es;<\/p>\n<p>- Servi\u00e7o de bagageiros;<\/p>\n<p>- Gratifica\u00e7\u00f5es;<\/p>\n<p>- Extras e actividades de car\u00e1cter pessoal;<\/p>\n<p>- Todos os servi\u00e7os n\u00e3o indicados como inclu\u00eddos.<\/p>\n<p>&nbsp;<\/p>\n<p><strong>Seguro de viagem:<\/strong><strong><br \/>\n<\/strong>- Todas as viagens organizadas pela MundoNovo Viagens est\u00e3o cobertas por um seguro de viagem \u00a0(<a href=\"https:\/\/www.mundonovoviagens.pt\/wp-content\/uploads\/2025\/02\/MundoNovo-Multiviagens-Plus-1.pdf?x11537&amp;x48172&amp;x23938&amp;x23938\" target=\"_blank\" rel=\"noopener\">Multiviagens Plus 1<\/a>);<br \/>\n- Adicionalmente propomos o seguro <a href=\"https:\/\/www.mundonovoviagens.pt\/wp-content\/uploads\/2025\/02\/MundoNovo-Multiviagens-Premium.pdf?x78457&amp;x70114&amp;x48172&amp;x23938&amp;x23938\" target=\"_blank\" rel=\"noopener\">Multiviagens Premium<\/a>\u00a0 (valor das coberturas superior), mediante um suplemento de 30\u20ac por pessoa;<br \/>\n- As condi\u00e7\u00f5es gerais de cada seguro poder\u00e3o ser consultadas na p\u00e1gina inicial do nosso site.<\/p>\n<p>&nbsp;<\/p>\n<p><strong>Condi\u00e7\u00f5es gerais de reserva e cancelamento:<\/strong><strong><br \/>\n<\/strong>Consultar a ficha de informa\u00e7\u00e3o normalizada (<a href=\"https:\/\/www.mundonovoviagens.pt\/index.php\/ficha-de-informacao-normalizada\/\" target=\"_blank\" rel=\"noopener\">FIN<\/a>) e\u00a0<a href=\"https:\/\/www.mundonovoviagens.pt\/index.php\/condicoes-gerais\/\" target=\"_blank\" rel=\"noopener\">condi\u00e7\u00f5es gerais<\/a>\u00a0indicadas no site.<\/p>\n<\/div>\n<\/div><\/div><\/div><\/div><\/div><\/div>\t\t\t\t\t\t<\/div>\n\t\t\t\t\t\t\t\t\t\t\t<div class=\"tab-pane  fade\" id=\"tab-informa\u00e7\u00f5es-destino\" role=\"tabpanel\">\n\t\t\t\t\t\t\t<div id=\"pl-w69661862ced0a\"  class=\"panel-layout\" ><div id=\"pg-w69661862ced0a-0\"  class=\"panel-grid panel-no-style\" ><div id=\"pgc-w69661862ced0a-0-0\"  class=\"panel-grid-cell\" ><div id=\"panel-w69661862ced0a-0-0-0\" class=\"so-panel widget widget_sow-editor panel-first-child panel-last-child\" data-index=\"0\" ><div class=\"panel-widget-style panel-widget-style-for-w69661862ced0a-0-0-0\" ><div\n\t\t\t\n\t\t\tclass=\"so-widget-sow-editor so-widget-sow-editor-base\"\n\t\t\t\n\t\t>\n<div class=\"siteorigin-widget-tinymce textwidget\">\n\t<p><strong>1 - Requisitos de entrada<br \/>\n<\/strong>Cidad\u00e3os portugueses necessitam de cart\u00e3o de cidad\u00e3o ou passaporte v\u00e1lidos.<\/p>\n<p>&nbsp;<\/p>\n<p><strong>2 - Vacinas\/ Sa\u00fade<br \/>\n<\/strong>Vacina obrigat\u00f3ria: nenhuma<br \/>\nO Cart\u00e3o Europeu de Seguro de Doen\u00e7a, \u00e9 aceite, em situa\u00e7\u00f5es de emerg\u00eancia, na rede de hospitais p\u00fablicos da Isl\u00e2ndia.<\/p>\n<p>&nbsp;<\/p>\n<p style=\"text-align: justify;\"><strong>3 - Clima<br \/>\n<\/strong>O clima da Isl\u00e2ndia \u00e9 classificado como oce\u00e2nico subpolar. Os meses de Ver\u00e3o s\u00e3o frescos e curtos, e os meses de Inverno s\u00e3o considerados suaves, com temperaturas a rondar os 0\u00baC, no sul do pa\u00eds.<br \/>\nAs temperaturas no pa\u00eds s\u00e3o amenas comparadas com outras regi\u00f5es na mesma latitude devido \u00e0 corrente mar\u00edtima do Golfo, cujo fluxo de \u00e1gua quente faz com que os invernos sejam menos rigorosos.<br \/>\nNo ver\u00e3o os dias s\u00e3o longos, sendo que no final de junho escurece (nunca \u00e9 totalmente noite) \u00e0 meia-noite e amanhece \u00e0s 3 da manh\u00e3. No inverno as noites s\u00e3o longas, invertendo-se as horas com luz solar. O clima no sul \u00e9 mais\u00a0quente do que no norte do pa\u00eds, porem h\u00famido e ventoso. O centro da ilha tem temperaturas mais baixas devido \u00e0 sua elevada altitude e por isso \u00e9 inabitado.<br \/>\nAs observa\u00e7\u00f5es indicam que, em m\u00e9dia existem duas vezes mais probabilidade de ver as auroras boreais nos equin\u00f3cios que nos solst\u00edcios, portanto, geralmente os meses de mar\u00e7o\/abril e setembro\/outubro costumam ser a alturas ideais. No entanto, as auroras s\u00e3o facilmente vis\u00edveis na Isl\u00e2ndia do final de agosto at\u00e9 ao final de abril.<\/p>\n<p>&nbsp;<\/p>\n<p><strong>4 - Idioma<br \/>\n<\/strong>A l\u00edngua oficial \u00e9 o island\u00eas.<\/p>\n<p>&nbsp;<\/p>\n<p><strong>\u00a05 <\/strong><strong>- Moeda<br \/>\n<\/strong>A moeda \u00e9 a coroa islandesa. Os cart\u00f5es de cr\u00e9dito s\u00e3o aceites na maioria dos hot\u00e9is, restaurantes e lojas. A rede ATM tem uma boa cobertura no territ\u00f3rio.<\/p>\n<p>&nbsp;<\/p>\n<p><strong>\u00a06 <\/strong><strong>- Diferen\u00e7a hor\u00e1ria<br \/>\n<\/strong>GMT\/UTC +0<\/p>\n<p>&nbsp;<\/p>\n<p><strong>\u00a07 <\/strong><strong>- Electricidade<br \/>\n<\/strong>230 V \/ 50 Hz (tomadas tipo C e F)<\/p>\n<p>&nbsp;<\/p>\n<p><strong>8 - Representa\u00e7\u00e3o Diplom\u00e1tica \/ Consular<br \/>\n<\/strong>N\u00e3o existe representa\u00e7\u00e3o diplom\u00e1tica portuguesa na Isl\u00e2ndia, recaindo os assuntos relativos a este pa\u00eds no \u00e2mbito da compet\u00eancia da Embaixada de Portugal em Oslo, Noruega.<br \/>\nMais informa\u00e7\u00f5es: <a href=\"https:\/\/portaldascomunidades.mne.gov.pt\/pt\/\" target=\"_blank\" rel=\"noopener\">www.portaldascomunidades.mne.pt\/<\/a><\/p>\n<p>&nbsp;<\/p>\n<p><strong>9 - Site oficial do<\/strong> t<strong>urismo:<\/strong> <a href=\"https:\/\/www.visiticeland.com\/\" target=\"_blank\" rel=\"noopener\">www.visiticeland.com\/<\/a><\/p>\n<\/div>\n<\/div><\/div><\/div><\/div><\/div><\/div>\t\t\t\t\t\t<\/div>\n\t\t\t\t\t\t\t\t\t\t<\/div>\n\t\t\t\t\t\t\t<\/div>\n\n\t\t\t<\/div><div id=\"panel-552-0-0-1\" class=\"so-panel widget widget_sow-button panel-last-child\" data-index=\"1\" ><div\n\t\t\t\n\t\t\tclass=\"so-widget-sow-button so-widget-sow-button-flat-95cda3216a70-552\"\n\t\t\t\n\t\t><div class=\"ow-button-base ow-button-align-center\">\n\t<a\n\thref=\"https:\/\/www.mundonovoviagens.pt\/index.php\/contactos\/?wpf62_6=Assunto:%20105%20-%20Maravilhas%20da%20Islandia%20\u2013%209%20dias\"\n\t\tclass=\"ow-icon-placement-left ow-button-hover\" \t>\n\t\t<span>\n\t\t\t\n\t\t\tCONTACTE-NOS\t\t<\/span>\n\t<\/a>\n<\/div>\n<\/div><\/div><\/div><\/div><\/div>","protected":false},"excerpt":{"rendered":"<p style=\"text-align: center;\"><strong>Circuito Regular com guia em Espanhol<br \/>\n<\/strong>(Parque Nacional Thingvellir, Geysir, V\u00edk, Skaftaffel, J\u00f6kuls\u00e1rl\u00f3n, H\u00f6fn, Dettifoss, M\u00fdvatn, Godafoss,<br \/>\nAkureyri, Borgarfj\u00f6rdur, Gullfoss, Pen\u00ednsula Snaefellnes e Reykjavik )<\/p>\n<p style=\"text-align: center;\"><strong>\u00a0<\/strong><\/p>\n","protected":false},"featured_media":2357,"template":"","meta":[],"product_brand":[],"product_cat":[15],"product_tag":[716,694,775,715,692,778,690,713,794,693,774,691,777],"class_list":{"0":"post-552","1":"product","2":"type-product","3":"status-publish","4":"has-post-thumbnail","6":"product_cat-europa","7":"product_tag-akureyri","8":"product_tag-dettifoss","9":"product_tag-geysir","10":"product_tag-godafoss","11":"product_tag-gullfoss","12":"product_tag-hofn","13":"product_tag-islandia","14":"product_tag-jokulsarlon","15":"product_tag-lagoa-azul","16":"product_tag-myvatn","17":"product_tag-reykjavik","18":"product_tag-thingvellir","19":"product_tag-vik","21":"first","22":"instock","23":"shipping-taxable","24":"product-type-simple"},"_links":{"self":[{"href":"https:\/\/www.mundonovoviagens.pt\/index.php\/wp-json\/wp\/v2\/product\/552","targetHints":{"allow":["GET"]}}],"collection":[{"href":"https:\/\/www.mundonovoviagens.pt\/index.php\/wp-json\/wp\/v2\/product"}],"about":[{"href":"https:\/\/www.mundonovoviagens.pt\/index.php\/wp-json\/wp\/v2\/types\/product"}],"wp:featuredmedia":[{"embeddable":true,"href":"https:\/\/www.mundonovoviagens.pt\/index.php\/wp-json\/wp\/v2\/media\/2357"}],"wp:attachment":[{"href":"https:\/\/www.mundonovoviagens.pt\/index.php\/wp-json\/wp\/v2\/media?parent=552"}],"wp:term":[{"taxonomy":"product_brand","embeddable":true,"href":"https:\/\/www.mundonovoviagens.pt\/index.php\/wp-json\/wp\/v2\/product_brand?post=552"},{"taxonomy":"product_cat","embeddable":true,"href":"https:\/\/www.mundonovoviagens.pt\/index.php\/wp-json\/wp\/v2\/product_cat?post=552"},{"taxonomy":"product_tag","embeddable":true,"href":"https:\/\/www.mundonovoviagens.pt\/index.php\/wp-json\/wp\/v2\/product_tag?post=552"}],"curies":[{"name":"wp","href":"https:\/\/api.w.org\/{rel}","templated":true}]}}