{"id":572,"date":"2022-05-29T18:20:16","date_gmt":"2022-05-29T18:20:16","guid":{"rendered":"https:\/\/www.mundonovoviagens.pt\/?post_type=product&#038;p=572"},"modified":"2026-02-19T11:08:42","modified_gmt":"2026-02-19T10:08:42","slug":"007-floresta-negra-alsacia-e-alemanha-romantica-10-dias","status":"publish","type":"product","link":"https:\/\/www.mundonovoviagens.pt\/index.php\/produto\/007-floresta-negra-alsacia-e-alemanha-romantica-10-dias\/","title":{"rendered":"007 &#8211; Floresta Negra, Als\u00e1cia e Alemanha Rom\u00e2ntica &#8211; 10 dias"},"content":{"rendered":"<div id=\"pl-572\"  class=\"panel-layout\" ><div id=\"pg-572-0\"  class=\"panel-grid panel-no-style\" ><div id=\"pgc-572-0-0\"  class=\"panel-grid-cell\" ><div id=\"panel-572-0-0-0\" class=\"so-panel widget widget_pt_tabs pt-widget-tabs panel-first-child\" data-index=\"0\" >\t\t\t<div class=\"pt-tabs\">\n\t\t\t\t\n\t\t\t\t\t\t\t\t\t<ul class=\"pt-tabs__navigation  nav  nav-tabs\" role=\"tablist\">\n\t\t\t\t\t\t\t\t\t\t\t\t\t<li class=\"nav-item\">\n\t\t\t\t\t\t\t\t<a class=\"nav-link  active\" data-toggle=\"tab\" href=\"#tab-itiner\u00c1rio\" role=\"tab\">ITINER\u00c1RIO<\/a>\n\t\t\t\t\t\t\t<\/li>\n\t\t\t\t\t\t\t\t\t\t\t\t\t<li class=\"nav-item\">\n\t\t\t\t\t\t\t\t<a class=\"nav-link\" data-toggle=\"tab\" href=\"#tab-pre\u00e7os-e-condi\u00e7\u00f5es\" role=\"tab\">Pre\u00e7os e Condi\u00e7\u00f5es<\/a>\n\t\t\t\t\t\t\t<\/li>\n\t\t\t\t\t\t\t\t\t\t\t\t\t<li class=\"nav-item\">\n\t\t\t\t\t\t\t\t<a class=\"nav-link\" data-toggle=\"tab\" href=\"#tab-informa\u00e7\u00f5es-destino\" role=\"tab\">Informa\u00e7\u00f5es Destino<\/a>\n\t\t\t\t\t\t\t<\/li>\n\t\t\t\t\t\t\t\t\t\t\t<\/ul>\n\n\t\t\t\t\t<div class=\"pt-tabs__content  tab-content\">\n\t\t\t\t\t\t\t\t\t\t\t<div class=\"tab-pane  fade  in  active\" id=\"tab-itiner\u00c1rio\" role=\"tabpanel\">\n\t\t\t\t\t\t\t<div id=\"pl-w6996e12a0575d\"  class=\"panel-layout\" ><div id=\"pg-w6996e12a0575d-0\"  class=\"panel-grid panel-no-style\" ><div id=\"pgc-w6996e12a0575d-0-0\"  class=\"panel-grid-cell\" ><div id=\"panel-w6996e12a0575d-0-0-0\" class=\"so-panel widget widget_sow-editor panel-first-child\" data-index=\"0\" ><div class=\"panel-widget-style panel-widget-style-for-w6996e12a0575d-0-0-0\" ><div\n\t\t\t\n\t\t\tclass=\"so-widget-sow-editor so-widget-sow-editor-base\"\n\t\t\t\n\t\t><h3 class=\"widget-title\">1\u00ba. Dia - PORTUGAL \/ FRANKFURT<\/h3>\n<div class=\"siteorigin-widget-tinymce textwidget\">\n\t<p style=\"text-align: justify;\">Compar\u00eancia no aeroporto 120 minutos antes da hora prevista para a partida. Formalidades de embarque e partida com destino a Frankfurt. Chegada, assist\u00eancia e transporte para o hotel. Alojamento.<\/p>\n<\/div>\n<\/div><\/div><\/div><div id=\"panel-w6996e12a0575d-0-0-1\" class=\"so-panel widget widget_sow-editor\" data-index=\"1\" ><div class=\"panel-widget-style panel-widget-style-for-w6996e12a0575d-0-0-1\" ><div\n\t\t\t\n\t\t\tclass=\"so-widget-sow-editor so-widget-sow-editor-base\"\n\t\t\t\n\t\t><h3 class=\"widget-title\">2\u00ba. Dia - FRANKFURT \/ HEIDELBERG \/ ESTRASBURGO <\/h3>\n<div class=\"siteorigin-widget-tinymce textwidget\">\n\t<p style=\"text-align: justify;\">Pequeno-almo\u00e7o no hotel. De manh\u00e3, sa\u00edda para Heidelberg, a cidade universit\u00e1ria mais antiga da Alemanha e uma das mais visitadas do pa\u00eds. Chegada e visita do seu famoso castelo. Continua\u00e7\u00e3o para Estrasburgo, a capital da Als\u00e1cia e visita da cidade. Alojamento.<\/p>\n<\/div>\n<\/div><\/div><\/div><div id=\"panel-w6996e12a0575d-0-0-2\" class=\"so-panel widget widget_sow-editor\" data-index=\"2\" ><div class=\"panel-widget-style panel-widget-style-for-w6996e12a0575d-0-0-2\" ><div\n\t\t\t\n\t\t\tclass=\"so-widget-sow-editor so-widget-sow-editor-base\"\n\t\t\t\n\t\t><h3 class=\"widget-title\">3\u00ba. Dia - ESTRASBURGO \/ COLMAR \/ FRIBURGO <\/h3>\n<div class=\"siteorigin-widget-tinymce textwidget\">\n\t<p style=\"text-align: justify;\">Pequeno-almo\u00e7o no hotel. Partida para Colmar, a t\u00edpica cidade da Als\u00e1cia conhecida pelos seus vinhos e patrim\u00f3nio arquitet\u00f3nico que refletem a longa hist\u00f3ria da regi\u00e3o e as suas diferentes influ\u00eancias. Chegada a Friburgo e alojamento.<\/p>\n<\/div>\n<\/div><\/div><\/div><div id=\"panel-w6996e12a0575d-0-0-3\" class=\"so-panel widget widget_sow-editor\" data-index=\"3\" ><div class=\"panel-widget-style panel-widget-style-for-w6996e12a0575d-0-0-3\" ><div\n\t\t\t\n\t\t\tclass=\"so-widget-sow-editor so-widget-sow-editor-base\"\n\t\t\t\n\t\t><h3 class=\"widget-title\">4\u00ba. Dia \u2013 FRIBURGO (FLORESTA NEGRA) \/ VOGSTSBAUERNHOF \/ CASCATAS DE TRIBERG \/ FRIBURGO <\/h3>\n<div class=\"siteorigin-widget-tinymce textwidget\">\n\t<p style=\"text-align: justify;\">Pequeno-almo\u00e7o no hotel. Partida para visita ao fascinante museu a c\u00e9u aberto \u201cVogtsbauernhof \u201c, onde permanece viva a hist\u00f3ria e a cultura da Floresta Negra. Passagem por Triberg para conhecer as cascatas mais altas da Alemanha. Regresso a Friburgo. Alojamento.<\/p>\n<\/div>\n<\/div><\/div><\/div><div id=\"panel-w6996e12a0575d-0-0-4\" class=\"so-panel widget widget_sow-editor\" data-index=\"4\" ><div class=\"panel-widget-style panel-widget-style-for-w6996e12a0575d-0-0-4\" ><div\n\t\t\t\n\t\t\tclass=\"so-widget-sow-editor so-widget-sow-editor-base\"\n\t\t\t\n\t\t><h3 class=\"widget-title\"> 5\u00ba. Dia \u2013 FRIBURGO\/ LINDAU \/ KEMPTEN<\/h3>\n<div class=\"siteorigin-widget-tinymce textwidget\">\n\t<p style=\"text-align: justify;\">Pequeno-almo\u00e7o no hotel. De manh\u00e3 visita a uma pequena quinta tradicional, incluindo uma deliciosa degusta\u00e7\u00e3o de queijos e tempo livre para ficar a conhecer um pouco mais sobre a vida na Floresta Negra. Continua\u00e7\u00e3o da viagem para a pequena ilha de Lindau, no Lago de Constan\u00e7a, da qual ter\u00e1 uma vista maravilhosa dos Alpes. De seguida, continua\u00e7\u00e3o para a cidade de Kempten. Chegada e alojamento.<\/p>\n<\/div>\n<\/div><\/div><\/div><div id=\"panel-w6996e12a0575d-0-0-5\" class=\"so-panel widget widget_sow-editor\" data-index=\"5\" ><div class=\"panel-widget-style panel-widget-style-for-w6996e12a0575d-0-0-5\" ><div\n\t\t\t\n\t\t\tclass=\"so-widget-sow-editor so-widget-sow-editor-base\"\n\t\t\t\n\t\t><h3 class=\"widget-title\">6\u00ba. Dia - KEMPTEN \/ OBERAMMERGAU \/ MUNIQUE <\/h3>\n<div class=\"siteorigin-widget-tinymce textwidget\">\n\t<p style=\"text-align: justify;\">Pequeno-almo\u00e7o no hotel. O dia come\u00e7a com uma visita ao Castelo de Neuschwanstein, constru\u00eddo por Lu\u00eds II, o famoso Rei Louco. Ao meio-dia, viagem para Oberammergau, a aldeia conhecida pela sua representa\u00e7\u00e3o da Paix\u00e3o de Cristo e pelo seu artesanato. De tarde, visita do Pal\u00e1cio de Linderhof, um dos tr\u00eas castelos constru\u00eddos pelo rei Lu\u00eds II da Baviera e o \u00fanico onde viveu por mais tempo. Depois, breve paragem na Abadia Beneditina de Ettal. Continua\u00e7\u00e3o da viagem para a cidade de Munique. Chegada e alojamento.<\/p>\n<\/div>\n<\/div><\/div><\/div><div id=\"panel-w6996e12a0575d-0-0-6\" class=\"so-panel widget widget_sow-editor\" data-index=\"6\" ><div class=\"panel-widget-style panel-widget-style-for-w6996e12a0575d-0-0-6\" ><div\n\t\t\t\n\t\t\tclass=\"so-widget-sow-editor so-widget-sow-editor-base\"\n\t\t\t\n\t\t><h3 class=\"widget-title\">7\u00ba. Dia - MUNIQUE <\/h3>\n<div class=\"siteorigin-widget-tinymce textwidget\">\n\t<p style=\"text-align: justify;\">Pequeno-almo\u00e7o no hotel. Visita das principais atrac\u00e7\u00f5es da cidade, finalizando a visita na pra\u00e7a principal \u201cMarienplatz\u201d para admirar a C\u00e2mara Municipal e o seu famoso carrilh\u00e3o. Munique, capital do estado federal da Baviera, \u00e9 famosa pela sua \u201cFesta da Cerveja - Oktoberfest\u201d que \u00e9 celebrada no m\u00eas de setembro. Tempo livre. \u00c0 noite, desfrute de um jantar t\u00edpico b\u00e1varo. Alojamento.<\/p>\n<\/div>\n<\/div><\/div><\/div><div id=\"panel-w6996e12a0575d-0-0-7\" class=\"so-panel widget widget_sow-editor\" data-index=\"7\" ><div class=\"panel-widget-style panel-widget-style-for-w6996e12a0575d-0-0-7\" ><div\n\t\t\t\n\t\t\tclass=\"so-widget-sow-editor so-widget-sow-editor-base\"\n\t\t\t\n\t\t><h3 class=\"widget-title\"> 8\u00ba. Dia - MUNIQUE \/ ROTHENBURG ob der TAUBER \/ NUREMBERGA <\/h3>\n<div class=\"siteorigin-widget-tinymce textwidget\">\n\t<p style=\"text-align: justify;\">Pequeno-almo\u00e7o no hotel. Partida para Rothenburg ob der Tauber, uma das cidades mais bonitas e antigas da \u201cRota Rom\u00e2ntica\u201d. Visita pela encantadora cidade dos sonhos para os rom\u00e2nticos. Continua\u00e7\u00e3o da viagem em direc\u00e7\u00e3o a Nuremberga, a segunda maior cidade da Baviera. Chegada e alojamento.<\/p>\n<\/div>\n<\/div><\/div><\/div><div id=\"panel-w6996e12a0575d-0-0-8\" class=\"so-panel widget widget_sow-editor\" data-index=\"8\" ><div class=\"panel-widget-style panel-widget-style-for-w6996e12a0575d-0-0-8\" ><div\n\t\t\t\n\t\t\tclass=\"so-widget-sow-editor so-widget-sow-editor-base\"\n\t\t\t\n\t\t><h3 class=\"widget-title\">9\u00ba. Dia - NUREMBERGA \/ WURZBURG \/ FRANKFURT<\/h3>\n<div class=\"siteorigin-widget-tinymce textwidget\">\n\t<p style=\"text-align: justify;\">Pequeno-almo\u00e7o no hotel. Sa\u00edda para visita da cidade de Nuremberga. No final, partida para Frankfurt com passagem pela cidade de W\u00fcrzburg, a cidade situada no limite norte da \u201cRota Rom\u00e2ntica\u201d e visita da cidade. Chegada a Frankfurt e alojamento.<\/p>\n<\/div>\n<\/div><\/div><\/div><div id=\"panel-w6996e12a0575d-0-0-9\" class=\"so-panel widget widget_sow-editor panel-last-child\" data-index=\"9\" ><div class=\"panel-widget-style panel-widget-style-for-w6996e12a0575d-0-0-9\" ><div\n\t\t\t\n\t\t\tclass=\"so-widget-sow-editor so-widget-sow-editor-base\"\n\t\t\t\n\t\t><h3 class=\"widget-title\">10\u00ba. Dia \u2013 FRANKFURT \/ PORTUGAL<\/h3>\n<div class=\"siteorigin-widget-tinymce textwidget\">\n\t<p style=\"text-align: justify;\">Pequeno-almo\u00e7o no hotel. Transporte por conta pr\u00f3pria para o aeroporto. Formalidades de embarque e partida com destino a Portugal. Chegada.<br \/>\nFim dos nossos servi\u00e7os.<\/p>\n<\/div>\n<\/div><\/div><\/div><\/div><\/div><\/div>\t\t\t\t\t\t<\/div>\n\t\t\t\t\t\t\t\t\t\t\t<div class=\"tab-pane  fade\" id=\"tab-pre\u00e7os-e-condi\u00e7\u00f5es\" role=\"tabpanel\">\n\t\t\t\t\t\t\t<div id=\"pl-w6996e12a05761\"  class=\"panel-layout\" ><div id=\"pg-w6996e12a05761-0\"  class=\"panel-grid panel-no-style\" ><div id=\"pgc-w6996e12a05761-0-0\"  class=\"panel-grid-cell\" ><div id=\"panel-w6996e12a05761-0-0-0\" class=\"so-panel widget widget_sow-editor panel-first-child panel-last-child\" data-index=\"0\" ><div class=\"panel-widget-style panel-widget-style-for-w6996e12a05761-0-0-0\" ><div\n\t\t\t\n\t\t\tclass=\"so-widget-sow-editor so-widget-sow-editor-base\"\n\t\t\t\n\t\t>\n<div class=\"siteorigin-widget-tinymce textwidget\">\n\t<p><strong>DATAS de PARTIDA 2026:<\/strong><\/p>\n<p>&nbsp;<\/p>\n<p><strong>MAIO:<\/strong> 08<\/p>\n<p><strong>JUNHO:<\/strong> 26;<span style=\"color: #0000ff;\">\u00a0 \u00a0<\/span><strong>JULHO:<\/strong> 24<\/p>\n<p><strong>AGOSTO<\/strong>: 28;\u00a0 \u00a0<strong>SETEMBRO:<\/strong>\u00a0 <span style=\"color: #0000ff;\">18*<\/span><\/p>\n<p>&nbsp;<\/p>\n<p><strong>Nota: <\/strong><span style=\"color: #0000ff;\">*<\/span> Data durante o Festival Oktoberfest em Munique<\/p>\n<p>&nbsp;<\/p>\n<p><strong>Pre\u00e7os por pessoa segundo ocupa\u00e7\u00e3o do quarto (m\u00ednimo 2 participantes):<\/strong><\/p>\n<p>&nbsp;<\/p>\n<p><strong>HOT\u00c9IS PREVISTOS ou SIMILARES:<\/strong><\/p>\n<p>&nbsp;<\/p>\n<p><strong>FRANKFURT<\/strong><strong>\u00a0<\/strong>\u2013\u00a0<a href=\"https:\/\/www.movenpick.com\/en\/europe\/germany\/frankfurt\/hotel-frankfurt-city.html?utm_source=google&amp;utm_medium=local&amp;utm_campaign=hotel-MHR-Frankfurt-City&amp;y_source=1_MTUzNjI2OTQtNzE1LWxvY2F0aW9uLndlYnNpdGU%3D\" target=\"_blank\" rel=\"noopener\">Hotel Movenpick Frankfurt<\/a>\u00a04*<\/p>\n<p><strong>ESTRASBURGO<\/strong> \u2013 <a href=\"https:\/\/all.accor.com\/hotel\/0439\/index.pt.shtml?utm_campaign=seo+maps&amp;utm_medium=seo+maps&amp;utm_source=google+Maps\" target=\"_blank\" rel=\"noopener\">Hotel Novotel Strasbourg Centre Halles<\/a> 4*<\/p>\n<p><strong>FRIBURGO<\/strong> - <a href=\"https:\/\/all.accor.com\/hotel\/5383\/index.de.shtml\" target=\"_blank\" rel=\"noopener\">Hotel Novotel Freiburg am Konzerthaus<\/a> 4*<\/p>\n<p><strong>KEMPTEN<\/strong> \u2013 <a href=\"https:\/\/www.bigboxallgaeu.de\/hotel\/\" target=\"_blank\" rel=\"noopener\">BigBox Hotel Kempten<\/a> 4*<\/p>\n<p><strong>MUNIQUE <\/strong>- <a href=\"https:\/\/www.ihg.com\/holidayinn\/hotels\/gb\/en\/munich\/muchb\/hoteldetail?cm_mmc=GoogleMaps-_-HI-_-DE-_-MUCHB\" target=\"_blank\" rel=\"noopener\">Hotel Holiday Inn Munich City Center<\/a> 4*<\/p>\n<p><strong>NUREMBERGA <\/strong>\u2013 <a href=\"https:\/\/www.radissonhotels.com\/en-us\/hotels\/park-plaza-nuremberg\" target=\"_blank\" rel=\"noopener\">Hotel Park Plaza<\/a> 4*<\/p>\n<table>\n<tbody>\n<tr>\n<td>\n<p style=\"text-align: center;\"><strong>PER\u00cdODO<\/strong><\/p>\n<\/td>\n<td style=\"text-align: center;\"><strong>TRIPLO<\/strong><\/td>\n<td style=\"text-align: center;\"><strong>DUPLO<\/strong><\/td>\n<td>\n<p style=\"text-align: center;\"><strong>SINGLE<\/strong><\/p>\n<\/td>\n<\/tr>\n<tr>\n<td>\n<p style=\"text-align: center;\"><strong>08\/05\/26<br \/>\n26\/06\/26<br \/>\n24\/07\/26<\/strong><\/p>\n<p style=\"text-align: center;\"><strong>28\/08\/26<\/strong><\/p>\n<\/td>\n<td style=\"text-align: center;\">2.550,00 \u20ac<\/td>\n<td style=\"text-align: center;\">2.590,00 \u20ac<\/td>\n<td>\n<p style=\"text-align: center;\">3.230,00 \u20ac<\/p>\n<\/td>\n<\/tr>\n<tr>\n<td>\n<p style=\"text-align: center;\"><strong>18\/09\/26<\/strong><\/p>\n<\/td>\n<td style=\"text-align: center;\">2.690,00 \u20ac<\/td>\n<td style=\"text-align: center;\">2.730,00 \u20ac<\/td>\n<td>\n<p style=\"text-align: center;\">3.665,00 \u20ac<\/p>\n<\/td>\n<\/tr>\n<\/tbody>\n<\/table>\n<p>&nbsp;<\/p>\n<p style=\"text-align: justify;\"><strong>NOTA*:<\/strong> Os quartos triplos, s\u00e3o compostos por 1 ou 2 camas, mais 1 cama extra. As condi\u00e7\u00f5es de conforto s\u00e3o menores do que as dos quartos duplos. A reserva de um quarto triplo, implica a aceita\u00e7\u00e3o deste facto.<\/p>\n<p style=\"text-align: justify;\"><strong><br \/>\nNOTA 1:<\/strong> Este programa foi calculado com base na companhia a\u00e9rea Lufthansa em cabine econ\u00f3mica, tarifa em classe K. Caso n\u00e3o haja disponibilidade de lugares nessa tarifa, ser\u00e1 proposto em alternativa o escal\u00e3o tarif\u00e1rio seguinte dispon\u00edvel, ou outra companhia a\u00e9rea, mediante um suplemento a informar.<\/p>\n<p><strong>\u00a0<\/strong><\/p>\n<p><strong>Suplemento de tarifa a\u00e9rea com a Lufthansa (Porto ou Lisboa):<\/strong><\/p>\n<p>&nbsp;<\/p>\n<p>&nbsp;<\/p>\n<table>\n<tbody>\n<tr>\n<td>\n<p style=\"text-align: center;\"><strong>Per\u00edodo:<\/strong><\/p>\n<\/td>\n<td style=\"text-align: center;\"><strong>classe K<\/strong><\/td>\n<td style=\"text-align: center;\"><strong>classe L<\/strong><\/td>\n<td style=\"text-align: center;\"><strong>classe T<\/strong><\/td>\n<td>\n<p style=\"text-align: center;\"><strong>classe S<\/strong><\/p>\n<\/td>\n<\/tr>\n<tr>\n<td>\n<p style=\"text-align: center;\"><strong>08\/05\/26 a 18\/09\/26<\/strong><\/p>\n<\/td>\n<td style=\"text-align: center;\">Sem supl.<\/td>\n<td style=\"text-align: center;\">40,00 \u20ac<\/td>\n<td style=\"text-align: center;\">87,00 \u20ac<\/td>\n<td>\n<p style=\"text-align: center;\">150,00 \u20ac<\/p>\n<\/td>\n<\/tr>\n<\/tbody>\n<\/table>\n<p>&nbsp;<\/p>\n<p>&nbsp;<\/p>\n<p><strong>O pre\u00e7o inclui:<\/strong><\/p>\n<p>- Passagem a\u00e9rea em voos regulares, em classe econ\u00f3mica, para o percurso indicado incluindo o transporte de bagagem de por\u00e3o;<\/p>\n<p>- Taxas de aeroporto, seguran\u00e7a e combust\u00edvel no valor de 120,00 \u20ac (sujeito a altera\u00e7\u00e3o, a reconfirmar na data da emiss\u00e3o dos bilhetes);<\/p>\n<p>- Transporte aeroporto de Frankfurt \/ hotel;<\/p>\n<p>- Alojamento nos hot\u00e9is previstos ou similares em quarto standard com pequeno-almo\u00e7o;<\/p>\n<p>- Circuito em servi\u00e7o regular (em conjunto com outros participantes), acompanhado de guia local bilingue espanhol\/portugu\u00eas;<\/p>\n<p>- Transporte em autocarro, minibus ou van (de acordo com o n\u00famero de participantes);<\/p>\n<p>- Visitas de acordo com o indicado no itiner\u00e1rio, incluindo entradas no Castelo de Heidelberg, Neuschwanstein e no Pal\u00e1cio Linderhof e o Museu Vogtsbauernhof;<\/p>\n<p>- Visita a uma quinta na Floresta Negra com degusta\u00e7\u00e3o de queijos;<\/p>\n<p>- Jantar t\u00edpico b\u00e1varo em Munique (bebidas n\u00e3o inclu\u00eddas);<\/p>\n<p>- Taxas de servi\u00e7o e IVA;<\/p>\n<p>- Seguro de viagem.<\/p>\n<p>&nbsp;<\/p>\n<p><strong>O pre\u00e7o n\u00e3o inclui:<\/strong><\/p>\n<p>- Transporte hotel \/ aeroporto em Frankfurt;<\/p>\n<p>- Bebidas \u00e0s refei\u00e7\u00f5es;<\/p>\n<p>- Servi\u00e7o de bagageiros nos hot\u00e9is;<\/p>\n<p>- Gratifica\u00e7\u00f5es;<\/p>\n<p>- Taxas tur\u00edsticas e\/ou municipais (pagamento local nos hot\u00e9is);<\/p>\n<p>- Extras e actividades de car\u00e1cter pessoal;<\/p>\n<p>- Todos os servi\u00e7os n\u00e3o indicados como inclu\u00eddos.<\/p>\n<p>&nbsp;<\/p>\n<p><strong>Seguro de viagem:<\/strong><\/p>\n<p>- Todas as viagens organizadas pela MundoNovo Viagens est\u00e3o cobertas por um seguro de viagem (<a href=\"https:\/\/www.mundonovoviagens.pt\/wp-content\/uploads\/2025\/02\/MundoNovo-Multiviagens-Plus-1.pdf?x78457&amp;x70114&amp;x48172&amp;x23938&amp;x23938\" target=\"_blank\" rel=\"noopener\">Multiviagens Plus 1<\/a>);<br \/>\n- Adicionalmente propomos o seguro \u00a0<a href=\"https:\/\/www.mundonovoviagens.pt\/wp-content\/uploads\/2025\/02\/MundoNovo-Multiviagens-Premium.pdf?x78457&amp;x70114&amp;x48172&amp;x23938&amp;x23938\" target=\"_blank\" rel=\"noopener\">Multiviagens Premium<\/a>\u00a0(valor das coberturas superior), mediante um suplemento de 30\u20ac por pessoa;<br \/>\n- As condi\u00e7\u00f5es gerais de cada seguro poder\u00e3o ser consultadas na p\u00e1gina inicial do nosso site.<\/p>\n<p>&nbsp;<\/p>\n<p><strong>Condi\u00e7\u00f5es gerais de reserva e cancelamento:<\/strong><b><br \/>\n<\/b>Consultar a ficha de informa\u00e7\u00e3o normalizada (<a href=\"https:\/\/www.mundonovoviagens.pt\/index.php\/ficha-de-informacao-normalizada\/\" target=\"_blank\" rel=\"noopener\">FIN<\/a>) e\u00a0<a href=\"https:\/\/www.mundonovoviagens.pt\/index.php\/condicoes-gerais\/\" target=\"_blank\" rel=\"noopener\">condi\u00e7\u00f5es gerais<\/a>\u00a0indicadas no site.<strong>\u00a0<\/strong><\/p>\n<\/div>\n<\/div><\/div><\/div><\/div><\/div><\/div>\t\t\t\t\t\t<\/div>\n\t\t\t\t\t\t\t\t\t\t\t<div class=\"tab-pane  fade\" id=\"tab-informa\u00e7\u00f5es-destino\" role=\"tabpanel\">\n\t\t\t\t\t\t\t<div id=\"pl-w6996e12a05763\"  class=\"panel-layout\" ><div id=\"pg-w6996e12a05763-0\"  class=\"panel-grid panel-no-style\" ><div id=\"pgc-w6996e12a05763-0-0\"  class=\"panel-grid-cell\" ><div id=\"panel-w6996e12a05763-0-0-0\" class=\"so-panel widget widget_sow-editor panel-first-child panel-last-child\" data-index=\"0\" ><div class=\"panel-widget-style panel-widget-style-for-w6996e12a05763-0-0-0\" ><div\n\t\t\t\n\t\t\tclass=\"so-widget-sow-editor so-widget-sow-editor-base\"\n\t\t\t\n\t\t>\n<div class=\"siteorigin-widget-tinymce textwidget\">\n\t<p><strong>1 - Requisitos de entrada<\/strong><br \/>\nOs cidad\u00e3os portugueses necessitam de Bilhete de Identidade\/Cart\u00e3o de Cidad\u00e3o ou passaporte v\u00e1lidos.<\/p>\n<p>&nbsp;<\/p>\n<p style=\"text-align: justify;\"><strong>2 \u2013 Vacinas \/ Sa\u00fade<\/strong><br \/>\nVacina obrigat\u00f3ria: nenhuma.<br \/>\nRecomenda-se que obtenha o Cart\u00e3o Europeu de Seguro de Doen\u00e7a, que assegura aos viajantes a presta\u00e7\u00e3o de tratamentos e actos m\u00e9dicos urgentes, em estabelecimento da rede p\u00fablica, imediatamente necess\u00e1rios em situa\u00e7\u00e3o de doen\u00e7a s\u00fabita, acidente ou maternidade.<\/p>\n<p>&nbsp;<\/p>\n<p style=\"text-align: justify;\"><strong>3 - Clima<\/strong><br \/>\nClima continental moderado com ver\u00f5es quentes e h\u00famidos e invernos frios e secos, com algumas excep\u00e7\u00f5es nas zonas costeiras. Nos meses de Inverno, neve e gelo n\u00e3o apenas nas regi\u00f5es montanhosas, mas tamb\u00e9m nas grandes cidades e at\u00e9 na capital, Berlim. Entre outras, \u00e9 aconselh\u00e1vel o uso de roupas e cal\u00e7ado adequados a temperaturas negativas durante os meses de dezembro a mar\u00e7o.<\/p>\n<p>&nbsp;<\/p>\n<p><strong>4 - Idioma<\/strong><br \/>\nA l\u00edngua oficial \u00e9 o alem\u00e3o; ingl\u00eas \u00e9 a principal l\u00edngua estrangeira utilizada.<\/p>\n<p>&nbsp;<\/p>\n<p><strong>5 - Moeda<\/strong><br \/>\nA divisa \u00e9 o Euro. Os cart\u00f5es de cr\u00e9dito s\u00e3o bem aceites; o pa\u00eds tem uma vasta rede ATM\u00b4s.<\/p>\n<p>&nbsp;<\/p>\n<p><strong>6 - Diferen\u00e7a hor\u00e1ria<\/strong><br \/>\nGMT\/UTC +01<\/p>\n<p>&nbsp;<\/p>\n<p><strong>7 - Eletricidade<\/strong><br \/>\n230 V\/ 50 Hz (tomadas tipo C e F)<\/p>\n<p>&nbsp;<\/p>\n<p><strong>8 \u2013 Representa\u00e7\u00e3o diplom\u00e1tica\/ consular<\/strong><br \/>\nEmbaixada de Portugal em Berlim.<br \/>\nMais informa\u00e7\u00f5es: <a href=\"https:\/\/portaldascomunidades.mne.gov.pt\/pt\/\" target=\"_blank\" rel=\"noopener\">www.portaldascomunidades.mne.pt<\/a><\/p>\n<p>&nbsp;<\/p>\n<p><strong>9 - Site oficial do turismo:<\/strong> <a href=\"https:\/\/www.germany.travel\/en\/home.html\" target=\"_blank\" rel=\"noopener\">www.germany.travel\/en\/home.html<\/a><\/p>\n<\/div>\n<\/div><\/div><\/div><\/div><\/div><\/div>\t\t\t\t\t\t<\/div>\n\t\t\t\t\t\t\t\t\t\t<\/div>\n\t\t\t\t\t\t\t<\/div>\n\n\t\t\t<\/div><div id=\"panel-572-0-0-1\" class=\"so-panel widget widget_sow-button panel-last-child\" data-index=\"1\" ><div\n\t\t\t\n\t\t\tclass=\"so-widget-sow-button so-widget-sow-button-flat-95cda3216a70-572\"\n\t\t\t\n\t\t><div class=\"ow-button-base ow-button-align-center\">\n\t<a\n\thref=\"https:\/\/www.mundonovoviagens.pt\/index.php\/contactos\/?wpf62_6=Assunto:%20007%20-%20Floresta%20Negra,%20Alsacia%20e%20Alemanha%20Romantica%20-%2010%20dias\"\n\t\tclass=\"ow-icon-placement-left ow-button-hover\" \t>\n\t\t<span>\n\t\t\t\n\t\t\tCONTACTE-NOS\t\t<\/span>\n\t<\/a>\n<\/div>\n<\/div><\/div><\/div><\/div><\/div>","protected":false},"excerpt":{"rendered":"<p style=\"text-align: center;\"><strong>Circuito Regular com guia em Espanhol \/ Portugu\u00eas<br \/>\n<\/strong>(Frankfurt, Heidelberg, Estrasburgo, Colmar, Friburgo, Floresta Negra, Cascatas de Triberg, Lindau, Kempten, Oberammergau, Munique, Rothenburg ob der Tauber, Nuremberga e W\u00fcrzburg)<\/p>\n","protected":false},"featured_media":2427,"template":"","meta":[],"product_brand":[],"product_cat":[15],"product_tag":[253,267,266,268,269,254,257,258],"class_list":{"0":"post-572","1":"product","2":"type-product","3":"status-publish","4":"has-post-thumbnail","6":"product_cat-europa","7":"product_tag-alemanha","8":"product_tag-alemanha-romantica","9":"product_tag-alsacia","10":"product_tag-colmar","11":"product_tag-estrasburgo","12":"product_tag-floresta-negra","13":"product_tag-munique","14":"product_tag-nuremberga","16":"first","17":"instock","18":"shipping-taxable","19":"product-type-simple"},"_links":{"self":[{"href":"https:\/\/www.mundonovoviagens.pt\/index.php\/wp-json\/wp\/v2\/product\/572","targetHints":{"allow":["GET"]}}],"collection":[{"href":"https:\/\/www.mundonovoviagens.pt\/index.php\/wp-json\/wp\/v2\/product"}],"about":[{"href":"https:\/\/www.mundonovoviagens.pt\/index.php\/wp-json\/wp\/v2\/types\/product"}],"wp:featuredmedia":[{"embeddable":true,"href":"https:\/\/www.mundonovoviagens.pt\/index.php\/wp-json\/wp\/v2\/media\/2427"}],"wp:attachment":[{"href":"https:\/\/www.mundonovoviagens.pt\/index.php\/wp-json\/wp\/v2\/media?parent=572"}],"wp:term":[{"taxonomy":"product_brand","embeddable":true,"href":"https:\/\/www.mundonovoviagens.pt\/index.php\/wp-json\/wp\/v2\/product_brand?post=572"},{"taxonomy":"product_cat","embeddable":true,"href":"https:\/\/www.mundonovoviagens.pt\/index.php\/wp-json\/wp\/v2\/product_cat?post=572"},{"taxonomy":"product_tag","embeddable":true,"href":"https:\/\/www.mundonovoviagens.pt\/index.php\/wp-json\/wp\/v2\/product_tag?post=572"}],"curies":[{"name":"wp","href":"https:\/\/api.w.org\/{rel}","templated":true}]}}