{"id":891,"date":"2022-06-15T17:37:37","date_gmt":"2022-06-15T17:37:37","guid":{"rendered":"https:\/\/www.mundonovoviagens.pt\/?post_type=product&#038;p=891"},"modified":"2026-04-01T15:50:04","modified_gmt":"2026-04-01T14:50:04","slug":"089-odysseus-7-dias-2","status":"publish","type":"product","link":"https:\/\/www.mundonovoviagens.pt\/index.php\/produto\/089-odysseus-7-dias-2\/","title":{"rendered":"089 \u2013 Odysseus \u2013 7 dias"},"content":{"rendered":"<div id=\"pl-891\"  class=\"panel-layout\" ><div id=\"pg-891-0\"  class=\"panel-grid panel-no-style\" ><div id=\"pgc-891-0-0\"  class=\"panel-grid-cell\" ><div id=\"panel-891-0-0-0\" class=\"so-panel widget widget_pt_tabs pt-widget-tabs panel-first-child\" data-index=\"0\" >\t\t\t<div class=\"pt-tabs\">\n\t\t\t\t\n\t\t\t\t\t\t\t\t\t<ul class=\"pt-tabs__navigation  nav  nav-tabs\" role=\"tablist\">\n\t\t\t\t\t\t\t\t\t\t\t\t\t<li class=\"nav-item\">\n\t\t\t\t\t\t\t\t<a class=\"nav-link  active\" data-toggle=\"tab\" href=\"#tab-itiner\u00c1rio\" role=\"tab\">ITINER\u00c1RIO<\/a>\n\t\t\t\t\t\t\t<\/li>\n\t\t\t\t\t\t\t\t\t\t\t\t\t<li class=\"nav-item\">\n\t\t\t\t\t\t\t\t<a class=\"nav-link\" data-toggle=\"tab\" href=\"#tab-pre\u00e7os-e-condi\u00e7\u00f5es\" role=\"tab\">Pre\u00e7os e Condi\u00e7\u00f5es<\/a>\n\t\t\t\t\t\t\t<\/li>\n\t\t\t\t\t\t\t\t\t\t\t\t\t<li class=\"nav-item\">\n\t\t\t\t\t\t\t\t<a class=\"nav-link\" data-toggle=\"tab\" href=\"#tab-informa\u00e7\u00f5es-destino\" role=\"tab\">Informa\u00e7\u00f5es Destino<\/a>\n\t\t\t\t\t\t\t<\/li>\n\t\t\t\t\t\t\t\t\t\t\t<\/ul>\n\n\t\t\t\t\t<div class=\"pt-tabs__content  tab-content\">\n\t\t\t\t\t\t\t\t\t\t\t<div class=\"tab-pane  fade  in  active\" id=\"tab-itiner\u00c1rio\" role=\"tabpanel\">\n\t\t\t\t\t\t\t<div id=\"pl-w69cd309c159b9\"  class=\"panel-layout\" ><div id=\"pg-w69cd309c159b9-0\"  class=\"panel-grid panel-no-style\" ><div id=\"pgc-w69cd309c159b9-0-0\"  class=\"panel-grid-cell\" ><div id=\"panel-w69cd309c159b9-0-0-0\" class=\"so-panel widget widget_sow-editor panel-first-child\" data-index=\"0\" ><div class=\"panel-widget-style panel-widget-style-for-w69cd309c159b9-0-0-0\" ><div\n\t\t\t\n\t\t\tclass=\"so-widget-sow-editor so-widget-sow-editor-base\"\n\t\t\t\n\t\t><h3 class=\"widget-title\"> 1\u00ba. Dia - PORTUGAL \/ ATENAS<\/h3>\n<div class=\"siteorigin-widget-tinymce textwidget\">\n\t<p style=\"text-align: justify;\">Compar\u00eancia no aeroporto 120 minutos antes da hora prevista para a partida. Formalidades de embarque e partida para Atenas, com mudan\u00e7a de avi\u00e3o em rota. Chegada, assist\u00eancia e transporte para o hotel. Alojamento.<\/p>\n<\/div>\n<\/div><\/div><\/div><div id=\"panel-w69cd309c159b9-0-0-1\" class=\"so-panel widget widget_sow-editor\" data-index=\"1\" ><div class=\"panel-widget-style panel-widget-style-for-w69cd309c159b9-0-0-1\" ><div\n\t\t\t\n\t\t\tclass=\"so-widget-sow-editor so-widget-sow-editor-base\"\n\t\t\t\n\t\t><h3 class=\"widget-title\">2\u00ba. Dia \u2013 ATENAS <\/h3>\n<div class=\"siteorigin-widget-tinymce textwidget\">\n\t<p style=\"text-align: justify;\">Pequeno-almo\u00e7o no hotel. De manh\u00e3, visita da cidade de Atenas que inclui o Kalim\u00e1rmaro (antigo est\u00e1dio ol\u00edmpico), o Arco de Adriano, o Parlamento, o Monumento do Soldado Desconhecido, o tradicional render da guarda na Pra\u00e7a da Constitui\u00e7\u00e3o, a Pra\u00e7a Syntagma, a Pra\u00e7a da Concordia, a Pra\u00e7a Omonia, a Acr\u00f3pole, os Propileos, o Templo J\u00f3nico de Atenea Nike, P\u00e1rtenon e do Novo Museu. Regresso ao hotel. Tarde livre. Alojamento.<\/p>\n<\/div>\n<\/div><\/div><\/div><div id=\"panel-w69cd309c159b9-0-0-2\" class=\"so-panel widget widget_sow-editor\" data-index=\"2\" ><div class=\"panel-widget-style panel-widget-style-for-w69cd309c159b9-0-0-2\" ><div\n\t\t\t\n\t\t\tclass=\"so-widget-sow-editor so-widget-sow-editor-base\"\n\t\t\t\n\t\t><h3 class=\"widget-title\">3\u00ba. Dia \u2013 ATENAS \/ MYKONOS \/ KUSADASI <\/h3>\n<div class=\"siteorigin-widget-tinymce textwidget\">\n\t<p style=\"text-align: justify;\">Pequeno-almo\u00e7o no hotel. Transporte para o porto de Lavrio. Chegada, embarque e partida com destino a Mykonos. Chegada e desembarque. Tempo livre para visitar a ilha de Mykonos. (possibilidade de adquirir excurs\u00e3o para visita \u00e0 ilha). Em hora a indicar, embarque e partida com destino a Kusadasi, na Turquia. Alojamento a bordo. Navega\u00e7\u00e3o.<\/p>\n<\/div>\n<\/div><\/div><\/div><div id=\"panel-w69cd309c159b9-0-0-3\" class=\"so-panel widget widget_sow-editor\" data-index=\"3\" ><div class=\"panel-widget-style panel-widget-style-for-w69cd309c159b9-0-0-3\" ><div\n\t\t\t\n\t\t\tclass=\"so-widget-sow-editor so-widget-sow-editor-base\"\n\t\t\t\n\t\t><h3 class=\"widget-title\"> 4\u00ba. Dia \u2013 KUSADASI \/ PATMOS <\/h3>\n<div class=\"siteorigin-widget-tinymce textwidget\">\n\t<p style=\"text-align: justify;\">Regime de pens\u00e3o completa a bordo. Chegada a Kusadasi e desembarque. Em hora a indicar, embarque e partida at\u00e9 Patmos. Alojamento a bordo. Navega\u00e7\u00e3o at\u00e9 Heraklion.<\/p>\n<\/div>\n<\/div><\/div><\/div><div id=\"panel-w69cd309c159b9-0-0-4\" class=\"so-panel widget widget_sow-editor\" data-index=\"4\" ><div class=\"panel-widget-style panel-widget-style-for-w69cd309c159b9-0-0-4\" ><div\n\t\t\t\n\t\t\tclass=\"so-widget-sow-editor so-widget-sow-editor-base\"\n\t\t\t\n\t\t><h3 class=\"widget-title\"> 5\u00ba. Dia \u2013 CRETA \/ SANTORINI <\/h3>\n<div class=\"siteorigin-widget-tinymce textwidget\">\n\t<p style=\"text-align: justify;\">Regime de pens\u00e3o completa a bordo. Chegada a Ilha de Creta e desembarque. Em hora a indicar, embarque e sa\u00edda em direc\u00e7\u00e3o \u00e0 Ilha de Santorini, desembarque e tempo livre para explorar a ilha. Embarque e partida em direc\u00e7\u00e3o a Atenas. Alojamento a bordo. Navega\u00e7\u00e3o.<\/p>\n<\/div>\n<\/div><\/div><\/div><div id=\"panel-w69cd309c159b9-0-0-5\" class=\"so-panel widget widget_sow-editor\" data-index=\"5\" ><div class=\"panel-widget-style panel-widget-style-for-w69cd309c159b9-0-0-5\" ><div\n\t\t\t\n\t\t\tclass=\"so-widget-sow-editor so-widget-sow-editor-base\"\n\t\t\t\n\t\t><h3 class=\"widget-title\">6\u00ba. Dia \u2013 ATENAS<\/h3>\n<div class=\"siteorigin-widget-tinymce textwidget\">\n\t<p style=\"text-align: justify;\">Pequeno-almo\u00e7o a bordo. Chegada ao porto de Lavrio pelas 06h00. Desembarque e transporte para o hotel em Atenas. Chegada e alojamento.<\/p>\n<\/div>\n<\/div><\/div><\/div><div id=\"panel-w69cd309c159b9-0-0-6\" class=\"so-panel widget widget_sow-editor panel-last-child\" data-index=\"6\" ><div class=\"panel-widget-style panel-widget-style-for-w69cd309c159b9-0-0-6\" ><div\n\t\t\t\n\t\t\tclass=\"so-widget-sow-editor so-widget-sow-editor-base\"\n\t\t\t\n\t\t><h3 class=\"widget-title\">7\u00ba. Dia \u2013 ATENAS \/ PORTUGAL <\/h3>\n<div class=\"siteorigin-widget-tinymce textwidget\">\n\t<p style=\"text-align: justify;\">Pequeno-almo\u00e7o no hotel. Em hora a indicar localmente transporte para o aeroporto. Formalidades de embarque e partida em direc\u00e7\u00e3o a Portugal, com mudan\u00e7a de avi\u00e3o em rota. Chegada a Portugal.<br \/>\nFim dos nossos servi\u00e7os.<\/p>\n<\/div>\n<\/div><\/div><\/div><\/div><\/div><\/div>\t\t\t\t\t\t<\/div>\n\t\t\t\t\t\t\t\t\t\t\t<div class=\"tab-pane  fade\" id=\"tab-pre\u00e7os-e-condi\u00e7\u00f5es\" role=\"tabpanel\">\n\t\t\t\t\t\t\t<div id=\"pl-w69cd309c159bc\"  class=\"panel-layout\" ><div id=\"pg-w69cd309c159bc-0\"  class=\"panel-grid panel-no-style\" ><div id=\"pgc-w69cd309c159bc-0-0\"  class=\"panel-grid-cell\" ><div id=\"panel-w69cd309c159bc-0-0-0\" class=\"so-panel widget widget_sow-editor panel-first-child panel-last-child\" data-index=\"0\" ><div class=\"panel-widget-style panel-widget-style-for-w69cd309c159bc-0-0-0\" ><div\n\t\t\t\n\t\t\tclass=\"so-widget-sow-editor so-widget-sow-editor-base\"\n\t\t\t\n\t\t>\n<div class=\"siteorigin-widget-tinymce textwidget\">\n\t<p><strong>DIAS de PARTIDA 2026<\/strong><strong>:<\/strong><\/p>\n<p>4\u00aa feira de 29 de Abril a 28 de Outubro<\/p>\n<p>&nbsp;<\/p>\n<p><strong>Pre\u00e7o por pessoa segundo ocupa\u00e7\u00e3o do quarto (m\u00ednimo 2 participantes<\/strong>):<\/p>\n<p><strong>\u00a0<\/strong><\/p>\n<p><strong>HOT\u00c9IS PREVISTOS ou SIMILARES:<\/strong><\/p>\n<p>&nbsp;<\/p>\n<p><span style=\"color: #ef7a1b;\"><strong>Op\u00e7\u00e3o A)<\/strong><\/span><\/p>\n<p><strong>ATENAS<\/strong> \u2013\u00a0<a href=\"https:\/\/www.hhotels.gr\/titania\/\" target=\"_blank\" rel=\"noopener\">Hotel Titania<\/a>\u00a04*<\/p>\n<p><strong>CELESTYAL CRUISES<\/strong> \u2013 <a href=\"https:\/\/celestyal.com\/ie\/\" target=\"_blank\" rel=\"noopener\">Celestyal Discovery<\/a> (Camarote XA \u2013 duplo e single \/\/ Camarote XBO \u2013 triplo)<\/p>\n<p>&nbsp;<\/p>\n<table>\n<tbody>\n<tr>\n<td>\n<p style=\"text-align: center;\"><strong>PER\u00cdODO<\/strong><\/p>\n<\/td>\n<td style=\"text-align: center;\"><strong>TRIPLO*<\/strong><\/td>\n<td style=\"text-align: center;\"><strong>DUPLO<\/strong><\/td>\n<td>\n<p style=\"text-align: center;\"><strong>SINGLE<\/strong><\/p>\n<\/td>\n<\/tr>\n<tr>\n<td>\n<p style=\"text-align: center;\"><strong>29\/04\/26 a 28\/10\/26<\/strong><\/p>\n<\/td>\n<td style=\"text-align: center;\">1.790,00 \u20ac<\/td>\n<td style=\"text-align: center;\">2.020,00 \u20ac<\/td>\n<td>\n<p style=\"text-align: center;\">3.025,00 \u20ac<\/p>\n<\/td>\n<\/tr>\n<tr>\n<td colspan=\"4\">\n<p style=\"text-align: center;\">Taxas portu\u00e1rias e gratifica\u00e7\u00f5es a bordo: 129,00 \u20ac por pessoa<\/p>\n<\/td>\n<\/tr>\n<\/tbody>\n<\/table>\n<p><strong>\u00a0<\/strong><strong>\u00a0<\/strong><\/p>\n<p><span style=\"color: #ef7a1b;\"><strong>Op\u00e7\u00e3o B)<\/strong><\/span><\/p>\n<p><strong>ATENAS<\/strong> \u2013 <a href=\"https:\/\/www.hyatt.com\/en-US\/hotel\/greece\/grand-hyatt-athens\/athgh?src=corp_lclb_gmb_seo_athgh\" target=\"_blank\" rel=\"noopener\">Hotel Grand Hyatt<\/a> 5*<\/p>\n<p><strong>CELESTYAL CRUISES<\/strong> \u2013 <a href=\"https:\/\/celestyal.com\/ie\/\" target=\"_blank\" rel=\"noopener\">Celestyal Discovery<\/a> (Camarote XB)<\/p>\n<p>&nbsp;<\/p>\n<table>\n<tbody>\n<tr>\n<td>\n<p style=\"text-align: center;\"><strong>PER\u00cdODO<\/strong><\/p>\n<\/td>\n<td style=\"text-align: center;\"><strong>TRIPLO*<\/strong><\/td>\n<td style=\"text-align: center;\"><strong>DUPLO<\/strong><\/td>\n<td>\n<p style=\"text-align: center;\"><strong>SINGLE<\/strong><\/p>\n<\/td>\n<\/tr>\n<tr>\n<td>\n<p style=\"text-align: center;\"><strong>29\/04\/26 a 28\/10\/26<\/strong><\/p>\n<\/td>\n<td style=\"text-align: center;\">1.980,00 \u20ac<\/td>\n<td style=\"text-align: center;\">2.365,00 \u20ac<\/td>\n<td>\n<p style=\"text-align: center;\">3.675,00 \u20ac<\/p>\n<\/td>\n<\/tr>\n<tr>\n<td colspan=\"4\">\n<p style=\"text-align: center;\">Taxas portu\u00e1rias e gratifica\u00e7\u00f5es a bordo: 129,00 \u20ac por pessoa<\/p>\n<\/td>\n<\/tr>\n<\/tbody>\n<\/table>\n<p><strong>\u00a0<\/strong><strong>\u00a0<\/strong><\/p>\n<p><strong>Nota: regime de pens\u00e3o completa a bordo:<\/strong><\/p>\n<p>- Pequeno-almo\u00e7o, almo\u00e7o e jantar;<\/p>\n<p>- Bebidas \u00e0s refei\u00e7\u00f5es (vinho da casa e cerveja a copo);<\/p>\n<p>- Refrigerantes e sumos a copo;<\/p>\n<p>- \u00c1gua, caf\u00e9 e ch\u00e1;<\/p>\n<p>- Entretenimento e actividades a bordo.<\/p>\n<p>&nbsp;<\/p>\n<p style=\"text-align: justify;\"><strong>Nota*:<\/strong>\u00a0Os quartos triplos, s\u00e3o compostos por 1 ou 2 camas, mais 1 cama extra. As condi\u00e7\u00f5es de conforto s\u00e3o menores do que as dos quartos duplos. A reserva de um quarto triplo, implica a aceita\u00e7\u00e3o deste facto.<\/p>\n<p>&nbsp;<\/p>\n<p style=\"text-align: justify;\"><strong>Nota 1:<\/strong>\u00a0Este programa foi calculado com base na companhia a\u00e9rea Lufthansa em cabine econ\u00f3mica, tarifa em classe L. Caso n\u00e3o haja disponibilidade de lugares nessa tarifa, ser\u00e1 proposto em alternativa o escal\u00e3o tarif\u00e1rio seguinte dispon\u00edvel, ou outra companhia a\u00e9rea, mediante um suplemento a informar.<\/p>\n<p>&nbsp;<\/p>\n<p><strong>Suplemento de tarifa a\u00e9rea com a Lufthansa (Porto ou Lisboa):<\/strong><\/p>\n<p>&nbsp;<\/p>\n<table>\n<tbody>\n<tr>\n<td>\n<p style=\"text-align: center;\"><strong>Per\u00edodo<\/strong><\/p>\n<\/td>\n<td style=\"text-align: center;\"><strong>Classe L<\/strong><\/td>\n<td style=\"text-align: center;\"><strong>Classe T<\/strong><\/td>\n<td style=\"text-align: center;\"><strong>Classe S<\/strong><\/td>\n<td>\n<p style=\"text-align: center;\"><strong>Classe W<\/strong><\/p>\n<\/td>\n<\/tr>\n<tr>\n<td>\n<p style=\"text-align: center;\"><strong>29\/04\/26 a 28\/10\/26<\/strong><\/p>\n<\/td>\n<td style=\"text-align: center;\">Sem supl.<\/td>\n<td style=\"text-align: center;\">44,00 \u20ac<\/td>\n<td style=\"text-align: center;\">103,00 \u20ac<\/td>\n<td>\n<p style=\"text-align: center;\">175,00 \u20ac<\/p>\n<\/td>\n<\/tr>\n<\/tbody>\n<\/table>\n<p><strong>\u00a0<\/strong><strong>\u00a0<\/strong><\/p>\n<p><strong>O pre\u00e7o inclui:<\/strong><\/p>\n<p>- Passagem a\u00e9rea em voos regulares, em classe econ\u00f3mica para o percurso indicado, incluindo o transporte de bagagem de por\u00e3o;<\/p>\n<p>- Taxas de aeroporto, seguran\u00e7a e combust\u00edvel no valor de 165,00 \u20ac (sujeito a altera\u00e7\u00e3o, a reconfirmar no dia de emiss\u00e3o dos bilhetes);<\/p>\n<p>- Transporte aeroporto \/ hotel \/ porto \/ aeroporto em Atenas em servi\u00e7o privado;<\/p>\n<p>- 3 noites de alojamento em Atenas nos hot\u00e9is previstos ou similares, em quarto standard com pequeno-almo\u00e7o;<\/p>\n<p>- Refei\u00e7\u00f5es de acordo com o indicado no itiner\u00e1rio;<\/p>\n<p>- Meio dia de visita da cidade de Atenas e ao Novo Museu, em servi\u00e7o regular (em conjunto com outros participantes), acompanhado de guia local de l\u00edngua espanhola e incluindo entradas;<\/p>\n<p>- 3 noites no Cruzeiro Celestyal Discovery da companhia \u201cCelestyal Cruises\u201d em regime de pens\u00e3o completa;<\/p>\n<p>- Meio dia de visita da cidade de Atenas e do Novo Museu em servi\u00e7o regular (em conjunto com outros participantes), acompanhado de guia local de l\u00edngua espanhola e com entradas inclu\u00eddas;<\/p>\n<p>- Taxas de servi\u00e7o e IVA;<\/p>\n<p>- Seguro de viagem.<\/p>\n<p><strong>\u00a0<\/strong><\/p>\n<p><strong>O pre\u00e7o n\u00e3o inclui:<\/strong><\/p>\n<p>- Taxas portu\u00e1rias e gratifica\u00e7\u00f5es (obrigat\u00f3rias no cruzeiro);<\/p>\n<p>- Bebidas \u00e0s refei\u00e7\u00f5es (excepto no cruzeiro);<\/p>\n<p>- Servi\u00e7o de bagageiros;<\/p>\n<p>- Taxas tur\u00edsticas e\/ou municipais (valor varia de acordo com a categoria hoteleira);<\/p>\n<p>- Extras e actividades de car\u00e1cter pessoal;<\/p>\n<p>- Todos os servi\u00e7os n\u00e3o indicados como inclu\u00eddos.<\/p>\n<p>&nbsp;<\/p>\n<p><strong>Seguro de viagem:<\/strong><\/p>\n<p>- Todas as viagens organizadas pela MundoNovo Viagens est\u00e3o cobertas por um seguro de viagem (<a href=\"https:\/\/www.mundonovoviagens.pt\/wp-content\/uploads\/2025\/02\/MundoNovo-Multiviagens-Plus-1.pdf?x70114&amp;x48172&amp;x23938&amp;x23938\" target=\"_blank\" rel=\"noopener\">Multiviagens Plus 1<\/a>);<br \/>\n- Adicionalmente propomos o seguro\u00a0<a href=\"https:\/\/www.mundonovoviagens.pt\/wp-content\/uploads\/2025\/02\/MundoNovo-Multiviagens-Premium.pdf?x70114&amp;x48172&amp;x23938&amp;x23938\" target=\"_blank\" rel=\"noopener\">Multiviagens Premium<\/a>\u00a0(valor das coberturas superior), mediante um suplemento de 30\u20ac por pessoa;<br \/>\n- As condi\u00e7\u00f5es gerais de cada seguro poder\u00e3o ser consultadas na p\u00e1gina inicial do nosso site.<\/p>\n<p>&nbsp;<\/p>\n<p><strong>Condi\u00e7\u00f5es especiais de reserva e pagamento da companhia cruzeiros:<\/strong><\/p>\n<p>- At\u00e9 60 dias antes da data da partida: 250,00 \u20ac por cabine a efetuar at\u00e9 7 dias ap\u00f3s a reserva;<\/p>\n<p>- De 59 dias at\u00e9 \u00e1 data da partida: pagamento total do cruzeiro;<\/p>\n<p>&nbsp;<\/p>\n<p><strong>Condi\u00e7\u00f5es especiais de cancelamento da companhia cruzeiros:<\/strong><\/p>\n<p>- At\u00e9 90 dias antes da data da partida: 50 \u20acuros por cabine;<\/p>\n<p>- 89 a 60 dias antes da data da partida: valor do dep\u00f3sito;<\/p>\n<p>- 59 a 30 dias antes da data da partida: 50% do valor da cabine<\/p>\n<p>&nbsp;<\/p>\n<p><strong>Condi\u00e7\u00f5es gerais de reserva e cancelamento:<\/strong><strong><br \/>\n<\/strong>Consultar a ficha de informa\u00e7\u00e3o normalizada (<a href=\"https:\/\/www.mundonovoviagens.pt\/index.php\/ficha-de-informacao-normalizada\/\" target=\"_blank\" rel=\"noopener\">FIN<\/a>) e\u00a0<a href=\"https:\/\/www.mundonovoviagens.pt\/index.php\/condicoes-gerais\/\" target=\"_blank\" rel=\"noopener\">condi\u00e7\u00f5es gerais<\/a>\u00a0indicadas no site.<\/p>\n<\/div>\n<\/div><\/div><\/div><\/div><\/div><\/div>\t\t\t\t\t\t<\/div>\n\t\t\t\t\t\t\t\t\t\t\t<div class=\"tab-pane  fade\" id=\"tab-informa\u00e7\u00f5es-destino\" role=\"tabpanel\">\n\t\t\t\t\t\t\t<div id=\"pl-w69cd309c159be\"  class=\"panel-layout\" ><div id=\"pg-w69cd309c159be-0\"  class=\"panel-grid panel-no-style\" ><div id=\"pgc-w69cd309c159be-0-0\"  class=\"panel-grid-cell\" ><div id=\"panel-w69cd309c159be-0-0-0\" class=\"so-panel widget widget_sow-editor panel-first-child panel-last-child\" data-index=\"0\" ><div class=\"panel-widget-style panel-widget-style-for-w69cd309c159be-0-0-0\" ><div\n\t\t\t\n\t\t\tclass=\"so-widget-sow-editor so-widget-sow-editor-base\"\n\t\t\t\n\t\t>\n<div class=\"siteorigin-widget-tinymce textwidget\">\n\t<p><strong>1 - Requisitos de entrada<br \/>\n<\/strong>Os cidad\u00e3os portugueses necessitam de bilhete de identidade\/cart\u00e3o de cidad\u00e3o ou passaporte v\u00e1lidos.<\/p>\n<p>&nbsp;<\/p>\n<p><strong>2 \u2013 Vacinas \/ Sa\u00fade<br \/>\n<\/strong>Vacina obrigat\u00f3ria: nenhuma.<strong><br \/>\n<\/strong>O Cart\u00e3o Europeu de Seguro de Doen\u00e7a \u00e9 aceite na rede de unidades de sa\u00fade e hospitais p\u00fablicos da Gr\u00e9cia.<\/p>\n<p>&nbsp;<\/p>\n<p style=\"text-align: justify;\"><strong>3 \u2013 Clima<\/strong><br \/>\nO clima da Gr\u00e9cia \u00e9 tipicamente mediterr\u00e2neo. Os meses de Ver\u00e3o s\u00e3o quentes e secos e os meses de Inverno s\u00e3o moderados e relativamente chuvosos.\u00a0\u00a0Os meses de julho e agosto apresentam temperaturas muito elevadas e as atividades ao ar livre s\u00e3o desaconselhadas. No norte e no interior os invernos s\u00e3o mais rigorosos.<\/p>\n<p>&nbsp;<\/p>\n<p><strong>\u00a0<\/strong><strong>4 - Idioma<br \/>\n<\/strong>A l\u00edngua oficial \u00e9 o grego.<\/p>\n<p>&nbsp;<\/p>\n<p style=\"text-align: justify;\">\u00a0<strong>5 \u2013 Moeda<\/strong><br \/>\nA moeda oficial \u00e9 o Euro. Os cart\u00f5es de cr\u00e9dito s\u00e3o aceites na generalidade dos hot\u00e9is, restaurantes, lojas e outros estabelecimentos comerciais. A rede ATM tem uma boa cobertura no territ\u00f3rio.<\/p>\n<p>&nbsp;<\/p>\n<p><strong>6 - Diferen\u00e7a hor\u00e1ria<\/strong><br \/>\nGMT\/UTC +02<\/p>\n<p>&nbsp;<\/p>\n<p><strong>6 - Electricidade<br \/>\n<\/strong>230 V \/ 50 Hz (tomadas tipo C e F).<\/p>\n<p>&nbsp;<\/p>\n<p><strong>8 - Representa\u00e7\u00e3o Diplom\u00e1tica \/ Consular<br \/>\n<\/strong>Embaixada de Portugal em Atenas.<br \/>\nMais informa\u00e7\u00f5es: <a href=\"https:\/\/portaldascomunidades.mne.gov.pt\/pt\/\" target=\"_blank\" rel=\"noopener\">www.portaldascomunidades.mne.pt\/<\/a><\/p>\n<p>&nbsp;<\/p>\n<p><strong>9 \u2013 Site oficial do turismo:<\/strong> <a href=\"https:\/\/www.visitgreece.gr\/\" target=\"_blank\" rel=\"noopener\">www.visitgreece.gr\/<\/a><\/p>\n<\/div>\n<\/div><\/div><\/div><\/div><\/div><\/div>\t\t\t\t\t\t<\/div>\n\t\t\t\t\t\t\t\t\t\t<\/div>\n\t\t\t\t\t\t\t<\/div>\n\n\t\t\t<\/div><div id=\"panel-891-0-0-1\" class=\"so-panel widget widget_sow-button panel-last-child\" data-index=\"1\" ><div\n\t\t\t\n\t\t\tclass=\"so-widget-sow-button so-widget-sow-button-flat-95cda3216a70-891\"\n\t\t\t\n\t\t><div class=\"ow-button-base ow-button-align-center\">\n\t<a\n\thref=\"https:\/\/www.mundonovoviagens.pt\/index.php\/contactos\/?wpf62_6=Assunto:%20089%20\u2013%20Odysseus%20\u2013%207%20dias\"\n\t\tclass=\"ow-icon-placement-left ow-button-hover\" \t>\n\t\t<span>\n\t\t\t\n\t\t\tCONTACTE-NOS\t\t<\/span>\n\t<\/a>\n<\/div>\n<\/div><\/div><\/div><\/div><\/div>","protected":false},"excerpt":{"rendered":"<p style=\"text-align: center;\"><strong>Atenas e Cruzeiro de 3 noites nas Ilhas Gregas\u00a0e Turquia<\/strong><strong><br \/>\n<\/strong>(Atenas, Mykonos, Kusadasi, Patmos, Creta e Santorini)<\/p>\n","protected":false},"featured_media":3189,"template":"","meta":[],"product_brand":[],"product_cat":[15],"product_tag":[419,698,701,702,704,418,516,699,695,697,509],"class_list":{"0":"post-891","1":"product","2":"type-product","3":"status-publish","4":"has-post-thumbnail","6":"product_cat-europa","7":"product_tag-atenas","8":"product_tag-creta","9":"product_tag-cruzeiro-grecia","10":"product_tag-cruzeiro-ilhas-gregas","11":"product_tag-cruzeiro-ilhas-gregas-e-turquia","12":"product_tag-grecia","13":"product_tag-kusadasi","14":"product_tag-mykonos","15":"product_tag-patmos","16":"product_tag-santorini","17":"product_tag-turquia","19":"first","20":"instock","21":"shipping-taxable","22":"product-type-simple"},"_links":{"self":[{"href":"https:\/\/www.mundonovoviagens.pt\/index.php\/wp-json\/wp\/v2\/product\/891","targetHints":{"allow":["GET"]}}],"collection":[{"href":"https:\/\/www.mundonovoviagens.pt\/index.php\/wp-json\/wp\/v2\/product"}],"about":[{"href":"https:\/\/www.mundonovoviagens.pt\/index.php\/wp-json\/wp\/v2\/types\/product"}],"wp:featuredmedia":[{"embeddable":true,"href":"https:\/\/www.mundonovoviagens.pt\/index.php\/wp-json\/wp\/v2\/media\/3189"}],"wp:attachment":[{"href":"https:\/\/www.mundonovoviagens.pt\/index.php\/wp-json\/wp\/v2\/media?parent=891"}],"wp:term":[{"taxonomy":"product_brand","embeddable":true,"href":"https:\/\/www.mundonovoviagens.pt\/index.php\/wp-json\/wp\/v2\/product_brand?post=891"},{"taxonomy":"product_cat","embeddable":true,"href":"https:\/\/www.mundonovoviagens.pt\/index.php\/wp-json\/wp\/v2\/product_cat?post=891"},{"taxonomy":"product_tag","embeddable":true,"href":"https:\/\/www.mundonovoviagens.pt\/index.php\/wp-json\/wp\/v2\/product_tag?post=891"}],"curies":[{"name":"wp","href":"https:\/\/api.w.org\/{rel}","templated":true}]}}