{"id":996,"date":"2022-06-20T08:43:01","date_gmt":"2022-06-20T08:43:01","guid":{"rendered":"https:\/\/www.mundonovoviagens.pt\/?post_type=product&#038;p=996"},"modified":"2026-02-20T12:56:06","modified_gmt":"2026-02-20T11:56:06","slug":"045-croacia-fabulosa-8-dias","status":"publish","type":"product","link":"https:\/\/www.mundonovoviagens.pt\/index.php\/produto\/045-croacia-fabulosa-8-dias\/","title":{"rendered":"045 &#8211; Cro\u00e1cia Fabulosa \u2013 8 dias"},"content":{"rendered":"<div id=\"pl-996\"  class=\"panel-layout\" ><div id=\"pg-996-0\"  class=\"panel-grid panel-no-style\" ><div id=\"pgc-996-0-0\"  class=\"panel-grid-cell\" ><div id=\"panel-996-0-0-0\" class=\"so-panel widget widget_pt_tabs pt-widget-tabs panel-first-child\" data-index=\"0\" >\t\t\t<div class=\"pt-tabs\">\n\t\t\t\t\n\t\t\t\t\t\t\t\t\t<ul class=\"pt-tabs__navigation  nav  nav-tabs\" role=\"tablist\">\n\t\t\t\t\t\t\t\t\t\t\t\t\t<li class=\"nav-item\">\n\t\t\t\t\t\t\t\t<a class=\"nav-link  active\" data-toggle=\"tab\" href=\"#tab-itiner\u00c1rio\" role=\"tab\">ITINER\u00c1RIO<\/a>\n\t\t\t\t\t\t\t<\/li>\n\t\t\t\t\t\t\t\t\t\t\t\t\t<li class=\"nav-item\">\n\t\t\t\t\t\t\t\t<a class=\"nav-link\" data-toggle=\"tab\" href=\"#tab-pre\u00e7os-e-condi\u00e7\u00f5es\" role=\"tab\">Pre\u00e7os e Condi\u00e7\u00f5es<\/a>\n\t\t\t\t\t\t\t<\/li>\n\t\t\t\t\t\t\t\t\t\t\t\t\t<li class=\"nav-item\">\n\t\t\t\t\t\t\t\t<a class=\"nav-link\" data-toggle=\"tab\" href=\"#tab-informa\u00e7\u00f5es-destino\" role=\"tab\">Informa\u00e7\u00f5es Destino<\/a>\n\t\t\t\t\t\t\t<\/li>\n\t\t\t\t\t\t\t\t\t\t\t<\/ul>\n\n\t\t\t\t\t<div class=\"pt-tabs__content  tab-content\">\n\t\t\t\t\t\t\t\t\t\t\t<div class=\"tab-pane  fade  in  active\" id=\"tab-itiner\u00c1rio\" role=\"tabpanel\">\n\t\t\t\t\t\t\t<div id=\"pl-w69984bd6df9ce\"  class=\"panel-layout\" ><div id=\"pg-w69984bd6df9ce-0\"  class=\"panel-grid panel-no-style\" ><div id=\"pgc-w69984bd6df9ce-0-0\"  class=\"panel-grid-cell\" ><div id=\"panel-w69984bd6df9ce-0-0-0\" class=\"so-panel widget widget_sow-editor panel-first-child\" data-index=\"0\" ><div class=\"panel-widget-style panel-widget-style-for-w69984bd6df9ce-0-0-0\" ><div\n\t\t\t\n\t\t\tclass=\"so-widget-sow-editor so-widget-sow-editor-base\"\n\t\t\t\n\t\t><h3 class=\"widget-title\"> 1\u00ba. Dia - PORTUGAL \/ ZAGREB<\/h3>\n<div class=\"siteorigin-widget-tinymce textwidget\">\n\t<p style=\"text-align: justify;\">Compar\u00eancia no aeroporto 120 minutos antes da hora prevista para a partida. Formalidades de embarque e partida com destino a Zagreb. Chegada e transporte para o hotel. Jantar e alojamento.<\/p>\n<\/div>\n<\/div><\/div><\/div><div id=\"panel-w69984bd6df9ce-0-0-1\" class=\"so-panel widget widget_sow-editor\" data-index=\"1\" ><div class=\"panel-widget-style panel-widget-style-for-w69984bd6df9ce-0-0-1\" ><div\n\t\t\t\n\t\t\tclass=\"so-widget-sow-editor so-widget-sow-editor-base\"\n\t\t\t\n\t\t><h3 class=\"widget-title\"> 2\u00ba. Dia - ZAGREB<\/h3>\n<div class=\"siteorigin-widget-tinymce textwidget\">\n\t<p style=\"text-align: justify;\">Pequeno-almo\u00e7o no hotel. De manh\u00e3, sa\u00edda para visita da cidade de Zagreb, capital da Cro\u00e1cia. Zagreb nasceu da uni\u00e3o de duas cidades, Gradec do s\u00e9c. XIII e Kaptol da \u00e9poca medieval. Visita pelo centro hist\u00f3rico, com destaque para a Igreja de S\u00e3o Marcos com o seu telhado colorido, a Catedral, a Igreja barroca de Santa Catarina, o Parlamento e o Pal\u00e1cio do Governo. Tarde livre. Jantar e alojamento no hotel.<\/p>\n<\/div>\n<\/div><\/div><\/div><div id=\"panel-w69984bd6df9ce-0-0-2\" class=\"so-panel widget widget_sow-editor\" data-index=\"2\" ><div class=\"panel-widget-style panel-widget-style-for-w69984bd6df9ce-0-0-2\" ><div\n\t\t\t\n\t\t\tclass=\"so-widget-sow-editor so-widget-sow-editor-base\"\n\t\t\t\n\t\t><h3 class=\"widget-title\"> 3\u00ba. Dia - ZAGREB \/ PLITVICE \/ ZADAR<\/h3>\n<div class=\"siteorigin-widget-tinymce textwidget\">\n\t<p style=\"text-align: justify;\">Pequeno-almo\u00e7o no hotel. De manh\u00e3, sa\u00edda para visita ao Parque Nacional dos Lagos de Plitvice, uma das joias da Cro\u00e1cia e classificado como Patrim\u00f3nio Natural da Humanidade pela UNESCO. Este parque \u00e9 de uma beleza \u00fanica, composto por 16 lagos interligados por 92 cataratas de v\u00e1rios tamanhos. Tempo livre. No final da visita, partida \u00a0para Zadar. Chegada e tempo livre. Jantar e alojamento no hotel.<\/p>\n<\/div>\n<\/div><\/div><\/div><div id=\"panel-w69984bd6df9ce-0-0-3\" class=\"so-panel widget widget_sow-editor\" data-index=\"3\" ><div class=\"panel-widget-style panel-widget-style-for-w69984bd6df9ce-0-0-3\" ><div\n\t\t\t\n\t\t\tclass=\"so-widget-sow-editor so-widget-sow-editor-base\"\n\t\t\t\n\t\t><h3 class=\"widget-title\">4\u00ba. Dia - ZADAR \/ TROGIR \/ SPLIT<\/h3>\n<div class=\"siteorigin-widget-tinymce textwidget\">\n\t<p style=\"text-align: justify;\">Pequeno-almo\u00e7o no hotel. De manh\u00e3, visita da cidade de Zadar, onde se destaca a Igreja pr\u00e9-rom\u00e2nica de S. Donato, com o seu aspeto de castelo, o F\u00f3rum Romano e o famoso \u201c\u00d3rg\u00e3o do Mar\u201d. Continua\u00e7\u00e3o at\u00e9 Trogir e breve paragem. Trogir \u00e9 uma pequena cidade medieval, rica em hist\u00f3ria e cultura. Partida para Split, cidade classificada como Patrim\u00f3nio da Humanidade pela UNESCO. Chegada, jantar e alojamento.<\/p>\n<\/div>\n<\/div><\/div><\/div><div id=\"panel-w69984bd6df9ce-0-0-4\" class=\"so-panel widget widget_sow-editor\" data-index=\"4\" ><div class=\"panel-widget-style panel-widget-style-for-w69984bd6df9ce-0-0-4\" ><div\n\t\t\t\n\t\t\tclass=\"so-widget-sow-editor so-widget-sow-editor-base\"\n\t\t\t\n\t\t><h3 class=\"widget-title\">5\u00ba. Dia - SPLIT \/ MEDJUGORJE \/ MOSTAR<\/h3>\n<div class=\"siteorigin-widget-tinymce textwidget\">\n\t<p style=\"text-align: justify;\">Pequeno-almo\u00e7o no hotel. De manh\u00e3, sa\u00edda para visita \u00e0 cidade de Split incluindo o Pal\u00e1cio de Diocleciano e ao Peristilo. Tempo livre. De tarde, sa\u00edda para Medjugorje com uma breve paragem. Desde 1981 que, na localidade de Medjugorje, s\u00e3o relatadas apari\u00e7\u00f5es da Virgem Maria aos videntes, que transmitem as suas mensagens de paz ao mundo. Continua\u00e7\u00e3o para Mostar. Chegada, jantar e alojamento no hotel.<\/p>\n<\/div>\n<\/div><\/div><\/div><div id=\"panel-w69984bd6df9ce-0-0-5\" class=\"so-panel widget widget_sow-editor\" data-index=\"5\" ><div class=\"panel-widget-style panel-widget-style-for-w69984bd6df9ce-0-0-5\" ><div\n\t\t\t\n\t\t\tclass=\"so-widget-sow-editor so-widget-sow-editor-base\"\n\t\t\t\n\t\t><h3 class=\"widget-title\">6\u00ba. Dia - MOSTAR \/ DUBROVNIK<\/h3>\n<div class=\"siteorigin-widget-tinymce textwidget\">\n\t<p style=\"text-align: justify;\">Pequeno-almo\u00e7o no hotel. De manh\u00e3, visita da cidade de Mostar. Na \u00e9poca do dom\u00ednio turco, Mostar desenvolveu-se nas margens do rio Neretva como um importante ponto comercial na rota das caravanas. Visita ao centro hist\u00f3rico, classificado como Patrim\u00f3nio da Humanidade pela UNESCO, com destaque para a famosa ponte velha e o seu antigo Bazar. Continua\u00e7\u00e3o para Dubrovnik, conhecida como \u201cA p\u00e9rola do Adri\u00e1tico\u201d. Chegada, jantar e alojamento no hotel.<\/p>\n<\/div>\n<\/div><\/div><\/div><div id=\"panel-w69984bd6df9ce-0-0-6\" class=\"so-panel widget widget_sow-editor\" data-index=\"6\" ><div class=\"panel-widget-style panel-widget-style-for-w69984bd6df9ce-0-0-6\" ><div\n\t\t\t\n\t\t\tclass=\"so-widget-sow-editor so-widget-sow-editor-base\"\n\t\t\t\n\t\t><h3 class=\"widget-title\">7\u00ba. Dia - DUBROVNIK<\/h3>\n<div class=\"siteorigin-widget-tinymce textwidget\">\n\t<p style=\"text-align: justify;\">Pequeno-almo\u00e7o no hotel. De manh\u00e3, visita panor\u00e2mica da cidade classificada como Patrim\u00f3nio da Humanidade pela UNESCO.<\/p>\n<p style=\"text-align: justify;\">Visita (exterior) de algumas das mais importantes obras da arte medieval da cidade: a Fonte de Onofrio, o Pal\u00e1cio Rector, o Mosteiro Franciscano e a Catedral. Tempo livre. Regresso ao hotel por conta pr\u00f3pria. Alojamento no hotel.<\/p>\n<\/div>\n<\/div><\/div><\/div><div id=\"panel-w69984bd6df9ce-0-0-7\" class=\"so-panel widget widget_sow-editor panel-last-child\" data-index=\"7\" ><div class=\"panel-widget-style panel-widget-style-for-w69984bd6df9ce-0-0-7\" ><div\n\t\t\t\n\t\t\tclass=\"so-widget-sow-editor so-widget-sow-editor-base\"\n\t\t\t\n\t\t><h3 class=\"widget-title\"> 8\u00ba. Dia - DUBROVNIK \/ PORTUGAL <\/h3>\n<div class=\"siteorigin-widget-tinymce textwidget\">\n\t<p style=\"text-align: justify;\">Pequeno-almo\u00e7o no hotel. Em hora a informar localmente, transporte para o aeroporto. Formalidades de embarque e partida com destino a Portugal, com mudan\u00e7a de avi\u00e3o em rota. Chegada a Portugal.<\/p>\n<p style=\"text-align: justify;\">Fim dos nossos servi\u00e7os.<\/p>\n<\/div>\n<\/div><\/div><\/div><\/div><\/div><\/div>\t\t\t\t\t\t<\/div>\n\t\t\t\t\t\t\t\t\t\t\t<div class=\"tab-pane  fade\" id=\"tab-pre\u00e7os-e-condi\u00e7\u00f5es\" role=\"tabpanel\">\n\t\t\t\t\t\t\t<div id=\"pl-w69984bd6df9d1\"  class=\"panel-layout\" ><div id=\"pg-w69984bd6df9d1-0\"  class=\"panel-grid panel-no-style\" ><div id=\"pgc-w69984bd6df9d1-0-0\"  class=\"panel-grid-cell\" ><div id=\"panel-w69984bd6df9d1-0-0-0\" class=\"so-panel widget widget_sow-editor panel-first-child panel-last-child\" data-index=\"0\" ><div class=\"panel-widget-style panel-widget-style-for-w69984bd6df9d1-0-0-0\" ><div\n\t\t\t\n\t\t\tclass=\"so-widget-sow-editor so-widget-sow-editor-base\"\n\t\t\t\n\t\t>\n<div class=\"siteorigin-widget-tinymce textwidget\">\n\t<p><strong>DATAS de PARTIDA 2026:<\/strong><\/p>\n<p><strong>MAIO<\/strong>: 24<\/p>\n<p><strong>SETEMBRO:<\/strong>\u00a013<\/p>\n<p><strong>OUTUBRO: <\/strong>11<\/p>\n<p>&nbsp;<\/p>\n<p><strong>Pre\u00e7os por pessoa segundo ocupa\u00e7\u00e3o do quarto (m\u00ednimo 2 participantes):<\/strong><\/p>\n<p>&nbsp;<\/p>\n<p><strong>HOTEIS PREVISTOS ou SIMILARES:<\/strong><\/p>\n<p><strong>\u00a0<\/strong><\/p>\n<p><strong>ZAGREB<\/strong> \u2013 <a href=\"https:\/\/www.maistra.com\/hotel-international-zagreb\" target=\"_blank\" rel=\"noopener\">Hotel International<\/a> 4*<\/p>\n<p><strong>ZADAR <\/strong>\u2013 <a href=\"https:\/\/hotel-kolovare.com\/\" target=\"_blank\" rel=\"noopener\">Hotel Kolovare<\/a> 4*<\/p>\n<p><strong>SPLIT <\/strong>\u2013 <a href=\"https:\/\/arthotel.hr\/en\/\" target=\"_blank\" rel=\"noopener\">Hotel Art<\/a> 4*<\/p>\n<p><strong>MOSTAR <\/strong>\u2013 <a href=\"http:\/\/hotelmostar.ba\/?lang=en\" target=\"_blank\" rel=\"noopener\">Hotel Mostar<\/a> 4*<\/p>\n<p><strong>DUBROVNIK \u2013 <\/strong><a href=\"https:\/\/www.hotel-ivka.com\/\" target=\"_blank\" rel=\"noopener\">Hotel Ivka<\/a> 4*<\/p>\n<p>&nbsp;<\/p>\n<table>\n<tbody>\n<tr>\n<td width=\"109\">\n<p style=\"text-align: center;\"><strong>PER\u00cdODO:<\/strong><\/p>\n<\/td>\n<td style=\"text-align: center;\"><strong>TRIPLO\/DUPLO<\/strong><\/td>\n<td>\n<p style=\"text-align: center;\"><strong>SINGLE<\/strong><\/p>\n<\/td>\n<\/tr>\n<tr>\n<td width=\"109\">\n<p style=\"text-align: center;\"><strong>24\/05\/26<br \/>\n13\/09\/26<\/strong><\/p>\n<\/td>\n<td style=\"text-align: center;\">2.095,00\u20ac<\/td>\n<td>\n<p style=\"text-align: center;\">2.595,00\u20ac<\/p>\n<\/td>\n<\/tr>\n<tr>\n<td width=\"109\">\n<p style=\"text-align: center;\"><strong>11\/10\/26<\/strong><\/p>\n<\/td>\n<td style=\"text-align: center;\">1.995,00\u20ac<\/td>\n<td>\n<p style=\"text-align: center;\">2.435,00\u20ac<\/p>\n<\/td>\n<\/tr>\n<\/tbody>\n<\/table>\n<p>&nbsp;<\/p>\n<p style=\"text-align: justify;\"><strong>NOTA:<\/strong> Os quartos triplos, s\u00e3o compostos por 1 ou 2 camas, mais 1 cama extra. As condi\u00e7\u00f5es de conforto s\u00e3o menores do que as dos quartos duplos. A reserva de um quarto triplo, implica a aceita\u00e7\u00e3o deste facto.<\/p>\n<p><strong>\u00a0<\/strong><\/p>\n<p style=\"text-align: justify;\"><strong>NOTA 1:<\/strong> Este programa foi calculado com base na companhia a\u00e9rea Lufthansa em cabine econ\u00f3mica, tarifa em classe T. Caso n\u00e3o haja disponibilidade de lugares nessa tarifa, ser\u00e1 proposto em alternativa o escal\u00e3o tarif\u00e1rio seguinte dispon\u00edvel, ou outra companhia a\u00e9rea, mediante um suplemento a informar.<\/p>\n<p>&nbsp;<\/p>\n<p><strong>Suplemento de tarifa a\u00e9rea voos Lufthansa (Porto ou Lisboa):\u00a0<\/strong><\/p>\n<p>&nbsp;<\/p>\n<table>\n<tbody>\n<tr>\n<td>\n<p style=\"text-align: center;\"><strong>Per\u00edodo:<\/strong><\/p>\n<\/td>\n<td style=\"text-align: center;\"><strong>Classe T<\/strong><\/td>\n<td style=\"text-align: center;\"><strong>Classe S<\/strong><\/td>\n<td style=\"text-align: center;\"><strong>Classe W<\/strong><\/td>\n<td>\n<p style=\"text-align: center;\"><strong>Classe V<\/strong><\/p>\n<\/td>\n<\/tr>\n<tr>\n<td>\n<p style=\"text-align: center;\"><strong>24\/05\/26 a 11\/10\/26<\/strong><\/p>\n<\/td>\n<td style=\"text-align: center;\">Sem supl.<\/td>\n<td style=\"text-align: center;\">39,00 \u20ac<\/td>\n<td style=\"text-align: center;\">91,00 \u20ac<\/td>\n<td>\n<p style=\"text-align: center;\">155,00 \u20ac<\/p>\n<\/td>\n<\/tr>\n<\/tbody>\n<\/table>\n<p>&nbsp;<\/p>\n<p><strong>O pre\u00e7o inclui:<\/strong><\/p>\n<p style=\"text-align: justify;\">- Passagem a\u00e9rea em voos regulares, em classe econ\u00f3mica, para o percurso indicado incluindo o transporte de bagagem de por\u00e3o;<\/p>\n<p style=\"text-align: justify;\">- Taxas de aeroporto, seguran\u00e7a e combust\u00edvel no valor de 165,00 \u20ac (sujeito a altera\u00e7\u00e3o, a reconfirmar na data da emiss\u00e3o dos bilhetes);<\/p>\n<p style=\"text-align: justify;\">- Transporte aeroporto \/ hotel \/ aeroporto;<\/p>\n<p style=\"text-align: justify;\">- Alojamento nos hot\u00e9is previstos ou similares em quarto standard com regime de meia-pens\u00e3o, exceto em Dubrovnik com regime de pequeno-almo\u00e7o;<\/p>\n<p style=\"text-align: justify;\">- Refei\u00e7\u00f5es de acordo com o indicado no itiner\u00e1rio (06 jantares);<br \/>\n- Circuito em servi\u00e7o regular (em conjunto com outros participantes), acompanhado de guia local de l\u00edngua espanhola;<\/p>\n<p style=\"text-align: justify;\">- Transporte em autocarro, minibus ou van (de acordo com o n\u00famero de participantes);<\/p>\n<p style=\"text-align: justify;\">-\u00a0Visitas de acordo com o indicado no itiner\u00e1rio, incluindo entrada no Lago de Plitvice e Pal\u00e1cio de Diocleciano;<\/p>\n<p style=\"text-align: justify;\">- Taxas de servi\u00e7o e IVA;<\/p>\n<p style=\"text-align: justify;\">- Seguro de viagem.<\/p>\n<p>&nbsp;<\/p>\n<p><strong>O pre\u00e7o n\u00e3o inclui:<\/strong><\/p>\n<p>- Bebidas \u00e0s refei\u00e7\u00f5es;<\/p>\n<p>- Servi\u00e7o de bagageiros;<br \/>\n- Gratifica\u00e7\u00f5es;<\/p>\n<p>- Taxas tur\u00edsticas e\/ou municipais\u00a0(pagamento local nos hot\u00e9is);<br \/>\n- Extras e actividades de car\u00e1cter pessoal;<br \/>\n- Todos os servi\u00e7os n\u00e3o indicados como inclu\u00eddos.<\/p>\n<p>&nbsp;<\/p>\n<p><strong>Seguro de viagem:<\/strong><\/p>\n<p>- Todas as viagens organizadas pela MundoNovo Viagens est\u00e3o cobertas por um seguro de viagem (<a href=\"https:\/\/www.mundonovoviagens.pt\/wp-content\/uploads\/2025\/02\/MundoNovo-Multiviagens-Plus-1.pdf?x70114&amp;x48172&amp;x23938&amp;x23938\" target=\"_blank\" rel=\"noopener\">Multiviagens Plus 1<\/a>);<br \/>\n- Adicionalmente propomos o seguro\u00a0<a href=\"https:\/\/www.mundonovoviagens.pt\/wp-content\/uploads\/2025\/02\/MundoNovo-Multiviagens-Premium.pdf?x70114&amp;x48172&amp;x23938&amp;x23938\" target=\"_blank\" rel=\"noopener\">Multiviagens Premium<\/a>\u00a0(valor das coberturas superior), mediante um suplemento de 30\u20ac por pessoa;<br \/>\n- As condi\u00e7\u00f5es gerais de cada seguro poder\u00e3o ser consultadas na p\u00e1gina inicial do nosso site.<\/p>\n<p>&nbsp;<\/p>\n<p><strong>Condi\u00e7\u00f5es gerais de reserva e cancelamento:<\/strong><strong><br \/>\n<\/strong>Consultar a ficha de informa\u00e7\u00e3o normalizada (<a href=\"https:\/\/www.mundonovoviagens.pt\/index.php\/ficha-de-informacao-normalizada\/\" target=\"_blank\" rel=\"noopener\">FIN<\/a>) e\u00a0<a href=\"https:\/\/www.mundonovoviagens.pt\/index.php\/condicoes-gerais\/\" target=\"_blank\" rel=\"noopener\">condi\u00e7\u00f5es gerais<\/a>\u00a0indicadas no site.<\/p>\n<\/div>\n<\/div><\/div><\/div><\/div><\/div><\/div>\t\t\t\t\t\t<\/div>\n\t\t\t\t\t\t\t\t\t\t\t<div class=\"tab-pane  fade\" id=\"tab-informa\u00e7\u00f5es-destino\" role=\"tabpanel\">\n\t\t\t\t\t\t\t<div id=\"pl-w69984bd6df9d3\"  class=\"panel-layout\" ><div id=\"pg-w69984bd6df9d3-0\"  class=\"panel-grid panel-no-style\" ><div id=\"pgc-w69984bd6df9d3-0-0\"  class=\"panel-grid-cell\" ><div id=\"panel-w69984bd6df9d3-0-0-0\" class=\"so-panel widget widget_sow-editor panel-first-child panel-last-child\" data-index=\"0\" ><div class=\"panel-widget-style panel-widget-style-for-w69984bd6df9d3-0-0-0\" ><div\n\t\t\t\n\t\t\tclass=\"so-widget-sow-editor so-widget-sow-editor-base\"\n\t\t\t\n\t\t>\n<div class=\"siteorigin-widget-tinymce textwidget\">\n\t<p style=\"text-align: justify;\"><strong>1 - Requisitos de entrada<br \/>\n<\/strong>Os cidad\u00e3os portugueses necessitam de Bilhete de identidade\/Cart\u00e3o de Cidad\u00e3o ou passaporte v\u00e1lidos. N\u00e3o \u00e9 obrigat\u00f3rio visto.<br \/>\nEmbora membro da U.E, n\u00e3o integra o Espa\u00e7o Schengen.<\/p>\n<p>&nbsp;<\/p>\n<p><strong>2 \u2013 Vacinas \/ Sa\u00fade<br \/>\n<\/strong>Vacina obrigat\u00f3ria: nenhuma.<br \/>\nO Cart\u00e3o Europeu de Seguro de Doen\u00e7a \u00e9 aceite na rede de unidades de sa\u00fade e hospitais p\u00fablicos da Cro\u00e1cia.<\/p>\n<p>&nbsp;<\/p>\n<p style=\"text-align: justify;\"><strong>3 - Clima<br \/>\n<\/strong>O Norte da Cro\u00e1cia (que inclui Zagreb) tem um clima continental com uma amplitude t\u00e9rmica elevada. O inverno \u00e9 rigoroso e longo e o ver\u00e3o \u00e9 curto e muito quente, sendo que as temperaturas no inverno podem atingir os 15\u00ba graus negativos e no ver\u00e3o alcan\u00e7ar os 38\u00ba graus positivos. Existe ainda a probabilidade de nev\u00f5es no inverno. Na Cro\u00e1cia central e na Costa Adri\u00e1tica o clima \u00e9 mediterr\u00e2nico com primavera e outono temperados e ver\u00e3o quente. Assim, o inverno n\u00e3o \u00e9 t\u00e3o rigoroso como no Norte, mas \u00e9 bastante ventoso durante todo o ano.\u00a0 A melhor \u00e9poca para visitar a Cro\u00e1cia \u00e9 nas esta\u00e7\u00f5es da Primavera e do Ver\u00e3o.<\/p>\n<p>&nbsp;<\/p>\n<p style=\"text-align: justify;\"><strong>4 - Idioma<br \/>\n<\/strong>A l\u00edngua oficial \u00e9 o croata. Nos principais centros urbanos, e especialmente na popula\u00e7\u00e3o mais jovem, \u00e9 poss\u00edvel a comunica\u00e7\u00e3o em ingl\u00eas.<\/p>\n<p>&nbsp;<\/p>\n<p style=\"text-align: justify;\"><strong>\u00a0<\/strong><strong>5 - Moeda<br \/>\n<\/strong>A moeda oficial \u00e9 a Kuna croata.\u00a0A moeda estrangeira pode ser trocada em moeda local em bancos, casas de c\u00e2mbio e balc\u00f5es dos correios. Geralmente s\u00e3o aceites todos os principais cart\u00f5es de cr\u00e9dito, bem como Eurocheques (depois de trocados nos bancos). Existem Caixas ATM nas principais cidades e nos mais importantes centros tur\u00edsticos da Cro\u00e1cia.<br \/>\nO\u00a0euro n\u00e3o \u00e9 aceite como moeda de pagamento corrente pelo que todas as despesas t\u00eam de ser pagas em kunas, sejam em dinheiro ou por via de cart\u00e3o de cr\u00e9dito.<\/p>\n<p>&nbsp;<\/p>\n<p><strong>6 - Diferen\u00e7a hor\u00e1ria<br \/>\n<\/strong>GMT\/UTC +01<\/p>\n<p>&nbsp;<\/p>\n<p><strong>7 - Eletricidade<br \/>\n<\/strong>230 V \/ 50 Hz (tomadas\u00a0tipo C e F)<\/p>\n<p>&nbsp;<\/p>\n<p><strong>8 \u2013 Representa\u00e7\u00e3o Diplom\u00e1tica \/ Consular<br \/>\n<\/strong>Embaixada de Portugal em Zagreb.<br \/>\nMais informa\u00e7\u00f5es: <a href=\"https:\/\/portaldascomunidades.mne.gov.pt\/pt\/\" target=\"_blank\" rel=\"noopener\">www.portaldascomunidades.mne.pt\/<\/a><\/p>\n<p>&nbsp;<\/p>\n<p><strong>9 \u2013 Site oficial do turismo:<\/strong> <a href=\"https:\/\/croatia.hr\/en-GB\" target=\"_blank\" rel=\"noopener\">www.croatia.hr\/en-GB<\/a><\/p>\n<\/div>\n<\/div><\/div><\/div><\/div><\/div><\/div>\t\t\t\t\t\t<\/div>\n\t\t\t\t\t\t\t\t\t\t<\/div>\n\t\t\t\t\t\t\t<\/div>\n\n\t\t\t<\/div><div id=\"panel-996-0-0-1\" class=\"so-panel widget widget_sow-button panel-last-child\" data-index=\"1\" ><div\n\t\t\t\n\t\t\tclass=\"so-widget-sow-button so-widget-sow-button-flat-95cda3216a70-996\"\n\t\t\t\n\t\t><div class=\"ow-button-base ow-button-align-center\">\n\t<a\n\thref=\"https:\/\/www.mundonovoviagens.pt\/index.php\/contactos\/?wpf62_6=Assunto:%20045%20-%20Croacia%20Fabulosa%20\u2013%208%20dias\"\n\t\tclass=\"ow-icon-placement-left ow-button-hover\" \t>\n\t\t<span>\n\t\t\t\n\t\t\tCONTACTE-NOS\t\t<\/span>\n\t<\/a>\n<\/div>\n<\/div><\/div><\/div><\/div><\/div>","protected":false},"excerpt":{"rendered":"<p style=\"text-align: center;\"><strong>Circuito Regular com guia em Espanhol<br \/>\n<\/strong>(Zagreb, Plitvice, Zadar, Trogir, Split, Medjugorje, Mostar e Dubrovnik)<\/p>\n","protected":false},"featured_media":2402,"template":"","meta":[],"product_brand":[],"product_cat":[15],"product_tag":[308,313,314,352,311,353,327],"class_list":{"0":"post-996","1":"product","2":"type-product","3":"status-publish","4":"has-post-thumbnail","6":"product_cat-europa","7":"product_tag-croacia","8":"product_tag-dubrovnik","9":"product_tag-mostar","10":"product_tag-plitvice","11":"product_tag-split","12":"product_tag-zadar","13":"product_tag-zagreb","15":"first","16":"instock","17":"shipping-taxable","18":"product-type-simple"},"_links":{"self":[{"href":"https:\/\/www.mundonovoviagens.pt\/index.php\/wp-json\/wp\/v2\/product\/996","targetHints":{"allow":["GET"]}}],"collection":[{"href":"https:\/\/www.mundonovoviagens.pt\/index.php\/wp-json\/wp\/v2\/product"}],"about":[{"href":"https:\/\/www.mundonovoviagens.pt\/index.php\/wp-json\/wp\/v2\/types\/product"}],"wp:featuredmedia":[{"embeddable":true,"href":"https:\/\/www.mundonovoviagens.pt\/index.php\/wp-json\/wp\/v2\/media\/2402"}],"wp:attachment":[{"href":"https:\/\/www.mundonovoviagens.pt\/index.php\/wp-json\/wp\/v2\/media?parent=996"}],"wp:term":[{"taxonomy":"product_brand","embeddable":true,"href":"https:\/\/www.mundonovoviagens.pt\/index.php\/wp-json\/wp\/v2\/product_brand?post=996"},{"taxonomy":"product_cat","embeddable":true,"href":"https:\/\/www.mundonovoviagens.pt\/index.php\/wp-json\/wp\/v2\/product_cat?post=996"},{"taxonomy":"product_tag","embeddable":true,"href":"https:\/\/www.mundonovoviagens.pt\/index.php\/wp-json\/wp\/v2\/product_tag?post=996"}],"curies":[{"name":"wp","href":"https:\/\/api.w.org\/{rel}","templated":true}]}}